{"id":912,"date":"2024-07-29T10:41:06","date_gmt":"2024-07-29T10:41:06","guid":{"rendered":"https:\/\/staging.gps-jobsearch.com\/?page_id=912"},"modified":"2025-06-05T16:46:58","modified_gmt":"2025-06-05T16:46:58","slug":"berater","status":"publish","type":"page","link":"https:\/\/www.gps-jobsearch.com\/de\/berater\/","title":{"rendered":"Ihre gps-Berater"},"content":{"rendered":"\t\t<div data-elementor-type=\"wp-page\" data-elementor-id=\"912\" class=\"elementor elementor-912\" data-elementor-post-type=\"page\">\n\t\t\t\t<div class=\"elementor-element elementor-element-72924ac e-flex e-con-boxed e-con e-parent\" data-id=\"72924ac\" data-element_type=\"container\" data-settings=\"{&quot;jet_parallax_layout_list&quot;:[]}\">\n\t\t\t\t\t<div class=\"e-con-inner\">\n\t\t\t\t<div class=\"elementor-element elementor-element-5c70679 elementor-widget elementor-widget-heading\" data-id=\"5c70679\" data-element_type=\"widget\" data-widget_type=\"heading.default\">\n\t\t\t\t<div class=\"elementor-widget-container\">\n\t\t\t\t\t<h1 class=\"elementor-heading-title elementor-size-default\">Ihre gps-Berater<\/h1>\t\t\t\t<\/div>\n\t\t\t\t<\/div>\n\t\t\t\t<div class=\"elementor-element elementor-element-e433634 elementor-hidden-mobile elementor-widget elementor-widget-heading\" data-id=\"e433634\" data-element_type=\"widget\" data-widget_type=\"heading.default\">\n\t\t\t\t<div class=\"elementor-widget-container\">\n\t\t\t\t\t<h3 class=\"elementor-heading-title elementor-size-default\">Individuelle pers\u00f6nliche Beratung auf Augenh\u00f6he<\/h3>\t\t\t\t<\/div>\n\t\t\t\t<\/div>\n\t\t\t\t\t<\/div>\n\t\t\t\t<\/div>\n\t\t<div class=\"elementor-element elementor-element-3aa89841 e-flex e-con-boxed e-con e-parent\" data-id=\"3aa89841\" data-element_type=\"container\" data-settings=\"{&quot;jet_parallax_layout_list&quot;:[]}\">\n\t\t\t\t\t<div class=\"e-con-inner\">\n\t\t<div class=\"elementor-element elementor-element-c9452af e-grid e-con-full e-con e-child\" data-id=\"c9452af\" data-element_type=\"container\" data-settings=\"{&quot;jet_parallax_layout_list&quot;:[]}\">\n\t\t\t\t<div class=\"elementor-element elementor-element-e6d2f80 elementor-widget elementor-widget-text-editor\" data-id=\"e6d2f80\" data-element_type=\"widget\" data-widget_type=\"text-editor.default\">\n\t\t\t\t<div class=\"elementor-widget-container\">\n\t\t\t\t\t\t\t\t\t<h4 class=\"wp-block-heading\"><strong>Individualit\u00e4t<\/strong><\/h4>\nSteht bei uns an oberster Stelle. Ihr pers\u00f6nlicher Berater steht Ihnen im Laufe unseres gemeinsamen Projektes als Ihr pers\u00f6nlicher Ansprechpartner stets zur Verf\u00fcgung. Unterst\u00fctzt durch das gesamte gps-jobsearch Team gilt bei uns das Motto \u201e<strong>One Face To One Customer<\/strong>\u201c!\t\t\t\t\t\t\t\t<\/div>\n\t\t\t\t<\/div>\n\t\t\t\t<div class=\"elementor-element elementor-element-5bb894c elementor-widget elementor-widget-text-editor\" data-id=\"5bb894c\" data-element_type=\"widget\" data-widget_type=\"text-editor.default\">\n\t\t\t\t<div class=\"elementor-widget-container\">\n\t\t\t\t\t\t\t\t\t<h4 class=\"wp-block-heading\"><strong>Beratung auf Augenh\u00f6he<\/strong><\/h4><p>Sowohl Fr. Marion Gessner-Pr\u00f6ll als auch Hr. Pr\u00f6ll weisen eine \u00fcberdurchschnittliche Karriere in verschiedenen Gesch\u00e4ftsf\u00fchrungs-, Vorstands- und F\u00fchrungsfunktionen aus. Zudem bekleiden beide heute mehrere aktive Mandate in verschiedenen Aufsichtsr\u00e4ten, Beir\u00e4ten und Verwaltungsr\u00e4ten und haben damit die Basis gelegt f\u00fcr Ihr eigenes berufliches Ziel. Unternehmer aus Leidenschaft zu sein mit Beteiligungen in mehreren Firmen. Wir sprechen und beraten aus eigener Erfahrung.<\/p>\t\t\t\t\t\t\t\t<\/div>\n\t\t\t\t<\/div>\n\t\t\t\t<\/div>\n\t\t\t\t<div class=\"elementor-element elementor-element-871ad72 elementor-widget elementor-widget-html\" data-id=\"871ad72\" data-element_type=\"widget\" data-widget_type=\"html.default\">\n\t\t\t\t<div class=\"elementor-widget-container\">\n\t\t\t\t\t    <style>\n        .toggle-container {\n            font-family: Arial, sans-serif;\n            max-width: 100%;\n            margin: 0 auto;\n        }\n\n        .toggle-buttons {\n            display: flex;\n            justify-content: space-between;\n            margin-bottom: 20px;\n            gap: 20px;\n        }\n\n        .toggle-btn {\n            background-color: #f0f0f0;\n            border: 3px solid transparent;\n            cursor: pointer;\n            transition: all 0.3s;\n            width: 30%;\n            padding: 0;\n            position: relative;\n            overflow: hidden;\n            min-height: 600px;\n            max-width: 400px;\n            display: flex;\n            align-items: center;\n            justify-content: center;\n            border-radius: 10px;\n        }\n\n        .toggle-btn.active {\n            border-color: rgba(228, 5, 19, 0.8);\n        }\n\n        .toggle-btn img {\n            width: 120%;\n            height: 120%;\n            object-fit: cover;\n            object-position: center;\n            display: block;\n            transition: transform 0.3s;\n            position: absolute;\n            top: 50%;\n            left: 50%;\n            transform: translate(-50%, -50%);\n        }\n\n        .toggle-btn:hover img {\n            transform: translate(-50%, -50%) scale(1.05);\n        }\n\n        .toggle-btn::after {\n            content: attr(data-name);\n            position: absolute;\n            bottom: 0;\n            left: 0;\n            right: 0;\n            background-color: rgba(0, 0, 0, 0.7);\n            color: white;\n            padding: 10px;\n            text-align: center;\n        }\n\n        .content-list {\n            display: none;\n            padding: 20px;\n            background-color: #f9f9f9;\n            border-radius: 10px;\n            position: relative;\n        }\n\n        .content-list.active {\n            display: block;\n        }\n\n        .content-item h2 {\n            color: #333;\n        }\n\n        .content-item p {\n            line-height: 1.6;\n        }\n\n        .logo {\n            position: absolute;\n            top: 20px;\n            right: 20px;\n        }\n\n        .logo img {\n            max-width: 120px;\n        }\n\n        \/*@media (max-width: 768px) {\n            .toggle-btn {\n                min-height: 250px;\n                width: 48%;\n            }\n\n            .toggle-buttons {\n                flex-wrap: wrap;\n            }\n\n            .logo {\n                position: static;\n                margin-top: 20px;\n                text-align: center;\n            }\n        }*\/\n        @media (max-width: 768px) {\n    .toggle-btn {\n        min-height: 250px;\n        width: 48%; \/* Set width for two elements per row *\/\n    }\n\n    .toggle-buttons {\n        flex-wrap: wrap; \/* Allow elements to wrap *\/\n        gap: 10px; \/* Optional: Add spacing between rows *\/\n    }\n\n    .logo {\n        position: static;\n        margin-top: 20px;\n        text-align: center;\n    }\n}\n\n    <\/style>\n    <div class=\"toggle-container\">\n        <div class=\"toggle-buttons\">\n            <!-- Marion -->\n            <button class=\"toggle-btn active\" data-category=\"marion-gessner-proell\" data-name=\"Marion Gessner-Pr\u00f6ll\">\n                <img decoding=\"async\" src=\"https:\/\/www.gps-jobsearch.com\/wp-content\/uploads\/2024\/07\/marion-gessner-proell01-853x1280-1-682x1024.jpg\" alt=\"Marion Gessner-Pr\u00f6ll\">\n            <\/button>\n            <!-- Gerald -->\n            <button class=\"toggle-btn\" data-category=\"gerald-proell\" data-name=\"Gerald Pr\u00f6ll\">\n                <img decoding=\"async\" src=\"https:\/\/www.gps-jobsearch.com\/wp-content\/uploads\/2024\/07\/gerald-proell02-853x1280-1-682x1024.jpg\" alt=\"Gerald Pr\u00f6ll\">\n            <\/button>\n            <!-- Unser Team -->\n            <a href=\"https:\/\/www.gps-jobsearch.com\/das-gps-team\/\" class=\"toggle-btn\" data-name=\"Unser Team\">\n                <img decoding=\"async\" src=\"https:\/\/www.gps-jobsearch.com\/wp-content\/uploads\/2024\/12\/GPS-Jobsearch-team.png\" alt=\"Unser Team\">\n            <\/a>\n        <\/div>\n\n        <!-- Inhalt Marion -->\n        <div id=\"marion-gessner-proell\" class=\"content-list active\">\n            <div class=\"content-item\">\n                <div class=\"logo\">\n                    <img decoding=\"async\" src=\"https:\/\/www.gps-jobsearch.com\/wp-content\/uploads\/2024\/07\/TOP-Experten_Siegel_2024.webp\" alt=\"Top Experten Siegel\">\n                <\/div>\n                <h4><strong>Fr. Marion Gessner-Pr\u00f6ll, MBA<\/strong><\/h4>\n                <p><strong>Pers\u00f6nliches<\/strong><\/p>\n                <p>Geboren am 8. Oktober 1971 und aufgewachsen in Deutschland und Italien. Mutter von Zwillingen, geboren im Februar 2008 \u2013 dem Gr\u00fcndungsjahr<br> von <em>gps-jobsearch<\/em>.<\/p>\n                <p><strong>Ausbildung<\/strong><\/p>\n                <p>Studium der Betriebswirtschaftslehre mit Schwerpunkt Marketing und Executive MBA<\/p>\n                <p><strong>Beruflicher Werdegang<\/strong><\/p>\n                <p>Diverse F\u00fchrungs- und Gesch\u00e4ftsf\u00fchrungspositionen mit dem Schwerpunkt Marketing und Vertrieb in mehreren namhaften und international t\u00e4tigen Unternehmen.<\/p>\n                <p><strong>Heute<\/strong><\/p>\n                <p>Gesch\u00e4ftsf\u00fchrende Gesellschafterin der gp solutions GmbH. Zudem aktives Mitglied in 3 Aufsichtsr\u00e4ten\/Beir\u00e4ten von im Familienbesitz befindlichen Unternehmen. Mehrere Beteiligungen in verschiedenen Unternehmen unterschiedlicher Branchen.<\/p>\n                <p><strong>Hobbies<\/strong><\/p>\n                <p>Familie, Pferd und Hund, Reisen und fremde Kulturen<\/p>\n                <p><strong>Motto<\/strong><\/p>\n                <p><em>\"Wenn du etwas gesagt haben willst, frage einen Mann; wenn du etwas erledigt haben willst, frage eine Frau.\"<\/em><\/p>\n                <p><strong>Referenz eines Kunden<\/strong><\/p>\n                <p><em>\"Vielen Dank f\u00fcr Ihre professionelle Begleitung w\u00e4hrend meiner beruflichen Neuorientierung. Ihre pers\u00f6nliche Kompetenz und Ihre Feinf\u00fchligkeit haben mir w\u00e4hrend des gesamten gemeinsamen Prozesses ein Gef\u00fchl der Sicherheit und Wohlbefindens gegeben. Und das Ergebnis war f\u00fcr mich umso beeindruckender. Ihnen pers\u00f6nlich sowie Ihren Mitarbeitern alles Gute und weiterhin viel Erfolg!\"<\/em><\/p>\n                <p>S.K., 48 Jahre, CEO in einem Unternehmen in Hamburg<\/p>\n            <\/div>\n        <\/div>\n\n        <!-- Inhalt Gerald -->\n        <div id=\"gerald-proell\" class=\"content-list\">\n            <div class=\"content-item\">\n                <div class=\"logo\">\n                    <img decoding=\"async\" src=\"https:\/\/www.gps-jobsearch.com\/wp-content\/uploads\/2024\/07\/TOP-Experten_Siegel_2024.webp\" alt=\"Top Experten Siegel\">\n                <\/div>\n                <h2><strong>Hr. Mag. Gerald Pr\u00f6ll, MBA<\/strong><\/h2>\n                <p><strong>Pers\u00f6nliches<\/strong><\/p>\n                <p>Geboren und aufgewachsen am 4. Januar 1965 in \u00d6sterreich. Vater von Zwillingen.<\/p>\n                <p><strong>Ausbildung<\/strong><\/p>\n                <p>Studium des Maschinenbaus und der Betriebswirtschaftslehre an der Universit\u00e4t in Graz. MBA an der Boston University und der Business Schule St. Gallen.<\/p>\n                <p><strong>Beruflicher Werdegang<\/strong><\/p>\n                <p>Diverse F\u00fchrungs-, Gesch\u00e4ftsf\u00fchrungs- und Vorstandspositionen mit internationalen Auslandseins\u00e4tzen in mehreren namhaften und weltweit erfolgreich t\u00e4tigen Unternehmen.<\/p>\n                <p><strong>Heute<\/strong><\/p>\n                <p>Gesellschafter und Berater der gp solutions GmbH sowie Eigent\u00fcmer eines Beratungs- und eines High Tech Unternehmens in der Schweiz. Aktives Mitglied in 5 Aufsichtsr\u00e4ten\/Beir\u00e4ten\/Verwaltungsr\u00e4ten von mittelst\u00e4ndischen Unternehmen, unterschiedlicher Branchen.<\/p>\n                <p><strong>Hobbies<\/strong><\/p>\n                <p>Familie, Sport (Kite- und Windsurfen, Tennis, Mountainbiken, Ski- Snowboard und Tourensport), Reisen und fremde Kulturen<\/p>\n                <p><strong>Motto<\/strong><\/p>\n                <p><em>\u201eErfahrung nennt man die Summe aller Irrt\u00fcmer und verkaufe niemals etwas, was Du nicht selbst kaufen w\u00fcrdest\"<\/em><\/p>\n                <p><strong>Referenz eines Kunden<\/strong><\/p>\n                <p><em>\"Auf meinem f\u00fcr mich pers\u00f6nlich und f\u00fcr meine weitere beruflichen Entwicklung wichtigen Weg, hatte ich mit Gerald Proell und seinem Team fachlich und pers\u00f6nlich kompetente Begleitung. Insbesondere mit Gerald Proell einen unglaublich erfahrenen Navigator und jederzeit ansprechbaren Coach. Ich hatte nie das Gef\u00fchl einer gesch\u00e4ftlichen Beziehung, es stand stets der Mensch und die pers\u00f6nliche Betreuung im Vordergrund. Danke an Sie pers\u00f6nlich und ans komplette gps-jobsearch Team\"<\/em><\/p>\n                <p>T.S., 46 Jahre, CFO in einem Unternehmen in Bayern<\/p>\n            <\/div>\n        <\/div>\n    <\/div>\n\n     <script>\n        document.addEventListener('DOMContentLoaded', function() {\n            const toggleButtons = document.querySelectorAll('.toggle-btn:not(a)'); \/\/ Exclude links\n            const contentLists = document.querySelectorAll('.content-list');\n\n            toggleButtons.forEach(button => {\n                button.addEventListener('click', function() {\n                    const category = this.getAttribute('data-category');\n\n                    toggleButtons.forEach(btn => btn.classList.remove('active'));\n                    this.classList.add('active');\n\n                    contentLists.forEach(list => {\n                        if (list.id === category) {\n                            list.classList.add('active');\n                        } else {\n                            list.classList.remove('active');\n                        }\n                    });\n                });\n            });\n        });\n    <\/script>\n\t\t\t\t<\/div>\n\t\t\t\t<\/div>\n\t\t\t\t\t<\/div>\n\t\t\t\t<\/div>\n\t\t\t\t<\/div>\n\t\t","protected":false},"excerpt":{"rendered":"<p>Individuelle pers\u00f6nliche Beratung auf Augenh\u00f6he Individualit\u00e4t Steht bei uns an oberster Stelle. Ihr pers\u00f6nlicher Berater steht Ihnen im Laufe unseres gemeinsamen Projektes als Ihr pers\u00f6nlicher Ansprechpartner stets zur Verf\u00fcgung. Unterst\u00fctzt durch das gesamte gps-jobsearch Team gilt bei uns das Motto \u201eOne Face To One Customer\u201c! Beratung auf Augenh\u00f6he Sowohl Fr. Marion Gessner-Pr\u00f6ll als auch Hr. [&hellip;]<\/p>\n","protected":false},"author":4,"featured_media":0,"parent":0,"menu_order":41,"comment_status":"closed","ping_status":"closed","template":"elementor_header_footer","meta":{"footnotes":""},"seiten-kategorie":[],"class_list":["post-912","page","type-page","status-publish","hentry"],"_links":{"self":[{"href":"https:\/\/www.gps-jobsearch.com\/de\/wp-json\/wp\/v2\/pages\/912","targetHints":{"allow":["GET"]}}],"collection":[{"href":"https:\/\/www.gps-jobsearch.com\/de\/wp-json\/wp\/v2\/pages"}],"about":[{"href":"https:\/\/www.gps-jobsearch.com\/de\/wp-json\/wp\/v2\/types\/page"}],"author":[{"embeddable":true,"href":"https:\/\/www.gps-jobsearch.com\/de\/wp-json\/wp\/v2\/users\/4"}],"replies":[{"embeddable":true,"href":"https:\/\/www.gps-jobsearch.com\/de\/wp-json\/wp\/v2\/comments?post=912"}],"version-history":[{"count":74,"href":"https:\/\/www.gps-jobsearch.com\/de\/wp-json\/wp\/v2\/pages\/912\/revisions"}],"predecessor-version":[{"id":6353,"href":"https:\/\/www.gps-jobsearch.com\/de\/wp-json\/wp\/v2\/pages\/912\/revisions\/6353"}],"wp:attachment":[{"href":"https:\/\/www.gps-jobsearch.com\/de\/wp-json\/wp\/v2\/media?parent=912"}],"wp:term":[{"taxonomy":"seiten-kategorie","embeddable":true,"href":"https:\/\/www.gps-jobsearch.com\/de\/wp-json\/wp\/v2\/seiten-kategorie?post=912"}],"curies":[{"name":"wp","href":"https:\/\/api.w.org\/{rel}","templated":true}]}}