{"id":890,"date":"2024-07-29T08:40:08","date_gmt":"2024-07-29T08:40:08","guid":{"rendered":"https:\/\/staging.gps-jobsearch.com\/?page_id=890"},"modified":"2025-08-10T15:27:11","modified_gmt":"2025-08-10T15:27:11","slug":"karrierefallen","status":"publish","type":"page","link":"https:\/\/www.gps-jobsearch.com\/de\/karrierefallen\/","title":{"rendered":"Karrierefallen oder Karriereplanung"},"content":{"rendered":"\t\t<div data-elementor-type=\"wp-page\" data-elementor-id=\"890\" class=\"elementor elementor-890\" data-elementor-post-type=\"page\">\n\t\t\t\t<div class=\"elementor-element elementor-element-20515d6 e-flex e-con-boxed e-con e-parent\" data-id=\"20515d6\" data-element_type=\"container\" data-settings=\"{&quot;jet_parallax_layout_list&quot;:[]}\">\n\t\t\t\t\t<div class=\"e-con-inner\">\n\t\t\t\t<div class=\"elementor-element elementor-element-de1c861 elementor-widget elementor-widget-heading\" data-id=\"de1c861\" data-element_type=\"widget\" data-widget_type=\"heading.default\">\n\t\t\t\t<div class=\"elementor-widget-container\">\n\t\t\t\t\t<h1 class=\"elementor-heading-title elementor-size-default\">Karrierefallen vermeiden<\/h1>\t\t\t\t<\/div>\n\t\t\t\t<\/div>\n\t\t\t\t<div class=\"elementor-element elementor-element-fc63f2d elementor-widget elementor-widget-heading\" data-id=\"fc63f2d\" data-element_type=\"widget\" data-widget_type=\"heading.default\">\n\t\t\t\t<div class=\"elementor-widget-container\">\n\t\t\t\t\t<h2 class=\"elementor-heading-title elementor-size-default\">Karriereknick - weil nicht alle Wege nach oben f\u00fchren<\/h2>\t\t\t\t<\/div>\n\t\t\t\t<\/div>\n\t\t\t\t\t<\/div>\n\t\t\t\t<\/div>\n\t\t<div class=\"elementor-element elementor-element-2078c9b e-flex e-con-boxed e-con e-parent\" data-id=\"2078c9b\" data-element_type=\"container\" data-settings=\"{&quot;jet_parallax_layout_list&quot;:[]}\">\n\t\t\t\t\t<div class=\"e-con-inner\">\n\t\t\t\t<div class=\"elementor-element elementor-element-4e2852ab elementor-widget elementor-widget-text-editor\" data-id=\"4e2852ab\" data-element_type=\"widget\" data-widget_type=\"text-editor.default\">\n\t\t\t\t<div class=\"elementor-widget-container\">\n\t\t\t\t\t\t\t\t\t\n<div class=\"wp-block-columns is-layout-flex wp-container-core-columns-is-layout-28f84493 wp-block-columns-is-layout-flex\">\n<div class=\"wp-block-column is-layout-flow wp-block-column-is-layout-flow\">\n<h4 class=\"wp-block-heading\"><strong>Je h\u00f6her, desto d\u00fcnner die Luft<\/strong><\/h4>\n\n<p>Karrierefallen auf dem Weg nach oben lauern an jeder Ecke. Und oben ist die Luft meistens sehr d\u00fcnn und die Gefahr gro\u00df, in eine Karrierefalle zu geraten.\u00a0<\/p>\n\n<ul class=\"wp-block-list\">\n<li>Wer glaubt, eine Karriere laufe von allein und man m\u00fcsse nur warten bis der n\u00e4chste Karriereschritt kommt, wird lange warten.<\/li>\n\n<li>Zu glauben, der n\u00e4chste Anruf eines Headhunters stehe kurz bevor, der irrt.!<\/li>\n<\/ul>\n\n<p>Wenn das Telefon 4 &#8211; 5 mal pro Jahr klingelt und Headhunter ohnehin immer wieder anrufen, stellt sich die Frage des Warums dann vielleicht nicht?! Ganz im Gegenteil! Oft f\u00fchlt man f\u00fchlt sich geschmeichelt! Offenbar geh\u00f6rt man zu einem ganz elit\u00e4ren Kreis. Sp\u00e4testens wenn man die Erfahrung macht, dass man als F\u00fcllkandidat immer an 2ter Stelle ausgeschieden und doch nicht zum Zuge gekommen ist, wird man versuchen diese Fragezeichen f\u00fcr sich zu kl\u00e4ren. Das h\u00f6ren wir Tag f\u00fcr Tag von Interessenten.<\/p>\n<\/div>\n\n<div class=\"wp-block-column is-layout-flow wp-block-column-is-layout-flow\">\n<figure class=\"wp-block-image size-large\"><img fetchpriority=\"high\" decoding=\"async\" width=\"1024\" height=\"613\" class=\"wp-image-891\" src=\"https:\/\/www.gps-jobsearch.com\/wp-content\/uploads\/2024\/07\/ladder-g9e7be37b8_1920-1431x857-1-1024x613.jpg\" alt=\"\" srcset=\"https:\/\/www.gps-jobsearch.com\/wp-content\/uploads\/2024\/07\/ladder-g9e7be37b8_1920-1431x857-1-1024x613.jpg 1024w, https:\/\/www.gps-jobsearch.com\/wp-content\/uploads\/2024\/07\/ladder-g9e7be37b8_1920-1431x857-1-300x180.jpg 300w, https:\/\/www.gps-jobsearch.com\/wp-content\/uploads\/2024\/07\/ladder-g9e7be37b8_1920-1431x857-1-768x460.jpg 768w, https:\/\/www.gps-jobsearch.com\/wp-content\/uploads\/2024\/07\/ladder-g9e7be37b8_1920-1431x857-1.jpg 1431w\" sizes=\"(max-width: 1024px) 100vw, 1024px\" \/><\/figure>\n<\/div>\n<\/div>\n\n<div class=\"wp-block-columns is-layout-flex wp-container-core-columns-is-layout-28f84493 wp-block-columns-is-layout-flex\">\n<div class=\"wp-block-column is-layout-flow wp-block-column-is-layout-flow\">\n<p>Wir haben schon viele Managementgr\u00f6\u00dfen aus der Wirtschaft, von b\u00f6rsennotierten Unternehmen beginnend bis zu anderen namhaften Top-Unternehmen mit<a href=\"https:\/\/www.gps-jobsearch.com\/de\/inverses-headhunting\/\">\u00a0inversem Headhunting<\/a>\u00a0in die\u00a0<a href=\"https:\/\/www.gps-jobsearch.com\/de\/jobsuche-fuehrungskraefte\/\">n\u00e4chste Top-Position<\/a>\u00a0gebracht. Alle hatten eines gemeinsam. Jeder hat uns nach Abschluss unserer Zusammenarbeit mitgeteilt, nicht so lange warten zu wollen, um bei uns an die T\u00fcr zu klopfen und auch k\u00fcnftig bez\u00fcglich der eigenen Karriere nichts mehr dem Zufall zu \u00fcberlassen.<\/p>\n\n<h4 class=\"wp-block-heading\"><strong>Zuf\u00e4lle bei der Karriereplanung passieren \u2013 leider nicht oft genug<\/strong><\/h4>\n\n<p>Manager arbeiten und entscheiden hoffentlich nicht nach dem Zufallsprinzip. Eher der Fall ist klar strukturiertes Vorgehen, welches in m\u00f6glichst kurzer Zeit die Sicherheit eines gew\u00fcnschten Ergebnisses bringt. Zu warten, bis der Zufall eintritt bringt langes Warten, Wertverlust und viel Frust mit sich. Zudem kann Warten die Karriere nachhaltig besch\u00e4digen und zerst\u00f6ren.<\/p>\n\n<h4 class=\"wp-block-heading\"><strong>Die Angst des Verbrennens<\/strong><\/h4>\n\n<p>Dieser Mythos ist mittlerweile weit verbreitet, v.a. durch Personalvermittler und Headhunter, so dass schon der Gedanke daran einen ganz nerv\u00f6s macht. Die Finger verbrennen kann man sich nat\u00fcrlich, vor allem aus Unwissenheit. Oder sich als die \u201eeierlegende Wollmilchsau\u201c am Markt und bei verschiedenen Unternehmen zu positionieren mit dem Angebot Sie w\u00fcrden sich ohnehin alles zutrauen. Noch schmerzhafter sind Brandwunden, welche man sich selbst zuf\u00fcgt, indem man f\u00fcr sich keine entsprechenden Arbeitsvertragsangebote generiert, weil man einfach zuwartet, bis es passiert, obwohl die Warnzeichen rund um einen schon klar und deutlich sichtbar und sp\u00fcrbar waren. Der Verlust des Arbeitsplatzes und die damit auftretende L\u00fccke im CV.<\/p>\n<\/div>\n\n<div class=\"wp-block-column is-layout-flow wp-block-column-is-layout-flow\">\n<h4 class=\"wp-block-heading\" style=\"margin-top: -140px;\"><strong>Karrierefallen f\u00fcr Top-Manager &#8211; besser aktiv als passiv<\/strong><\/h4>\n\n<p>Verbrennen werden Sie sich nicht, wenn Sie das Ganze aktiv steuern, sofern Sie wissen, wie man dies richtig macht. Das Gute daran ist, Sie brauchen den Pilotenschein nicht erst zu machen, um wieder sicher in Ihrer neuen Top-Position zu landen. Das\u00a0Team von\u00a0<em>gps-jobsearch<\/em>\u00a0\u00fcbernimmt diese Aufgabe f\u00fcr Sie.<\/p>\n\n<p>Sich mit einer aktiven Bewerbung zu verbrennen ist nicht m\u00f6glich, sofern man als Marke klare und unmissverst\u00e4ndliche Botschaften an ein Unternehmen und in H\u00e4nde des daf\u00fcr richtigen Entscheidungstr\u00e4gers sendet. Zudem hat unser\u00a0<a href=\"https:\/\/www.gps-jobsearch.com\/de\/gps-prozess-stufenplan\/\">20-stufiger und h\u00f6chst diskreter Prozess<\/a>\u00a0absolut nichts mit simplen Initiativbewerbungen zu tun. Vielmehr werden Sie durch unsere Arbeit, selbst wenn zum Zeitpunkt Ihrer Bewerbung keine M\u00f6glichkeit besteht Sie einzustellen, positiv in Erinnerung bleiben und zu einem gegebenen Zeitpunkt eine interessante Option darstellen.<\/p>\n\n<p>Grunds\u00e4tzlich sollte man seine eigene Bewerbung nicht \u00fcberbewerten. So wichtig diese zum Zeitpunkt f\u00fcr einen selbst bei seiner Suche ist, so winzig und unbedeutend ist diese, wenn sie f\u00fcr einen kurzen Moment an einem Schreibtisch auftaucht, wo derzeit kein Bedarf besteht. Jenen Schreibtischen, die mit anderen wesentlich wichtigeren Aufgaben und Entscheidungen voll sind. Keiner wird sich schon nach kurzer Zeit mehr an Ihre Bewerbung erinnern und das dauert meist nur wenige Tage, wenn nicht sogar nur wenige Stunden. Verbrennen also unm\u00f6glich.<\/p>\n\n<h4 class=\"wp-block-heading\"><strong>Karriereplanung &#8211; einen Schritt voraus sein \u201eOne Step Ahead\u201c<\/strong><\/h4>\n\n<p>\u00dcberlassen Sie das Warten auf den Anruf des Headhunters oder auf eine positive Nachricht aus Ihrem pers\u00f6nlichen Netzwerk den anderen. Nehmen Sie es aktiv in Ihre H\u00e4nde, seien Sie den einen Schritt voraus und nehmen Sie jetzt mit uns\u00a0<a href=\"https:\/\/www.gps-jobsearch.com\/de\/kontakt\/\">Kontakt<\/a>\u00a0auf. Wir bringen Sie bereits nach 5-6 Wochen bei\u00a0Entscheidungstr\u00e4gern f\u00fcr Top-Positionen so ins Spiel, dass man Sie nicht zur Seite legen wird. Und damit werden auch Sie, wie die meisten unserer Kunden aus mehreren Vertragsangeboten gew\u00e4hlt, in 3-5 Monaten auf Ihrem neuen Schreibtisch Platz nehmen. \u00a0<\/p>\n<\/div>\n<\/div>\n\t\t\t\t\t\t\t\t<\/div>\n\t\t\t\t<\/div>\n\t\t\t\t\t<\/div>\n\t\t\t\t<\/div>\n\t\t<div class=\"elementor-element elementor-element-5de50a3 e-flex e-con-boxed e-con e-parent\" data-id=\"5de50a3\" data-element_type=\"container\" data-settings=\"{&quot;jet_parallax_layout_list&quot;:[]}\">\n\t\t\t\t\t<div class=\"e-con-inner\">\n\t\t\t\t<div class=\"elementor-element elementor-element-c0bd2a3 elementor-widget elementor-widget-text-editor\" data-id=\"c0bd2a3\" data-element_type=\"widget\" data-widget_type=\"text-editor.default\">\n\t\t\t\t<div class=\"elementor-widget-container\">\n\t\t\t\t\t\t\t\t\t<p>Entdecken Sie <a href=\"https:\/\/www.gps-jobsearch.com\/de\/erfahrungen-inverses-headhunting\/\">Erfahrungen mit inversem Headhunting<\/a> aus erster Hand \u2013 direkt von unseren Kunden.<\/p>\t\t\t\t\t\t\t\t<\/div>\n\t\t\t\t<\/div>\n\t\t\t\t\t<\/div>\n\t\t\t\t<\/div>\n\t\t\t\t<\/div>\n\t\t","protected":false},"excerpt":{"rendered":"<p>Karrierefallen vermeiden Karriereknick &#8211; weil nicht alle Wege nach oben f\u00fchren Je h\u00f6her, desto d\u00fcnner die Luft Karrierefallen auf dem Weg nach oben lauern an jeder Ecke. Und oben ist die Luft meistens sehr d\u00fcnn und die Gefahr gro\u00df, in eine Karrierefalle zu geraten.\u00a0 Wenn das Telefon 4 &#8211; 5 mal pro Jahr klingelt und [&hellip;]<\/p>\n","protected":false},"author":4,"featured_media":0,"parent":0,"menu_order":39,"comment_status":"closed","ping_status":"closed","template":"","meta":{"footnotes":""},"seiten-kategorie":[],"class_list":["post-890","page","type-page","status-publish","hentry"],"_links":{"self":[{"href":"https:\/\/www.gps-jobsearch.com\/de\/wp-json\/wp\/v2\/pages\/890","targetHints":{"allow":["GET"]}}],"collection":[{"href":"https:\/\/www.gps-jobsearch.com\/de\/wp-json\/wp\/v2\/pages"}],"about":[{"href":"https:\/\/www.gps-jobsearch.com\/de\/wp-json\/wp\/v2\/types\/page"}],"author":[{"embeddable":true,"href":"https:\/\/www.gps-jobsearch.com\/de\/wp-json\/wp\/v2\/users\/4"}],"replies":[{"embeddable":true,"href":"https:\/\/www.gps-jobsearch.com\/de\/wp-json\/wp\/v2\/comments?post=890"}],"version-history":[{"count":43,"href":"https:\/\/www.gps-jobsearch.com\/de\/wp-json\/wp\/v2\/pages\/890\/revisions"}],"predecessor-version":[{"id":7207,"href":"https:\/\/www.gps-jobsearch.com\/de\/wp-json\/wp\/v2\/pages\/890\/revisions\/7207"}],"wp:attachment":[{"href":"https:\/\/www.gps-jobsearch.com\/de\/wp-json\/wp\/v2\/media?parent=890"}],"wp:term":[{"taxonomy":"seiten-kategorie","embeddable":true,"href":"https:\/\/www.gps-jobsearch.com\/de\/wp-json\/wp\/v2\/seiten-kategorie?post=890"}],"curies":[{"name":"wp","href":"https:\/\/api.w.org\/{rel}","templated":true}]}}