{"id":886,"date":"2024-07-29T08:42:52","date_gmt":"2024-07-29T08:42:52","guid":{"rendered":"https:\/\/staging.gps-jobsearch.com\/?page_id=886"},"modified":"2025-08-07T15:45:21","modified_gmt":"2025-08-07T15:45:21","slug":"erfahrungen-inverses-headhunting","status":"publish","type":"page","link":"https:\/\/www.gps-jobsearch.com\/de\/erfahrungen-inverses-headhunting\/","title":{"rendered":"Erfahrungen &amp; Referenzen zu inversem Headhunting mit gps-jobsearch"},"content":{"rendered":"\t\t<div data-elementor-type=\"wp-page\" data-elementor-id=\"886\" class=\"elementor elementor-886\" data-elementor-post-type=\"page\">\n\t\t\t\t<div class=\"elementor-element elementor-element-659fac94 e-flex e-con-boxed e-con e-parent\" data-id=\"659fac94\" data-element_type=\"container\" data-settings=\"{&quot;jet_parallax_layout_list&quot;:[]}\">\n\t\t\t\t\t<div class=\"e-con-inner\">\n\t\t\t\t<div class=\"elementor-element elementor-element-697c541b elementor-widget elementor-widget-text-editor\" data-id=\"697c541b\" data-element_type=\"widget\" data-widget_type=\"text-editor.default\">\n\t\t\t\t<div class=\"elementor-widget-container\">\n\t\t\t\t\t\t\t\t\t\n<div class=\"wp-block-columns is-layout-flex wp-container-core-columns-is-layout-28f84493 wp-block-columns-is-layout-flex\">\n<div class=\"wp-block-column is-layout-flow wp-block-column-is-layout-flow\">\n<h1 class=\"wp-block-heading\">Erfahrungen &amp; Referenzen unserer Kunden mit inversem Headhunting<\/h1>\n\n<p>Es gibt wohl nichts Besseres als die Referenzen der mittlerweile \u00fcber 1000 von gps-jobsearch betreuten Kunden. Fast nach jedem abgeschlossenen Projekt des\u00a0<a title=\"Was ist Inverses Headhunting?\" href=\"https:\/\/www.gps-jobsearch.com\/de\/inverses-headhunting\/\">inversen Headhuntings<\/a>\u00a0erhalten wir am Ende unserer Zusammenarbeit ein Dankesschreiben mit einigen netten Worten zu unserer Arbeit. Nachfolgend finden Sie einen kleinen, immer aktuellen Auszug (1:1 und ungefiltert, wie von den Kunden verfasst und zur anonymen Offenlegung genehmigt) an Erfahrungen und Referenzen zur Zusammenarbeit mit dem\u00a0<em>gps-jobsearch\u00a0<\/em>Team.<\/p>\n\n<p>Wenn Sie mehr lesen und h\u00f6ren wollen, geben wir Ihnen gerne eine Zusammenstellung an Erfahrungsberichten und Referenzen, welche am besten zu Ihnen pers\u00f6nlich und zu Ihrer derzeitigen Ausgangssituation passen. Wir sind der Meinung, das ist wesentlich wertvoller als alle Referenzen einfach aufzulisten.\u00a0<\/p>\n<\/div>\n\n<div class=\"wp-block-column is-layout-flow wp-block-column-is-layout-flow\">\n<figure class=\"wp-block-image size-full\"><img fetchpriority=\"high\" decoding=\"async\" width=\"500\" height=\"354\" class=\"wp-image-887\" src=\"https:\/\/www.gps-jobsearch.com\/wp-content\/uploads\/2024\/07\/netzwerk01.jpg\" alt=\"\" srcset=\"https:\/\/www.gps-jobsearch.com\/wp-content\/uploads\/2024\/07\/netzwerk01.jpg 500w, https:\/\/www.gps-jobsearch.com\/wp-content\/uploads\/2024\/07\/netzwerk01-300x212.jpg 300w\" sizes=\"(max-width: 500px) 100vw, 500px\" \/><\/figure>\n<\/div>\n<\/div>\n\n<div class=\"wp-block-columns is-layout-flex wp-container-core-columns-is-layout-28f84493 wp-block-columns-is-layout-flex\">\n<div class=\"wp-block-column is-layout-flow wp-block-column-is-layout-flow\">\n<p><strong>Ein Beispiel eines Erfahrungsberichtes nach Abschluss des Projektes sei an dieser Stelle erw\u00e4hnt \u2013 weil sehr ausf\u00fchrlich:\u00a0<\/strong><\/p>\n\n<p><em>\u201eLieber Hr. Pr\u00f6ll,\u00a0<\/em><\/p>\n\n<p><em>ich m\u00f6chte Ihnen eine kurze Zusammenfassung meiner Eindr\u00fccke zu unserer Zusammenarbeit schildern:<\/em><\/p>\n\n<p><em>Die Arbeit mit Ihnen und Ihrem Team hat mir einen Arbeitsmarkt er\u00f6ffnet, der \u00fcber die \u201eoffenen Kan\u00e4le\u201c (Headhunter, job-Portale, Netzwerke, etc.) nicht zug\u00e4nglich gewesen ist. Keiner der mir angebotenen Positionen (GF, GL) war \u00f6ffentlich ausgeschrieben.<\/em><\/p>\n\n<p><em>Die gemeinsam erstellten, professionellen Bewerbungsunterlagen wurden in jedem Gespr\u00e4ch explizit hervorgehoben. Die im Vorfeld geleistete Arbeit in den Aufbau der Bewerbungsunterlagen hat sich somit in jedem Ma\u00dfe rentiert.<\/em><\/p>\n\n<p><em>Die Einladungen und Gespr\u00e4che fanden innerhalb k\u00fcrzester Zeit ausnahmslos auf Inhaber-, Aufsichtsrat-, Vorstands- und Gesch\u00e4ftsf\u00fchrer-Ebene statt.<\/em><\/p>\n\n<p><em>Die Qualit\u00e4t des Bewerbungsprozesses spiegelt diese Reaktion wider.<\/em><\/p>\n\n<p><em>Die Vorbereitungen im Gespr\u00e4chscoaching haben in jedem Gespr\u00e4ch zu einem souver\u00e4nen und stringenten Gespr\u00e4chsverlauf beigetragen.<\/em><\/p>\n\n<p><em>Das Gespr\u00e4chstraining hat mich auf herausfordernde Gespr\u00e4chssituationen bestm\u00f6glich vorbereitet.<\/em><\/p>\n\n<p><em>Die zeitlichen Abl\u00e4ufe und die Entwicklungen im Bewerbungsprozess sind in dem Rahmen eingetreten, der Ihrerseits prognostiziert wurde.<\/em><\/p>\n\n<p><em>17 Einladungen innerhalb 6 Wochen \u2013 daraus bisher entstanden 5 Vertragsangebote f\u00fcr GF Positionen (noch nicht beendet) \u2013 ich werde mit Beginn kommenden Monats als GF in meiner neuen Aufgabe starten. Das Vertrauen in das gps-Team wurde absolut belohnt.<\/em><\/p>\n\n<p><em>Das gps-Netzwerk und das f\u00fcr mich durch die Zusammenarbeit entstandene Netzwerk war Gold wert und wird mir auch f\u00fcr die Zukunft weitere M\u00f6glichkeiten er\u00f6ffnen. \u00a0<\/em><\/p>\n\n<p><em>Die Investition in Ihre Arbeit ist eine Investition in die eigene Zukunft, die Opportunit\u00e4tskosten sind deutlich h\u00f6her. An dieser Stelle m\u00f6chte ich mich bei Fr. Gessner-Pr\u00f6ll und Hrn. Pr\u00f6ll sowie dem gesamten gps-Team ausdr\u00fccklich bedanken f\u00fcr die hochprofessionelle Zusammenarbeit in den vergangenen Wochen und Ihnen f\u00fcr die Zukunft alles Gute w\u00fcnschen.\u201c<\/em><\/p>\n\n<p>A.KG., 45 Jahre, Gesch\u00e4ftsf\u00fchrer in Hessen (D)<\/p>\n<\/div>\n\n<div class=\"wp-block-column is-layout-flow wp-block-column-is-layout-flow\">\n<h2 class=\"wp-block-heading\"><strong>Sinnvolle Referenzen f\u00fcr inverses Headhunting\u00a0<\/strong><\/h2>\n\n<p>Was n\u00fctzt Ihnen die Referenz eines 42-j\u00e4hrigen CFO\u2019s in Dortmund, wenn Sie selber als 53-j\u00e4hriger langj\u00e4hrig erfolgreicher Gesch\u00e4ftsf\u00fchrer eine weitere GF- Position im Raum M\u00fcnchen suchen!? Die m\u00fchsame Suche nach passenden Profilen und Ausgangssituationen und Erfahrungsberichten unter mehr als 1000 zu suchen, m\u00f6chten wir Ihnen ersparen.\u00a0<strong>Wir stellen diese gerne individuell f\u00fcr Sie aus unserem System zusammen und zur Verf\u00fcgung.<\/strong><\/p>\n\n<p>Referenzen und Erfahrungsberichte zur Zusammenarbeit mit\u00a0<em>gps-jobsearch<\/em>\u00a0k\u00f6nnen Sie in Ihrer Entscheidungsfindung unterst\u00fctzen. Zumindest geben Sie Ihnen entsprechende Auskunft \u00fcber die Zufriedenheit unserer Kunden und zur Qualit\u00e4t unserer Arbeit im inversen Headhunting nach Projektabschluss wieder. Sie werden dabei auch Details \u00fcber die Wirksamkeit des\u00a0<a href=\"https:\/\/www.gps-jobsearch.com\/de\/gps-prozess-stufenplan\/\"><em>gps-jobsearch<\/em>\u00a0Prozesses<\/a>\u00a0sowie der dazu notwendigen\u00a0Netzwerkarbeit\u00a0erfahren. Vor allem aber werden Sie sehen, dass aus dieser Zusammenarbeit entsprechende Erfolge entstehen.<\/p>\n\n<p>Den besten Eindruck von unserer Arbeit k\u00f6nnen wir Ihnen aber ohnehin in einem\u00a0pers\u00f6nlichen Vorgespr\u00e4ch vermitteln. Vereinbaren Sie einen Termin und nehmen Sie dazu mit uns\u00a0<a href=\"https:\/\/www.gps-jobsearch.com\/de\/kontakt\/\">Kontakt<\/a>\u00a0auf. Wir freuen uns, Sie n\u00e4her kennenzulernen und Sie im Anschluss daran in Ihre neuen Top-Position zu bringen.\u00a0<\/p>\n<\/div>\n<\/div>\n\n\n\t\t\t\t\t\t\t\t<\/div>\n\t\t\t\t<\/div>\n\t\t\t\t\t<\/div>\n\t\t\t\t<\/div>\n\t\t\t\t<\/div>\n\t\t","protected":false},"excerpt":{"rendered":"<p>Erfahrungen &amp; Referenzen unserer Kunden mit inversem Headhunting Es gibt wohl nichts Besseres als die Referenzen der mittlerweile \u00fcber 1000 von gps-jobsearch betreuten Kunden. Fast nach jedem abgeschlossenen Projekt des\u00a0inversen Headhuntings\u00a0erhalten wir am Ende unserer Zusammenarbeit ein Dankesschreiben mit einigen netten Worten zu unserer Arbeit. Nachfolgend finden Sie einen kleinen, immer aktuellen Auszug (1:1 und [&hellip;]<\/p>\n","protected":false},"author":4,"featured_media":0,"parent":0,"menu_order":65,"comment_status":"closed","ping_status":"closed","template":"","meta":{"footnotes":""},"seiten-kategorie":[],"class_list":["post-886","page","type-page","status-publish","hentry"],"_links":{"self":[{"href":"https:\/\/www.gps-jobsearch.com\/de\/wp-json\/wp\/v2\/pages\/886","targetHints":{"allow":["GET"]}}],"collection":[{"href":"https:\/\/www.gps-jobsearch.com\/de\/wp-json\/wp\/v2\/pages"}],"about":[{"href":"https:\/\/www.gps-jobsearch.com\/de\/wp-json\/wp\/v2\/types\/page"}],"author":[{"embeddable":true,"href":"https:\/\/www.gps-jobsearch.com\/de\/wp-json\/wp\/v2\/users\/4"}],"replies":[{"embeddable":true,"href":"https:\/\/www.gps-jobsearch.com\/de\/wp-json\/wp\/v2\/comments?post=886"}],"version-history":[{"count":28,"href":"https:\/\/www.gps-jobsearch.com\/de\/wp-json\/wp\/v2\/pages\/886\/revisions"}],"predecessor-version":[{"id":8077,"href":"https:\/\/www.gps-jobsearch.com\/de\/wp-json\/wp\/v2\/pages\/886\/revisions\/8077"}],"wp:attachment":[{"href":"https:\/\/www.gps-jobsearch.com\/de\/wp-json\/wp\/v2\/media?parent=886"}],"wp:term":[{"taxonomy":"seiten-kategorie","embeddable":true,"href":"https:\/\/www.gps-jobsearch.com\/de\/wp-json\/wp\/v2\/seiten-kategorie?post=886"}],"curies":[{"name":"wp","href":"https:\/\/api.w.org\/{rel}","templated":true}]}}