{"id":882,"date":"2024-07-29T08:29:28","date_gmt":"2024-07-29T08:29:28","guid":{"rendered":"https:\/\/staging.gps-jobsearch.com\/?page_id=882"},"modified":"2025-08-14T15:27:36","modified_gmt":"2025-08-14T15:27:36","slug":"high-potentials","status":"publish","type":"page","link":"https:\/\/www.gps-jobsearch.com\/de\/high-potentials\/","title":{"rendered":"High Potentials f\u00fcr F\u00fchrungspositionen"},"content":{"rendered":"\t\t<div data-elementor-type=\"wp-page\" data-elementor-id=\"882\" class=\"elementor elementor-882\" data-elementor-post-type=\"page\">\n\t\t\t\t<div class=\"elementor-element elementor-element-7af4a135 e-flex e-con-boxed e-con e-parent\" data-id=\"7af4a135\" data-element_type=\"container\" data-settings=\"{&quot;jet_parallax_layout_list&quot;:[]}\">\n\t\t\t\t\t<div class=\"e-con-inner\">\n\t\t\t\t<div class=\"elementor-element elementor-element-4fcd352b elementor-widget elementor-widget-text-editor\" data-id=\"4fcd352b\" data-element_type=\"widget\" data-widget_type=\"text-editor.default\">\n\t\t\t\t<div class=\"elementor-widget-container\">\n\t\t\t\t\t\t\t\t\t\n<div class=\"wp-block-columns is-layout-flex wp-container-core-columns-is-layout-28f84493 wp-block-columns-is-layout-flex\">\n<div class=\"wp-block-column is-layout-flow wp-block-column-is-layout-flow\">\n<h1>High-Potentials\u00a0<\/h1>\n<p>Den Begriff &#8222;High-Potential&#8220; hat sicher jeder schon geh\u00f6rt. Das erste Mal sp\u00e4testens nach Abschluss des Studiums und danach innerhalb von Unternehmen, die um Ihren Managernachwuchs bem\u00fcht sind. Was zeichnet also High-Potentials gegen\u00fcber klassischen anderen Bewerbern u\/o Mitarbeitern tats\u00e4chlich aus und wie kommt man in diesen elit\u00e4ren Kreis? Die Antworten dazu sind so vielf\u00e4ltig wie auch die M\u00f6glichkeiten, welche heute High-Potentials geboten werden.<\/p>\n\n<h2 class=\"wp-block-heading\"><strong>Die Kunst, sich in Szene zu setzen &#8211; Selbst\u201cmarke\u201cting<\/strong><\/h2>\n\n<p>Eines ist sicher. Ein Studium mit Auslandsaufenthalt in Rekordzeit mit einer \u201e1\u201c abzuschlie\u00dfen, ist heute ebenso zu wenig wie 5 Fremdsprachen zu sprechen. Es bedarf mehr und man muss w\u00e4hrend der Bewerbung oder w\u00e4hrend seiner T\u00e4tigkeit in einem Unternehmen als\u00a0<strong>High-Potential wahrgenommen werden<\/strong>. Es gilt bereits in fr\u00fchen Jahren seiner Karriere die Kunst des Selbst\u201cmarke\u201ctings zu beherrschen.\u00a0<\/p>\n\n<p>Einmal als High Potential erkannt, ergeben sich nicht nur spannende Erstangebote von renommierten Unternehmen, sondern man wird wahrhaft umworben. Wenn man in einem Unternehmen als High Potential gilt, dann ist der weitere Verlauf der Karriere vorgezeichnet, zumindest wenn keine groben Fehler passierten. Sie k\u00f6nnen die besten Leistungen und Erfolge in einem Unternehmen erzielen und dennoch nie auffallen, wenn Sie sich nicht richtig positionieren.<\/p>\n<\/div>\n\n<div class=\"wp-block-column is-layout-flow wp-block-column-is-layout-flow\">\n<figure class=\"wp-block-image size-full\"><img fetchpriority=\"high\" decoding=\"async\" width=\"482\" height=\"500\" class=\"wp-image-883\" src=\"https:\/\/www.gps-jobsearch.com\/wp-content\/uploads\/2024\/07\/der-weg-zum-ziel01.jpg\" alt=\"\" srcset=\"https:\/\/www.gps-jobsearch.com\/wp-content\/uploads\/2024\/07\/der-weg-zum-ziel01.jpg 482w, https:\/\/www.gps-jobsearch.com\/wp-content\/uploads\/2024\/07\/der-weg-zum-ziel01-289x300.jpg 289w\" sizes=\"(max-width: 482px) 100vw, 482px\" \/><\/figure>\n<\/div>\n<\/div>\n\n<div class=\"wp-block-columns is-layout-flex wp-container-core-columns-is-layout-28f84493 wp-block-columns-is-layout-flex\">\n<div class=\"wp-block-column is-layout-flow wp-block-column-is-layout-flow\">\n<h2 class=\"wp-block-heading\"><strong>Karriereplanung f\u00fcr \u201eYoung Professionals\u201c<\/strong><\/h2>\n\n<p>Wenn sich in Ihrer Karriere und in Ihrer derzeitigen Position nichts bewegt und Sie schon gef\u00fchlt zu lange auf einen n\u00e4chsten Schritt warten, dann k\u00f6nnen wir solchen Karrieren durch\u00a0<a href=\"https:\/\/www.gps-jobsearch.com\/de\/inverses-headhunting\/\">inverses Headhunting<\/a>\u00a0mit unserem\u00a0<a href=\"https:\/\/www.gps-jobsearch.com\/de\/gps-prozess-stufenplan\/\">20-stufigen Prozess<\/a>\u00a0helfen, einen Schritt h\u00f6her zu klettern. Wichtig ist uns auch hier, denn dabei handelt es sich immer um noch j\u00fcngere Manager \/ High-Potentials mit ersten F\u00fchrungserfahrungen im Alter von 32-38 Jahren, gemeinsam eine langfristige Karriereplanung aufzusetzen.<\/p>\n\n<ul class=\"wp-block-list\">\n<li>Es gilt die Frage zu beantworten: Was will ich erreichen? Langfristig!<br \/><br \/><\/li>\n<\/ul>\n\n<p><strong>Sobald wir dieses Ziel mit Ihnen gekl\u00e4rt haben, k\u00fcmmern wir uns um den Rest.<\/strong><\/p>\n\n<ul class=\"wp-block-list\">\n<li>Legen die einzelnen Schritte fest,<\/li>\n\n<li>bauen das dazu notwendige \u201eMarken\u201ckonzept rund um Ihre Person auf und<\/li>\n\n<li>bringen Sie bei passenden Unternehmen mit den richtigen Entscheidungstr\u00e4gern ins Spiel.<\/li>\n<\/ul>\n<\/div>\n\n<div class=\"wp-block-column is-layout-flow wp-block-column-is-layout-flow\">\n<h2 class=\"wp-block-heading\"><strong>Step by Step, aber immer \u201eone step ahead\u201c<\/strong><\/h2>\n\n<p>Sp\u00e4testens nach weiteren 4-5 Jahren gehen wir dann den n\u00e4chsten Schritt. Wir begleiten Sie nicht nur in die n\u00e4chste Position, sondern unterst\u00fctzen Sie langfristig Ihr Ziel zu erreichen. Glauben Sie uns, ein\u00a0einzigartiges Netzwerk\u00a0an F\u00fchrungspers\u00f6nlichkeiten dabei zur Seite zu haben, k\u00f6nnen Sie mit Geld nicht aufwiegen.<\/p>\n<p>Lassen Sie sich von <a href=\"https:\/\/www.gps-jobsearch.com\/de\/erfahrungen-inverses-headhunting\/\">Erfahrungen und Referenzen unserer Kunden<\/a> inspirieren \u2013 und lernen Sie unsere breite Kundenstruktur im inversen Headhunting kennen.<\/p>\n<p>Oder noch besser: Lassen Sie uns pers\u00f6nlich Ihre <a href=\"https:\/\/www.gps-jobsearch.com\/de\/kontakt\/\">Karriere besprechen<\/a>!<\/p>\n<\/div>\n<\/div>\n\t\t\t\t\t\t\t\t<\/div>\n\t\t\t\t<\/div>\n\t\t\t\t\t<\/div>\n\t\t\t\t<\/div>\n\t\t\t\t<\/div>\n\t\t","protected":false},"excerpt":{"rendered":"<p>High-Potentials\u00a0 Den Begriff &#8222;High-Potential&#8220; hat sicher jeder schon geh\u00f6rt. Das erste Mal sp\u00e4testens nach Abschluss des Studiums und danach innerhalb von Unternehmen, die um Ihren Managernachwuchs bem\u00fcht sind. Was zeichnet also High-Potentials gegen\u00fcber klassischen anderen Bewerbern u\/o Mitarbeitern tats\u00e4chlich aus und wie kommt man in diesen elit\u00e4ren Kreis? Die Antworten dazu sind so vielf\u00e4ltig wie [&hellip;]<\/p>\n","protected":false},"author":4,"featured_media":0,"parent":0,"menu_order":71,"comment_status":"closed","ping_status":"closed","template":"","meta":{"footnotes":""},"seiten-kategorie":[],"class_list":["post-882","page","type-page","status-publish","hentry"],"_links":{"self":[{"href":"https:\/\/www.gps-jobsearch.com\/de\/wp-json\/wp\/v2\/pages\/882","targetHints":{"allow":["GET"]}}],"collection":[{"href":"https:\/\/www.gps-jobsearch.com\/de\/wp-json\/wp\/v2\/pages"}],"about":[{"href":"https:\/\/www.gps-jobsearch.com\/de\/wp-json\/wp\/v2\/types\/page"}],"author":[{"embeddable":true,"href":"https:\/\/www.gps-jobsearch.com\/de\/wp-json\/wp\/v2\/users\/4"}],"replies":[{"embeddable":true,"href":"https:\/\/www.gps-jobsearch.com\/de\/wp-json\/wp\/v2\/comments?post=882"}],"version-history":[{"count":31,"href":"https:\/\/www.gps-jobsearch.com\/de\/wp-json\/wp\/v2\/pages\/882\/revisions"}],"predecessor-version":[{"id":7427,"href":"https:\/\/www.gps-jobsearch.com\/de\/wp-json\/wp\/v2\/pages\/882\/revisions\/7427"}],"wp:attachment":[{"href":"https:\/\/www.gps-jobsearch.com\/de\/wp-json\/wp\/v2\/media?parent=882"}],"wp:term":[{"taxonomy":"seiten-kategorie","embeddable":true,"href":"https:\/\/www.gps-jobsearch.com\/de\/wp-json\/wp\/v2\/seiten-kategorie?post=882"}],"curies":[{"name":"wp","href":"https:\/\/api.w.org\/{rel}","templated":true}]}}