{"id":878,"date":"2024-07-29T08:27:36","date_gmt":"2024-07-29T08:27:36","guid":{"rendered":"https:\/\/staging.gps-jobsearch.com\/?page_id=878"},"modified":"2025-08-07T15:40:51","modified_gmt":"2025-08-07T15:40:51","slug":"frauen-fuehrungspositionen","status":"publish","type":"page","link":"https:\/\/www.gps-jobsearch.com\/de\/frauen-fuehrungspositionen\/","title":{"rendered":"Frauen in F\u00fchrungspositionen"},"content":{"rendered":"\t\t<div data-elementor-type=\"wp-page\" data-elementor-id=\"878\" class=\"elementor elementor-878\" data-elementor-post-type=\"page\">\n\t\t\t\t<div class=\"elementor-element elementor-element-367ee809 e-flex e-con-boxed e-con e-parent\" data-id=\"367ee809\" data-element_type=\"container\" data-settings=\"{&quot;jet_parallax_layout_list&quot;:[]}\">\n\t\t\t\t\t<div class=\"e-con-inner\">\n\t\t\t\t<div class=\"elementor-element elementor-element-72877a5d elementor-widget elementor-widget-text-editor\" data-id=\"72877a5d\" data-element_type=\"widget\" data-widget_type=\"text-editor.default\">\n\t\t\t\t<div class=\"elementor-widget-container\">\n\t\t\t\t\t\t\t\t\t\n<div class=\"wp-block-columns is-layout-flex wp-container-core-columns-is-layout-28f84493 wp-block-columns-is-layout-flex\">\n<div class=\"wp-block-column is-layout-flow wp-block-column-is-layout-flow\">\n<h1>Frauen in F\u00fchrungspositionen<\/h1>\n<p>Leider gibt es nach wie vor zu wenige <a href=\"https:\/\/www.gps-jobsearch.com\/de\/frauen-und-karriere\/\">Frauen in F\u00fchrungspositionen<\/a>. Und je h\u00f6her es geht, desto seltener werden diese. Tag f\u00fcr Tag liest und h\u00f6rt man von Benachteiligungen von weiblichen Arbeitnehmerinnen und F\u00fchrungskr\u00e4ften sowie den damit verbundenen Nachteilen bei Geh\u00e4ltern, bei Einstellungen, Aufstiegen, etc\u2026. Das Gute ist, dass der Wandel auch hier l\u00e4ngst begonnen hat, nur leider zu langsam vor sich geht.<\/p>\n\n<h2 class=\"wp-block-heading\"><strong>Die gl\u00e4serne Decke f\u00fcr Frauen in F\u00fchrungspositionen &#8211; <\/strong><strong>Realit\u00e4t oder Mythos\u00a0<\/strong><\/h2>\n\n<p>Viele Entscheidungstr\u00e4ger und auch wir wissen aus eigener Erfahrung, welche besonderen Qualit\u00e4ten und F\u00e4higkeiten Frauen gegen\u00fcber M\u00e4nnern in F\u00fchrungsfunktionen haben. Dass Frauen, in einer von M\u00e4nnern dominierten Managerwelt meist mehr leisten m\u00fcssen und es die ber\u00fchmte \u201egl\u00e4serne Decke\u201c in der Realit\u00e4t tats\u00e4chlich gibt, h\u00f6ren wir immer wieder von Interessentinnen. Einmal diese gl\u00e4serne Decke \u00fcberwunden, kommt dann hinzu, dass Frauen in der gleichen F\u00fchrungsfunktion mehr leisten m\u00fcssen, um die gleiche Anerkennung\/Gehalt zu bekommen wie ihre m\u00e4nnlichen Kollegen. Dies ist leider kein Mythos, sondern Realit\u00e4t und nach wie vor Alltag.<\/p>\n<\/div>\n\n<div class=\"wp-block-column is-layout-flow wp-block-column-is-layout-flow\">\n<figure class=\"wp-block-image size-full\"><img fetchpriority=\"high\" decoding=\"async\" width=\"500\" height=\"351\" class=\"wp-image-879\" src=\"https:\/\/www.gps-jobsearch.com\/wp-content\/uploads\/2024\/07\/karriere-aufstieg03.jpg\" alt=\"\" srcset=\"https:\/\/www.gps-jobsearch.com\/wp-content\/uploads\/2024\/07\/karriere-aufstieg03.jpg 500w, https:\/\/www.gps-jobsearch.com\/wp-content\/uploads\/2024\/07\/karriere-aufstieg03-300x211.jpg 300w\" sizes=\"(max-width: 500px) 100vw, 500px\" \/><\/figure>\n<\/div>\n<\/div>\n\n<div class=\"wp-block-columns is-layout-flex wp-container-core-columns-is-layout-28f84493 wp-block-columns-is-layout-flex\">\n<div class=\"wp-block-column is-layout-flow wp-block-column-is-layout-flow\">\n<p><strong>Wir sch\u00e4tzen Frauen in F\u00fchrungsfunktionen aus voller \u00dcberzeugung und eigener Erfahrung!\u00a0<\/strong><br \/>14% der von\u00a0<em>gps-jobsearch<\/em>\u00a0durch\u00a0<a href=\"https:\/\/www.gps-jobsearch.com\/de\/inverses-headhunting\/\">inverses Headhunting<\/a>\u00a0betreuten Kunden sind weiblich. Dass diese Prozentzahl nicht h\u00f6her liegt, hat 1:1 damit zu tun, dass es noch zu wenig Frauen in der von uns betreuten Flugh\u00f6he gibt.\u00a0<a href=\"https:\/\/www.gps-jobsearch.com\/de\/berater\/\">Frau Marion Gessner-Pr\u00f6ll\u00a0<\/a>steht Ihnen jederzeit als Ansprechperson f\u00fcr ein\u00a0erstes Kennenlernen und Vorgespr\u00e4ch\u00a0zur Verf\u00fcgung. Rufen Sie Fr. Gessner-Pr\u00f6ll direkt unter +43664827 48 17 an, schreiben Sie eine Mail direkt an\u00a0<a href=\"mailto:marion.gessner@gps-jobsearch.com\">marion.gessner@gps-jobsearch.com<\/a>\u00a0oder verwenden Sie das\u00a0<a href=\"https:\/\/www.gps-jobsearch.com\/de\/kontakt\/\">Kontaktformular.<\/a><\/p>\n\n<h2 class=\"wp-block-heading\"><strong>Weibliche Kompetenzen \u2013 St\u00e4rken, die \u00fcberzeugen<\/strong><\/h2>\n\n<p><a href=\"https:\/\/www.gps-jobsearch.com\/de\/gps-prozess-stufenplan\/\">Unseren Prozess<\/a>\u00a0passen wir f\u00fcr Frauen speziell an, setzen zum Teil andere Schwerpunkte und auch der\u00a0<a href=\"https:\/\/www.gps-jobsearch.com\/de\/research-und-marktanalysen\/\" target=\"_blank\" rel=\"noopener\">Research<\/a>\u00a0ist etwas anders ausgelegt als bei m\u00e4nnlichen Kunden. In\u00a0unserem Netzwerk\u00a0haben wir heute bereits einige Frauen als Partner und auch hier sind wir st\u00e4ndig bem\u00fcht, die weiblichen Kompetenzen und Erfahrungen weiter auszubauen.\u00a0<br \/><br \/><strong>Aus voller \u00dcberzeugung der Kompetenzen und speziellen St\u00e4rken von Frauen in Top-Managementpositionen!<\/strong><\/p>\n\n<ul class=\"wp-block-list\">\n<li>Hochqualifiziert,<\/li>\n\n<li>bestens ausgebildet,<\/li>\n\n<li>mit einem hohen Ma\u00df an Empathie<\/li>\n\n<li>mit viel Fingerspitzengef\u00fchl ausgestattet,<\/li>\n\n<li>das Treffen von faktenbasierten Entscheidungen und vor allem<\/li>\n\n<li>die Gabe des feinf\u00fchligen Kommunizierens.<\/li>\n<\/ul>\n\n<p>Das sind nur einige dieser speziellen St\u00e4rken, die wir in allen unseren weiblichen Kundinnen erkennen durften. Unsere Kundinnen k\u00f6nnen jedenfalls mit jedem m\u00e4nnlichen Kollegen mithalten \u2013 die meisten sind Ihnen sogar den bekannten einen Schritt voraus\u00a0<strong>\u201eOne Step Ahead\u201c<\/strong><\/p>\n<\/div>\n\n<div class=\"wp-block-column is-layout-flow wp-block-column-is-layout-flow\">\n<h2 class=\"wp-block-heading\"><strong>Das Ergebnis spricht eine klare Sprache\u00a0<\/strong><\/h2>\n\n<p>Die von uns durch inverses Headhunting betreuten Frauen schneiden in so gut wie allen F\u00e4llen bei unserem Prozess:<\/p>\n\n<ul class=\"wp-block-list\">\n<li>\u00fcberdurchschnittlich ab,\u00a0<\/li>\n\n<li>erhalten eine h\u00f6here Quote bei der Einladung zu Gespr\u00e4chen\u00a0<\/li>\n\n<li>und generieren daraus auch eine h\u00f6here Anzahl an Vertragsangeboten.\u00a0<\/li>\n\n<li>Die angebotenen Geh\u00e4lter liegen auf dem Niveau Ihrer m\u00e4nnlichen Kollegen. \u00a0\u00a0<\/li>\n<\/ul>\n\n<p><em><strong>\u201eF\u00fcr mehr Frauen in Top-Positionen! Arbeiten wir gemeinsam daran, dass sich diese Quote in den kommenden Jahren deutlich erh\u00f6ht!\u201c<\/strong><\/em><\/p>\n\n<p><em>Fr. Marion Gessner-Pr\u00f6ll, GF gp solutions GmbH\u00a0<\/em><\/p>\n\n<h2 class=\"wp-block-heading\"><strong>Quote als Ziel<\/strong><\/h2>\n\n<p>gps-jobsearch hat es sich zur Aufgabe gemacht, die Frauenquote im Top-Management zu erh\u00f6hen. Dass wir dazu bereits unseren Beitrag leisten, zeigen die Quoten in unseren Firmen und Beteiligungen, wo wir direkten Einfluss haben. Die Frauenquote als Beispiel bei der gp solutions GmbH und\u00a0<em>gps-jobsearch<\/em>\u00a0betr\u00e4gt heute schon 50%.<\/p>\n\n<p><em><strong>&#8222;Wenn du etwas gesagt haben willst, frage einen Mann; wenn du etwas erledigt haben willst, frage eine Frau.&#8220;<\/strong><\/em><\/p>\n\n<p><em>Margaret Thatcher<\/em><\/p>\n<\/div>\n<\/div>\n\t\t\t\t\t\t\t\t<\/div>\n\t\t\t\t<\/div>\n\t\t\t\t\t<\/div>\n\t\t\t\t<\/div>\n\t\t\t\t<\/div>\n\t\t","protected":false},"excerpt":{"rendered":"<p>Frauen in F\u00fchrungspositionen Leider gibt es nach wie vor zu wenige Frauen in F\u00fchrungspositionen. Und je h\u00f6her es geht, desto seltener werden diese. Tag f\u00fcr Tag liest und h\u00f6rt man von Benachteiligungen von weiblichen Arbeitnehmerinnen und F\u00fchrungskr\u00e4ften sowie den damit verbundenen Nachteilen bei Geh\u00e4ltern, bei Einstellungen, Aufstiegen, etc\u2026. Das Gute ist, dass der Wandel auch [&hellip;]<\/p>\n","protected":false},"author":4,"featured_media":0,"parent":0,"menu_order":72,"comment_status":"closed","ping_status":"closed","template":"","meta":{"footnotes":""},"seiten-kategorie":[],"class_list":["post-878","page","type-page","status-publish","hentry"],"_links":{"self":[{"href":"https:\/\/www.gps-jobsearch.com\/de\/wp-json\/wp\/v2\/pages\/878","targetHints":{"allow":["GET"]}}],"collection":[{"href":"https:\/\/www.gps-jobsearch.com\/de\/wp-json\/wp\/v2\/pages"}],"about":[{"href":"https:\/\/www.gps-jobsearch.com\/de\/wp-json\/wp\/v2\/types\/page"}],"author":[{"embeddable":true,"href":"https:\/\/www.gps-jobsearch.com\/de\/wp-json\/wp\/v2\/users\/4"}],"replies":[{"embeddable":true,"href":"https:\/\/www.gps-jobsearch.com\/de\/wp-json\/wp\/v2\/comments?post=878"}],"version-history":[{"count":19,"href":"https:\/\/www.gps-jobsearch.com\/de\/wp-json\/wp\/v2\/pages\/878\/revisions"}],"predecessor-version":[{"id":7117,"href":"https:\/\/www.gps-jobsearch.com\/de\/wp-json\/wp\/v2\/pages\/878\/revisions\/7117"}],"wp:attachment":[{"href":"https:\/\/www.gps-jobsearch.com\/de\/wp-json\/wp\/v2\/media?parent=878"}],"wp:term":[{"taxonomy":"seiten-kategorie","embeddable":true,"href":"https:\/\/www.gps-jobsearch.com\/de\/wp-json\/wp\/v2\/seiten-kategorie?post=878"}],"curies":[{"name":"wp","href":"https:\/\/api.w.org\/{rel}","templated":true}]}}