{"id":874,"date":"2024-07-29T08:25:28","date_gmt":"2024-07-29T08:25:28","guid":{"rendered":"https:\/\/staging.gps-jobsearch.com\/?page_id=874"},"modified":"2025-08-07T15:43:49","modified_gmt":"2025-08-07T15:43:49","slug":"expats","status":"publish","type":"page","link":"https:\/\/www.gps-jobsearch.com\/de\/expats\/","title":{"rendered":"Expats und inverses Headhunting"},"content":{"rendered":"\t\t<div data-elementor-type=\"wp-page\" data-elementor-id=\"874\" class=\"elementor elementor-874\" data-elementor-post-type=\"page\">\n\t\t\t\t<div class=\"elementor-element elementor-element-7a6ed3c3 e-flex e-con-boxed e-con e-parent\" data-id=\"7a6ed3c3\" data-element_type=\"container\" data-settings=\"{&quot;jet_parallax_layout_list&quot;:[]}\">\n\t\t\t\t\t<div class=\"e-con-inner\">\n\t\t\t\t<div class=\"elementor-element elementor-element-46a398ed elementor-widget elementor-widget-text-editor\" data-id=\"46a398ed\" data-element_type=\"widget\" data-widget_type=\"text-editor.default\">\n\t\t\t\t<div class=\"elementor-widget-container\">\n\t\t\t\t\t\t\t\t\t\n<div class=\"wp-block-columns is-layout-flex wp-container-core-columns-is-layout-28f84493 wp-block-columns-is-layout-flex\">\n<div class=\"wp-block-column is-layout-flow wp-block-column-is-layout-flow\">\n<h1 class=\"wp-block-heading\">Expats &#8211; Manager im Ausland<\/h1>\n\n<p>Ob ein Auslandseinsatz als Expat f\u00fcr die Karriere hilfreich ist oder nicht, l\u00e4sst sich einfach erkl\u00e4ren. Es kommt darauf an, welche Aufgabe Sie dort mit welchen Erfolgen erf\u00fcllt haben. Also kein Unterschied zu jeder anderen Position? Oder etwa doch?<\/p>\n\n<p>Ob jemandem ein Auslandseinsatz liegt und ob man das Zeug dazu hat, im Ausland als Expat, fernab der Heimat, in einer v\u00f6llig fremden Kultur, meist verbunden mit einer Fremdsprache, mit Mitarbeitern, die eine ganz andere Einstellung zur Arbeit mitbringen als jene, die in der DACH-Region vorherrscht, ist sehr individuell und h\u00e4ngt von der jeweiligen Position und der Region ab.<\/p>\n<\/div>\n\n<div class=\"wp-block-column is-layout-flow wp-block-column-is-layout-flow\">\n<figure class=\"wp-block-image size-large\"><img fetchpriority=\"high\" decoding=\"async\" width=\"1024\" height=\"682\" class=\"wp-image-875\" src=\"https:\/\/www.gps-jobsearch.com\/wp-content\/uploads\/2024\/07\/plane-g119bd3587_1920-1440x959-1-1024x682.jpg\" alt=\"\" srcset=\"https:\/\/www.gps-jobsearch.com\/wp-content\/uploads\/2024\/07\/plane-g119bd3587_1920-1440x959-1-1024x682.jpg 1024w, https:\/\/www.gps-jobsearch.com\/wp-content\/uploads\/2024\/07\/plane-g119bd3587_1920-1440x959-1-300x200.jpg 300w, https:\/\/www.gps-jobsearch.com\/wp-content\/uploads\/2024\/07\/plane-g119bd3587_1920-1440x959-1-768x511.jpg 768w, https:\/\/www.gps-jobsearch.com\/wp-content\/uploads\/2024\/07\/plane-g119bd3587_1920-1440x959-1.jpg 1440w\" sizes=\"(max-width: 1024px) 100vw, 1024px\" \/><\/figure>\n<\/div>\n<\/div>\n\n<div class=\"wp-block-columns is-layout-flex wp-container-core-columns-is-layout-28f84493 wp-block-columns-is-layout-flex\">\n<div class=\"wp-block-column is-layout-flow wp-block-column-is-layout-flow\">\n<h2 class=\"wp-block-heading\"><strong>Der sichere Weg als Expat mit gebuchtem Hin- und Retourticket<\/strong><\/h2>\n\n<p>Ob man den Schritt als Expat wagen soll,\u00a0<\/p>\n\n<ul class=\"wp-block-list\">\n<li>inwiefern dieser Fluch oder Segen f\u00fcr Ihre weitere Karriere sein kann,<\/li>\n\n<li>welche Fragen man sich auf dem Weg hin und retour stellen sollte,<\/li>\n\n<li>wie der Weg raus in die ferne Welt tats\u00e4chlich Realit\u00e4t werden kann und<\/li>\n\n<li>wie schwierig der Weg zur\u00fcck tats\u00e4chlich ist und doch funktionieren wird,<\/li>\n<\/ul>\n\n<p>kl\u00e4ren wir gerne in einem pers\u00f6nlichen Gespr\u00e4ch. Auch hier k\u00f6nnen wir wiederum aus eigener Erfahrung mit mehrj\u00e4hrigen Auslandseins\u00e4tzen sprechen.<\/p>\n\n<p>Nehmen Sie mit uns dazu\u00a0<a href=\"https:\/\/www.gps-jobsearch.com\/de\/kontakt\/\">Kontakt<\/a>\u00a0auf. Das\u00a0Team von\u00a0<strong>gps-<\/strong><em><strong>jobseach<\/strong><\/em>\u00a0freut sich auf Ihren Anruf. Wir Ihnen dabei das Hin- und Retourticket gleich mit zubuchen.<\/p>\n<\/div>\n\n<div class=\"wp-block-column is-layout-flow wp-block-column-is-layout-flow\">\n<h2 class=\"wp-block-heading\"><strong>Pers\u00f6nlich, online oder direkt vor Ort<\/strong><\/h2>\n\n<p>12% unserer durch <a href=\"https:\/\/www.gps-jobsearch.com\/de\/inverses-headhunting\/\">inverses Headhunting<\/a> betreuten Kunden sind Expats auf dem Weg hin oder retour. Die meisten von ihnen betreuen wir genau so pers\u00f6nlich wie alle anderen Kunden auch an unserem Hauptstandort in Salzburg, wo Sie gerne unsere G\u00e4ste im Rahmen unserer\u00a0pers\u00f6nlichen Meetings\u00a0sind. Nat\u00fcrlich alles von uns organisiert.<\/p>\n\n<p>Um den Reiseaufwand gering zu halten, bieten wir den\u00a0gesamten Prozess\u00a0des\u00a0<a href=\"https:\/\/www.gps-jobsearch.com\/de\/inverses-headhunting\/\">inversen Headhuntings<\/a>\u00a0auf der Suche nach der neuen\u00a0<a href=\"https:\/\/www.gps-jobsearch.com\/de\/jobsuche-fuehrungskraefte\/\">Top-Position\u00a0<\/a>auch online an und verwenden dazu eine daf\u00fcr geeignete Kommunikations-Software und Plattform.<\/p>\n\n<p>Gerne treffen wir uns aber auch pers\u00f6nlich vor Ort, denn wir sind ohnehin viel unterwegs, sodass sich daraus oftmals gute M\u00f6glichkeiten ergeben. \u00a0 \u00a0\u00a0\u00a0<\/p>\n<\/div>\n<\/div>\n\t\t\t\t\t\t\t\t<\/div>\n\t\t\t\t<\/div>\n\t\t\t\t\t<\/div>\n\t\t\t\t<\/div>\n\t\t\t\t<\/div>\n\t\t","protected":false},"excerpt":{"rendered":"<p>Expats &#8211; Manager im Ausland Ob ein Auslandseinsatz als Expat f\u00fcr die Karriere hilfreich ist oder nicht, l\u00e4sst sich einfach erkl\u00e4ren. Es kommt darauf an, welche Aufgabe Sie dort mit welchen Erfolgen erf\u00fcllt haben. Also kein Unterschied zu jeder anderen Position? Oder etwa doch? Ob jemandem ein Auslandseinsatz liegt und ob man das Zeug dazu [&hellip;]<\/p>\n","protected":false},"author":4,"featured_media":0,"parent":0,"menu_order":69,"comment_status":"closed","ping_status":"closed","template":"","meta":{"footnotes":""},"seiten-kategorie":[],"class_list":["post-874","page","type-page","status-publish","hentry"],"_links":{"self":[{"href":"https:\/\/www.gps-jobsearch.com\/de\/wp-json\/wp\/v2\/pages\/874","targetHints":{"allow":["GET"]}}],"collection":[{"href":"https:\/\/www.gps-jobsearch.com\/de\/wp-json\/wp\/v2\/pages"}],"about":[{"href":"https:\/\/www.gps-jobsearch.com\/de\/wp-json\/wp\/v2\/types\/page"}],"author":[{"embeddable":true,"href":"https:\/\/www.gps-jobsearch.com\/de\/wp-json\/wp\/v2\/users\/4"}],"replies":[{"embeddable":true,"href":"https:\/\/www.gps-jobsearch.com\/de\/wp-json\/wp\/v2\/comments?post=874"}],"version-history":[{"count":16,"href":"https:\/\/www.gps-jobsearch.com\/de\/wp-json\/wp\/v2\/pages\/874\/revisions"}],"predecessor-version":[{"id":7123,"href":"https:\/\/www.gps-jobsearch.com\/de\/wp-json\/wp\/v2\/pages\/874\/revisions\/7123"}],"wp:attachment":[{"href":"https:\/\/www.gps-jobsearch.com\/de\/wp-json\/wp\/v2\/media?parent=874"}],"wp:term":[{"taxonomy":"seiten-kategorie","embeddable":true,"href":"https:\/\/www.gps-jobsearch.com\/de\/wp-json\/wp\/v2\/seiten-kategorie?post=874"}],"curies":[{"name":"wp","href":"https:\/\/api.w.org\/{rel}","templated":true}]}}