{"id":870,"date":"2024-07-29T08:23:42","date_gmt":"2024-07-29T08:23:42","guid":{"rendered":"https:\/\/staging.gps-jobsearch.com\/?page_id=870"},"modified":"2025-08-01T09:52:50","modified_gmt":"2025-08-01T09:52:50","slug":"fachliche-ausbildung","status":"publish","type":"page","link":"https:\/\/www.gps-jobsearch.com\/de\/fachliche-ausbildung\/","title":{"rendered":"Fachliche Ausbildung \/ Qualifikation unserer Kunden"},"content":{"rendered":"\t\t<div data-elementor-type=\"wp-page\" data-elementor-id=\"870\" class=\"elementor elementor-870\" data-elementor-post-type=\"page\">\n\t\t\t\t<div class=\"elementor-element elementor-element-4bc3cc04 e-flex e-con-boxed e-con e-parent\" data-id=\"4bc3cc04\" data-element_type=\"container\" data-settings=\"{&quot;jet_parallax_layout_list&quot;:[]}\">\n\t\t\t\t\t<div class=\"e-con-inner\">\n\t\t\t\t<div class=\"elementor-element elementor-element-42de360f elementor-widget elementor-widget-text-editor\" data-id=\"42de360f\" data-element_type=\"widget\" data-widget_type=\"text-editor.default\">\n\t\t\t\t<div class=\"elementor-widget-container\">\n\t\t\t\t\t\t\t\t\t\n<div class=\"wp-block-columns is-layout-flex wp-container-core-columns-is-layout-28f84493 wp-block-columns-is-layout-flex\">\n<div class=\"wp-block-column is-layout-flow wp-block-column-is-layout-flow\">\n<h1 class=\"wp-block-heading\"><strong>Fachliche Ausbildung &amp; Qualifikation<\/strong><\/h1>\n\n<p>F\u00fcr uns spielt es keine Rolle, welche fachliche Ausbildung bzw. welche Qualifikationen Sie haben. Wichtiger sind Ihre Erfahrungen und die in dieser Zeit erworbenen F\u00e4higkeiten als F\u00fchrungskraft und Top-Manager erfolgreich zu sein. Entscheidend ist aber sehr wohl, welchen Anforderungen Sie in den jeweiligen <a href=\"https:\/\/www.gps-jobsearch.com\/de\/jobsuche-fuehrungskraefte\/\">gesuchten Top-Positionen\u00a0<\/a>gerecht werden m\u00fcssen, um dort hinzukommen und dort langfristig erfolgreich sein zu k\u00f6nnen. Wir sprechen auch hier wieder \u00fcber \u00dcbereinstimmung zwischen Bewerber und Top-Position.<\/p>\n<\/div>\n\n<div class=\"wp-block-column is-layout-flow wp-block-column-is-layout-flow\">\n<h2 class=\"wp-block-heading\"><strong>Selbst\u201cmarke\u201cting<\/strong><\/h2>\n\n<p>Selbst wenn Sie die \u00dcbereinstimmung kennen, gilt es, all Ihr K\u00f6nnen in ein Marketingkonzept zu verpacken und anschlie\u00dfend zu verkaufen. Das ist nicht jedermanns Sache! Das zeigen die vielen Lebensl\u00e4ufe von Top-Managern, welche uns Tag f\u00fcr Tag zugesandt werden. Fallen und Fehler auf dem Weg zur n\u00e4chsten Top-Position sind ganz einfach t\u00f6dlich. Ausgeschieden, ohne den Grund zu kennen \u2013 nicht mal eine Antwort auf die Bewerbung erhalten. Kennen Sie dies?<\/p>\n<\/div>\n<\/div>\n\n<div class=\"wp-block-columns is-layout-flex wp-container-core-columns-is-layout-28f84493 wp-block-columns-is-layout-flex\">\n<div class=\"wp-block-column is-layout-flow wp-block-column-is-layout-flow\">\n<p><strong>\u201eJeder kennt die Macht von \u201eMarken\u201cprodukten, deren Qualit\u00e4t und Leistung \u201c<\/strong><\/p>\n\n<p><strong>Kennen Sie auch die Macht, Qualit\u00e4ts- und Leistungsmerkmale, die Ihr Entscheidungstr\u00e4ger bei seiner Wahl sucht? Eines ist aber sicher. Er sucht nicht die vielber\u00fchmte, eierlegende Wollmilchsau!<\/strong><\/p>\n<\/div>\n\n<div class=\"wp-block-column is-layout-flow wp-block-column-is-layout-flow\">\n<p><strong>Wir sorgen mit dem mit Ihnen erarbeiteten Selbst\u201cmarke\u201ctingkonzept, dass Sie bei den Entscheidungstr\u00e4gern als der Richtige erkannt werden.<\/strong><\/p>\n<\/div>\n<\/div>\n\n<div class=\"wp-block-columns is-layout-flex wp-container-core-columns-is-layout-28f84493 wp-block-columns-is-layout-flex\">\n<div class=\"wp-block-column is-layout-flow wp-block-column-is-layout-flow\">\n<p>Nachfolgend Zahlen, Daten und Fakten der \u201ehaupts\u00e4chlichen\u201c Kompetenzbereiche, unser bisher betreuten Kunden \u2013 alphabetisch gereiht<\/p>\n\n<ul class=\"wp-block-list\">\n<li>7% Einkauf<\/li>\n\n<li>15% Finanz und Rewe<\/li>\n\n<li>5% Human Resources<\/li>\n\n<li>14% Informationstechnologie<\/li>\n\n<li>17% Marketing und Vertrieb<\/li>\n\n<li>13% Produktion\/Werksleitung<\/li>\n\n<li>9% Supply Chain Manager<\/li>\n\n<li>15% Technik sowie R&amp;D<\/li>\n\n<li>3% Qualit\u00e4t<\/li>\n\n<li>2% Sonstige<\/li>\n<\/ul>\n\n<p><strong>Davon sind<\/strong><\/p>\n\n<ul class=\"wp-block-list\">\n<li>24% in einer direkten CEO, GF, General Manager Position t\u00e4tig<\/li>\n\n<li>29% Mitglieder der GF oder des Vorstandes also in der obersten F\u00fchrungsebene<\/li>\n\n<li>26% in einer Rolle mit P\/L Verantwortung oder direkter Budgetverantwortung<\/li>\n\n<li>21% als Hauptabteilungsleiter mit Budgetverantwortung<\/li>\n<\/ul>\n<\/div>\n\n<div class=\"wp-block-column is-layout-flow wp-block-column-is-layout-flow\">\n<figure class=\"wp-block-image size-large\"><img fetchpriority=\"high\" decoding=\"async\" width=\"1024\" height=\"723\" class=\"wp-image-871\" src=\"https:\/\/www.gps-jobsearch.com\/wp-content\/uploads\/2024\/07\/Qualifikation.jpeg-1440x1017-1-1024x723.png\" alt=\"\" srcset=\"https:\/\/www.gps-jobsearch.com\/wp-content\/uploads\/2024\/07\/Qualifikation.jpeg-1440x1017-1-1024x723.png 1024w, https:\/\/www.gps-jobsearch.com\/wp-content\/uploads\/2024\/07\/Qualifikation.jpeg-1440x1017-1-300x212.png 300w, https:\/\/www.gps-jobsearch.com\/wp-content\/uploads\/2024\/07\/Qualifikation.jpeg-1440x1017-1-768x542.png 768w, https:\/\/www.gps-jobsearch.com\/wp-content\/uploads\/2024\/07\/Qualifikation.jpeg-1440x1017-1.png 1440w\" sizes=\"(max-width: 1024px) 100vw, 1024px\" \/><\/figure>\n<\/div>\n<\/div>\n\t\t\t\t\t\t\t\t<\/div>\n\t\t\t\t<\/div>\n\t\t\t\t\t<\/div>\n\t\t\t\t<\/div>\n\t\t\t\t<\/div>\n\t\t","protected":false},"excerpt":{"rendered":"<p>Fachliche Ausbildung &amp; Qualifikation F\u00fcr uns spielt es keine Rolle, welche fachliche Ausbildung bzw. welche Qualifikationen Sie haben. Wichtiger sind Ihre Erfahrungen und die in dieser Zeit erworbenen F\u00e4higkeiten als F\u00fchrungskraft und Top-Manager erfolgreich zu sein. Entscheidend ist aber sehr wohl, welchen Anforderungen Sie in den jeweiligen gesuchten Top-Positionen\u00a0gerecht werden m\u00fcssen, um dort hinzukommen und [&hellip;]<\/p>\n","protected":false},"author":4,"featured_media":0,"parent":0,"menu_order":70,"comment_status":"closed","ping_status":"closed","template":"","meta":{"footnotes":""},"seiten-kategorie":[],"class_list":["post-870","page","type-page","status-publish","hentry"],"_links":{"self":[{"href":"https:\/\/www.gps-jobsearch.com\/de\/wp-json\/wp\/v2\/pages\/870","targetHints":{"allow":["GET"]}}],"collection":[{"href":"https:\/\/www.gps-jobsearch.com\/de\/wp-json\/wp\/v2\/pages"}],"about":[{"href":"https:\/\/www.gps-jobsearch.com\/de\/wp-json\/wp\/v2\/types\/page"}],"author":[{"embeddable":true,"href":"https:\/\/www.gps-jobsearch.com\/de\/wp-json\/wp\/v2\/users\/4"}],"replies":[{"embeddable":true,"href":"https:\/\/www.gps-jobsearch.com\/de\/wp-json\/wp\/v2\/comments?post=870"}],"version-history":[{"count":13,"href":"https:\/\/www.gps-jobsearch.com\/de\/wp-json\/wp\/v2\/pages\/870\/revisions"}],"predecessor-version":[{"id":6866,"href":"https:\/\/www.gps-jobsearch.com\/de\/wp-json\/wp\/v2\/pages\/870\/revisions\/6866"}],"wp:attachment":[{"href":"https:\/\/www.gps-jobsearch.com\/de\/wp-json\/wp\/v2\/media?parent=870"}],"wp:term":[{"taxonomy":"seiten-kategorie","embeddable":true,"href":"https:\/\/www.gps-jobsearch.com\/de\/wp-json\/wp\/v2\/seiten-kategorie?post=870"}],"curies":[{"name":"wp","href":"https:\/\/api.w.org\/{rel}","templated":true}]}}