{"id":850,"date":"2024-07-29T08:04:32","date_gmt":"2024-07-29T08:04:32","guid":{"rendered":"https:\/\/staging.gps-jobsearch.com\/?page_id=850"},"modified":"2026-01-08T14:32:46","modified_gmt":"2026-01-08T14:32:46","slug":"das-gps-team","status":"publish","type":"page","link":"https:\/\/www.gps-jobsearch.com\/de\/das-gps-team\/","title":{"rendered":"Das gps-jobsearch Team"},"content":{"rendered":"\t\t<div data-elementor-type=\"wp-page\" data-elementor-id=\"850\" class=\"elementor elementor-850\" data-elementor-post-type=\"page\">\n\t\t\t\t<div class=\"elementor-element elementor-element-097b4e5 e-flex e-con-boxed e-con e-parent\" data-id=\"097b4e5\" data-element_type=\"container\" data-settings=\"{&quot;jet_parallax_layout_list&quot;:[]}\">\n\t\t\t\t\t<div class=\"e-con-inner\">\n\t\t<div class=\"elementor-element elementor-element-e4b07ac e-con-full e-flex e-con e-child\" data-id=\"e4b07ac\" data-element_type=\"container\" data-settings=\"{&quot;jet_parallax_layout_list&quot;:[]}\">\n\t\t\t\t<div class=\"elementor-element elementor-element-a132969 elementor-widget elementor-widget-heading\" data-id=\"a132969\" data-element_type=\"widget\" data-widget_type=\"heading.default\">\n\t\t\t\t<div class=\"elementor-widget-container\">\n\t\t\t\t\t<h1 class=\"elementor-heading-title elementor-size-default\">Das gps-jobsearch Team<\/h1>\t\t\t\t<\/div>\n\t\t\t\t<\/div>\n\t\t\t\t<div class=\"elementor-element elementor-element-87325b8 elementor-hidden-mobile elementor-widget elementor-widget-heading\" data-id=\"87325b8\" data-element_type=\"widget\" data-widget_type=\"heading.default\">\n\t\t\t\t<div class=\"elementor-widget-container\">\n\t\t\t\t\t<h2 class=\"elementor-heading-title elementor-size-default\">Ein Team mit gelebten Werten<\/h2>\t\t\t\t<\/div>\n\t\t\t\t<\/div>\n\t\t\t\t<\/div>\n\t\t<div class=\"elementor-element elementor-element-d5481be e-con-full e-flex e-con e-child\" data-id=\"d5481be\" data-element_type=\"container\" data-settings=\"{&quot;jet_parallax_layout_list&quot;:[]}\">\n\t\t\t\t<div class=\"elementor-element elementor-element-3d66896 elementor-widget elementor-widget-text-editor\" data-id=\"3d66896\" data-element_type=\"widget\" data-widget_type=\"text-editor.default\">\n\t\t\t\t<div class=\"elementor-widget-container\">\n\t\t\t\t\t\t\t\t\t<h4 class=\"col12 col-md-6\"><strong>Spezialisierung bis ins Detail<\/strong><\/h4><p>Unterst\u00fctzt<strong>\u00a0<\/strong>werden unsere Kunden nicht nur durch unsere Berater auf Augenh\u00f6he, sondern durch ein einzigartiges Team an Spezialisten und erfahrenen, langj\u00e4hrigen Mitarbeitern.\u00a0<br \/>Jeder Einzelne in seinem Fachgebiet ist bestens ausgebildet, spezialisiert und \u00fcberzeugt von seinem geleisteten Anteil f\u00fcr jedes der von uns erfolgreich abgeschlossenen Projekte.<\/p><p><strong>Bestehend aus:<\/strong><\/p><ul><li>Researchern, Marktforschern und Analysten,<\/li><li>Digitalisierungs- und Social Media Experten,<\/li><li>Textern, Marketingexperten, Lektoren, \u00dcbersetzern,<\/li><li>TV\/Video-Produzenten und Fotografen<\/li><li>vielen weiteren flei\u00dfigen H\u00e4nden aus dem Back-Office-Bereich,<\/li><\/ul><p>verhilft das Team von gps-<i>jobsearch<\/i>\u00a0<strong>jedes Jahr 95-100 Kunden in 3-5 Monaten<\/strong>\u00a0in Ihre neue Top-Position.<\/p><p><strong>&#8222;Egal wie brillant dein Verstand oder deine Strategie ist, wenn du ein Solospiel spielst, wirst du immer gegen ein Team verlieren.&#8220;<\/strong>\u00a0<\/p><p>Diesen Spruch von Reid Hoffmann leben wir bei gps-jobsearch nicht nur als Team untereinander, sondern zusammen mit jedem Einzelnen unserer Kunden.<\/p>\t\t\t\t\t\t\t\t<\/div>\n\t\t\t\t<\/div>\n\t\t<div class=\"elementor-element elementor-element-7282747 e-con-full e-flex e-con e-child\" data-id=\"7282747\" data-element_type=\"container\" data-settings=\"{&quot;jet_parallax_layout_list&quot;:[]}\">\n\t\t\t\t<div class=\"elementor-element elementor-element-0fd6496 elementor-widget__width-initial elementor-widget elementor-widget-image\" data-id=\"0fd6496\" data-element_type=\"widget\" data-widget_type=\"image.default\">\n\t\t\t\t<div class=\"elementor-widget-container\">\n\t\t\t\t\t\t\t\t\t\t\t\t<figure class=\"wp-caption\">\n\t\t\t\t\t\t\t\t\t\t<img fetchpriority=\"high\" decoding=\"async\" width=\"668\" height=\"1024\" src=\"https:\/\/www.gps-jobsearch.com\/wp-content\/uploads\/2024\/07\/TOP-Experten_Siegel_2024-668x1024.webp\" class=\"attachment-large size-large wp-image-1682\" alt=\"Top-Experte f\u00fcr inverses Headhunting der DACH-Region ausgezeichnet\" srcset=\"https:\/\/www.gps-jobsearch.com\/wp-content\/uploads\/2024\/07\/TOP-Experten_Siegel_2024-668x1024.webp 668w, https:\/\/www.gps-jobsearch.com\/wp-content\/uploads\/2024\/07\/TOP-Experten_Siegel_2024-196x300.webp 196w, https:\/\/www.gps-jobsearch.com\/wp-content\/uploads\/2024\/07\/TOP-Experten_Siegel_2024-768x1177.webp 768w, https:\/\/www.gps-jobsearch.com\/wp-content\/uploads\/2024\/07\/TOP-Experten_Siegel_2024-1003x1536.webp 1003w, https:\/\/www.gps-jobsearch.com\/wp-content\/uploads\/2024\/07\/TOP-Experten_Siegel_2024.webp 1141w\" sizes=\"(max-width: 668px) 100vw, 668px\" \/>\t\t\t\t\t\t\t\t\t\t\t<figcaption class=\"widget-image-caption wp-caption-text\"><\/figcaption>\n\t\t\t\t\t\t\t\t\t\t<\/figure>\n\t\t\t\t\t\t\t\t\t<\/div>\n\t\t\t\t<\/div>\n\t\t\t\t<div class=\"elementor-element elementor-element-5176162 elementor-widget__width-initial elementor-widget elementor-widget-image\" data-id=\"5176162\" data-element_type=\"widget\" data-widget_type=\"image.default\">\n\t\t\t\t<div class=\"elementor-widget-container\">\n\t\t\t\t\t\t\t\t\t\t\t\t<figure class=\"wp-caption\">\n\t\t\t\t\t\t\t\t\t\t<img decoding=\"async\" width=\"668\" height=\"1024\" src=\"https:\/\/www.gps-jobsearch.com\/wp-content\/uploads\/2026\/01\/TOP-Experten_Siegel_2026-668x1024.png\" class=\"attachment-large size-large wp-image-8017\" alt=\"Top-Experte f\u00fcr inverses Headhunting der DACH-Region ausgezeichnet\" srcset=\"https:\/\/www.gps-jobsearch.com\/wp-content\/uploads\/2026\/01\/TOP-Experten_Siegel_2026-668x1024.png 668w, https:\/\/www.gps-jobsearch.com\/wp-content\/uploads\/2026\/01\/TOP-Experten_Siegel_2026-196x300.png 196w, https:\/\/www.gps-jobsearch.com\/wp-content\/uploads\/2026\/01\/TOP-Experten_Siegel_2026-768x1177.png 768w, https:\/\/www.gps-jobsearch.com\/wp-content\/uploads\/2026\/01\/TOP-Experten_Siegel_2026-1003x1536.png 1003w, https:\/\/www.gps-jobsearch.com\/wp-content\/uploads\/2026\/01\/TOP-Experten_Siegel_2026.png 1141w\" sizes=\"(max-width: 668px) 100vw, 668px\" \/>\t\t\t\t\t\t\t\t\t\t\t<figcaption class=\"widget-image-caption wp-caption-text\"><\/figcaption>\n\t\t\t\t\t\t\t\t\t\t<\/figure>\n\t\t\t\t\t\t\t\t\t<\/div>\n\t\t\t\t<\/div>\n\t\t\t\t<\/div>\n\t\t\t\t<div class=\"elementor-element elementor-element-5752ec3 elementor-widget elementor-widget-text-editor\" data-id=\"5752ec3\" data-element_type=\"widget\" data-widget_type=\"text-editor.default\">\n\t\t\t\t<div class=\"elementor-widget-container\">\n\t\t\t\t\t\t\t\t\t<p>Wir wurden mehrfach als Top-Experte f\u00fcr inverses Headhunting ausgezeichnet!<\/p>\t\t\t\t\t\t\t\t<\/div>\n\t\t\t\t<\/div>\n\t\t\t\t<\/div>\n\t\t<div class=\"elementor-element elementor-element-a737385 e-con-full e-flex e-con e-child\" data-id=\"a737385\" data-element_type=\"container\" data-settings=\"{&quot;jet_parallax_layout_list&quot;:[]}\">\n\t\t\t\t<div class=\"elementor-element elementor-element-ca5cfb5 elementor-widget elementor-widget-image\" data-id=\"ca5cfb5\" data-element_type=\"widget\" data-widget_type=\"image.default\">\n\t\t\t\t<div class=\"elementor-widget-container\">\n\t\t\t\t\t\t\t\t\t\t\t\t\t\t\t<img decoding=\"async\" width=\"800\" height=\"805\" src=\"https:\/\/www.gps-jobsearch.com\/wp-content\/uploads\/2024\/08\/auf-augenhoehe.jpg\" class=\"attachment-large size-large wp-image-1391\" alt=\"\" srcset=\"https:\/\/www.gps-jobsearch.com\/wp-content\/uploads\/2024\/08\/auf-augenhoehe.jpg 926w, https:\/\/www.gps-jobsearch.com\/wp-content\/uploads\/2024\/08\/auf-augenhoehe-298x300.jpg 298w, https:\/\/www.gps-jobsearch.com\/wp-content\/uploads\/2024\/08\/auf-augenhoehe-150x150.jpg 150w, https:\/\/www.gps-jobsearch.com\/wp-content\/uploads\/2024\/08\/auf-augenhoehe-768x773.jpg 768w\" sizes=\"(max-width: 800px) 100vw, 800px\">\t\t\t\t\t\t\t\t\t\t\t\t\t\t\t<\/div>\n\t\t\t\t<\/div>\n\t\t\t\t<div class=\"elementor-element elementor-element-c4b45ce elementor-widget elementor-widget-text-editor\" data-id=\"c4b45ce\" data-element_type=\"widget\" data-widget_type=\"text-editor.default\">\n\t\t\t\t<div class=\"elementor-widget-container\">\n\t\t\t\t\t\t\t\t\t<h4><strong>Unser Leitmotiv: \u201eProjekte mit Vertrauen\u201c<\/strong><\/h4><p>F\u00fcr den erfolgreichen Abschluss eines jeden Kundenprojektes im <a href=\"https:\/\/www.gps-jobsearch.com\/de\/inverses-headhunting\/\">inversen Headhunting mit gps-<i>jobsearch<\/i><\/a><i>\u00a0<\/i>ist beidseitiges Vertrauen von fundamentaler Bedeutung. Deshalb ist es uns besonders wichtig, bereits vor und auch w\u00e4hrend des\u00a0<a href=\"https:\/\/www.gps-jobsearch.com\/de\/gps-prozess-stufenplan\/\">gps-Prozesses<\/a>\u00a0eine Atmosph\u00e4re gegenseitigen Vertrauens aufzubauen. Vertrauen bauen wir durch individuelle und pers\u00f6nliche Betreuung auf Augenh\u00f6he und vor allem Wertsch\u00e4tzung gegen\u00fcber all unseren Kunden auf. Der Erfolg gibt uns letztendlich Recht.<\/p>\t\t\t\t\t\t\t\t<\/div>\n\t\t\t\t<\/div>\n\t\t\t\t<\/div>\n\t\t\t\t\t<\/div>\n\t\t\t\t<\/div>\n\t\t<div class=\"elementor-element elementor-element-25ce814 elementor-hidden-widescreen elementor-hidden-desktop elementor-hidden-tablet elementor-hidden-mobile e-flex e-con-boxed e-con e-parent\" data-id=\"25ce814\" data-element_type=\"container\" data-settings=\"{&quot;jet_parallax_layout_list&quot;:[]}\">\n\t\t\t\t\t<div class=\"e-con-inner\">\n\t\t\t\t<div class=\"elementor-element elementor-element-7be3c87 elementor-widget elementor-widget-heading\" data-id=\"7be3c87\" data-element_type=\"widget\" data-widget_type=\"heading.default\">\n\t\t\t\t<div class=\"elementor-widget-container\">\n\t\t\t\t\t<p class=\"elementor-heading-title elementor-size-default\">Das gps-jobsearch Team\n<\/p>\t\t\t\t<\/div>\n\t\t\t\t<\/div>\n\t\t\t\t<div class=\"elementor-element elementor-element-aaa5285 elementor-widget elementor-widget-heading\" data-id=\"aaa5285\" data-element_type=\"widget\" data-widget_type=\"heading.default\">\n\t\t\t\t<div class=\"elementor-widget-container\">\n\t\t\t\t\t<h4 class=\"elementor-heading-title elementor-size-default\">\"Ein Team mit gelebten Werten\"\n<\/h4>\t\t\t\t<\/div>\n\t\t\t\t<\/div>\n\t\t\t\t\t<\/div>\n\t\t\t\t<\/div>\n\t\t<div class=\"elementor-element elementor-element-3c75408 elementor-hidden-widescreen elementor-hidden-desktop elementor-hidden-tablet elementor-hidden-mobile e-flex e-con-boxed e-con e-parent\" data-id=\"3c75408\" data-element_type=\"container\" data-settings=\"{&quot;jet_parallax_layout_list&quot;:[]}\">\n\t\t\t\t\t<div class=\"e-con-inner\">\n\t\t<div class=\"elementor-element elementor-element-4a951e9 e-con-full e-flex e-con e-child\" data-id=\"4a951e9\" data-element_type=\"container\" data-settings=\"{&quot;jet_parallax_layout_list&quot;:[]}\">\n\t\t\t\t<div class=\"elementor-element elementor-element-089be5a elementor-widget elementor-widget-text-editor\" data-id=\"089be5a\" data-element_type=\"widget\" data-widget_type=\"text-editor.default\">\n\t\t\t\t<div class=\"elementor-widget-container\">\n\t\t\t\t\t\t\t\t\t<h4 class=\"col12 col-md-6\"><strong>Spezialisierung bis ins Detail<\/strong><\/h4><p>Unterst\u00fctzt<strong>\u00a0<\/strong>werden unsere Kunden nicht nur durch unsere Berater auf Augenh\u00f6he, sondern durch ein einzigartiges Team an Spezialisten und erfahrenen, langj\u00e4hrigen Mitarbeitern.\u00a0<br \/>Jeder Einzelne in seinem Fachgebiet ist bestens ausgebildet, spezialisiert und \u00fcberzeugt von seinem geleisteten Anteil f\u00fcr jedes der von uns erfolgreich abgeschlossenen Projekte.<\/p><p><strong>Bestehend aus:<\/strong><\/p><ul><li>Researchern, Marktforschern und Analysten,<\/li><li>Digitalisierungs- und Social Media Experten,<\/li><li>Textern, Marketingexperten, Lektoren, \u00dcbersetzern,<\/li><li>TV\/Video-Produzenten und Fotografen<\/li><li>vielen weiteren flei\u00dfigen H\u00e4nden aus dem Back-Office-Bereich,<\/li><\/ul><p>verhilft das Team von gps-<i>jobsearch<\/i>\u00a0<strong>jedes Jahr 95-100 Kunden in 3-5 Monaten<\/strong>\u00a0in Ihre neue Top-Position.<\/p><p><strong>&#8222;Egal wie brillant dein Verstand oder deine Strategie ist, wenn du ein Solospiel spielst, wirst du immer gegen ein Team verlieren.&#8220;<\/strong>\u00a0<\/p><p>Diesen Spruch von Reid Hoffmann leben wir bei gps-jobsearch nicht nur als Team untereinander, sondern zusammen mit jedem Einzelnen unserer Kunden.<\/p><p>Anstelle stetigen Wachstums konzentrieren wir uns bei gps-<i>jobsearch\u00a0<\/i>auf st\u00e4ndige Weiterentwicklung und Verbesserung unserer Leistungen f\u00fcr unsere Kunden.\u00a0<\/p><p>Gigantonomie, jedes Jahr mehr und der damit verbundene Gr\u00f6\u00dfenwahn sind uns fremd.<\/p><div class=\"col12 col-md-6\">\u00a0<\/div>\t\t\t\t\t\t\t\t<\/div>\n\t\t\t\t<\/div>\n\t\t\t\t<\/div>\n\t\t<div class=\"elementor-element elementor-element-cef232f e-con-full e-flex e-con e-child\" data-id=\"cef232f\" data-element_type=\"container\" data-settings=\"{&quot;jet_parallax_layout_list&quot;:[]}\">\n\t\t\t\t<div class=\"elementor-element elementor-element-c39ee8a elementor-widget elementor-widget-image\" data-id=\"c39ee8a\" data-element_type=\"widget\" data-widget_type=\"image.default\">\n\t\t\t\t<div class=\"elementor-widget-container\">\n\t\t\t\t\t\t\t\t\t\t\t\t\t\t\t<img decoding=\"async\" width=\"800\" height=\"805\" src=\"https:\/\/www.gps-jobsearch.com\/wp-content\/uploads\/2024\/08\/auf-augenhoehe.jpg\" class=\"attachment-large size-large wp-image-1391\" alt=\"\" srcset=\"https:\/\/www.gps-jobsearch.com\/wp-content\/uploads\/2024\/08\/auf-augenhoehe.jpg 926w, https:\/\/www.gps-jobsearch.com\/wp-content\/uploads\/2024\/08\/auf-augenhoehe-298x300.jpg 298w, https:\/\/www.gps-jobsearch.com\/wp-content\/uploads\/2024\/08\/auf-augenhoehe-150x150.jpg 150w, https:\/\/www.gps-jobsearch.com\/wp-content\/uploads\/2024\/08\/auf-augenhoehe-768x773.jpg 768w\" sizes=\"(max-width: 800px) 100vw, 800px\">\t\t\t\t\t\t\t\t\t\t\t\t\t\t\t<\/div>\n\t\t\t\t<\/div>\n\t\t\t\t<div class=\"elementor-element elementor-element-c62f294 elementor-widget elementor-widget-text-editor\" data-id=\"c62f294\" data-element_type=\"widget\" data-widget_type=\"text-editor.default\">\n\t\t\t\t<div class=\"elementor-widget-container\">\n\t\t\t\t\t\t\t\t\t<h4><strong>Unser Leitmotiv: \u201eProjekte mit Vertrauen\u201c<\/strong><\/h4>\n<p>F\u00fcr den erfolgreichen Abschluss eines jeden Kundenprojekts im\u00a0<a href=\"https:\/\/www.gps-jobsearch.com\/inverses-headhunting\">inversen Headhunting mit gps-<i>jobsearch<\/i><\/a><i>\u00a0<\/i>ist beidseitiges Vertrauen von fundamentaler Bedeutung. Deshalb ist es uns besonders wichtig, bereits vor und auch w\u00e4hrend des\u00a0<a href=\"https:\/\/www.gps-jobsearch.com\/gps-prozess-stufenplan\">gps-Prozesses<\/a>\u00a0eine Atmosph\u00e4re gegenseitigen Vertrauens aufzubauen. Vertrauen bauen wir durch individuelle und pers\u00f6nliche Betreuung auf Augenh\u00f6he und vor allem Wertsch\u00e4tzung gegen\u00fcber all unseren Kunden auf. Der Erfolg gibt uns letztendlich Recht.<\/p>\t\t\t\t\t\t\t\t<\/div>\n\t\t\t\t<\/div>\n\t\t\t\t<\/div>\n\t\t\t\t\t<\/div>\n\t\t\t\t<\/div>\n\t\t<div class=\"elementor-element elementor-element-13f6c47 e-flex e-con-boxed e-con e-parent\" data-id=\"13f6c47\" data-element_type=\"container\" data-settings=\"{&quot;jet_parallax_layout_list&quot;:[]}\">\n\t\t\t\t\t<div class=\"e-con-inner\">\n\t\t<div class=\"elementor-element elementor-element-92d776d e-con-full e-flex e-con e-child\" data-id=\"92d776d\" data-element_type=\"container\" data-settings=\"{&quot;jet_parallax_layout_list&quot;:[]}\">\n\t\t\t\t<div class=\"elementor-element elementor-element-20819b4 elementor-widget elementor-widget-html\" data-id=\"20819b4\" data-element_type=\"widget\" data-widget_type=\"html.default\">\n\t\t\t\t<div class=\"elementor-widget-container\">\n\t\t\t\t\t\t\t\t\t<\/div>\n\t\t\t\t<\/div>\n\t\t\t\t<\/div>\n\t\t\t\t\t<\/div>\n\t\t\t\t<\/div>\n\t\t\t\t<\/div>\n\t\t","protected":false},"excerpt":{"rendered":"<p>Ein Team mit gelebten Werten Spezialisierung bis ins Detail Unterst\u00fctzt\u00a0werden unsere Kunden nicht nur durch unsere Berater auf Augenh\u00f6he, sondern durch ein einzigartiges Team an Spezialisten und erfahrenen, langj\u00e4hrigen Mitarbeitern.\u00a0Jeder Einzelne in seinem Fachgebiet ist bestens ausgebildet, spezialisiert und \u00fcberzeugt von seinem geleisteten Anteil f\u00fcr jedes der von uns erfolgreich abgeschlossenen Projekte. Bestehend aus: Researchern, [&hellip;]<\/p>\n","protected":false},"author":4,"featured_media":0,"parent":0,"menu_order":40,"comment_status":"closed","ping_status":"closed","template":"elementor_header_footer","meta":{"footnotes":""},"seiten-kategorie":[],"class_list":["post-850","page","type-page","status-publish","hentry"],"_links":{"self":[{"href":"https:\/\/www.gps-jobsearch.com\/de\/wp-json\/wp\/v2\/pages\/850","targetHints":{"allow":["GET"]}}],"collection":[{"href":"https:\/\/www.gps-jobsearch.com\/de\/wp-json\/wp\/v2\/pages"}],"about":[{"href":"https:\/\/www.gps-jobsearch.com\/de\/wp-json\/wp\/v2\/types\/page"}],"author":[{"embeddable":true,"href":"https:\/\/www.gps-jobsearch.com\/de\/wp-json\/wp\/v2\/users\/4"}],"replies":[{"embeddable":true,"href":"https:\/\/www.gps-jobsearch.com\/de\/wp-json\/wp\/v2\/comments?post=850"}],"version-history":[{"count":50,"href":"https:\/\/www.gps-jobsearch.com\/de\/wp-json\/wp\/v2\/pages\/850\/revisions"}],"predecessor-version":[{"id":8025,"href":"https:\/\/www.gps-jobsearch.com\/de\/wp-json\/wp\/v2\/pages\/850\/revisions\/8025"}],"wp:attachment":[{"href":"https:\/\/www.gps-jobsearch.com\/de\/wp-json\/wp\/v2\/media?parent=850"}],"wp:term":[{"taxonomy":"seiten-kategorie","embeddable":true,"href":"https:\/\/www.gps-jobsearch.com\/de\/wp-json\/wp\/v2\/seiten-kategorie?post=850"}],"curies":[{"name":"wp","href":"https:\/\/api.w.org\/{rel}","templated":true}]}}