{"id":838,"date":"2024-07-29T07:54:51","date_gmt":"2024-07-29T07:54:51","guid":{"rendered":"https:\/\/staging.gps-jobsearch.com\/?page_id=838"},"modified":"2025-08-10T15:35:59","modified_gmt":"2025-08-10T15:35:59","slug":"interimsmanagement","status":"publish","type":"page","link":"https:\/\/www.gps-jobsearch.com\/de\/interimsmanagement\/","title":{"rendered":"Interim-Management"},"content":{"rendered":"\t\t<div data-elementor-type=\"wp-page\" data-elementor-id=\"838\" class=\"elementor elementor-838\" data-elementor-post-type=\"page\">\n\t\t\t\t<div class=\"elementor-element elementor-element-3faa000 e-flex e-con-boxed e-con e-parent\" data-id=\"3faa000\" data-element_type=\"container\" data-settings=\"{&quot;jet_parallax_layout_list&quot;:[]}\">\n\t\t\t\t\t<div class=\"e-con-inner\">\n\t\t\t\t<div class=\"elementor-element elementor-element-ce9bc28 elementor-widget elementor-widget-heading\" data-id=\"ce9bc28\" data-element_type=\"widget\" data-widget_type=\"heading.default\">\n\t\t\t\t<div class=\"elementor-widget-container\">\n\t\t\t\t\t<h1 class=\"elementor-heading-title elementor-size-default\">Interim-Management<\/h1>\t\t\t\t<\/div>\n\t\t\t\t<\/div>\n\t\t\t\t<div class=\"elementor-element elementor-element-d22c702 elementor-hidden-mobile elementor-widget elementor-widget-heading\" data-id=\"d22c702\" data-element_type=\"widget\" data-widget_type=\"heading.default\">\n\t\t\t\t<div class=\"elementor-widget-container\">\n\t\t\t\t\t<h2 class=\"elementor-heading-title elementor-size-default\">Karrierechance oder Risiko?<\/h2>\t\t\t\t<\/div>\n\t\t\t\t<\/div>\n\t\t\t\t\t<\/div>\n\t\t\t\t<\/div>\n\t\t<div class=\"elementor-element elementor-element-d1ff1fc e-grid e-con-boxed e-con e-parent\" data-id=\"d1ff1fc\" data-element_type=\"container\" data-settings=\"{&quot;jet_parallax_layout_list&quot;:[]}\">\n\t\t\t\t\t<div class=\"e-con-inner\">\n\t\t\t\t<div class=\"elementor-element elementor-element-adc96aa elementor-widget elementor-widget-text-editor\" data-id=\"adc96aa\" data-element_type=\"widget\" data-widget_type=\"text-editor.default\">\n\t\t\t\t<div class=\"elementor-widget-container\">\n\t\t\t\t\t\t\t\t\t<p>Auf dem Weg zur n\u00e4chsten\u00a0<a href=\"https:\/\/www.gps-jobsearch.com\/de\/jobsuche-fuehrungskraefte\/\">Top-Position<\/a>\u00a0Interim-Mandate anzunehmen, kann zwar Ihre Besch\u00e4ftigungsquote heben und ist in manchen F\u00e4llen zielf\u00fchrend. Die Geldb\u00f6rse wird zumindest ein wenig gef\u00fcllt. Ob es aber Ihre Attraktivit\u00e4t langfristig st\u00e4rkt oder eher schw\u00e4cht, h\u00e4ngt von einigen Spezifikationen rund um die Person und den jeweiligen Rahmenbedingungen ab.<\/p><h4 class=\"wp-block-heading\"><strong style=\"color: var( --e-global-color-secondary ); font-family: var( --e-global-typography-efb9e83-font-family ), Sans-serif; font-size: var( --e-global-typography-efb9e83-font-size ); letter-spacing: var( --e-global-typography-efb9e83-letter-spacing ); word-spacing: var( --e-global-typography-efb9e83-word-spacing ); text-align: var(--text-align);\">Interim-Manager als L\u00fcckenf\u00fcller f\u00fcr 12-18 Monate\u00a0\u00a0<\/strong><\/h4><p>M\u00f6glicherweise finden Sie Gefallen an der Funktion des Interim-Managers und kommen von einem Mandat in das n\u00e4chste. Vielleicht werden Sie als Interim-Manager gl\u00fccklich \u2013 dann soll es bitte so sein. Es bleibt die Frage, warum dann \u00fcberdurchschnittlich viele Interim-Manager nach 3-5 Jahren als Interessenten bei uns an die T\u00fcre klopfen und um Hilfe bitten. Offenbar sind diese doch nicht so gl\u00fccklich.<\/p><p>Hinzu kommt, dass Sie ersetzbar sind, und zwar rascher und leichter als ein angestellter Manager. Es muss jedem klar sein, dass Interim-Manager maximal L\u00fcckenf\u00fcller sind. Ob Sie L\u00fcckenf\u00fcller sein m\u00f6chten, m\u00fcssen Sie f\u00fcr sich selbst beantworten. Interim-Mandate dauern in der Regel weniger als 6 Monate bis maximal 2 Jahre. Da k\u00f6nnte man durchaus glauben, es w\u00e4re die perfekte L\u00f6sung, um den allseits bekannten Zeitrahmen von 12-18 Monaten bis zur n\u00e4chsten Top-Position damit auszuf\u00fcllen. Das ist jedoch ein Trugschluss!<\/p>\t\t\t\t\t\t\t\t<\/div>\n\t\t\t\t<\/div>\n\t\t\t\t<div class=\"elementor-element elementor-element-f6d21e9 elementor-widget elementor-widget-text-editor\" data-id=\"f6d21e9\" data-element_type=\"widget\" data-widget_type=\"text-editor.default\">\n\t\t\t\t<div class=\"elementor-widget-container\">\n\t\t\t\t\t\t\t\t\t<img fetchpriority=\"high\" decoding=\"async\" width=\"1024\" height=\"456\" class=\"wp-image-839\" src=\"https:\/\/www.gps-jobsearch.com\/wp-content\/uploads\/2024\/07\/time-management-g379cee7a1_1920-1440x641-1-1024x456.jpg\" alt=\"\" srcset=\"https:\/\/www.gps-jobsearch.com\/wp-content\/uploads\/2024\/07\/time-management-g379cee7a1_1920-1440x641-1-1024x456.jpg 1024w, https:\/\/www.gps-jobsearch.com\/wp-content\/uploads\/2024\/07\/time-management-g379cee7a1_1920-1440x641-1-300x134.jpg 300w, https:\/\/www.gps-jobsearch.com\/wp-content\/uploads\/2024\/07\/time-management-g379cee7a1_1920-1440x641-1-768x342.jpg 768w, https:\/\/www.gps-jobsearch.com\/wp-content\/uploads\/2024\/07\/time-management-g379cee7a1_1920-1440x641-1.jpg 1440w\" sizes=\"(max-width: 1024px) 100vw, 1024px\" \/>\n<h4 class=\"wp-block-heading\"><strong>Attraktivit\u00e4t dieser Erfahrungen<\/strong><\/h4>\nWenn Sie glauben, ehemalige Interim-Manager seien f\u00fcr Top-Positionen besonders attraktiv, da sie:\n<ul class=\"wp-block-list\">\n \t<li style=\"list-style-type: none;\"><\/li>\n<\/ul>\n<ul>\n \t<li>Viele unterschiedliche Erfahrungen als Interim-Manager in unterschiedlichen Aufgabenkonstellationen mitbringen und dabei<\/li>\n<\/ul>\n<ul>\n \t<li>in kurzen Abst\u00e4nden von Unternehmen zu Unternehmen wechseln,<\/li>\n<\/ul>\n<strong>dann sollten Sie folgende Fragen beantworten:<\/strong>\n<ul class=\"wp-block-list\">\n \t<li style=\"list-style-type: none;\"><\/li>\n<\/ul>\n<ul>\n \t<li>Wie attraktiv sind Jobhopper?<\/li>\n \t<li>Welches Image entsteht damit bei den Entscheidungstr\u00e4gern<\/li>\n \t<li>Warum werden heute 85% aller C-Level Positionen aus der Branche heraus besetzt. Tendenz steigend.<\/li>\n<\/ul>\n<ul class=\"wp-block-list\">\n \t<li style=\"list-style-type: none;\"><\/li>\n<\/ul>\t\t\t\t\t\t\t\t<\/div>\n\t\t\t\t<\/div>\n\t\t\t\t\t<\/div>\n\t\t\t\t<\/div>\n\t\t<div class=\"elementor-element elementor-element-55d827c e-flex e-con-boxed e-con e-parent\" data-id=\"55d827c\" data-element_type=\"container\" data-settings=\"{&quot;jet_parallax_layout_list&quot;:[]}\">\n\t\t\t\t\t<div class=\"e-con-inner\">\n\t\t\t\t<div class=\"elementor-element elementor-element-56822ae elementor-widget elementor-widget-text-editor\" data-id=\"56822ae\" data-element_type=\"widget\" data-widget_type=\"text-editor.default\">\n\t\t\t\t<div class=\"elementor-widget-container\">\n\t\t\t\t\t\t\t\t\t<h4 class=\"wp-block-heading\"><strong>Attraktive L\u00f6sungen in k\u00fcrzerer Zeit<\/strong><\/h4><p>Die gute Nachricht ist, dass\u00a0<a href=\"https:\/\/www.gps-jobsearch.com\/de\/kunden-inverses-headhunting\/\">unsere Kunden\u00a0<\/a>sich mit solchen Fragen vorerst nicht besch\u00e4ftigen m\u00fcssen. Die Mehrzahl unserer Kunden nimmt 3-5 Monate nach\u00a0Beginn unserer Zusammenarbeit\u00a0am neuen Schreibtisch Platz. Es dauert nicht wie \u00fcblich 12-18 Monate bis zur neuen Aufgabe. Damit er\u00fcbrigt sich ein derartiger Gedanke und der ROI f\u00fcr Ihr Investment in unsere Zusammenarbeit ist schnell sp\u00fcrbar.<\/p><p>Nehmen Sie\u00a0<a href=\"https:\/\/www.gps-jobsearch.com\/de\/kontakt\/\">Kontakt<\/a>\u00a0auf mit uns. Wir freuen uns, Sie kennenzulernen und werden Ihnen erkl\u00e4ren, welche M\u00f6glichkeiten f\u00fcr Sie zielf\u00fchrend sind.<\/p>\t\t\t\t\t\t\t\t<\/div>\n\t\t\t\t<\/div>\n\t\t\t\t\t<\/div>\n\t\t\t\t<\/div>\n\t\t\t\t<\/div>\n\t\t","protected":false},"excerpt":{"rendered":"<p>Karrierechance oder Risiko? Auf dem Weg zur n\u00e4chsten\u00a0Top-Position\u00a0Interim-Mandate anzunehmen, kann zwar Ihre Besch\u00e4ftigungsquote heben und ist in manchen F\u00e4llen zielf\u00fchrend. Die Geldb\u00f6rse wird zumindest ein wenig gef\u00fcllt. Ob es aber Ihre Attraktivit\u00e4t langfristig st\u00e4rkt oder eher schw\u00e4cht, h\u00e4ngt von einigen Spezifikationen rund um die Person und den jeweiligen Rahmenbedingungen ab. Interim-Manager als L\u00fcckenf\u00fcller f\u00fcr 12-18 [&hellip;]<\/p>\n","protected":false},"author":4,"featured_media":0,"parent":0,"menu_order":44,"comment_status":"closed","ping_status":"closed","template":"elementor_header_footer","meta":{"footnotes":""},"seiten-kategorie":[],"class_list":["post-838","page","type-page","status-publish","hentry"],"_links":{"self":[{"href":"https:\/\/www.gps-jobsearch.com\/de\/wp-json\/wp\/v2\/pages\/838","targetHints":{"allow":["GET"]}}],"collection":[{"href":"https:\/\/www.gps-jobsearch.com\/de\/wp-json\/wp\/v2\/pages"}],"about":[{"href":"https:\/\/www.gps-jobsearch.com\/de\/wp-json\/wp\/v2\/types\/page"}],"author":[{"embeddable":true,"href":"https:\/\/www.gps-jobsearch.com\/de\/wp-json\/wp\/v2\/users\/4"}],"replies":[{"embeddable":true,"href":"https:\/\/www.gps-jobsearch.com\/de\/wp-json\/wp\/v2\/comments?post=838"}],"version-history":[{"count":76,"href":"https:\/\/www.gps-jobsearch.com\/de\/wp-json\/wp\/v2\/pages\/838\/revisions"}],"predecessor-version":[{"id":7228,"href":"https:\/\/www.gps-jobsearch.com\/de\/wp-json\/wp\/v2\/pages\/838\/revisions\/7228"}],"wp:attachment":[{"href":"https:\/\/www.gps-jobsearch.com\/de\/wp-json\/wp\/v2\/media?parent=838"}],"wp:term":[{"taxonomy":"seiten-kategorie","embeddable":true,"href":"https:\/\/www.gps-jobsearch.com\/de\/wp-json\/wp\/v2\/seiten-kategorie?post=838"}],"curies":[{"name":"wp","href":"https:\/\/api.w.org\/{rel}","templated":true}]}}