{"id":830,"date":"2024-07-29T07:50:48","date_gmt":"2024-07-29T07:50:48","guid":{"rendered":"https:\/\/staging.gps-jobsearch.com\/?page_id=830"},"modified":"2025-08-10T15:40:12","modified_gmt":"2025-08-10T15:40:12","slug":"private-equity-fintech-start-ups","status":"publish","type":"page","link":"https:\/\/www.gps-jobsearch.com\/de\/private-equity-fintech-start-ups\/","title":{"rendered":"Private Equity \/ FinTech \/ Start Up&#8217;s \/ &#8230;.\u00a0"},"content":{"rendered":"\t\t<div data-elementor-type=\"wp-page\" data-elementor-id=\"830\" class=\"elementor elementor-830\" data-elementor-post-type=\"page\">\n\t\t\t\t<div class=\"elementor-element elementor-element-aff4898 e-flex e-con-boxed e-con e-parent\" data-id=\"aff4898\" data-element_type=\"container\" data-settings=\"{&quot;jet_parallax_layout_list&quot;:[]}\">\n\t\t\t\t\t<div class=\"e-con-inner\">\n\t\t\t\t<div class=\"elementor-element elementor-element-0228817 elementor-widget elementor-widget-heading\" data-id=\"0228817\" data-element_type=\"widget\" data-widget_type=\"heading.default\">\n\t\t\t\t<div class=\"elementor-widget-container\">\n\t\t\t\t\t<h1 class=\"elementor-heading-title elementor-size-default\">Private Equity \/ FinTech \/ Start Up&#8217;s \/ &#8230;.\u00a0<\/h1>\t\t\t\t<\/div>\n\t\t\t\t<\/div>\n\t\t\t\t<div class=\"elementor-element elementor-element-d747698 elementor-widget elementor-widget-heading\" data-id=\"d747698\" data-element_type=\"widget\" data-widget_type=\"heading.default\">\n\t\t\t\t<div class=\"elementor-widget-container\">\n\t\t\t\t\t<h2 class=\"elementor-heading-title elementor-size-default\">Top oder Flop<\/h2>\t\t\t\t<\/div>\n\t\t\t\t<\/div>\n\t\t\t\t\t<\/div>\n\t\t\t\t<\/div>\n\t\t<div class=\"elementor-element elementor-element-4ae8d698 e-flex e-con-boxed e-con e-parent\" data-id=\"4ae8d698\" data-element_type=\"container\" data-settings=\"{&quot;jet_parallax_layout_list&quot;:[]}\">\n\t\t\t\t\t<div class=\"e-con-inner\">\n\t\t\t\t<div class=\"elementor-element elementor-element-2ccb1e01 elementor-widget elementor-widget-text-editor\" data-id=\"2ccb1e01\" data-element_type=\"widget\" data-widget_type=\"text-editor.default\">\n\t\t\t\t<div class=\"elementor-widget-container\">\n\t\t\t\t\t\t\t\t\t\n<div class=\"wp-block-columns is-layout-flex wp-container-core-columns-is-layout-28f84493 wp-block-columns-is-layout-flex\">\n<div class=\"wp-block-column is-layout-flow wp-block-column-is-layout-flow\">\n<h4 class=\"wp-block-heading\"><strong>Private Equity<\/strong><\/h4>\n\n<p>In vielen unserer Vorgespr\u00e4che mit Interessenten und Kunden werden wir mit dem Thema Private Equity konfrontiert. Vielen erscheint eine Position in diesem Umfeld attraktiv. In manchen F\u00e4llen ist dies auch der Fall. Allerdings gibt es doch einige wesentliche Punkte, die es zu ber\u00fccksichtigen gibt, um f\u00fcr eine solche Position \u00fcberhaupt geeignet zu sein und damit in die engere Wahl zu kommen. Top-Manager m\u00fcssen sich vor allem ihrer eigenen Zielsetzung im Klaren sein und die damit verbundenen Auswirkungen auf ihre weitere Karriere ber\u00fccksichtigen.<\/p>\n\n<h4 class=\"wp-block-heading\">FinTech<\/h4>\n\n<p>\u00c4hnlich ist es bei einem der FinTech-Unternehmen einzusteigen. Nat\u00fcrlich gibt es in diesem Bereich sehr verlockende Angebote u\/o Positionen, ist doch dieser Bereich in den letzten Jahren rasant gewachsen. Einige gro\u00dfe Sterne sind dabei aufgegangen und entstanden, einige sind jedoch sehr rasch \u201evergl\u00fcht\u201c. Denken Sie nur an das Beispiel Wirecard. Es gibt eben auch unangenehme \u00dcberraschungen in beinahe jeder Kurve, deren man sich bewusst werden muss, bevor man ins Cockpit einsteigt.<\/p>\n<\/div>\n\n<div class=\"wp-block-column is-layout-flow wp-block-column-is-layout-flow\">\n<figure class=\"wp-block-image size-large\"><img fetchpriority=\"high\" decoding=\"async\" width=\"1024\" height=\"768\" class=\"wp-image-831\" src=\"https:\/\/www.gps-jobsearch.com\/wp-content\/uploads\/2024\/07\/begin-g9a5ab3702_1920-1440x1080-1-1024x768.jpg\" alt=\"\" srcset=\"https:\/\/www.gps-jobsearch.com\/wp-content\/uploads\/2024\/07\/begin-g9a5ab3702_1920-1440x1080-1-1024x768.jpg 1024w, https:\/\/www.gps-jobsearch.com\/wp-content\/uploads\/2024\/07\/begin-g9a5ab3702_1920-1440x1080-1-300x225.jpg 300w, https:\/\/www.gps-jobsearch.com\/wp-content\/uploads\/2024\/07\/begin-g9a5ab3702_1920-1440x1080-1-768x576.jpg 768w, https:\/\/www.gps-jobsearch.com\/wp-content\/uploads\/2024\/07\/begin-g9a5ab3702_1920-1440x1080-1.jpg 1440w\" sizes=\"(max-width: 1024px) 100vw, 1024px\" \/><\/figure>\n<\/div>\n<\/div>\n\n<div class=\"wp-block-columns is-layout-flex wp-container-core-columns-is-layout-28f84493 wp-block-columns-is-layout-flex\">\n<div class=\"wp-block-column is-layout-flow wp-block-column-is-layout-flow\">\n<h4 class=\"wp-block-heading\">Start Up&#8217;s<\/h4>\n\n<p>Dann ist da noch das Thema Start UP\u2019s. Wenn es klappt, dann war dies nicht nur die richtige Entscheidung, sondern in manchen F\u00e4llen kann daraus ein echter Goldesel werden. Ob man jedoch tats\u00e4chlich die Voraussetzungen mitbringt, damit ein Engagement Spa\u00df macht und man damit auch Erfolg haben kann, ber\u00fccksichtigen wir gerne mit Ihnen in einem\u00a0<a href=\"https:\/\/www.gps-jobsearch.com\/de\/gps-prozess-stufenplan\/#slide2\">pers\u00f6nlichen, unverbindlichen Gespr\u00e4ch<\/a>. So viel aber gleich vorweg, f\u00fcr Top-Manager ist es sicher eher ratsam sich mit Kapital und Wissen dort zu beteiligen, als dort eine Position als angestellter Manager zu bekleiden. Nachdem wir mehrere Beteiligungen an solchen Unternehmen haben, geben wir Ihnen gerne Tipps und Tricks aus eigener\u00a0Erfahrung und Wissen\u00a0mit auf den Weg.\u00a0<\/p>\n<\/div>\n\n<div class=\"wp-block-column is-layout-flow wp-block-column-is-layout-flow\">\n<h4 class=\"wp-block-heading\"><strong>Aus mit Motorschaden oder als Sieger durchs Ziel<\/strong><\/h4>\n\n<p><a href=\"https:\/\/www.gps-jobsearch.com\/de\/das-gps-team\/\">Das Team von gps-jobsearch\u00a0<\/a>ber\u00e4t Sie gerne, ob ein Engagement in diesen oder \u00e4hnlichen Bereichen f\u00fcr Sie wirklich das Richtige ist, oder man eher mit Motorschaden liegen bleibt. Wenn es Ihr Wunsch ist, in diesem Bereich ins Cockpit zu steigen, dann recherchieren wir im Rahmen Ihres\u00a0<a href=\"https:\/\/www.gps-jobsearch.com\/de\/inverses-headhunting\/\">inversen Headhuntings<\/a>\u00a0f\u00fcr Sie pers\u00f6nlich und individuell die m\u00f6glichen Optionen und passenden Top-Positionen, welche mit Ihren Zielsetzungen die gr\u00f6\u00dftm\u00f6glichen \u00dcbereinstimmungen bieten. Die Besonderheiten, gerade in diesen Marktsegmenten als Richtiger erkannt zu werden, kennen wir und werden auch dort bei den Entscheidungstr\u00e4gern mit unserem Netzwerk daf\u00fcr sorgen, dass Sie nicht au\u00dfer Acht lassen oder beiseite gelegt werden. Wenn Einstiegen, dann \u201eRichtig\u201c um auch als Sieger durchs Ziel zu kommen. Das Team\u00a0von gps-jobsearch\u00a0ber\u00e4t\u00a0Sie\u00a0gerne.\u00a0Wir freuen uns\u00a0auf\u00a0Ihren\u00a0<a href=\"https:\/\/www.gps-jobsearch.com\/de\/kontakt\/\">Kontakt!<\/a>\u00a0\u00a0 \u00a0 \u00a0\u00a0<\/p>\n<\/div>\n<\/div>\n\t\t\t\t\t\t\t\t<\/div>\n\t\t\t\t<\/div>\n\t\t\t\t\t<\/div>\n\t\t\t\t<\/div>\n\t\t\t\t<\/div>\n\t\t","protected":false},"excerpt":{"rendered":"<p>Top oder Flop Private Equity In vielen unserer Vorgespr\u00e4che mit Interessenten und Kunden werden wir mit dem Thema Private Equity konfrontiert. Vielen erscheint eine Position in diesem Umfeld attraktiv. In manchen F\u00e4llen ist dies auch der Fall. Allerdings gibt es doch einige wesentliche Punkte, die es zu ber\u00fccksichtigen gibt, um f\u00fcr eine solche Position \u00fcberhaupt [&hellip;]<\/p>\n","protected":false},"author":4,"featured_media":0,"parent":0,"menu_order":46,"comment_status":"closed","ping_status":"closed","template":"","meta":{"footnotes":""},"seiten-kategorie":[],"class_list":["post-830","page","type-page","status-publish","hentry"],"_links":{"self":[{"href":"https:\/\/www.gps-jobsearch.com\/de\/wp-json\/wp\/v2\/pages\/830","targetHints":{"allow":["GET"]}}],"collection":[{"href":"https:\/\/www.gps-jobsearch.com\/de\/wp-json\/wp\/v2\/pages"}],"about":[{"href":"https:\/\/www.gps-jobsearch.com\/de\/wp-json\/wp\/v2\/types\/page"}],"author":[{"embeddable":true,"href":"https:\/\/www.gps-jobsearch.com\/de\/wp-json\/wp\/v2\/users\/4"}],"replies":[{"embeddable":true,"href":"https:\/\/www.gps-jobsearch.com\/de\/wp-json\/wp\/v2\/comments?post=830"}],"version-history":[{"count":31,"href":"https:\/\/www.gps-jobsearch.com\/de\/wp-json\/wp\/v2\/pages\/830\/revisions"}],"predecessor-version":[{"id":7234,"href":"https:\/\/www.gps-jobsearch.com\/de\/wp-json\/wp\/v2\/pages\/830\/revisions\/7234"}],"wp:attachment":[{"href":"https:\/\/www.gps-jobsearch.com\/de\/wp-json\/wp\/v2\/media?parent=830"}],"wp:term":[{"taxonomy":"seiten-kategorie","embeddable":true,"href":"https:\/\/www.gps-jobsearch.com\/de\/wp-json\/wp\/v2\/seiten-kategorie?post=830"}],"curies":[{"name":"wp","href":"https:\/\/api.w.org\/{rel}","templated":true}]}}