{"id":828,"date":"2024-07-29T07:48:57","date_gmt":"2024-07-29T07:48:57","guid":{"rendered":"https:\/\/staging.gps-jobsearch.com\/?page_id=828"},"modified":"2025-08-10T15:33:50","modified_gmt":"2025-08-10T15:33:50","slug":"headhunter","status":"publish","type":"page","link":"https:\/\/www.gps-jobsearch.com\/de\/headhunter\/","title":{"rendered":"Headhunter"},"content":{"rendered":"\t\t<div data-elementor-type=\"wp-page\" data-elementor-id=\"828\" class=\"elementor elementor-828\" data-elementor-post-type=\"page\">\n\t\t\t\t<div class=\"elementor-element elementor-element-75e3281 e-flex e-con-boxed e-con e-parent\" data-id=\"75e3281\" data-element_type=\"container\" data-settings=\"{&quot;jet_parallax_layout_list&quot;:[]}\">\n\t\t\t\t\t<div class=\"e-con-inner\">\n\t\t\t\t<div class=\"elementor-element elementor-element-80d2ead elementor-widget elementor-widget-heading\" data-id=\"80d2ead\" data-element_type=\"widget\" data-widget_type=\"heading.default\">\n\t\t\t\t<div class=\"elementor-widget-container\">\n\t\t\t\t\t<h1 class=\"elementor-heading-title elementor-size-default\">Warum klassische Headhunter f\u00fcr Top-Manager nicht gen\u00fcgen<\/h1>\t\t\t\t<\/div>\n\t\t\t\t<\/div>\n\t\t\t\t<div class=\"elementor-element elementor-element-75c94cd elementor-widget elementor-widget-heading\" data-id=\"75c94cd\" data-element_type=\"widget\" data-widget_type=\"heading.default\">\n\t\t\t\t<div class=\"elementor-widget-container\">\n\t\t\t\t\t<h2 class=\"elementor-heading-title elementor-size-default\">Headhunter sto\u00dfen an Grenzen \u2013 Ihre Alternativen nicht<\/h2>\t\t\t\t<\/div>\n\t\t\t\t<\/div>\n\t\t\t\t\t<\/div>\n\t\t\t\t<\/div>\n\t\t<div class=\"elementor-element elementor-element-5e97349 e-flex e-con-boxed e-con e-parent\" data-id=\"5e97349\" data-element_type=\"container\" data-settings=\"{&quot;jet_parallax_layout_list&quot;:[]}\">\n\t\t\t\t\t<div class=\"e-con-inner\">\n\t\t<div class=\"elementor-element elementor-element-bbffc73 e-con-full e-flex e-con e-child\" data-id=\"bbffc73\" data-element_type=\"container\" data-settings=\"{&quot;jet_parallax_layout_list&quot;:[]}\">\n\t\t\t\t<div class=\"elementor-element elementor-element-24d5204 elementor-widget elementor-widget-text-editor\" data-id=\"24d5204\" data-element_type=\"widget\" data-widget_type=\"text-editor.default\">\n\t\t\t\t<div class=\"elementor-widget-container\">\n\t\t\t\t\t\t\t\t\t<p>Headhunter waren Ihnen in Ihrer bisherigen Karriere durchaus eine St\u00fctze. Man hat Sie angesprochen und Ihnen geholfen die n\u00e4chste Stufe auf Ihrer Karriereleiter zu erreichen. Also durchaus ein gangbarer Weg. Vor allem dann, wenn man keinen Druck und vor allem Zeit hat \u2013 und zwar viel Zeit hat.<\/p><h2 class=\"wp-block-heading\"><strong>Der ausrangierte Rennwagen &#8211; F\u00fcr Headhunter uninteressant!<\/strong><\/h2><p>Je h\u00f6her Sie kommen, desto kleiner wird die Anzahl an Top-Positionen, welche f\u00fcr Sie morgen relevant sind. Um daf\u00fcr in Frage zu kommen, m\u00fcssen Sie zuerst vom Headhunter gefunden werden. Solange Sie noch in Amt und W\u00fcrden sind, ist dies eventuell m\u00f6glich, vielleicht sogar wahrscheinlich. Wie wahrscheinlich oder eher unwahrscheinlich es ist, \u00fcberlassen wir Ihnen. Sobald Sie aber\u00a0<strong>freigestellt<\/strong>\u00a0oder bereits endg\u00fcltig\u00a0<strong>ausgeschieden<\/strong>\u00a0sind, sind Sie\u00a0<strong>f\u00fcr Headhunter oft nicht auffindbar<\/strong>. Dazu kommt aber ein noch viel gr\u00f6\u00dferes Problem. Einen bereits ausrangierten oder stillgelegten Rennwagen einem Kunden zu verkaufen, der jemanden ben\u00f6tigt, der aus der Pole Position startet ist so gut wie unm\u00f6glich. Daher werden Sie gar nicht mehr angesprochen, sobald Ihre \u201eStilllegung\u201c erfolgt ist.<\/p><h2 class=\"wp-block-heading\"><strong>Der Favorit des Headhunters<\/strong><\/h2><p>All dem steht aber ein ganz anderes Thema vor. Denn nur ein kleiner Teil der gesuchten und zu besetzenden Top-Positionen wird \u00fcber Headhunter gesucht. Denken Sie an jenen bereits beschriebenen Teil, welcher hinter dem Vorhang im\u00a0<a href=\"https:\/\/www.gps-jobsearch.com\/de\/verdeckter-stellenmarkt\/\"><strong>verdeckten Stellenmarkt f\u00fcr F\u00fchrungskr\u00e4fte<\/strong><\/a>\u00a0vergeben wird \u2013 dies ist der wesentlich gr\u00f6\u00dfere Anteil. Zudem sind Positionen, welche an Headhunter zur Suche bereits vergeben wurden, bereits wieder f\u00fcr Ihre Konkurrenten offen, sodass es f\u00fcr Sie schon wieder schwierig wird. <br \/>Denn ein Headhunter hat zu 99%, wenn er einen Auftrag f\u00fcr einen Kunden \u00fcbernimmt seinen Favoriten bereits \u201ein seiner Schublade\u201c liegen. Wenn Sie<br \/>nicht als F\u00fcllkandidat oder Nummer 2 enden wollen, dann m\u00fcssen Sie einen anderen Weg gehen.<\/p><div class=\"wp-block-column\"><h3 class=\"wp-block-heading\"><strong>Die Zielflagge<\/strong><\/h3><p><a href=\"https:\/\/www.gps-jobsearch.com\/de\/inverses-headhunting\/\">Inverses Headhunting<\/a> mit gps-jobsearch\u00a0setzt genau diesen einen Schritt im Voraus an. Dort wo zwar bereits dar\u00fcber nachgedacht wird aber die Suche noch nicht begonnen hat.\u00a0Erfahrung, Insiderwissen und Analysen bringen uns genau in diese Zeitfenster. Rechtzeitig um Sie genau dann und dort so in Stellung zu bringen, dass der Prozess des Suchens erst gar nicht gestartet werden muss, weil man mit Ihnen die L\u00f6sung ja schon auf dem Tisch hat.<\/p><\/div>\t\t\t\t\t\t\t\t<\/div>\n\t\t\t\t<\/div>\n\t\t\t\t<\/div>\n\t\t<div class=\"elementor-element elementor-element-e28f397 e-con-full e-flex e-con e-child\" data-id=\"e28f397\" data-element_type=\"container\" data-settings=\"{&quot;jet_parallax_layout_list&quot;:[]}\">\n\t\t\t\t<div class=\"elementor-element elementor-element-898bcad elementor-widget elementor-widget-image\" data-id=\"898bcad\" data-element_type=\"widget\" data-widget_type=\"image.default\">\n\t\t\t\t<div class=\"elementor-widget-container\">\n\t\t\t\t\t\t\t\t\t\t\t\t\t\t\t<img fetchpriority=\"high\" decoding=\"async\" width=\"800\" height=\"534\" src=\"https:\/\/www.gps-jobsearch.com\/wp-content\/uploads\/2025\/04\/business-talent-headhunting-concept-employer-read-2024-12-07-00-26-39-utc-1024x683.jpg\" class=\"attachment-large size-large wp-image-5359\" alt=\"Headhunter durchsucht einen Stapel Bewerbungen am Schreibtisch. Das Bild symbolisiert selektive Kandidatenauswahl, Zeitfaktor und Herausforderungen f\u00fcr Top-Manager, wenn sie sich auf den Headhunter verlassen.\" srcset=\"https:\/\/www.gps-jobsearch.com\/wp-content\/uploads\/2025\/04\/business-talent-headhunting-concept-employer-read-2024-12-07-00-26-39-utc-1024x683.jpg 1024w, https:\/\/www.gps-jobsearch.com\/wp-content\/uploads\/2025\/04\/business-talent-headhunting-concept-employer-read-2024-12-07-00-26-39-utc-300x200.jpg 300w, https:\/\/www.gps-jobsearch.com\/wp-content\/uploads\/2025\/04\/business-talent-headhunting-concept-employer-read-2024-12-07-00-26-39-utc-768x512.jpg 768w, https:\/\/www.gps-jobsearch.com\/wp-content\/uploads\/2025\/04\/business-talent-headhunting-concept-employer-read-2024-12-07-00-26-39-utc-1536x1024.jpg 1536w, https:\/\/www.gps-jobsearch.com\/wp-content\/uploads\/2025\/04\/business-talent-headhunting-concept-employer-read-2024-12-07-00-26-39-utc-2048x1365.jpg 2048w\" sizes=\"(max-width: 800px) 100vw, 800px\" \/>\t\t\t\t\t\t\t\t\t\t\t\t\t\t\t<\/div>\n\t\t\t\t<\/div>\n\t\t\t\t<div class=\"elementor-element elementor-element-3692949 elementor-widget elementor-widget-text-editor\" data-id=\"3692949\" data-element_type=\"widget\" data-widget_type=\"text-editor.default\">\n\t\t\t\t<div class=\"elementor-widget-container\">\n\t\t\t\t\t\t\t\t\t<div class=\"wp-block-column\"><h4 class=\"wp-block-heading\"><strong>Der Boxenstopp\u00a0f\u00fcr den Top-Manager<\/strong><\/h4><p>Ein Boxenstopp ben\u00f6tigt Zeit und jedes Anhalten ist mit Risiken verbunden. Wenn Sie gen\u00fcgend Zeit haben, um auf einen Anruf zu warten, und der Meinung sind, Sie w\u00e4ren dann auch gleichzeitig des Headhunters Favorit, dann geben wir Ihnen gerne eine Handvoll f\u00fcr Ihre berufliche Erfahrung und Ihrer gew\u00fcnschte Zielposition passend richtigen Ansprechpartner bei den jeweils daf\u00fcr geeigneten Headhunting-Unternehmen. Nachdem es allein im deutschsprachigen Raum mehr als 5.000 Personalberater gibt, ist die Auswahl nicht einfach. Es macht keinen Sinn diese gro\u00dffl\u00e4chig mit Ihren Unterlagen anzusprechen. Ja, es ist sogar gef\u00e4hrlich. Wie \u00fcberall, gibt es auch in den Kreisen der Headhunter viele schwarze Schafe, bei denen Sie gar nicht wissen, was mit Ihren Unterlagen passiert. Diese \u201eschwarzen Schafe\u201c brauchen Futter und das kostet Geld, welches verdient werden muss. Dass Sie dabei im Hintergrund verbrannt werden ist den meisten nicht bewusst.<\/p><div class=\"wp-block-column\"><h4 class=\"wp-block-heading\"><strong>Boxenstopp mit den richtigen Mechanikern<\/strong><\/h4><p>Die wenigen und sehr genau ausgew\u00e4hlten Headhunter, die bei Ihrem Boxenstopp an den Schrauben drehen sollen, schlie\u00dfen wir gerne in unseren Prozess mit ein, wenn Sie dies w\u00fcnschen, wenngleich es auch hier wieder reiner Zufall ist, wenn ein Headhunter gerade dann ein passendes Projekt hat. Manager arbeiten nicht nach Zuf\u00e4llen \u2013 hoffentlich nicht \u2013 sondern planen Ihre Schritte sehr genau, um damit Ihre Ziele zu erreichen. Aus Erfahrung und mehr als 1000 erfolgreich abgeschlossenen Projekten seit dem Jahr 2008 k\u00f6nnen wir dazu nur sagen, dass es bisher wirklich reiner Zufall war und sich diese F\u00e4lle an einer Hand abz\u00e4hlen lassen.<\/p><h4 class=\"wp-block-heading\"><strong>Der erkannte Favorit f\u00fcr Morgen<\/strong><\/h4><p>Dennoch macht es f\u00fcr einige unserer Kunden durchaus Sinn, Ihre Bewerbung f\u00fcr Ihre weitere Zukunft bei ausgesuchten Headhuntern zu platzieren. Zwar wird dies nicht unmittelbar zum Erfolg f\u00fchren, kann aber zu einem sp\u00e4teren Zeitpunkt durchaus zu m\u00f6glichen interessanten Optionen f\u00fchren. Dass man Headhunter auf andere Art und Weise ansprechen muss, um f\u00fcr diese auch wirklich als Favorit sp\u00e4ter zum Zuge zu kommen, versteht sich von selbst. Wie dies zu geschehen hat, ist in unserem\u00a0<a href=\"https:\/\/www.gps-jobsearch.com\/de\/full-service-leistungen\/\">Full Service Leistungspaket<\/a>\u00a0des inversen Headhuntings inkludiert. \u00a0\u00a0\u00a0\u00a0\u00a0 \u00a0<\/p><\/div><\/div>\t\t\t\t\t\t\t\t<\/div>\n\t\t\t\t<\/div>\n\t\t\t\t<\/div>\n\t\t\t\t\t<\/div>\n\t\t\t\t<\/div>\n\t\t<div class=\"elementor-element elementor-element-0f96a0a e-flex e-con-boxed e-con e-parent\" data-id=\"0f96a0a\" data-element_type=\"container\" data-settings=\"{&quot;jet_parallax_layout_list&quot;:[]}\">\n\t\t\t\t\t<div class=\"e-con-inner\">\n\t\t<div class=\"elementor-element elementor-element-9603837 e-con-full e-flex e-con e-child\" data-id=\"9603837\" data-element_type=\"container\" data-settings=\"{&quot;jet_parallax_layout_list&quot;:[]}\">\n\t\t\t\t<div class=\"elementor-element elementor-element-ea319cc elementor-widget elementor-widget-text-editor\" data-id=\"ea319cc\" data-element_type=\"widget\" data-widget_type=\"text-editor.default\">\n\t\t\t\t<div class=\"elementor-widget-container\">\n\t\t\t\t\t\t\t\t\t<h2>FAQ: Die wichtigsten Fragen zu Headhuntern f\u00fcr Top-Manager<\/h2>\t\t\t\t\t\t\t\t<\/div>\n\t\t\t\t<\/div>\n\t\t\t\t<\/div>\n\t\t\t\t<div class=\"elementor-element elementor-element-a558329 elementor-widget elementor-widget-n-accordion\" data-id=\"a558329\" data-element_type=\"widget\" data-settings=\"{&quot;default_state&quot;:&quot;expanded&quot;,&quot;max_items_expended&quot;:&quot;one&quot;,&quot;n_accordion_animation_duration&quot;:{&quot;unit&quot;:&quot;ms&quot;,&quot;size&quot;:400,&quot;sizes&quot;:[]}}\" data-widget_type=\"nested-accordion.default\">\n\t\t\t\t<div class=\"elementor-widget-container\">\n\t\t\t\t\t\t\t<div class=\"e-n-accordion\" aria-label=\"Accordion. Open links with Enter or Space, close with Escape, and navigate with Arrow Keys\">\n\t\t\t\t\t\t<details id=\"e-n-accordion-item-1730\" class=\"e-n-accordion-item\" open>\n\t\t\t\t<summary class=\"e-n-accordion-item-title\" data-accordion-index=\"1\" tabindex=\"0\" aria-expanded=\"true\" aria-controls=\"e-n-accordion-item-1730\" >\n\t\t\t\t\t<span class='e-n-accordion-item-title-header'><div class=\"e-n-accordion-item-title-text\"> Welche Risiken birgt es, sich auf Headhunter zu verlassen? <\/div><\/span>\n\t\t\t\t\t\t\t<span class='e-n-accordion-item-title-icon'>\n\t\t\t<span class='e-opened' ><svg aria-hidden=\"true\" class=\"e-font-icon-svg e-fas-minus\" viewBox=\"0 0 448 512\" xmlns=\"http:\/\/www.w3.org\/2000\/svg\"><path d=\"M416 208H32c-17.67 0-32 14.33-32 32v32c0 17.67 14.33 32 32 32h384c17.67 0 32-14.33 32-32v-32c0-17.67-14.33-32-32-32z\"><\/path><\/svg><\/span>\n\t\t\t<span class='e-closed'><svg aria-hidden=\"true\" class=\"e-font-icon-svg e-fas-plus\" viewBox=\"0 0 448 512\" xmlns=\"http:\/\/www.w3.org\/2000\/svg\"><path d=\"M416 208H272V64c0-17.67-14.33-32-32-32h-32c-17.67 0-32 14.33-32 32v144H32c-17.67 0-32 14.33-32 32v32c0 17.67 14.33 32 32 32h144v144c0 17.67 14.33 32 32 32h32c17.67 0 32-14.33 32-32V304h144c17.67 0 32-14.33 32-32v-32c0-17.67-14.33-32-32-32z\"><\/path><\/svg><\/span>\n\t\t<\/span>\n\n\t\t\t\t\t\t<\/summary>\n\t\t\t\t<div role=\"region\" aria-labelledby=\"e-n-accordion-item-1730\" class=\"elementor-element elementor-element-b85183f e-con-full e-flex e-con e-child\" data-id=\"b85183f\" data-element_type=\"container\" data-settings=\"{&quot;jet_parallax_layout_list&quot;:[]}\">\n\t\t<div role=\"region\" aria-labelledby=\"e-n-accordion-item-1730\" class=\"elementor-element elementor-element-15fcc49 e-flex e-con-boxed e-con e-child\" data-id=\"15fcc49\" data-element_type=\"container\" data-settings=\"{&quot;jet_parallax_layout_list&quot;:[]}\">\n\t\t\t\t\t<div class=\"e-con-inner\">\n\t\t\t\t<div class=\"elementor-element elementor-element-b6d8442 elementor-widget elementor-widget-text-editor\" data-id=\"b6d8442\" data-element_type=\"widget\" data-widget_type=\"text-editor.default\">\n\t\t\t\t<div class=\"elementor-widget-container\">\n\t\t\t\t\t\t\t\t\t<p>F\u00fchrungskr\u00e4fte k\u00f6nnen es sich nicht leisten passiv zu werden. Wer auf Kontakte von Headhuntern wartet, verliert wichtige Zeitfenster und Positionen, die nie \u00f6ffentlich ausgeschrieben werden. Zudem arbeiten Headhunter meist projektbezogen \u2013 ohne Projekt kein Interesse.<\/p>\t\t\t\t\t\t\t\t<\/div>\n\t\t\t\t<\/div>\n\t\t\t\t\t<\/div>\n\t\t\t\t<\/div>\n\t\t\t\t<\/div>\n\t\t\t\t\t<\/details>\n\t\t\t\t\t\t<details id=\"e-n-accordion-item-1731\" class=\"e-n-accordion-item\" >\n\t\t\t\t<summary class=\"e-n-accordion-item-title\" data-accordion-index=\"2\" tabindex=\"-1\" aria-expanded=\"false\" aria-controls=\"e-n-accordion-item-1731\" >\n\t\t\t\t\t<span class='e-n-accordion-item-title-header'><div class=\"e-n-accordion-item-title-text\"> Wie kann ich den verdeckten Stellenmarkt f\u00fcr mich nutzen? <\/div><\/span>\n\t\t\t\t\t\t\t<span class='e-n-accordion-item-title-icon'>\n\t\t\t<span class='e-opened' ><svg aria-hidden=\"true\" class=\"e-font-icon-svg e-fas-minus\" viewBox=\"0 0 448 512\" xmlns=\"http:\/\/www.w3.org\/2000\/svg\"><path d=\"M416 208H32c-17.67 0-32 14.33-32 32v32c0 17.67 14.33 32 32 32h384c17.67 0 32-14.33 32-32v-32c0-17.67-14.33-32-32-32z\"><\/path><\/svg><\/span>\n\t\t\t<span class='e-closed'><svg aria-hidden=\"true\" class=\"e-font-icon-svg e-fas-plus\" viewBox=\"0 0 448 512\" xmlns=\"http:\/\/www.w3.org\/2000\/svg\"><path d=\"M416 208H272V64c0-17.67-14.33-32-32-32h-32c-17.67 0-32 14.33-32 32v144H32c-17.67 0-32 14.33-32 32v32c0 17.67 14.33 32 32 32h144v144c0 17.67 14.33 32 32 32h32c17.67 0 32-14.33 32-32V304h144c17.67 0 32-14.33 32-32v-32c0-17.67-14.33-32-32-32z\"><\/path><\/svg><\/span>\n\t\t<\/span>\n\n\t\t\t\t\t\t<\/summary>\n\t\t\t\t<div role=\"region\" aria-labelledby=\"e-n-accordion-item-1731\" class=\"elementor-element elementor-element-7bd8c8c e-con-full e-flex e-con e-child\" data-id=\"7bd8c8c\" data-element_type=\"container\" data-settings=\"{&quot;jet_parallax_layout_list&quot;:[]}\">\n\t\t<div role=\"region\" aria-labelledby=\"e-n-accordion-item-1731\" class=\"elementor-element elementor-element-dcce597 e-flex e-con-boxed e-con e-child\" data-id=\"dcce597\" data-element_type=\"container\" data-settings=\"{&quot;jet_parallax_layout_list&quot;:[]}\">\n\t\t\t\t\t<div class=\"e-con-inner\">\n\t\t\t\t<div class=\"elementor-element elementor-element-b876902 elementor-widget elementor-widget-text-editor\" data-id=\"b876902\" data-element_type=\"widget\" data-widget_type=\"text-editor.default\">\n\t\t\t\t<div class=\"elementor-widget-container\">\n\t\t\t\t\t\t\t\t\t<p>Mit Hilfe von <a href=\"https:\/\/www.gps-jobsearch.com\/de\/inverses-headhunting\/\"><em>inversem Headhunting<\/em><\/a> k\u00f6nnen Sie gezielt im <a href=\"https:\/\/www.gps-jobsearch.com\/de\/verdeckter-stellenmarkt\/\">verdeckten Stellenmarkt<\/a> positioniert werden \u2013 noch bevor \u00fcberhaupt eine offizielle Suche durch Unternehmen oder Headhunter startet. gps-jobsearch ist Spezialist f\u00fcr inverses Headhunting im verdeckten Stellenmarkt. Dabei analysieren erfahrene Karriereberater Ihre Zielbranchen, identifizieren passende Entscheider und bringen Ihr Profil strategisch ins Spiel. Der Vorteil: Sie kommen direkt in Gespr\u00e4che mit Entscheidern, bevor andere Kandidaten\u00a0 von der Vakanz erfahren. Dieses proaktive Vorgehen ersetzt das klassische Warten auf Angebote und er\u00f6ffnet Zugang zu Positionen, die nie \u00f6ffentlich ausgeschrieben werden.<\/p>\t\t\t\t\t\t\t\t<\/div>\n\t\t\t\t<\/div>\n\t\t\t\t\t<\/div>\n\t\t\t\t<\/div>\n\t\t\t\t<\/div>\n\t\t\t\t\t<\/details>\n\t\t\t\t\t\t<details id=\"e-n-accordion-item-1732\" class=\"e-n-accordion-item\" >\n\t\t\t\t<summary class=\"e-n-accordion-item-title\" data-accordion-index=\"3\" tabindex=\"-1\" aria-expanded=\"false\" aria-controls=\"e-n-accordion-item-1732\" >\n\t\t\t\t\t<span class='e-n-accordion-item-title-header'><div class=\"e-n-accordion-item-title-text\"> Was ist der Unterschied zwischen einem Headhunter und inversen Headhunting? <\/div><\/span>\n\t\t\t\t\t\t\t<span class='e-n-accordion-item-title-icon'>\n\t\t\t<span class='e-opened' ><svg aria-hidden=\"true\" class=\"e-font-icon-svg e-fas-minus\" viewBox=\"0 0 448 512\" xmlns=\"http:\/\/www.w3.org\/2000\/svg\"><path d=\"M416 208H32c-17.67 0-32 14.33-32 32v32c0 17.67 14.33 32 32 32h384c17.67 0 32-14.33 32-32v-32c0-17.67-14.33-32-32-32z\"><\/path><\/svg><\/span>\n\t\t\t<span class='e-closed'><svg aria-hidden=\"true\" class=\"e-font-icon-svg e-fas-plus\" viewBox=\"0 0 448 512\" xmlns=\"http:\/\/www.w3.org\/2000\/svg\"><path d=\"M416 208H272V64c0-17.67-14.33-32-32-32h-32c-17.67 0-32 14.33-32 32v144H32c-17.67 0-32 14.33-32 32v32c0 17.67 14.33 32 32 32h144v144c0 17.67 14.33 32 32 32h32c17.67 0 32-14.33 32-32V304h144c17.67 0 32-14.33 32-32v-32c0-17.67-14.33-32-32-32z\"><\/path><\/svg><\/span>\n\t\t<\/span>\n\n\t\t\t\t\t\t<\/summary>\n\t\t\t\t<div role=\"region\" aria-labelledby=\"e-n-accordion-item-1732\" class=\"elementor-element elementor-element-fa38fe7 e-con-full e-flex e-con e-child\" data-id=\"fa38fe7\" data-element_type=\"container\" data-settings=\"{&quot;jet_parallax_layout_list&quot;:[]}\">\n\t\t<div role=\"region\" aria-labelledby=\"e-n-accordion-item-1732\" class=\"elementor-element elementor-element-61fa1a5 e-flex e-con-boxed e-con e-child\" data-id=\"61fa1a5\" data-element_type=\"container\" data-settings=\"{&quot;jet_parallax_layout_list&quot;:[]}\">\n\t\t\t\t\t<div class=\"e-con-inner\">\n\t\t\t\t<div class=\"elementor-element elementor-element-4b0c746 elementor-widget elementor-widget-text-editor\" data-id=\"4b0c746\" data-element_type=\"widget\" data-widget_type=\"text-editor.default\">\n\t\t\t\t<div class=\"elementor-widget-container\">\n\t\t\t\t\t\t\t\t\t<p>Ein Headhunter sucht im Auftrag eines Unternehmens nach geeigneten Kandidaten. Sie als F\u00fchrungskraft sind dabei passiv und m\u00fcssen auf eine Kontaktaufnahme warten. Beim <a href=\"https:\/\/www.gps-jobsearch.com\/de\/inverses-headhunting\/\">inversen Headhunting<\/a> ist es umgekehrt: Der Kandidat wird gezielt bei passenden Unternehmen platziert, noch bevor eine Stelle offiziell ausgeschrieben wird. Das schafft Kontrolle, Tempo und einen Vorsprung gegen\u00fcber Mitbewerbern.<\/p>\t\t\t\t\t\t\t\t<\/div>\n\t\t\t\t<\/div>\n\t\t\t\t\t<\/div>\n\t\t\t\t<\/div>\n\t\t\t\t<\/div>\n\t\t\t\t\t<\/details>\n\t\t\t\t\t\t<details id=\"e-n-accordion-item-1733\" class=\"e-n-accordion-item\" >\n\t\t\t\t<summary class=\"e-n-accordion-item-title\" data-accordion-index=\"4\" tabindex=\"-1\" aria-expanded=\"false\" aria-controls=\"e-n-accordion-item-1733\" >\n\t\t\t\t\t<span class='e-n-accordion-item-title-header'><div class=\"e-n-accordion-item-title-text\"> Kann ich Headhunter und inverses Headhunting kombinieren? <\/div><\/span>\n\t\t\t\t\t\t\t<span class='e-n-accordion-item-title-icon'>\n\t\t\t<span class='e-opened' ><svg aria-hidden=\"true\" class=\"e-font-icon-svg e-fas-minus\" viewBox=\"0 0 448 512\" xmlns=\"http:\/\/www.w3.org\/2000\/svg\"><path d=\"M416 208H32c-17.67 0-32 14.33-32 32v32c0 17.67 14.33 32 32 32h384c17.67 0 32-14.33 32-32v-32c0-17.67-14.33-32-32-32z\"><\/path><\/svg><\/span>\n\t\t\t<span class='e-closed'><svg aria-hidden=\"true\" class=\"e-font-icon-svg e-fas-plus\" viewBox=\"0 0 448 512\" xmlns=\"http:\/\/www.w3.org\/2000\/svg\"><path d=\"M416 208H272V64c0-17.67-14.33-32-32-32h-32c-17.67 0-32 14.33-32 32v144H32c-17.67 0-32 14.33-32 32v32c0 17.67 14.33 32 32 32h144v144c0 17.67 14.33 32 32 32h32c17.67 0 32-14.33 32-32V304h144c17.67 0 32-14.33 32-32v-32c0-17.67-14.33-32-32-32z\"><\/path><\/svg><\/span>\n\t\t<\/span>\n\n\t\t\t\t\t\t<\/summary>\n\t\t\t\t<div role=\"region\" aria-labelledby=\"e-n-accordion-item-1733\" class=\"elementor-element elementor-element-73ac968 e-flex e-con-boxed e-con e-child\" data-id=\"73ac968\" data-element_type=\"container\" data-settings=\"{&quot;jet_parallax_layout_list&quot;:[]}\">\n\t\t\t\t\t<div class=\"e-con-inner\">\n\t\t<div role=\"region\" aria-labelledby=\"e-n-accordion-item-1733\" class=\"elementor-element elementor-element-b42aa57 e-con-full e-flex e-con e-child\" data-id=\"b42aa57\" data-element_type=\"container\" data-settings=\"{&quot;jet_parallax_layout_list&quot;:[]}\">\n\t\t\t\t<div class=\"elementor-element elementor-element-0b75644 elementor-widget elementor-widget-text-editor\" data-id=\"0b75644\" data-element_type=\"widget\" data-widget_type=\"text-editor.default\">\n\t\t\t\t<div class=\"elementor-widget-container\">\n\t\t\t\t\t\t\t\t\t<p>Ja, aber mit Bedacht. <a href=\"https:\/\/www.gps-jobsearch.com\/de\/inverses-headhunting\/\">Inverses Headhunting<\/a> kann gezielt mit ausgew\u00e4hlten Personalberatern abgestimmt werden &#8211; allerdings nur, wenn diese zu Ihrem Zielmarkt passen. Die breite Streuung an hunderte Headhunter ist kontraproduktiv und schadet oft mehr, als sie n\u00fctzt.<\/p>\t\t\t\t\t\t\t\t<\/div>\n\t\t\t\t<\/div>\n\t\t\t\t<\/div>\n\t\t\t\t\t<\/div>\n\t\t\t\t<\/div>\n\t\t\t\t\t<\/details>\n\t\t\t\t\t<\/div>\n\t\t\t\t\t\t<\/div>\n\t\t\t\t<\/div>\n\t\t\t\t\t<\/div>\n\t\t\t\t<\/div>\n\t\t<div class=\"elementor-element elementor-element-b8a1d25 e-flex e-con-boxed e-con e-parent\" data-id=\"b8a1d25\" data-element_type=\"container\" data-settings=\"{&quot;jet_parallax_layout_list&quot;:[]}\">\n\t\t\t\t\t<div class=\"e-con-inner\">\n\t\t\t\t\t<\/div>\n\t\t\t\t<\/div>\n\t\t\t\t<\/div>\n\t\t","protected":false},"excerpt":{"rendered":"<p>Warum klassische Headhunter f\u00fcr Top-Manager nicht gen\u00fcgen Headhunter sto\u00dfen an Grenzen \u2013 Ihre Alternativen nicht Headhunter waren Ihnen in Ihrer bisherigen Karriere durchaus eine St\u00fctze. Man hat Sie angesprochen und Ihnen geholfen die n\u00e4chste Stufe auf Ihrer Karriereleiter zu erreichen. Also durchaus ein gangbarer Weg. Vor allem dann, wenn man keinen Druck und vor allem [&hellip;]<\/p>\n","protected":false},"author":4,"featured_media":0,"parent":0,"menu_order":47,"comment_status":"closed","ping_status":"closed","template":"","meta":{"footnotes":""},"seiten-kategorie":[],"class_list":["post-828","page","type-page","status-publish","hentry"],"_links":{"self":[{"href":"https:\/\/www.gps-jobsearch.com\/de\/wp-json\/wp\/v2\/pages\/828","targetHints":{"allow":["GET"]}}],"collection":[{"href":"https:\/\/www.gps-jobsearch.com\/de\/wp-json\/wp\/v2\/pages"}],"about":[{"href":"https:\/\/www.gps-jobsearch.com\/de\/wp-json\/wp\/v2\/types\/page"}],"author":[{"embeddable":true,"href":"https:\/\/www.gps-jobsearch.com\/de\/wp-json\/wp\/v2\/users\/4"}],"replies":[{"embeddable":true,"href":"https:\/\/www.gps-jobsearch.com\/de\/wp-json\/wp\/v2\/comments?post=828"}],"version-history":[{"count":77,"href":"https:\/\/www.gps-jobsearch.com\/de\/wp-json\/wp\/v2\/pages\/828\/revisions"}],"predecessor-version":[{"id":7256,"href":"https:\/\/www.gps-jobsearch.com\/de\/wp-json\/wp\/v2\/pages\/828\/revisions\/7256"}],"wp:attachment":[{"href":"https:\/\/www.gps-jobsearch.com\/de\/wp-json\/wp\/v2\/media?parent=828"}],"wp:term":[{"taxonomy":"seiten-kategorie","embeddable":true,"href":"https:\/\/www.gps-jobsearch.com\/de\/wp-json\/wp\/v2\/seiten-kategorie?post=828"}],"curies":[{"name":"wp","href":"https:\/\/api.w.org\/{rel}","templated":true}]}}