{"id":824,"date":"2024-07-29T07:47:14","date_gmt":"2024-07-29T07:47:14","guid":{"rendered":"https:\/\/staging.gps-jobsearch.com\/?page_id=824"},"modified":"2025-08-08T09:12:12","modified_gmt":"2025-08-08T09:12:12","slug":"jobsuche-fuehrungskraefte","status":"publish","type":"page","link":"https:\/\/www.gps-jobsearch.com\/de\/jobsuche-fuehrungskraefte\/","title":{"rendered":"Jobsuche f\u00fcr F\u00fchrungskr\u00e4fte"},"content":{"rendered":"\t\t<div data-elementor-type=\"wp-page\" data-elementor-id=\"824\" class=\"elementor elementor-824\" data-elementor-post-type=\"page\">\n\t\t\t\t<div class=\"elementor-element elementor-element-a00f373 e-flex e-con-boxed e-con e-parent\" data-id=\"a00f373\" data-element_type=\"container\" data-settings=\"{&quot;jet_parallax_layout_list&quot;:[]}\">\n\t\t\t\t\t<div class=\"e-con-inner\">\n\t\t\t\t<div class=\"elementor-element elementor-element-01cfda1 elementor-widget elementor-widget-heading\" data-id=\"01cfda1\" data-element_type=\"widget\" data-widget_type=\"heading.default\">\n\t\t\t\t<div class=\"elementor-widget-container\">\n\t\t\t\t\t<h1 class=\"elementor-heading-title elementor-size-default\">Jobsuche f\u00fcr F\u00fchrungskr\u00e4fte<\/h1>\t\t\t\t<\/div>\n\t\t\t\t<\/div>\n\t\t\t\t<div class=\"elementor-element elementor-element-af9c9e0 elementor-widget elementor-widget-heading\" data-id=\"af9c9e0\" data-element_type=\"widget\" data-widget_type=\"heading.default\">\n\t\t\t\t<div class=\"elementor-widget-container\">\n\t\t\t\t\t<h2 class=\"elementor-heading-title elementor-size-default\">Erreichen Sie Ihre n\u00e4chste Top-Position mit inversem Headhunting<\/h2>\t\t\t\t<\/div>\n\t\t\t\t<\/div>\n\t\t\t\t\t<\/div>\n\t\t\t\t<\/div>\n\t\t<div class=\"elementor-element elementor-element-51d7e50 e-con-full e-flex e-con e-parent\" data-id=\"51d7e50\" data-element_type=\"container\" data-settings=\"{&quot;jet_parallax_layout_list&quot;:[]}\">\n\t\t<div class=\"elementor-element elementor-element-024c569 e-con-full e-flex e-con e-child\" data-id=\"024c569\" data-element_type=\"container\" data-settings=\"{&quot;jet_parallax_layout_list&quot;:[]}\">\n\t\t<div class=\"elementor-element elementor-element-c5205b2 e-con-full e-flex e-con e-child\" data-id=\"c5205b2\" data-element_type=\"container\" data-settings=\"{&quot;jet_parallax_layout_list&quot;:[]}\">\n\t\t<div class=\"elementor-element elementor-element-83b68e8 e-con-full e-flex e-con e-child\" data-id=\"83b68e8\" data-element_type=\"container\" data-settings=\"{&quot;jet_parallax_layout_list&quot;:[]}\">\n\t\t<div class=\"elementor-element elementor-element-c55df50 e-con-full e-flex e-con e-child\" data-id=\"c55df50\" data-element_type=\"container\" data-settings=\"{&quot;jet_parallax_layout_list&quot;:[]}\">\n\t\t\t\t<div class=\"elementor-element elementor-element-95e337a elementor-widget__width-initial elementor-widget elementor-widget-text-editor\" data-id=\"95e337a\" data-element_type=\"widget\" data-widget_type=\"text-editor.default\">\n\t\t\t\t<div class=\"elementor-widget-container\">\n\t\t\t\t\t\t\t\t\t<h4 class=\"wp-block-heading\"><strong>Jobsuche als F\u00fchrungskraft &#8211; mehr Frust als Lust<\/strong><\/h4><p>Wie frustrierend f\u00fcr F\u00fchrungskr\u00e4fte die Suche nach einer neuen Top-Position sein kann, h\u00f6ren wir Tag f\u00fcr Tag von Interessenten, welche bei uns anfragen.<\/p><p>Fragen wie:<\/p><ul class=\"wp-block-list\"><li>Warum funktioniert die Jobsuche als Manager nicht mehr so gut wie fr\u00fcher?<\/li><li>Man findet keine passenden Top-Managementpositionen ausgeschrieben \u2013 ist der Markt zurzeit so schlecht?<\/li><li>Die Headhunter des Vertrauens sind pl\u00f6tzlich sehr leise geworden. Das eigene Netzwerk liefert auch nicht das, was es jetzt braucht.<\/li><\/ul><p>Der Frust w\u00e4chst und die Lust an der Jobsuche schwindet. Die Selbstzweifel wachsen und die Frage nach dem \u201eWer will mich?\u201c findet keine Antwort. Manche glauben dann, ein Schritt zur\u00fcck w\u00e4re eine M\u00f6glichkeit. Das funktioniert dann erst recht nicht.\u00a0<strong>Es ist wesentlich leichter die Karriere- und oder Gehaltsleiter nach oben zu klettern, als wieder einen Schritt zur\u00fcckzugehen<\/strong>. Mit einem derartigen Ansinnen macht man sich unglaubw\u00fcrdig.<\/p>\t\t\t\t\t\t\t\t<\/div>\n\t\t\t\t<\/div>\n\t\t<div class=\"elementor-element elementor-element-abd5647 e-con-full e-flex e-con e-child\" data-id=\"abd5647\" data-element_type=\"container\" data-settings=\"{&quot;jet_parallax_layout_list&quot;:[]}\">\n\t\t\t\t<div class=\"elementor-element elementor-element-5634ca4 elementor-widget__width-initial elementor-widget elementor-widget-text-editor\" data-id=\"5634ca4\" data-element_type=\"widget\" data-widget_type=\"text-editor.default\">\n\t\t\t\t<div class=\"elementor-widget-container\">\n\t\t\t\t\t\t\t\t\t<div class=\"wp-block-column\"><h4 class=\"wp-block-heading\"><strong>B\u00fccher &amp; Ratgeber zur Jobsuche f\u00fcr F\u00fchrungskr\u00e4fte<\/strong><\/h4><p>Der n\u00e4chste Frust liegt dann in all den Ratgebern und B\u00fcchern, welche es heute gibt. Nette Worte aber keine L\u00f6sungen. So viele Besserwisser \u2013 keiner der Verfasser war je Top-Manager und kennt die Besonderheiten der angewandten Mechanismen aus eigener Erfahrung. Zumal so geschrieben, dass es nat\u00fcrlich m\u00f6glichst oft gekauft wird. Denken Sie daran, dass max. 0,3\u20130,5 % aller weltweiten Positionen, die es gibt, jenen Top-Positionen entsprechen, von denen wir hier sprechen. B\u00fccher und Ratgeber dienen also eher der Zielgruppe der restlichen 99,5 %.<\/p><p>Und eines ist ganz sicher \u2013 eine aktuelle Top-Position finden Sie in all diesen B\u00fcchern und Ratgebern sicher nicht.\u00a0<strong>Sparen Sie sich das Geld und Ihre Zeit!<\/strong><\/p><\/div><div class=\"wp-block-column\"><div class=\"wp-block-column\"><h4 class=\"wp-block-heading\"><strong>Jobsuche f\u00fcr F\u00fchrungskr\u00e4fte: Was Sie wissen m\u00fcssen<\/strong><\/h4><p>Was Sie ben\u00f6tigen ist:<\/p><ul class=\"wp-block-list\"><li>Das Wissen, wo es welche aktuelle <a href=\"https:\/\/www.gps-jobsearch.com\/de\/offene-aktuelle-vakanzen\/\">offene Vakanzen<\/a>\u00a0gibt oder demn\u00e4chst geben wird.<\/li><li>Den Zugang zu den verantwortlichen Entscheidungstr\u00e4gern.<\/li><li>Dies mit einer Bewerbung, die von A-Z \u00fcberzeugend ist!\u00a0<strong>\u201eState Of The Art\u201c<\/strong><\/li><\/ul><\/div><div class=\"wp-block-column\">\u00a0<\/div><\/div>\t\t\t\t\t\t\t\t<\/div>\n\t\t\t\t<\/div>\n\t\t\t\t<div class=\"elementor-element elementor-element-2e46598 elementor-widget elementor-widget-spacer\" data-id=\"2e46598\" data-element_type=\"widget\" data-widget_type=\"spacer.default\">\n\t\t\t\t<div class=\"elementor-widget-container\">\n\t\t\t\t\t\t\t<div class=\"elementor-spacer\">\n\t\t\t<div class=\"elementor-spacer-inner\"><\/div>\n\t\t<\/div>\n\t\t\t\t\t\t<\/div>\n\t\t\t\t<\/div>\n\t\t\t\t<\/div>\n\t\t\t\t<div class=\"elementor-element elementor-element-6470166 elementor-widget elementor-widget-spacer\" data-id=\"6470166\" data-element_type=\"widget\" data-widget_type=\"spacer.default\">\n\t\t\t\t<div class=\"elementor-widget-container\">\n\t\t\t\t\t\t\t<div class=\"elementor-spacer\">\n\t\t\t<div class=\"elementor-spacer-inner\"><\/div>\n\t\t<\/div>\n\t\t\t\t\t\t<\/div>\n\t\t\t\t<\/div>\n\t\t\t\t<\/div>\n\t\t\t\t<\/div>\n\t\t\t\t<\/div>\n\t\t\t\t<\/div>\n\t\t<div class=\"elementor-element elementor-element-104e8fc e-con-full e-flex e-con e-child\" data-id=\"104e8fc\" data-element_type=\"container\" data-settings=\"{&quot;jet_parallax_layout_list&quot;:[]}\">\n\t\t\t\t<\/div>\n\t\t<div class=\"elementor-element elementor-element-4b7ab47 e-con-full e-flex e-con e-child\" data-id=\"4b7ab47\" data-element_type=\"container\" data-settings=\"{&quot;jet_parallax_layout_list&quot;:[]}\">\n\t\t<div class=\"elementor-element elementor-element-335c0cd e-con-full e-flex e-con e-child\" data-id=\"335c0cd\" data-element_type=\"container\" data-settings=\"{&quot;jet_parallax_layout_list&quot;:[]}\">\n\t\t\t\t<div class=\"elementor-element elementor-element-4108247 elementor-widget elementor-widget-image\" data-id=\"4108247\" data-element_type=\"widget\" data-widget_type=\"image.default\">\n\t\t\t\t<div class=\"elementor-widget-container\">\n\t\t\t\t\t\t\t\t\t\t\t\t\t\t\t<img fetchpriority=\"high\" decoding=\"async\" width=\"500\" height=\"369\" src=\"https:\/\/www.gps-jobsearch.com\/wp-content\/uploads\/2024\/07\/karriere-start01-e1733207985648.jpg\" class=\"attachment-large size-large wp-image-825\" alt=\"Jobsuche f\u00fcr Manager und F\u00fchrungskr\u00e4fte im verdeckten Stellenmarkt mit individueller Karriereberatung und pers\u00f6nlichem Headhunting-Service.\" srcset=\"https:\/\/www.gps-jobsearch.com\/wp-content\/uploads\/2024\/07\/karriere-start01-e1733207985648.jpg 500w, https:\/\/www.gps-jobsearch.com\/wp-content\/uploads\/2024\/07\/karriere-start01-e1733207985648-300x221.jpg 300w\" sizes=\"(max-width: 500px) 100vw, 500px\" \/>\t\t\t\t\t\t\t\t\t\t\t\t\t\t\t<\/div>\n\t\t\t\t<\/div>\n\t\t\t\t<div class=\"elementor-element elementor-element-7e69654 elementor-widget__width-initial elementor-widget elementor-widget-text-editor\" data-id=\"7e69654\" data-element_type=\"widget\" data-widget_type=\"text-editor.default\">\n\t\t\t\t<div class=\"elementor-widget-container\">\n\t\t\t\t\t\t\t\t\t<p><strong>Und es fehlt noch etwas Entscheidendes:<\/strong><\/p><ul class=\"wp-block-list\"><li>Ihr pers\u00f6nlicher Auftritt<\/li><li>Das Richtige zur rechten Zeit sagen und Fehler vermeiden.<\/li><li>Statt lange herumzureden, jene Punkte anzusprechen, welche in Ihnen den erfahrenen Probleml\u00f6ser und Manager klar und unmissverst\u00e4ndlich zu erkennen geben.<\/li><\/ul><p><strong>Je mehr Wissen Sie im Vorfeld zu einem Gespr\u00e4ch haben, desto besser werden Sie man den \u201eNagel auf den Kopf\u201c treffen.<\/strong><\/p><p><a href=\"https:\/\/www.gps-jobsearch.com\/de\/erfahrung-und-wissen\/\">Insiderwissen<\/a> wird Ihnen den entscheidenden Wettbewerbsvorsprung liefern, um dann die letzte H\u00fcrde auf dem Weg zum neuen Schreibtisch und zur neuen Top-Position zu finden. \u00a0<\/p><p>F\u00fcr all das gerade Beschriebene ist professionelles\u00a0<a href=\"https:\/\/www.gps-jobsearch.com\/de\/inverses-headhunting\/\">inverses Headhunting<\/a>\u00a0eine gute L\u00f6sung. Den ersten Schritt haben Sie bereits erledigt &#8211; Sie haben uns gefunden \u2013 und jetzt werden wir f\u00fcr Sie finden, was Sie suchen \u2013 Ihre neue Top-Position!<\/p><p>Nehmen Sie\u00a0<a href=\"https:\/\/www.gps-jobsearch.com\/de\/kontakt\/\">Kontakt<\/a>\u00a0auf mit uns. Wir freuen uns Sie kennenzulernen und werden Ihnen erkl\u00e4ren, wie und warum\u00a0<a href=\"https:\/\/www.gps-jobsearch.com\/de\/das-gps-team\/\">das Team von gps-<em>jobsearch<\/em>\u00a0<\/a>auch f\u00fcr Sie Ihre n\u00e4chsten Top-Position finden wird!<\/p><p>Wenn Sie lesen m\u00f6chten was unsere Kunden zu ihren <a href=\"https:\/\/www.gps-jobsearch.com\/de\/erfahrungen-inverses-headhunting\/\">Erfahrungen mit inversem Headhunting<\/a> durch gps-jobsearch sagen, werfen Sie gerne einen Blick in unsere Referenzen.<\/p>\t\t\t\t\t\t\t\t<\/div>\n\t\t\t\t<\/div>\n\t\t\t\t<\/div>\n\t\t\t\t<\/div>\n\t\t\t\t<\/div>\n\t\t\t\t<\/div>\n\t\t","protected":false},"excerpt":{"rendered":"<p>Jobsuche f\u00fcr F\u00fchrungskr\u00e4fte Erreichen Sie Ihre n\u00e4chste Top-Position mit inversem Headhunting Jobsuche als F\u00fchrungskraft &#8211; mehr Frust als Lust Wie frustrierend f\u00fcr F\u00fchrungskr\u00e4fte die Suche nach einer neuen Top-Position sein kann, h\u00f6ren wir Tag f\u00fcr Tag von Interessenten, welche bei uns anfragen. Fragen wie: Warum funktioniert die Jobsuche als Manager nicht mehr so gut wie [&hellip;]<\/p>\n","protected":false},"author":4,"featured_media":0,"parent":0,"menu_order":51,"comment_status":"closed","ping_status":"closed","template":"","meta":{"footnotes":""},"seiten-kategorie":[],"class_list":["post-824","page","type-page","status-publish","hentry"],"_links":{"self":[{"href":"https:\/\/www.gps-jobsearch.com\/de\/wp-json\/wp\/v2\/pages\/824","targetHints":{"allow":["GET"]}}],"collection":[{"href":"https:\/\/www.gps-jobsearch.com\/de\/wp-json\/wp\/v2\/pages"}],"about":[{"href":"https:\/\/www.gps-jobsearch.com\/de\/wp-json\/wp\/v2\/types\/page"}],"author":[{"embeddable":true,"href":"https:\/\/www.gps-jobsearch.com\/de\/wp-json\/wp\/v2\/users\/4"}],"replies":[{"embeddable":true,"href":"https:\/\/www.gps-jobsearch.com\/de\/wp-json\/wp\/v2\/comments?post=824"}],"version-history":[{"count":68,"href":"https:\/\/www.gps-jobsearch.com\/de\/wp-json\/wp\/v2\/pages\/824\/revisions"}],"predecessor-version":[{"id":7133,"href":"https:\/\/www.gps-jobsearch.com\/de\/wp-json\/wp\/v2\/pages\/824\/revisions\/7133"}],"wp:attachment":[{"href":"https:\/\/www.gps-jobsearch.com\/de\/wp-json\/wp\/v2\/media?parent=824"}],"wp:term":[{"taxonomy":"seiten-kategorie","embeddable":true,"href":"https:\/\/www.gps-jobsearch.com\/de\/wp-json\/wp\/v2\/seiten-kategorie?post=824"}],"curies":[{"name":"wp","href":"https:\/\/api.w.org\/{rel}","templated":true}]}}