{"id":803,"date":"2024-07-28T16:18:34","date_gmt":"2024-07-28T16:18:34","guid":{"rendered":"https:\/\/staging.gps-jobsearch.com\/?page_id=803"},"modified":"2025-08-10T15:06:22","modified_gmt":"2025-08-10T15:06:22","slug":"research-und-marktanalysen","status":"publish","type":"page","link":"https:\/\/www.gps-jobsearch.com\/de\/research-und-marktanalysen\/","title":{"rendered":"Research und Marktanalysen"},"content":{"rendered":"\t\t<div data-elementor-type=\"wp-page\" data-elementor-id=\"803\" class=\"elementor elementor-803\" data-elementor-post-type=\"page\">\n\t\t\t\t<div class=\"elementor-element elementor-element-7646b31 e-flex e-con-boxed e-con e-parent\" data-id=\"7646b31\" data-element_type=\"container\" data-settings=\"{&quot;jet_parallax_layout_list&quot;:[]}\">\n\t\t\t\t\t<div class=\"e-con-inner\">\n\t\t\t\t<div class=\"elementor-element elementor-element-ccaa2ef elementor-widget elementor-widget-heading\" data-id=\"ccaa2ef\" data-element_type=\"widget\" data-widget_type=\"heading.default\">\n\t\t\t\t<div class=\"elementor-widget-container\">\n\t\t\t\t\t<h1 class=\"elementor-heading-title elementor-size-default\">Research und Marktanalysen<\/h1>\t\t\t\t<\/div>\n\t\t\t\t<\/div>\n\t\t\t\t<div class=\"elementor-element elementor-element-b2c9a3a elementor-widget elementor-widget-heading\" data-id=\"b2c9a3a\" data-element_type=\"widget\" data-widget_type=\"heading.default\">\n\t\t\t\t<div class=\"elementor-widget-container\">\n\t\t\t\t\t<h2 class=\"elementor-heading-title elementor-size-default\">Grundlagen f\u00fcr Erfolg<\/h2>\t\t\t\t<\/div>\n\t\t\t\t<\/div>\n\t\t\t\t\t<\/div>\n\t\t\t\t<\/div>\n\t\t<div class=\"elementor-element elementor-element-082d59e e-con-full e-flex e-con e-parent\" data-id=\"082d59e\" data-element_type=\"container\" data-settings=\"{&quot;jet_parallax_layout_list&quot;:[]}\">\n\t\t<div class=\"elementor-element elementor-element-ddf2e0e e-con-full e-flex e-con e-child\" data-id=\"ddf2e0e\" data-element_type=\"container\" data-settings=\"{&quot;jet_parallax_layout_list&quot;:[]}\">\n\t\t<div class=\"elementor-element elementor-element-85c416a e-con-full e-flex e-con e-child\" data-id=\"85c416a\" data-element_type=\"container\" data-settings=\"{&quot;jet_parallax_layout_list&quot;:[]}\">\n\t\t<div class=\"elementor-element elementor-element-02f29cb e-con-full e-flex e-con e-child\" data-id=\"02f29cb\" data-element_type=\"container\" data-settings=\"{&quot;jet_parallax_layout_list&quot;:[]}\">\n\t\t<div class=\"elementor-element elementor-element-9ff6fa3 e-con-full e-flex e-con e-child\" data-id=\"9ff6fa3\" data-element_type=\"container\" data-settings=\"{&quot;jet_parallax_layout_list&quot;:[]}\">\n\t\t\t\t<div class=\"elementor-element elementor-element-af620a6 elementor-widget__width-initial elementor-widget elementor-widget-text-editor\" data-id=\"af620a6\" data-element_type=\"widget\" data-widget_type=\"text-editor.default\">\n\t\t\t\t<div class=\"elementor-widget-container\">\n\t\t\t\t\t\t\t\t\t<h4 class=\"wp-block-heading\"><strong>Research und Marktanalysen<\/strong><\/h4><p>sind zwei der wesentlichen Kompetenzen unserer Arbeit f\u00fcr ein erfolgreiches\u00a0<a href=\"https:\/\/www.gps-jobsearch.com\/de\/inverses-headhunting\/\">inverses Headhunting<\/a>. Kein\u00a0<a href=\"https:\/\/www.gps-jobsearch.com\/de\/netzwerk-fuer-fuehrungskrafte\/\">Netzwerk<\/a>, keine unserer Empfehlungen direkt bei einem Entscheidungstr\u00e4ger oder dergleichen wird dazu f\u00fchren, dass man Ihnen einen Vertrag auf den Tisch legt, wenn zuvor nicht entsprechende Research- und Analysearbeit geleistet wurde.<\/p><p>Kompetenzen eines Top-Managers m\u00f6gen noch so gut sein, und die damit verbundene Bewerbung wird nichts n\u00fctzen, wenn man nicht punktgenau bei all jenen Unternehmen anklopft, wo die \u00dcbereinstimmung zwischen Ihnen und den dort zu l\u00f6senden Aufgaben am h\u00f6chsten ist. Dies herauszuarbeiten und die gr\u00f6\u00dftm\u00f6gliche \u00dcbereinstimmung zwischen Ihren Erfahrungen, Ihrer Pers\u00f6nlichkeit und den jeweiligen Unternehmen herzustellen \u2013 das ist Teil unserer Aufgabe. Dieser Passgenauigkeit widmen wir uns im Rahmen des\u00a0<a href=\"https:\/\/www.gps-jobsearch.com\/de\/gps-prozess-stufenplan\/#slide3\">Kick Off Meetings<\/a>\u00a0zu Beginn unserer Zusammenarbeit. Sie bildet die Basis f\u00fcr den darauffolgenden Research und die Marktanalysen.<\/p>\t\t\t\t\t\t\t\t<\/div>\n\t\t\t\t<\/div>\n\t\t<div class=\"elementor-element elementor-element-edda35b e-con-full e-flex e-con e-child\" data-id=\"edda35b\" data-element_type=\"container\" data-settings=\"{&quot;jet_parallax_layout_list&quot;:[]}\">\n\t\t\t\t<div class=\"elementor-element elementor-element-8528098 elementor-widget__width-initial elementor-widget elementor-widget-text-editor\" data-id=\"8528098\" data-element_type=\"widget\" data-widget_type=\"text-editor.default\">\n\t\t\t\t<div class=\"elementor-widget-container\">\n\t\t\t\t\t\t\t\t\t<p>Im Rahmen des Kick Off Meetings definieren wir Ihre Zielposition und die zugeh\u00f6rigen Rahmenbedingungen. Wir erarbeiten einen Kriterienkatalog mit insgesamt 37 Punkten (wie z.B.: Region, Unternehmensgr\u00f6\u00dfe, Struktur, Organisationsform, Branche, Fertigungstiefe, Unternehmenskultur, &#8230; usw.). Jeder dieser Punkte wird gewichtet, um die gr\u00f6\u00dftm\u00f6gliche \u00dcbereinstimmung zwischen Ihnen und Ihrem k\u00fcnftigen Arbeitgeber\/Unternehmen festzulegen.<\/p><p>Dies ist die Basis, mit der sich unsere Research-Teams, die zugeh\u00f6rigen Analysten und Marktforscher an die Arbeit machen und die notwendigen Marktanalysen und Research vornehmen. Das Ergebnis dieser Arbeit wird Ihre\u00a0<a href=\"https:\/\/www.gps-jobsearch.com\/de\/gps-prozess-stufenplan\/#slide9\">Zielfirmenliste<\/a>\u00a0sein, mit der gr\u00f6\u00dftm\u00f6glichen \u00dcbereinstimmung zwischen Ihnen und den angef\u00fchrten Unternehmen und dortigen zu besetzenden Positionen.<\/p><p>Aus aktuellen und t\u00e4glichen Marktanalysen und Research wird das Research Team Ihre Zielfirmenliste zusammenstellen und mit Ihnen final abstimmen. Datenbanken spielen dabei eine untergeordnete, erg\u00e4nzende Rolle. Haupts\u00e4chlich besteht Ihre Zielfirmenliste aus Marktinformationen, welche uns Tag f\u00fcr Tag durch unsere t\u00e4gliche Arbeit mehr oder weniger \u201ewie von selbst\u201c alleine in unsere H\u00e4nde fallen. Informationen, die m\u00f6glicherweise genau den entscheidenden Unterschied ausmachen. Nach dem Motto\u00a0<strong>\u201ebe the first\u201c<\/strong>.<\/p><p><strong>Wenn man also:<\/strong><\/p><ul class=\"wp-block-list\"><li>ein einzigartiges Netzwerk aus \u00fcber 420 Netzwerkpartnern \u2013 mit mehr als 1300 aktiven Mandaten in Verwaltungsr\u00e4ten, Beir\u00e4ten und\/oder Aufsichtsr\u00e4ten hat \u2013 dann wei\u00df man an vorderster Front wo was passiert und akut wird \u2013 hunderte Informationen Jahr f\u00fcr Jahr<\/li><li>aus den 95 &#8211; 100 j\u00e4hrlich betreuten Kunden, die durchschnittlich 10-15 Gespr\u00e4che in Unternehmen \u00fcber m\u00f6gliche Positionen f\u00fchren \u2013 ergeben mehr als 1000 m\u00f6gliche Top-F\u00fchrungspositionen, von denen wir wissen<\/li><li>pro Jahr mehr als 1000 Anfragen von interessierten Managern zur Zusammenarbeit erh\u00e4lt und jeder seinen Ver\u00e4nderungswunsch mitteilt \u2013 dann wissen wir in vielen F\u00e4llen noch vor dem Unternehmen, dass dort demn\u00e4chst eine Top-Position frei wird<\/li><li>Analysten und Marktforscher aus dem\u00a0<em>gps-jobsearch<strong>\u00a0<\/strong><\/em>Team Tag f\u00fcr Tag aktuelle Wirtschaftsinformationen sammeln &#8211; aus verschiedenen Quellen Informationen analysieren und wir daraus jene Schl\u00fcsse ziehen, welche uns Ver\u00e4nderungen in Unternehmen fr\u00fchzeitig anzeigen<\/li><li>sowie hunderte in den vergangenen Jahren von uns im Markt in unterschiedlichen Branchen und Top-Positionen platzierten Kunden, mit denen wir nach wie vor in Kontakt stehen &#8211; uns eine weitere Informationsquelle bieten. Viele davon Jahr f\u00fcr Jahr bei uns nachfragen auf der Suche nach einer von Ihnen gerade zu besetzenden Top-Position, ob wir nicht aktuell jemand passenden betreuen, \u2026\u2026<\/li><\/ul><p>dann d\u00fcrfen wir durchaus behaupten, \u00fcber das\u00a0 Jahr verteilt hunderte offene Top-Positionen und Vakanzen aus dem verdeckten Stellenmarkt zu kennen. Einen kleinen Auszug dazu finden Sie unter dem Thema \u201e<a href=\"https:\/\/www.gps-jobsearch.com\/de\/offene-aktuelle-vakanzen\/\">offene Vakanzen f\u00fcr F\u00fchrungskr\u00e4fte<\/a>\u201c. Daraus sollten Sie erkennen, was wir unter Top-Positionen verstehen, wenngleich es unm\u00f6glich ist jede Einzelne dort aufzuf\u00fchren.<\/p>\t\t\t\t\t\t\t\t<\/div>\n\t\t\t\t<\/div>\n\t\t\t\t<\/div>\n\t\t\t\t<div class=\"elementor-element elementor-element-01dad94 elementor-widget elementor-widget-spacer\" data-id=\"01dad94\" data-element_type=\"widget\" data-widget_type=\"spacer.default\">\n\t\t\t\t<div class=\"elementor-widget-container\">\n\t\t\t\t\t\t\t<div class=\"elementor-spacer\">\n\t\t\t<div class=\"elementor-spacer-inner\"><\/div>\n\t\t<\/div>\n\t\t\t\t\t\t<\/div>\n\t\t\t\t<\/div>\n\t\t\t\t<\/div>\n\t\t\t\t<\/div>\n\t\t\t\t<\/div>\n\t\t\t\t<\/div>\n\t\t<div class=\"elementor-element elementor-element-e3829b8 e-con-full e-flex e-con e-child\" data-id=\"e3829b8\" data-element_type=\"container\" data-settings=\"{&quot;jet_parallax_layout_list&quot;:[]}\">\n\t\t\t\t<\/div>\n\t\t<div class=\"elementor-element elementor-element-bab8c6b e-con-full e-flex e-con e-child\" data-id=\"bab8c6b\" data-element_type=\"container\" data-settings=\"{&quot;jet_parallax_layout_list&quot;:[]}\">\n\t\t<div class=\"elementor-element elementor-element-c145f73 e-con-full e-flex e-con e-child\" data-id=\"c145f73\" data-element_type=\"container\" data-settings=\"{&quot;jet_parallax_layout_list&quot;:[]}\">\n\t\t\t\t<div class=\"elementor-element elementor-element-39bc128 elementor-widget elementor-widget-image\" data-id=\"39bc128\" data-element_type=\"widget\" data-widget_type=\"image.default\">\n\t\t\t\t<div class=\"elementor-widget-container\">\n\t\t\t\t\t\t\t\t\t\t\t\t\t\t\t<img fetchpriority=\"high\" decoding=\"async\" width=\"1440\" height=\"960\" src=\"https:\/\/www.gps-jobsearch.com\/wp-content\/uploads\/2024\/07\/gps-jobsearch02-1440x960-1.jpg\" class=\"attachment-full size-full wp-image-804\" alt=\"\" srcset=\"https:\/\/www.gps-jobsearch.com\/wp-content\/uploads\/2024\/07\/gps-jobsearch02-1440x960-1.jpg 1440w, https:\/\/www.gps-jobsearch.com\/wp-content\/uploads\/2024\/07\/gps-jobsearch02-1440x960-1-300x200.jpg 300w, https:\/\/www.gps-jobsearch.com\/wp-content\/uploads\/2024\/07\/gps-jobsearch02-1440x960-1-1024x683.jpg 1024w, https:\/\/www.gps-jobsearch.com\/wp-content\/uploads\/2024\/07\/gps-jobsearch02-1440x960-1-768x512.jpg 768w\" sizes=\"(max-width: 1440px) 100vw, 1440px\">\t\t\t\t\t\t\t\t\t\t\t\t\t\t\t<\/div>\n\t\t\t\t<\/div>\n\t\t\t\t<div class=\"elementor-element elementor-element-f565837 elementor-widget__width-initial elementor-widget elementor-widget-text-editor\" data-id=\"f565837\" data-element_type=\"widget\" data-widget_type=\"text-editor.default\">\n\t\t\t\t<div class=\"elementor-widget-container\">\n\t\t\t\t\t\t\t\t\t<div class=\"wp-block-columns\"><div class=\"wp-block-column\"><h4 class=\"wp-block-heading\"><strong>Ansprechpartner und Entscheidungstr\u00e4ger<\/strong><\/h4><p>Sobald wir mit Ihnen im Rahmen des Research die Anzahl an Zielfirmen festgelegt haben, gilt es, die f\u00fcr Ihre Zielposition richtige Ansprechperson im Unternehmen zu finden. H\u00f6rt sich simpel an \u2013 ist es aber nicht! Zusammenh\u00e4nge von Unternehmen, Eigentums- und Besitzverh\u00e4ltnisse zu kennen ist dazu genauso entscheidend wie Beziehungsverh\u00e4ltnisse zwischen diesen Entscheidungstr\u00e4gern zu entflechten. Stille Post gibt es auch in diesen Sph\u00e4ren und das kann gef\u00e4hrlich werden, sollten Sie sich z.B. noch in einem ungek\u00fcndigten Arbeitsverh\u00e4ltnis befinden. Um solche Fehler zu vermeiden, ben\u00f6tigen Sie aktuelle Informationen aus den M\u00e4rkten \u2013 allen voran aber ein funktionierendes und tragf\u00e4higes\u00a0<a href=\"https:\/\/www.gps-jobsearch.com\/de\/netzwerk-fuer-fuehrungskrafte\/\">Netzwerk<\/a>, welches zielgerichtete Antworten erm\u00f6glicht.<\/p><p>Wer glaubt, man nehme einfach den Rangh\u00f6chsten, also beispielsweise den Hauptgesellschafter, den Aufsichtsrat- oder Vorstandsvorsitzenden oder Gesch\u00e4ftsf\u00fchrer, wird sich \u00fcber das Ergebnis wundern oder, anders ausgedr\u00fcckt, darf sich \u00fcber ausbleibende Antworten freuen.<\/p><p>Nat\u00fcrlich findet man f\u00fcr die meisten Top-Positionen die richtigen Ansprechpersonen und Entscheidungstr\u00e4ger in den jeweiligen Aufsichtsorganen bzw. im Gesellschafterkreis. Betrachtet man aber die Besitzverh\u00e4ltnisse z.B. aller b\u00f6rsennotierten Unternehmen in der DACH-Region, wird man verbl\u00fcfft feststellen, dass sich mehr als 50% davon in ausl\u00e4ndischen H\u00e4nden befinden. Nicht anders ist es im typischen Mittelstand bzw. bei Start-Up\u2018s, denn auch dort erh\u00f6ht sich fast t\u00e4glich die Anzahl an ausl\u00e4ndischen Beteiligungen oder Kapitalgebern. Kleinunternehmen unterliegen wiederum besonderen Regeln, um bei der Suche nach dem richtigen Entscheidungstr\u00e4ger keine Fehler zu machen. Jeder einzelne Kontakt auf der Zielfirmenliste muss sitzen und perfekt passen \u2013 Es gibt nur eine einzige Chance!<\/p><p>In so manchen F\u00e4llen kann man diese Arbeit nach dem richtigen Entscheidungstr\u00e4ger auch als Detektivarbeit betrachten, um auch in den entlegensten Gebieten der Erde den Richtigen zu finden. Wir haben dazu 2 voneinander unabh\u00e4ngig arbeitende, bestens ausgebildete Teams im Bereich Research und Marktanalysen , welche in Ihrer Arbeit von unseren Analysten und Marktforschern und unserem gesamten Netzwerk unterst\u00fctzt werden, sowie von den mittlerweile 10.000den gesammelten Daten in unserer eigenen Research Datenbank.\u00a0\u00a0Professioneller\u00a0Research\u00a0und Marktanalyse f\u00fcr Ihr <a href=\"https:\/\/www.gps-jobsearch.com\/de\/inverses-headhunting\/\">erfolgreiches\u00a0inverses\u00a0Headhunting<\/a>!<\/p><p>M\u00f6chten Sie wissen, wie Kunden unsere Zusammenarbeit bewerten? Lesen Sie unsere <a href=\"https:\/\/www.gps-jobsearch.com\/de\/erfahrungen-inverses-headhunting\/\">Referenzen und Erfahrungsberichte<\/a>.<\/p><\/div><\/div>\t\t\t\t\t\t\t\t<\/div>\n\t\t\t\t<\/div>\n\t\t\t\t<\/div>\n\t\t\t\t<\/div>\n\t\t\t\t<\/div>\n\t\t<div class=\"elementor-element elementor-element-278a8dc e-flex e-con-boxed e-con e-parent\" data-id=\"278a8dc\" data-element_type=\"container\" data-settings=\"{&quot;jet_parallax_layout_list&quot;:[]}\">\n\t\t\t\t\t<div class=\"e-con-inner\">\n\t\t\t\t\t<\/div>\n\t\t\t\t<\/div>\n\t\t\t\t<\/div>\n\t\t","protected":false},"excerpt":{"rendered":"<p>Grundlagen f\u00fcr Erfolg Research und Marktanalysen sind zwei der wesentlichen Kompetenzen unserer Arbeit f\u00fcr ein erfolgreiches\u00a0inverses Headhunting. Kein\u00a0Netzwerk, keine unserer Empfehlungen direkt bei einem Entscheidungstr\u00e4ger oder dergleichen wird dazu f\u00fchren, dass man Ihnen einen Vertrag auf den Tisch legt, wenn zuvor nicht entsprechende Research- und Analysearbeit geleistet wurde. Kompetenzen eines Top-Managers m\u00f6gen noch so gut [&hellip;]<\/p>\n","protected":false},"author":4,"featured_media":804,"parent":0,"menu_order":83,"comment_status":"closed","ping_status":"closed","template":"","meta":{"footnotes":""},"seiten-kategorie":[31],"class_list":["post-803","page","type-page","status-publish","has-post-thumbnail","hentry","seiten-kategorie-box-auf-startseite"],"_links":{"self":[{"href":"https:\/\/www.gps-jobsearch.com\/de\/wp-json\/wp\/v2\/pages\/803","targetHints":{"allow":["GET"]}}],"collection":[{"href":"https:\/\/www.gps-jobsearch.com\/de\/wp-json\/wp\/v2\/pages"}],"about":[{"href":"https:\/\/www.gps-jobsearch.com\/de\/wp-json\/wp\/v2\/types\/page"}],"author":[{"embeddable":true,"href":"https:\/\/www.gps-jobsearch.com\/de\/wp-json\/wp\/v2\/users\/4"}],"replies":[{"embeddable":true,"href":"https:\/\/www.gps-jobsearch.com\/de\/wp-json\/wp\/v2\/comments?post=803"}],"version-history":[{"count":84,"href":"https:\/\/www.gps-jobsearch.com\/de\/wp-json\/wp\/v2\/pages\/803\/revisions"}],"predecessor-version":[{"id":7188,"href":"https:\/\/www.gps-jobsearch.com\/de\/wp-json\/wp\/v2\/pages\/803\/revisions\/7188"}],"wp:featuredmedia":[{"embeddable":true,"href":"https:\/\/www.gps-jobsearch.com\/de\/wp-json\/wp\/v2\/media\/804"}],"wp:attachment":[{"href":"https:\/\/www.gps-jobsearch.com\/de\/wp-json\/wp\/v2\/media?parent=803"}],"wp:term":[{"taxonomy":"seiten-kategorie","embeddable":true,"href":"https:\/\/www.gps-jobsearch.com\/de\/wp-json\/wp\/v2\/seiten-kategorie?post=803"}],"curies":[{"name":"wp","href":"https:\/\/api.w.org\/{rel}","templated":true}]}}