{"id":5567,"date":"2025-05-05T04:50:23","date_gmt":"2025-05-05T04:50:23","guid":{"rendered":"https:\/\/www.gps-jobsearch.com\/?page_id=5567"},"modified":"2025-05-05T06:52:14","modified_gmt":"2025-05-05T06:52:14","slug":"outplacement-in-frankfurt","status":"publish","type":"page","link":"https:\/\/www.gps-jobsearch.com\/de\/outplacement-in-frankfurt\/","title":{"rendered":"Outplacement in Frankfurt"},"content":{"rendered":"\t\t<div data-elementor-type=\"wp-page\" data-elementor-id=\"5567\" class=\"elementor elementor-5567\" data-elementor-post-type=\"page\">\n\t\t\t\t<div class=\"elementor-element elementor-element-a4c0c46 e-flex e-con-boxed e-con e-parent\" data-id=\"a4c0c46\" data-element_type=\"container\" data-settings=\"{&quot;jet_parallax_layout_list&quot;:[]}\">\n\t\t\t\t\t<div class=\"e-con-inner\">\n\t\t\t\t<div class=\"elementor-element elementor-element-6d4c560 elementor-widget elementor-widget-heading\" data-id=\"6d4c560\" data-element_type=\"widget\" data-widget_type=\"heading.default\">\n\t\t\t\t<div class=\"elementor-widget-container\">\n\t\t\t\t\t<h1 class=\"elementor-heading-title elementor-size-default\">Outplacement mit Mehwert: gps-jobsearch in Frankfurt<\/h1>\t\t\t\t<\/div>\n\t\t\t\t<\/div>\n\t\t\t\t<div class=\"elementor-element elementor-element-d81d4a0 elementor-widget elementor-widget-heading\" data-id=\"d81d4a0\" data-element_type=\"widget\" data-widget_type=\"heading.default\">\n\t\t\t\t<div class=\"elementor-widget-container\">\n\t\t\t\t\t<h5 class=\"elementor-heading-title elementor-size-default\">Erfolgreicher als Outplacement: Inverses Headhunting mit gps-jobsearch<\/h5>\t\t\t\t<\/div>\n\t\t\t\t<\/div>\n\t\t\t\t\t<\/div>\n\t\t\t\t<\/div>\n\t\t<div class=\"elementor-element elementor-element-87c06dd e-flex e-con-boxed e-con e-parent\" data-id=\"87c06dd\" data-element_type=\"container\" data-settings=\"{&quot;jet_parallax_layout_list&quot;:[]}\">\n\t\t\t\t\t<div class=\"e-con-inner\">\n\t\t<div class=\"elementor-element elementor-element-d32efdc e-con-full e-flex e-con e-child\" data-id=\"d32efdc\" data-element_type=\"container\" data-settings=\"{&quot;jet_parallax_layout_list&quot;:[]}\">\n\t\t\t\t<div class=\"elementor-element elementor-element-d1cd8a1 elementor-widget elementor-widget-text-editor\" data-id=\"d1cd8a1\" data-element_type=\"widget\" data-widget_type=\"text-editor.default\">\n\t\t\t\t<div class=\"elementor-widget-container\">\n\t\t\t\t\t\t\t\t\t<p>Sie sind F\u00fchrungskraft und machen aufgrund \u00e4u\u00dferer Umst\u00e4nde eine berufliche \u00c4nderung durch? Sie m\u00f6chten das Unternehmen wechseln und ziehen dabei Outplacement in Frankfurt in Betracht? Mit inversem Headhunting von gps-jobsearch gehen Sie sogar noch einen Schritt weiter! Die Services von gps-jobsearch beginnen dort, wo klassische\u00a0<a href=\"https:\/\/www.gps-jobsearch.com\/de\/outplacement-newplacement\/\" target=\"_blank\" rel=\"noopener\">Outplacement-Beratung<\/a>\u00a0aufh\u00f6rt: beim tats\u00e4chlichen Suchen, Finden und Besetzen von Top-Managementpositionen.<\/p><h2><strong>Mit gps-jobsearch und \u201eOutplacement plus\u201c zum Management-Posten in Frankfurt<\/strong><\/h2><p>Reines Outplacement hilft dabei, sich der eigenen St\u00e4rken (und auch Schw\u00e4chen) bewusst zu werden, Bewerbungsunterlagen werden qualitativ durchaus unterschiedlich \u201eaufgearbeitet\u201c und der Bewerber bekommt Zugang zu einer Datenbank. Das allein bringt Ihnen jedoch keine neue Managementposition! Vertrauen Sie auf <a href=\"https:\/\/www.gps-jobsearch.com\/de\/\" target=\"_blank\" rel=\"noopener\">gps-jobsearch<\/a> \u2013 denn wir setzen dort an, wo klassisches Outplacement in Frankfurt endet.<\/p><p>gps-jobsearch bietet kein klassisches Outplacement in Frankfurt, sondern sucht gezielt Ihre neue Managementposition im <a href=\"https:\/\/www.gps-jobsearch.com\/de\/verdeckter-stellenmarkt\/\" target=\"_blank\" rel=\"noopener\">verdeckten Stellenmarkt<\/a>. Wir begleiten Sie vom Erstgespr\u00e4ch bis hin zum Vertragsabschluss auf Ihrem Weg zum Erfolg. Unsere Erfahrungen sprechen f\u00fcr sich \u2013 und f\u00fcr uns.<\/p><p>Der gro\u00dfe Trumpf von gps-jobsearch ist unser <a href=\"https:\/\/www.gps-jobsearch.com\/de\/erfahrung-inverses-headhunting\/\" target=\"_blank\" rel=\"noopener\">gro\u00dfes Netzwerk<\/a>, \u00fcber das wir es schaffen, den verdeckten Stellenmarkt zu bedienen. Gerade Positionen in h\u00f6heren und h\u00f6chsten Kompetenzebenen finden selten ihren Weg in den klassischen Stellenmarkt. Mit unserem Service, der weit \u00fcber das Leistungsspektrum von klassischem Outplacement in Frankfurt hinausgeht, vermitteln wir treffsicher und direkt Top-Positionen an geeignete Kandidaten.<\/p><h2>Frankfurt am Main &#8211; Top-Standort f\u00fcr Top-Jobs<\/h2><p>Frankfurt am Main ist eines der wichtigsten internationalen Finanzzentren. Die europ\u00e4ische Zentralbank hat hier ihren Sitz. Dar\u00fcber hinaus ist die Metropole am Main auch wichtiger Dienstleistungs- und Messestandort. Zahlreiche international operierende Konzerne haben in Frankfurt am Main ihre Zentrale. Hier eine kleine Auswahl bekannter Unternehmen:<\/p><ul><li><a href=\"https:\/\/www.bahn.de\/\" target=\"_blank\" rel=\"noopener\">Deutsche Bahn<\/a><\/li><li><a href=\"https:\/\/www.deutsche-bank.de\/pk.html\" target=\"_blank\" rel=\"noopener\">Deutsche Bank<\/a><\/li><li><a href=\"https:\/\/www.commerzbank.de\/\" target=\"_blank\" rel=\"noopener\">Commerzbank<\/a><\/li><li><a href=\"https:\/\/www.bilfinger.com\/en\/\" target=\"_blank\" rel=\"noopener\">Bilfinger Berger<\/a><\/li><li><a href=\"https:\/\/www.deutsche-boerse.com\/dbg-de\/\" target=\"_blank\" rel=\"noopener\">Deutsche B\u00f6rse AG<\/a><\/li><\/ul><h2>Sie interessieren sich f\u00fcr unsere Leistungen?<\/h2><p>Greifen Sie zum H\u00f6rer und rufen Sie uns an! Gerne erl\u00e4utern wir Ihnen telefonisch die Inhalte und Abl\u00e4ufe unseres Service f\u00fcr inverses Headhunting in Frankfurt.<\/p>\t\t\t\t\t\t\t\t<\/div>\n\t\t\t\t<\/div>\n\t\t\t\t<\/div>\n\t\t<div class=\"elementor-element elementor-element-0da328b e-con-full e-flex e-con e-child\" data-id=\"0da328b\" data-element_type=\"container\" data-settings=\"{&quot;jet_parallax_layout_list&quot;:[]}\">\n\t\t\t\t<div class=\"elementor-element elementor-element-2b10afc elementor-widget elementor-widget-image\" data-id=\"2b10afc\" data-element_type=\"widget\" data-widget_type=\"image.default\">\n\t\t\t\t<div class=\"elementor-widget-container\">\n\t\t\t\t\t\t\t\t\t\t\t\t\t\t\t<img fetchpriority=\"high\" decoding=\"async\" width=\"800\" height=\"534\" src=\"https:\/\/www.gps-jobsearch.com\/wp-content\/uploads\/2025\/05\/la-facetta-1029740_1920-1.jpg\" class=\"attachment-large size-large wp-image-5569\" alt=\"Outplacement &quot;Plus&quot; Frankfurt\" srcset=\"https:\/\/www.gps-jobsearch.com\/wp-content\/uploads\/2025\/05\/la-facetta-1029740_1920-1.jpg 950w, https:\/\/www.gps-jobsearch.com\/wp-content\/uploads\/2025\/05\/la-facetta-1029740_1920-1-300x200.jpg 300w, https:\/\/www.gps-jobsearch.com\/wp-content\/uploads\/2025\/05\/la-facetta-1029740_1920-1-768x513.jpg 768w\" sizes=\"(max-width: 800px) 100vw, 800px\" \/>\t\t\t\t\t\t\t\t\t\t\t\t\t\t\t<\/div>\n\t\t\t\t<\/div>\n\t\t\t\t<div class=\"elementor-element elementor-element-77d3cd9 elementor-widget elementor-widget-text-editor\" data-id=\"77d3cd9\" data-element_type=\"widget\" data-widget_type=\"text-editor.default\">\n\t\t\t\t<div class=\"elementor-widget-container\">\n\t\t\t\t\t\t\t\t\t<h2><strong>So funktioniert \u201eOutplacement plus\u201c in Frankfurt<\/strong><\/h2><p>Der Prozess von gps-jobsearch gestaltet sich folgenderma\u00dfen: Nach einem Telefongespr\u00e4ch, bei dem wir abkl\u00e4ren, ob unsere Leistungen zu Ihrem Profil passen, laden wir Sie gerne zu einem Erstgespr\u00e4ch, das je nach Ihrem geografischen Aufenthaltsort etwa per Skype durchgef\u00fchrt werden kann. In die konkrete Zusammenarbeit treten wir mit unserem Strategie- und\u00a0Positionierungsmeeting ein.\u00a0Kunden aus\u00a0Frankfurt m\u00fcssen daf\u00fcr keine lange Anreise einplanen \u2013 gps-jobsearch steht auch vor Ort zu Verf\u00fcgung.<\/p><p>Gerne empfehlen wir Ihnen f\u00fcr unsere Beratungsgespr\u00e4che einen Treffpunkt in Ihrer N\u00e4he! In Frankfurt schlagen wir etwa den folgenden vor:<\/p><p><strong>Maritim Hotel Frankfurt<\/strong><br \/><strong>Theodor-Heuss-Allee 3<\/strong><br \/><strong>60486 Frankfurt am Main<\/strong><\/p><h2>Outplacement nicht nur in Frankfurt<\/h2><p>Sie sind noch nicht in Frankfurt, aber auf der Suche nach einem Top-Job in Frankfurt? Wir bieten unsere Leistung im gesamten deutschsprachigen Raum an. Wir kommen zu Ihnen und besprechen direkt, wie Sie mit inversem Headhunting Ihren gew\u00fcnschten Managementjob in Frankfurt erlangen k\u00f6nnen.<\/p><p>Hier eine kleine Auswahl an Standorten, die gps-jobsearch abdeckt:<\/p><ul><li><a href=\"https:\/\/www.gps-jobsearch.com\/de\/outplacement-in-berlin\/\" target=\"_blank\" rel=\"noopener\">Outplacement Berlin<\/a><\/li><li><a href=\"https:\/\/www.gps-jobsearch.com\/de\/outplacement-in-linz\/\" target=\"_blank\" rel=\"noopener\">Outplacement Linz<\/a><\/li><li><a href=\"https:\/\/www.gps-jobsearch.com\/de\/outplacement-in-frankfurt\/\" target=\"_blank\" rel=\"noopener\">Outplacement\u00a0Frankfurt<\/a><\/li><li><a href=\"https:\/\/www.gps-jobsearch.com\/de\/outplacement-in-zuerich\/\" target=\"_blank\" rel=\"noopener\">Outplacement Z\u00fcrich<\/a><\/li><li><a href=\"https:\/\/www.gps-jobsearch.com\/de\/outplacement-in-stuttgart\/\" target=\"_blank\" rel=\"noopener\">Outplacement\u00a0Stuttgart<\/a><\/li><li><a href=\"https:\/\/www.gps-jobsearch.com\/de\/outplacement-in-oesterreich\/\" target=\"_blank\" rel=\"noopener\">Outplacement \u00d6sterreich<\/a><\/li><li><a href=\"https:\/\/www.gps-jobsearch.com\/de\/outplacement-in-deutschland\/\" target=\"_blank\" rel=\"noopener\">Outplacement Deutschland<\/a><\/li><li><a href=\"https:\/\/www.gps-jobsearch.com\/de\/outplacement-in-der-schweiz\/\" target=\"_blank\" rel=\"noopener\">Outplacement in der Schweiz<\/a><\/li><\/ul><p>Team und Netzwerk von gps-jobsearch sind der starke Partner f\u00fcr \u201emehr als Outplacement\u201c in Ihrer N\u00e4he. Lassen Sie sich auch in Frankfurt beim n\u00e4chsten Schritt auf der Karriereleiter von uns unterst\u00fctzen. <a href=\"https:\/\/www.gps-jobsearch.com\/de\/kontakt\/\" target=\"_blank\" rel=\"noopener\">Lassen Sie uns \u00fcber Ihre Zukunft reden!<\/a>\u00a0<\/p><p><strong>Wir freuen uns auf Ihre Kontaktaufnahme!<\/strong><\/p>\t\t\t\t\t\t\t\t<\/div>\n\t\t\t\t<\/div>\n\t\t\t\t<\/div>\n\t\t\t\t\t<\/div>\n\t\t\t\t<\/div>\n\t\t<div class=\"elementor-element elementor-element-02813a0 e-flex e-con-boxed e-con e-parent\" data-id=\"02813a0\" data-element_type=\"container\" data-settings=\"{&quot;jet_parallax_layout_list&quot;:[]}\">\n\t\t\t\t\t<div class=\"e-con-inner\">\n\t\t\t\t<div class=\"elementor-element elementor-element-e20f570 elementor-widget elementor-widget-video\" data-id=\"e20f570\" data-element_type=\"widget\" data-settings=\"{&quot;youtube_url&quot;:&quot;https:\\\/\\\/www.youtube.com\\\/embed\\\/5W8JJ0OwTdo?autoplay=0&amp;hl=de&amp;controls=0&amp;disablekb=1&amp;playsinline=1&amp;cc_load_policy=0&amp;cc_lang_pref=auto&amp;widget_referrer=https%3A%2F%2Falt.gps-jobsearch.com%2Fde%2Foutplacement-beratung&amp;rel=0&amp;showinfo=0&amp;iv_load_policy=3&amp;modestbranding=1&amp;customControls=true&amp;noCookie=false&amp;enablejsapi=1&amp;origin=https%3A%2F%2Falt.gps-jobsearch.com&amp;widgetid=1&quot;,&quot;video_type&quot;:&quot;youtube&quot;,&quot;controls&quot;:&quot;yes&quot;}\" data-widget_type=\"video.default\">\n\t\t\t\t<div class=\"elementor-widget-container\">\n\t\t\t\t\t\t\t<div class=\"elementor-wrapper elementor-open-inline\">\n\t\t\t<div class=\"elementor-video\"><\/div>\t\t<\/div>\n\t\t\t\t\t\t<\/div>\n\t\t\t\t<\/div>\n\t\t\t\t\t<\/div>\n\t\t\t\t<\/div>\n\t\t<div class=\"elementor-element elementor-element-fce1545 e-flex e-con-boxed e-con e-parent\" data-id=\"fce1545\" data-element_type=\"container\" data-settings=\"{&quot;jet_parallax_layout_list&quot;:[]}\">\n\t\t\t\t\t<div class=\"e-con-inner\">\n\t\t<div class=\"elementor-element elementor-element-81294b8 e-con-full e-flex e-con e-child\" data-id=\"81294b8\" data-element_type=\"container\" data-settings=\"{&quot;jet_parallax_layout_list&quot;:[]}\">\n\t\t\t\t<div class=\"elementor-element elementor-element-59647fc elementor-testimonial--skin-default elementor-testimonial--layout-image_inline elementor-testimonial--align-center elementor-arrows-yes elementor-pagination-type-bullets elementor-widget elementor-widget-testimonial-carousel\" data-id=\"59647fc\" data-element_type=\"widget\" data-settings=\"{&quot;show_arrows&quot;:&quot;yes&quot;,&quot;pagination&quot;:&quot;bullets&quot;,&quot;speed&quot;:500,&quot;autoplay&quot;:&quot;yes&quot;,&quot;autoplay_speed&quot;:5000,&quot;loop&quot;:&quot;yes&quot;,&quot;pause_on_hover&quot;:&quot;yes&quot;,&quot;pause_on_interaction&quot;:&quot;yes&quot;,&quot;space_between&quot;:{&quot;unit&quot;:&quot;px&quot;,&quot;size&quot;:10,&quot;sizes&quot;:[]},&quot;space_between_widescreen&quot;:{&quot;unit&quot;:&quot;px&quot;,&quot;size&quot;:10,&quot;sizes&quot;:[]},&quot;space_between_tablet&quot;:{&quot;unit&quot;:&quot;px&quot;,&quot;size&quot;:10,&quot;sizes&quot;:[]},&quot;space_between_mobile&quot;:{&quot;unit&quot;:&quot;px&quot;,&quot;size&quot;:10,&quot;sizes&quot;:[]}}\" data-widget_type=\"testimonial-carousel.default\">\n\t\t\t\t<div class=\"elementor-widget-container\">\n\t\t\t\t\t\t\t\t\t<div class=\"elementor-swiper\">\n\t\t\t\t\t<div class=\"elementor-main-swiper swiper\" role=\"region\" aria-roledescription=\"carousel\" aria-label=\"Slides\">\n\t\t\t\t<div class=\"swiper-wrapper\">\n\t\t\t\t\t\t\t\t\t\t\t<div class=\"swiper-slide\" role=\"group\" aria-roledescription=\"slide\">\n\t\t\t\t\t\t\t\t\t<div class=\"elementor-testimonial\">\n\t\t\t\t\t\t\t<div class=\"elementor-testimonial__content\">\n\t\t\t\t\t<div class=\"elementor-testimonial__text\">\n\t\t\t\t\t\t\n\t\t\t\t\t\tDas Konzept und der von Ihnen beschriebene gps-jobsearch Prozess hatte mich sehr angesprochen, auch nach einem Vergleich mit Ihren Mitbewerbern. Insbesondere Ihr Praxisbezug und Ihr Netzwerk schienen mir erfolgversprechend. Deshalb hatte ich mich schlussendlich f\u00fcr gps-jobsearch entscheiden. Das Strategiemeeting, das Erstellen der Unterlagen, die Trainings zum eigenen Auftritt bei potentiellen Arbeitgebern sowie Ihre Netzwerkarbeit erwiesen sich dann als sehr hilfreich und zielf\u00fchrend. Die gps-Bewerbungen erbrachten etliche Bewerbungsgespr\u00e4che, die schlussendlich zum Erfolg f\u00fchrten. Meinen heutigen Vertrag habe ich gps-jobsearch zu verdanken! Vielen Dank f\u00fcr Ihre professionelle Unterst\u00fctzung in den vergangenen Wochen.\t\t\t\t\t\t\t\t\t\t<\/div>\n\t\t\t\t\t\t\t\t\t<\/div>\n\t\t\t\t\t\t<div class=\"elementor-testimonial__footer\">\n\t\t\t\t\t\t\t\t<cite class=\"elementor-testimonial__cite\"><span class=\"elementor-testimonial__name\">O.R., 53 Jahre, COO in einem Unternehmen in Bayern (D) <\/span><\/cite>\t\t\t<\/div>\n\t\t<\/div>\n\t\t\t\t\t\t\t\t<\/div>\n\t\t\t\t\t\t\t\t\t\t\t<div class=\"swiper-slide\" role=\"group\" aria-roledescription=\"slide\">\n\t\t\t\t\t\t\t\t\t<div class=\"elementor-testimonial\">\n\t\t\t\t\t\t\t<div class=\"elementor-testimonial__content\">\n\t\t\t\t\t<div class=\"elementor-testimonial__text\">\n\t\t\t\t\t\t\n\t\t\t\t\t\tIch werde nun schon nach ca. drei Monaten eine neue Besch\u00e4ftigung beginnen. [...] Sie haben mich in einer schweren Phase wieder aufgebaut und mir den eigenen Wert wieder deutlich gemacht. [...] Vielen Dank f\u00fcr Ihre offene und ehrliche Unterst\u00fctzung in dieser Zeit. Sie haben mir sehr geholfen, einen f\u00fcr mich positiven Abschluss dieser Lebenssituation zu finden.\t\t\t\t\t\t\t\t\t\t<\/div>\n\t\t\t\t\t\t\t\t\t<\/div>\n\t\t\t\t\t\t<div class=\"elementor-testimonial__footer\">\n\t\t\t\t\t\t\t\t<cite class=\"elementor-testimonial__cite\"><span class=\"elementor-testimonial__name\"> T. S., CEO in einem Unternehmen in NRW (D) <\/span><\/cite>\t\t\t<\/div>\n\t\t<\/div>\n\t\t\t\t\t\t\t\t<\/div>\n\t\t\t\t\t\t\t\t\t\t\t<div class=\"swiper-slide\" role=\"group\" aria-roledescription=\"slide\">\n\t\t\t\t\t\t\t\t\t<div class=\"elementor-testimonial\">\n\t\t\t\t\t\t\t<div class=\"elementor-testimonial__content\">\n\t\t\t\t\t<div class=\"elementor-testimonial__text\">\n\t\t\t\t\t\tAn dieser Stelle meinen herzlichen Dank f\u00fcr das von Ihnen erzielte  Ergebnis und die w\u00e4hrend des gesamten Prozesses hervorragende und h\u00f6chst  professionelle Unterst\u00fctzung.\t\t\t\t\t\t\t\t\t\t<\/div>\n\t\t\t\t\t\t\t\t\t<\/div>\n\t\t\t\t\t\t<div class=\"elementor-testimonial__footer\">\n\t\t\t\t\t\t\t\t<cite class=\"elementor-testimonial__cite\"><span class=\"elementor-testimonial__name\"> H. N., 46 Jahre, Vorstand in einem Unternehmen in Hessen (D) <\/span><\/cite>\t\t\t<\/div>\n\t\t<\/div>\n\t\t\t\t\t\t\t\t<\/div>\n\t\t\t\t\t\t\t\t\t<\/div>\n\t\t\t\t\t\t\t\t\t\t\t\t\t\t\t<div class=\"elementor-swiper-button elementor-swiper-button-prev\" role=\"button\" tabindex=\"0\" aria-label=\"Voriger\">\n\t\t\t\t\t\t\t<svg aria-hidden=\"true\" class=\"e-font-icon-svg e-eicon-chevron-left\" viewBox=\"0 0 1000 1000\" xmlns=\"http:\/\/www.w3.org\/2000\/svg\"><path d=\"M646 125C629 125 613 133 604 142L308 442C296 454 292 471 292 487 292 504 296 521 308 533L604 854C617 867 629 875 646 875 663 875 679 871 692 858 704 846 713 829 713 812 713 796 708 779 692 767L438 487 692 225C700 217 708 204 708 187 708 171 704 154 692 142 675 129 663 125 646 125Z\"><\/path><\/svg>\t\t\t\t\t\t<\/div>\n\t\t\t\t\t\t<div class=\"elementor-swiper-button elementor-swiper-button-next\" role=\"button\" tabindex=\"0\" aria-label=\"N\u00e4chster\">\n\t\t\t\t\t\t\t<svg aria-hidden=\"true\" class=\"e-font-icon-svg e-eicon-chevron-right\" viewBox=\"0 0 1000 1000\" xmlns=\"http:\/\/www.w3.org\/2000\/svg\"><path d=\"M696 533C708 521 713 504 713 487 713 471 708 454 696 446L400 146C388 133 375 125 354 125 338 125 325 129 313 142 300 154 292 171 292 187 292 204 296 221 308 233L563 492 304 771C292 783 288 800 288 817 288 833 296 850 308 863 321 871 338 875 354 875 371 875 388 867 400 854L696 533Z\"><\/path><\/svg>\t\t\t\t\t\t<\/div>\n\t\t\t\t\t\t\t\t\t\t\t\t\t\t\t\t<div class=\"swiper-pagination\"><\/div>\n\t\t\t\t\t\t\t\t\t\t\t\t<\/div>\n\t\t\t\t<\/div>\n\t\t\t\t\t\t\t\t<\/div>\n\t\t\t\t<\/div>\n\t\t\t\t<\/div>\n\t\t\t\t\t<\/div>\n\t\t\t\t<\/div>\n\t\t\t\t<\/div>\n\t\t","protected":false},"excerpt":{"rendered":"<p>Outplacement mit Mehwert: gps-jobsearch in Frankfurt Erfolgreicher als Outplacement: Inverses Headhunting mit gps-jobsearch Sie sind F\u00fchrungskraft und machen aufgrund \u00e4u\u00dferer Umst\u00e4nde eine berufliche \u00c4nderung durch? Sie m\u00f6chten das Unternehmen wechseln und ziehen dabei Outplacement in Frankfurt in Betracht? Mit inversem Headhunting von gps-jobsearch gehen Sie sogar noch einen Schritt weiter! Die Services von gps-jobsearch beginnen [&hellip;]<\/p>\n","protected":false},"author":5,"featured_media":0,"parent":0,"menu_order":18,"comment_status":"closed","ping_status":"closed","template":"","meta":{"footnotes":""},"seiten-kategorie":[],"class_list":["post-5567","page","type-page","status-publish","hentry"],"_links":{"self":[{"href":"https:\/\/www.gps-jobsearch.com\/de\/wp-json\/wp\/v2\/pages\/5567","targetHints":{"allow":["GET"]}}],"collection":[{"href":"https:\/\/www.gps-jobsearch.com\/de\/wp-json\/wp\/v2\/pages"}],"about":[{"href":"https:\/\/www.gps-jobsearch.com\/de\/wp-json\/wp\/v2\/types\/page"}],"author":[{"embeddable":true,"href":"https:\/\/www.gps-jobsearch.com\/de\/wp-json\/wp\/v2\/users\/5"}],"replies":[{"embeddable":true,"href":"https:\/\/www.gps-jobsearch.com\/de\/wp-json\/wp\/v2\/comments?post=5567"}],"version-history":[{"count":13,"href":"https:\/\/www.gps-jobsearch.com\/de\/wp-json\/wp\/v2\/pages\/5567\/revisions"}],"predecessor-version":[{"id":5684,"href":"https:\/\/www.gps-jobsearch.com\/de\/wp-json\/wp\/v2\/pages\/5567\/revisions\/5684"}],"wp:attachment":[{"href":"https:\/\/www.gps-jobsearch.com\/de\/wp-json\/wp\/v2\/media?parent=5567"}],"wp:term":[{"taxonomy":"seiten-kategorie","embeddable":true,"href":"https:\/\/www.gps-jobsearch.com\/de\/wp-json\/wp\/v2\/seiten-kategorie?post=5567"}],"curies":[{"name":"wp","href":"https:\/\/api.w.org\/{rel}","templated":true}]}}