{"id":5555,"date":"2025-05-05T05:12:37","date_gmt":"2025-05-05T05:12:37","guid":{"rendered":"https:\/\/www.gps-jobsearch.com\/?page_id=5555"},"modified":"2025-05-05T06:51:20","modified_gmt":"2025-05-05T06:51:20","slug":"outplacement-in-berlin","status":"publish","type":"page","link":"https:\/\/www.gps-jobsearch.com\/de\/outplacement-in-berlin\/","title":{"rendered":"Outplacement in Berlin"},"content":{"rendered":"\t\t<div data-elementor-type=\"wp-page\" data-elementor-id=\"5555\" class=\"elementor elementor-5555\" data-elementor-post-type=\"page\">\n\t\t\t\t<div class=\"elementor-element elementor-element-a4c0c46 e-flex e-con-boxed e-con e-parent\" data-id=\"a4c0c46\" data-element_type=\"container\" data-settings=\"{&quot;jet_parallax_layout_list&quot;:[]}\">\n\t\t\t\t\t<div class=\"e-con-inner\">\n\t\t\t\t<div class=\"elementor-element elementor-element-6d4c560 elementor-widget elementor-widget-heading\" data-id=\"6d4c560\" data-element_type=\"widget\" data-widget_type=\"heading.default\">\n\t\t\t\t<div class=\"elementor-widget-container\">\n\t\t\t\t\t<h1 class=\"elementor-heading-title elementor-size-default\">Mehr als Outplacement in Berlin<\/h1>\t\t\t\t<\/div>\n\t\t\t\t<\/div>\n\t\t\t\t<div class=\"elementor-element elementor-element-d81d4a0 elementor-widget elementor-widget-heading\" data-id=\"d81d4a0\" data-element_type=\"widget\" data-widget_type=\"heading.default\">\n\t\t\t\t<div class=\"elementor-widget-container\">\n\t\t\t\t\t<h5 class=\"elementor-heading-title elementor-size-default\">gps-jobsearch: Top-Manager und die, die es werden wollen<\/h5>\t\t\t\t<\/div>\n\t\t\t\t<\/div>\n\t\t\t\t\t<\/div>\n\t\t\t\t<\/div>\n\t\t<div class=\"elementor-element elementor-element-87c06dd e-flex e-con-boxed e-con e-parent\" data-id=\"87c06dd\" data-element_type=\"container\" data-settings=\"{&quot;jet_parallax_layout_list&quot;:[]}\">\n\t\t\t\t\t<div class=\"e-con-inner\">\n\t\t<div class=\"elementor-element elementor-element-d32efdc e-con-full e-flex e-con e-child\" data-id=\"d32efdc\" data-element_type=\"container\" data-settings=\"{&quot;jet_parallax_layout_list&quot;:[]}\">\n\t\t\t\t<div class=\"elementor-element elementor-element-d1cd8a1 elementor-widget elementor-widget-text-editor\" data-id=\"d1cd8a1\" data-element_type=\"widget\" data-widget_type=\"text-editor.default\">\n\t\t\t\t<div class=\"elementor-widget-container\">\n\t\t\t\t\t\t\t\t\t<p>Sie sind als F\u00fchrungskraft auf der Suche nach neuen beruflichen Aufgaben? Sie interessieren sich dabei aufgrund eines Unternehmenswechsels f\u00fcr die M\u00f6glichkeiten eines <a href=\"https:\/\/www.gps-jobsearch.com\/de\/outplacement-newplacement\/\" target=\"_blank\" rel=\"noopener\">Outplacements<\/a> in Berlin? Mit inversem Headhunting von gps-jobsearch gehen Sie sogar noch einen Schritt weiter. Team und Netzwerk von gps-jobsearch beginnen dort zu arbeiten, wo klassische\u00a0Outplacement-Beratung\u00a0aufh\u00f6rt: beim tats\u00e4chlichen Suchen, Finden und Besetzen von Top-Managementpositionen.<\/p><h2>Outplacement war gestern:\u00a0 Inverses Headhunting in Berlin<\/h2><p>Manager, Vorst\u00e4nde und F\u00fchrungskr\u00e4fte mit einem Gehalt \u00fcber 150 T\u20ac wissen, was Sie wollen und k\u00f6nnen! Suchen Sie f\u00fcr Ihren Neubeginn in einer ad\u00e4quaten F\u00fchrungsposition daher keine gew\u00f6hnlichen Outplacement-Services, sondern einen kompetenten Partner, der in Ihrem Interesse handelt! Mit gps-jobsearch haben Sie genau diesen Partner in Berlin gefunden. gps-jobsearch bietet kein klassisches Outplacement in Berlin, sondern sucht gezielt Ihre neue Managementposition im verdeckten Stellenmarkt. Wir begleiten Sie vom Erstgespr\u00e4ch bis hin zum Vertragsabschluss auf Ihrem Weg zum Erfolg. Unsere Erfahrungen sprechen f\u00fcr sich \u2013 und f\u00fcr uns.<\/p><p>Das gro\u00dfe Plus von gps-jobsearch ist unser <a href=\"https:\/\/www.gps-jobsearch.com\/de\/erfahrung-inverses-headhunting\/\" target=\"_blank\" rel=\"noopener\">gro\u00dfes Netzwerk<\/a>, \u00fcber das wir es schaffen, den <a href=\"https:\/\/www.gps-jobsearch.com\/de\/verdeckter-stellenmarkt\/\" target=\"_blank\" rel=\"noopener\">verdeckten Stellenmarkt<\/a> zu bedienen. Gerade Positionen auf Top-Managementebene\u00a0finden selten ihren Weg in den klassischen Stellenmarkt. Mit unserem Service, der weit \u00fcber das Leistungsspektrum von klassischem Outplacement in Berlin hinausgeht, finden wir treffsicher und direkt Managementpositionen f\u00fcr unsere\u00a0Kandidaten.<\/p><h2>Outplacement weiter gedacht: Zeit sparen mit inversem Headhunting\u00a0in Berlin<\/h2><p>Die Erfolge sprechen dabei f\u00fcr sich: Im Gegensatz zu klassischem Outplacement f\u00fchren unsere Kunden schon innerhalb 4 bis 6 Wochen rund 10 bis 15 Gespr\u00e4che, aus denen 2 bis 3 oder sogar mehr Vertragsangebote resultieren. Warum also bei der Jobsuche abwarten? Das Netzwerk von gps-jobsearch ist hierzu der starke Partner an Ihrer Seite \u2013 auch direkt in Berlin.<\/p><p>Mit inversem Headhunting in Berlin sparen Sie\u00a0wertvolle Zeit.<\/p><h2>Berlin &#8211; Top-Jobs in der Hauptstadt und dar\u00fcber hinaus<\/h2><p>Berlin ist die\u00a0bev\u00f6lkerungsreichste\u00a0und fl\u00e4chengr\u00f6\u00dfte\u00a0Gemeinde\u00a0Deutschlands. Bedeutende Wirtschaftszweige in Berlin sind unter anderem der\u00a0Tourismus, die\u00a0Kreativ- und Kulturwirtschaft, die\u00a0Biotechnologie und Gesundheitswirtschaft\u00a0mit Medizintechnik und pharmazeutischer Industrie, die Informations- und Kommunikationstechnologien, die Bau- und Immobilienwirtschaft, der Handel, die Optoelektronik, die Energietechnik sowie die\u00a0Messe- und Kongresswirtschaft. Berlin z\u00e4hlt zu den aufstrebenden, internationalen Zentren f\u00fcr innovative\u00a0Unternehmensgr\u00fcnder.\u00a0Hier eine kleine Auswahl der bekannter Berliner Unternehmen:<\/p><ul><li><a href=\"https:\/\/www.siemens.com\/de\/de.html\" target=\"_blank\" rel=\"noopener\">Siemens AG<\/a><\/li><li><a href=\"https:\/\/en.dussmanngroup.com\/\" target=\"_blank\" rel=\"noopener\">Dussmann Stiftung &amp; Co. KGaA<\/a><\/li><li><a href=\"https:\/\/www.bahn.de\/\" target=\"_blank\" rel=\"noopener\">Deutsche Bahn AG<\/a><\/li><li><a href=\"https:\/\/www.alba.info\/\" target=\"_blank\" rel=\"noopener\">ALBA Group plc &amp; Co. KG<\/a><\/li><li><a href=\"https:\/\/www.axelspringer.com\/de\/\" target=\"_blank\" rel=\"noopener\">Axel Springer SE<\/a><\/li><\/ul><p>Durch die hohe Unternehmensdichte bietet die Hauptstadt eine gro\u00dfe Anzahl an F\u00fchrungspositionen.<\/p>\t\t\t\t\t\t\t\t<\/div>\n\t\t\t\t<\/div>\n\t\t\t\t<\/div>\n\t\t<div class=\"elementor-element elementor-element-0da328b e-con-full e-flex e-con e-child\" data-id=\"0da328b\" data-element_type=\"container\" data-settings=\"{&quot;jet_parallax_layout_list&quot;:[]}\">\n\t\t\t\t<div class=\"elementor-element elementor-element-2b10afc elementor-widget elementor-widget-image\" data-id=\"2b10afc\" data-element_type=\"widget\" data-widget_type=\"image.default\">\n\t\t\t\t<div class=\"elementor-widget-container\">\n\t\t\t\t\t\t\t\t\t\t\t\t\t\t\t<img fetchpriority=\"high\" decoding=\"async\" width=\"800\" height=\"531\" src=\"https:\/\/www.gps-jobsearch.com\/wp-content\/uploads\/2025\/04\/andre_berlin-2424516_1280-1-1024x680.jpg\" class=\"attachment-large size-large wp-image-5037\" alt=\"\" srcset=\"https:\/\/www.gps-jobsearch.com\/wp-content\/uploads\/2025\/04\/andre_berlin-2424516_1280-1-1024x680.jpg 1024w, https:\/\/www.gps-jobsearch.com\/wp-content\/uploads\/2025\/04\/andre_berlin-2424516_1280-1-300x199.jpg 300w, https:\/\/www.gps-jobsearch.com\/wp-content\/uploads\/2025\/04\/andre_berlin-2424516_1280-1-768x510.jpg 768w, https:\/\/www.gps-jobsearch.com\/wp-content\/uploads\/2025\/04\/andre_berlin-2424516_1280-1.jpg 1280w\" sizes=\"(max-width: 800px) 100vw, 800px\">\t\t\t\t\t\t\t\t\t\t\t\t\t\t\t<\/div>\n\t\t\t\t<\/div>\n\t\t\t\t<div class=\"elementor-element elementor-element-77d3cd9 elementor-widget elementor-widget-text-editor\" data-id=\"77d3cd9\" data-element_type=\"widget\" data-widget_type=\"text-editor.default\">\n\t\t\t\t<div class=\"elementor-widget-container\">\n\t\t\t\t\t\t\t\t\t<h2>Erstkontakt f\u00fcr &#8222;Outplacement Plus&#8220; in Berlin<\/h2><p>Sie haben Interesse an unserem Ansatz des \u201eOutplacement plus\u201c? Gerne erkl\u00e4ren wir Ihnen telefonisch mehr! Rufen Sie uns einfach und unverbindlich an um abzukl\u00e4ren, ob unsere Dienstleistungen zur Ihrem Profil und Ihrer Situation passen. Im Anschluss organisieren wir gerne ein unverbindliches\u00a0Erstgespr\u00e4ch, f\u00fcr welches\u00a0Sie ca. 1 Stunde einplanen sollten. Unsere weiteren Dienstleistungen zum Thema inverses Headhunting f\u00fcr F\u00fchrungskr\u00e4fte und Manager f\u00fchren wir auch gerne in Berlin durch \u2013 verl\u00e4sslich und unkompliziert.\u00a0\u00a0<\/p><h2>Weitere Schritte f\u00fcr &#8222;Outplacement Plus&#8220; in Berlin<\/h2><p>Haben wir uns auf eine Zusammenarbeit geeinigt, starten wir in den eigentlichen Prozess unserer Dienstleistung. Gerne empfehlen wir Ihnen f\u00fcr unsere Beratungsgespr\u00e4che einen Treffpunkt in Ihrer N\u00e4he! In Berlin\u00a0schlagen wir etwa den folgenden vor:<\/p><p><strong>Sofitel Berlin Kurf\u00fcrstendamm<\/strong><br \/><strong>Augsburger Str. 41<\/strong><br \/><strong>10789 Berlin<\/strong><\/p><h2>Outplacement, das weiter geht &#8211; \u00a0nicht nur in Berlin<\/h2><p>Team und Netzwerk von gps-jobsearch sind der starke Partner f\u00fcr \u201emehr als Outplacement\u201c in Ihrer N\u00e4he. Lassen Sie sich auch in Berlin\u00a0beim n\u00e4chsten Schritt auf der Karriereleiter von uns unterst\u00fctzen. Wir freuen uns auf Ihre Kontaktaufnahme!<\/p><p>Unsere <strong>Netzwerkknotenpunkte in <\/strong><a href=\"https:\/\/www.gps-jobsearch.com\/de\/inverses-headhunting-in-berlin\/\" target=\"_blank\" rel=\"noopener\"><strong>Berlin<\/strong><\/a><strong>, <\/strong><a><strong>Basel<\/strong><\/a><strong>, <\/strong><strong>D\u00fcsseldorf<\/strong><strong>, <\/strong><a href=\"https:\/\/www.gps-jobsearch.com\/de\/inverses-headhunting-in-frankfurt\/\" target=\"_blank\" rel=\"noopener\"><strong>Frankfurt<\/strong><\/a><strong>, <\/strong><strong>Graz<\/strong><strong>, <\/strong><a href=\"https:\/\/www.gps-jobsearch.com\/de\/inverses-headhunting-in-hamburg\/\" target=\"_blank\" rel=\"noopener\"><strong>Hamburg<\/strong><\/a><strong>, <\/strong><strong>Innsbruck<\/strong><strong>, <\/strong><a href=\"https:\/\/www.gps-jobsearch.com\/de\/inverses-headhunting-munchen\/\" target=\"_blank\" rel=\"noopener\"><strong>M\u00fcnchen<\/strong><\/a><strong>, <\/strong><a href=\"https:\/\/www.gps-jobsearch.com\/de\/inverses-headhunting-salzburg\/\" target=\"_blank\" rel=\"noopener\"><strong>Salzburg<\/strong><\/a><strong>, <\/strong><a href=\"https:\/\/www.gps-jobsearch.com\/de\/inverses-headhunting-stuttgart\/\" target=\"_blank\" rel=\"noopener\"><strong>Stuttgart<\/strong><\/a><strong>, <\/strong><a href=\"https:\/\/www.gps-jobsearch.com\/de\/inverses-headhunting-wien\/\" target=\"_blank\" rel=\"noopener\"><strong>Wien<\/strong><\/a><strong> und <\/strong><strong>Z\u00fcrich<\/strong> bilden die solide Basis um unser stetig wachsendes Netzwerk vor Ort zu pflegen &#8211; zu Ihrem Vorteil!<\/p><p>Hier eine kleine Auswahl an Standorten, die gps-jobsearch abdeckt:<\/p><ul><li><a href=\"https:\/\/www.gps-jobsearch.com\/de\/outplacement-in-berlin\/\" target=\"_blank\" rel=\"noopener\">Outplacement Berlin<\/a><\/li><li><a href=\"https:\/\/www.gps-jobsearch.com\/de\/outplacement-in-linz\/\" target=\"_blank\" rel=\"noopener\">Outplacement Linz<\/a><\/li><li><a href=\"https:\/\/www.gps-jobsearch.com\/de\/outplacement-in-frankfurt\/\" target=\"_blank\" rel=\"noopener\">Outplacement\u00a0Frankfurt<\/a><\/li><li><a href=\"https:\/\/www.gps-jobsearch.com\/de\/outplacement-in-zuerich\/\" target=\"_blank\" rel=\"noopener\">Outplacement Z\u00fcrich<\/a><\/li><li><a href=\"https:\/\/www.gps-jobsearch.com\/de\/outplacement-in-stuttgart\/\" target=\"_blank\" rel=\"noopener\">Outplacement\u00a0Stuttgart<\/a><\/li><li><a href=\"https:\/\/www.gps-jobsearch.com\/de\/outplacement-in-oesterreich\/\" target=\"_blank\" rel=\"noopener\">Outplacement \u00d6sterreich<\/a><\/li><li><a href=\"https:\/\/www.gps-jobsearch.com\/de\/outplacement-in-deutschland\/\" target=\"_blank\" rel=\"noopener\">Outplacement Deutschland<\/a><\/li><li><a href=\"https:\/\/www.gps-jobsearch.com\/de\/outplacement-in-der-schweiz\/\" target=\"_blank\" rel=\"noopener\">Outplacement in der Schweiz<\/a><\/li><\/ul>\t\t\t\t\t\t\t\t<\/div>\n\t\t\t\t<\/div>\n\t\t\t\t<\/div>\n\t\t\t\t\t<\/div>\n\t\t\t\t<\/div>\n\t\t<div class=\"elementor-element elementor-element-02813a0 e-flex e-con-boxed e-con e-parent\" data-id=\"02813a0\" data-element_type=\"container\" data-settings=\"{&quot;jet_parallax_layout_list&quot;:[]}\">\n\t\t\t\t\t<div class=\"e-con-inner\">\n\t\t\t\t<div class=\"elementor-element elementor-element-28ffdcf elementor-widget elementor-widget-video\" data-id=\"28ffdcf\" data-element_type=\"widget\" data-settings=\"{&quot;youtube_url&quot;:&quot;https:\\\/\\\/www.youtube.com\\\/embed\\\/5W8JJ0OwTdo?autoplay=0&amp;hl=de&amp;controls=0&amp;disablekb=1&amp;playsinline=1&amp;cc_load_policy=0&amp;cc_lang_pref=auto&amp;widget_referrer=https%3A%2F%2Falt.gps-jobsearch.com%2Fde%2Foutplacement-beratung&amp;rel=0&amp;showinfo=0&amp;iv_load_policy=3&amp;modestbranding=1&amp;customControls=true&amp;noCookie=false&amp;enablejsapi=1&amp;origin=https%3A%2F%2Falt.gps-jobsearch.com&amp;widgetid=1&quot;,&quot;video_type&quot;:&quot;youtube&quot;,&quot;controls&quot;:&quot;yes&quot;}\" data-widget_type=\"video.default\">\n\t\t\t\t<div class=\"elementor-widget-container\">\n\t\t\t\t\t\t\t<div class=\"elementor-wrapper elementor-open-inline\">\n\t\t\t<div class=\"elementor-video\"><\/div>\t\t<\/div>\n\t\t\t\t\t\t<\/div>\n\t\t\t\t<\/div>\n\t\t\t\t\t<\/div>\n\t\t\t\t<\/div>\n\t\t<div class=\"elementor-element elementor-element-fd33bb0 e-flex e-con-boxed e-con e-parent\" data-id=\"fd33bb0\" data-element_type=\"container\" data-settings=\"{&quot;jet_parallax_layout_list&quot;:[]}\">\n\t\t\t\t\t<div class=\"e-con-inner\">\n\t\t\t\t<div class=\"elementor-element elementor-element-ace08ee elementor-testimonial--skin-default elementor-testimonial--layout-image_inline elementor-testimonial--align-center elementor-arrows-yes elementor-pagination-type-bullets elementor-widget elementor-widget-testimonial-carousel\" data-id=\"ace08ee\" data-element_type=\"widget\" data-settings=\"{&quot;show_arrows&quot;:&quot;yes&quot;,&quot;pagination&quot;:&quot;bullets&quot;,&quot;speed&quot;:500,&quot;autoplay&quot;:&quot;yes&quot;,&quot;autoplay_speed&quot;:5000,&quot;loop&quot;:&quot;yes&quot;,&quot;pause_on_hover&quot;:&quot;yes&quot;,&quot;pause_on_interaction&quot;:&quot;yes&quot;,&quot;space_between&quot;:{&quot;unit&quot;:&quot;px&quot;,&quot;size&quot;:10,&quot;sizes&quot;:[]},&quot;space_between_widescreen&quot;:{&quot;unit&quot;:&quot;px&quot;,&quot;size&quot;:10,&quot;sizes&quot;:[]},&quot;space_between_tablet&quot;:{&quot;unit&quot;:&quot;px&quot;,&quot;size&quot;:10,&quot;sizes&quot;:[]},&quot;space_between_mobile&quot;:{&quot;unit&quot;:&quot;px&quot;,&quot;size&quot;:10,&quot;sizes&quot;:[]}}\" data-widget_type=\"testimonial-carousel.default\">\n\t\t\t\t<div class=\"elementor-widget-container\">\n\t\t\t\t\t\t\t\t\t<div class=\"elementor-swiper\">\n\t\t\t\t\t<div class=\"elementor-main-swiper swiper\" role=\"region\" aria-roledescription=\"carousel\" aria-label=\"Slides\">\n\t\t\t\t<div class=\"swiper-wrapper\">\n\t\t\t\t\t\t\t\t\t\t\t<div class=\"swiper-slide\" role=\"group\" aria-roledescription=\"slide\">\n\t\t\t\t\t\t\t\t\t<div class=\"elementor-testimonial\">\n\t\t\t\t\t\t\t<div class=\"elementor-testimonial__content\">\n\t\t\t\t\t<div class=\"elementor-testimonial__text\">\n\t\t\t\t\t\t\n\t\t\t\t\t\tDas Konzept und der von Ihnen beschriebene gps-jobsearch Prozess hatte mich sehr angesprochen, auch nach einem Vergleich mit Ihren Mitbewerbern. Insbesondere Ihr Praxisbezug und Ihr Netzwerk schienen mir erfolgversprechend. Deshalb hatte ich mich schlussendlich f\u00fcr gps-jobsearch entscheiden. Das Strategiemeeting, das Erstellen der Unterlagen, die Trainings zum eigenen Auftritt bei potentiellen Arbeitgebern sowie Ihre Netzwerkarbeit erwiesen sich dann als sehr hilfreich und zielf\u00fchrend. Die gps-Bewerbungen erbrachten etliche Bewerbungsgespr\u00e4che, die schlussendlich zum Erfolg f\u00fchrten. Meinen heutigen Vertrag habe ich gps-jobsearch zu verdanken! Vielen Dank f\u00fcr Ihre professionelle Unterst\u00fctzung in den vergangenen Wochen.\t\t\t\t\t\t\t\t\t\t<\/div>\n\t\t\t\t\t\t\t\t\t<\/div>\n\t\t\t\t\t\t<div class=\"elementor-testimonial__footer\">\n\t\t\t\t\t\t\t\t<cite class=\"elementor-testimonial__cite\"><span class=\"elementor-testimonial__name\">O.R., 53 Jahre, COO in einem Unternehmen in Bayern (D) <\/span><\/cite>\t\t\t<\/div>\n\t\t<\/div>\n\t\t\t\t\t\t\t\t<\/div>\n\t\t\t\t\t\t\t\t\t\t\t<div class=\"swiper-slide\" role=\"group\" aria-roledescription=\"slide\">\n\t\t\t\t\t\t\t\t\t<div class=\"elementor-testimonial\">\n\t\t\t\t\t\t\t<div class=\"elementor-testimonial__content\">\n\t\t\t\t\t<div class=\"elementor-testimonial__text\">\n\t\t\t\t\t\t\n\t\t\t\t\t\tIch werde nun schon nach ca. drei Monaten eine neue Besch\u00e4ftigung beginnen. [...] Sie haben mich in einer schweren Phase wieder aufgebaut und mir den eigenen Wert wieder deutlich gemacht. [...] Vielen Dank f\u00fcr Ihre offene und ehrliche Unterst\u00fctzung in dieser Zeit. Sie haben mir sehr geholfen, einen f\u00fcr mich positiven Abschluss dieser Lebenssituation zu finden.\t\t\t\t\t\t\t\t\t\t<\/div>\n\t\t\t\t\t\t\t\t\t<\/div>\n\t\t\t\t\t\t<div class=\"elementor-testimonial__footer\">\n\t\t\t\t\t\t\t\t<cite class=\"elementor-testimonial__cite\"><span class=\"elementor-testimonial__name\"> T. S., CEO in einem Unternehmen in NRW (D) <\/span><\/cite>\t\t\t<\/div>\n\t\t<\/div>\n\t\t\t\t\t\t\t\t<\/div>\n\t\t\t\t\t\t\t\t\t\t\t<div class=\"swiper-slide\" role=\"group\" aria-roledescription=\"slide\">\n\t\t\t\t\t\t\t\t\t<div class=\"elementor-testimonial\">\n\t\t\t\t\t\t\t<div class=\"elementor-testimonial__content\">\n\t\t\t\t\t<div class=\"elementor-testimonial__text\">\n\t\t\t\t\t\tAn dieser Stelle meinen herzlichen Dank f\u00fcr das von Ihnen erzielte  Ergebnis und die w\u00e4hrend des gesamten Prozesses hervorragende und h\u00f6chst  professionelle Unterst\u00fctzung.\t\t\t\t\t\t\t\t\t\t<\/div>\n\t\t\t\t\t\t\t\t\t<\/div>\n\t\t\t\t\t\t<div class=\"elementor-testimonial__footer\">\n\t\t\t\t\t\t\t\t<cite class=\"elementor-testimonial__cite\"><span class=\"elementor-testimonial__name\"> H. N., 46 Jahre, Vorstand in einem Unternehmen in Hessen (D) <\/span><\/cite>\t\t\t<\/div>\n\t\t<\/div>\n\t\t\t\t\t\t\t\t<\/div>\n\t\t\t\t\t\t\t\t\t<\/div>\n\t\t\t\t\t\t\t\t\t\t\t\t\t\t\t<div class=\"elementor-swiper-button elementor-swiper-button-prev\" role=\"button\" tabindex=\"0\" aria-label=\"Voriger\">\n\t\t\t\t\t\t\t<svg aria-hidden=\"true\" class=\"e-font-icon-svg e-eicon-chevron-left\" viewBox=\"0 0 1000 1000\" xmlns=\"http:\/\/www.w3.org\/2000\/svg\"><path d=\"M646 125C629 125 613 133 604 142L308 442C296 454 292 471 292 487 292 504 296 521 308 533L604 854C617 867 629 875 646 875 663 875 679 871 692 858 704 846 713 829 713 812 713 796 708 779 692 767L438 487 692 225C700 217 708 204 708 187 708 171 704 154 692 142 675 129 663 125 646 125Z\"><\/path><\/svg>\t\t\t\t\t\t<\/div>\n\t\t\t\t\t\t<div class=\"elementor-swiper-button elementor-swiper-button-next\" role=\"button\" tabindex=\"0\" aria-label=\"N\u00e4chster\">\n\t\t\t\t\t\t\t<svg aria-hidden=\"true\" class=\"e-font-icon-svg e-eicon-chevron-right\" viewBox=\"0 0 1000 1000\" xmlns=\"http:\/\/www.w3.org\/2000\/svg\"><path d=\"M696 533C708 521 713 504 713 487 713 471 708 454 696 446L400 146C388 133 375 125 354 125 338 125 325 129 313 142 300 154 292 171 292 187 292 204 296 221 308 233L563 492 304 771C292 783 288 800 288 817 288 833 296 850 308 863 321 871 338 875 354 875 371 875 388 867 400 854L696 533Z\"><\/path><\/svg>\t\t\t\t\t\t<\/div>\n\t\t\t\t\t\t\t\t\t\t\t\t\t\t\t\t<div class=\"swiper-pagination\"><\/div>\n\t\t\t\t\t\t\t\t\t\t\t\t<\/div>\n\t\t\t\t<\/div>\n\t\t\t\t\t\t\t\t<\/div>\n\t\t\t\t<\/div>\n\t\t\t\t\t<\/div>\n\t\t\t\t<\/div>\n\t\t\t\t<\/div>\n\t\t","protected":false},"excerpt":{"rendered":"<p>Mehr als Outplacement in Berlin gps-jobsearch: Top-Manager und die, die es werden wollen Sie sind als F\u00fchrungskraft auf der Suche nach neuen beruflichen Aufgaben? Sie interessieren sich dabei aufgrund eines Unternehmenswechsels f\u00fcr die M\u00f6glichkeiten eines Outplacements in Berlin? Mit inversem Headhunting von gps-jobsearch gehen Sie sogar noch einen Schritt weiter. Team und Netzwerk von gps-jobsearch [&hellip;]<\/p>\n","protected":false},"author":5,"featured_media":0,"parent":0,"menu_order":22,"comment_status":"closed","ping_status":"closed","template":"","meta":{"footnotes":""},"seiten-kategorie":[],"class_list":["post-5555","page","type-page","status-publish","hentry"],"_links":{"self":[{"href":"https:\/\/www.gps-jobsearch.com\/de\/wp-json\/wp\/v2\/pages\/5555","targetHints":{"allow":["GET"]}}],"collection":[{"href":"https:\/\/www.gps-jobsearch.com\/de\/wp-json\/wp\/v2\/pages"}],"about":[{"href":"https:\/\/www.gps-jobsearch.com\/de\/wp-json\/wp\/v2\/types\/page"}],"author":[{"embeddable":true,"href":"https:\/\/www.gps-jobsearch.com\/de\/wp-json\/wp\/v2\/users\/5"}],"replies":[{"embeddable":true,"href":"https:\/\/www.gps-jobsearch.com\/de\/wp-json\/wp\/v2\/comments?post=5555"}],"version-history":[{"count":14,"href":"https:\/\/www.gps-jobsearch.com\/de\/wp-json\/wp\/v2\/pages\/5555\/revisions"}],"predecessor-version":[{"id":6072,"href":"https:\/\/www.gps-jobsearch.com\/de\/wp-json\/wp\/v2\/pages\/5555\/revisions\/6072"}],"wp:attachment":[{"href":"https:\/\/www.gps-jobsearch.com\/de\/wp-json\/wp\/v2\/media?parent=5555"}],"wp:term":[{"taxonomy":"seiten-kategorie","embeddable":true,"href":"https:\/\/www.gps-jobsearch.com\/de\/wp-json\/wp\/v2\/seiten-kategorie?post=5555"}],"curies":[{"name":"wp","href":"https:\/\/api.w.org\/{rel}","templated":true}]}}