{"id":5548,"date":"2025-05-05T06:30:14","date_gmt":"2025-05-05T06:30:14","guid":{"rendered":"https:\/\/www.gps-jobsearch.com\/?page_id=5548"},"modified":"2025-12-02T10:50:59","modified_gmt":"2025-12-02T10:50:59","slug":"outplacement-in-zuerich","status":"publish","type":"page","link":"https:\/\/www.gps-jobsearch.com\/de\/outplacement-in-zuerich\/","title":{"rendered":"Outplacement in Z\u00fcrich"},"content":{"rendered":"\t\t<div data-elementor-type=\"wp-page\" data-elementor-id=\"5548\" class=\"elementor elementor-5548\" data-elementor-post-type=\"page\">\n\t\t\t\t<div class=\"elementor-element elementor-element-a4c0c46 e-flex e-con-boxed e-con e-parent\" data-id=\"a4c0c46\" data-element_type=\"container\" data-settings=\"{&quot;jet_parallax_layout_list&quot;:[]}\">\n\t\t\t\t\t<div class=\"e-con-inner\">\n\t\t\t\t<div class=\"elementor-element elementor-element-6d4c560 elementor-widget elementor-widget-heading\" data-id=\"6d4c560\" data-element_type=\"widget\" data-widget_type=\"heading.default\">\n\t\t\t\t<div class=\"elementor-widget-container\">\n\t\t\t\t\t<h1 class=\"elementor-heading-title elementor-size-default\">Outplacement in Z\u00fcrich<\/h1>\t\t\t\t<\/div>\n\t\t\t\t<\/div>\n\t\t\t\t<div class=\"elementor-element elementor-element-d81d4a0 elementor-widget elementor-widget-heading\" data-id=\"d81d4a0\" data-element_type=\"widget\" data-widget_type=\"heading.default\">\n\t\t\t\t<div class=\"elementor-widget-container\">\n\t\t\t\t\t<h5 class=\"elementor-heading-title elementor-size-default\">gps-jobsearch: Ihr Partner f\u00fcr inverses Headhunting<\/h5>\t\t\t\t<\/div>\n\t\t\t\t<\/div>\n\t\t\t\t\t<\/div>\n\t\t\t\t<\/div>\n\t\t<div class=\"elementor-element elementor-element-87c06dd e-flex e-con-boxed e-con e-parent\" data-id=\"87c06dd\" data-element_type=\"container\" data-settings=\"{&quot;jet_parallax_layout_list&quot;:[]}\">\n\t\t\t\t\t<div class=\"e-con-inner\">\n\t\t<div class=\"elementor-element elementor-element-d32efdc e-con-full e-flex e-con e-child\" data-id=\"d32efdc\" data-element_type=\"container\" data-settings=\"{&quot;jet_parallax_layout_list&quot;:[]}\">\n\t\t\t\t<div class=\"elementor-element elementor-element-d1cd8a1 elementor-widget elementor-widget-text-editor\" data-id=\"d1cd8a1\" data-element_type=\"widget\" data-widget_type=\"text-editor.default\">\n\t\t\t\t<div class=\"elementor-widget-container\">\n\t\t\t\t\t\t\t\t\t<p>Sie sind als F\u00fchrungskraft auf der Suche nach neuen beruflichen Aufgaben? Sie interessieren sich dabei aufgrund eines Unternehmenswechsels f\u00fcr die M\u00f6glichkeiten eines <a href=\"https:\/\/www.gps-jobsearch.com\/de\/outplacement-newplacement\/\" target=\"_blank\" rel=\"noopener\">Outplacements<\/a> in Z\u00fcrich? Mit <a href=\"https:\/\/www.gps-jobsearch.com\/de\/inverses-headhunting\/\" target=\"_blank\" rel=\"noopener\">inversem Headhunting<\/a> von gps-jobsearch gehen Sie sogar noch einen Schritt weiter. Team und Netzwerk von gps-jobsearch beginnen dort zu arbeiten, wo klassische\u00a0Outplacement-Beratung\u00a0aufh\u00f6rt: beim tats\u00e4chlichen Suchen, Finden und Besetzen von Top-Managementpositionen.<\/p><h2>&#8222;Outplacement Plus&#8220; f\u00fcr Manager in Z\u00fcrich<\/h2><p>Manager, Vorst\u00e4nde und F\u00fchrungskr\u00e4fte sind oft unzufrieden mit den Leistungen des klassischen Outplacements. Das k\u00f6nnen wir gut verstehen! Schlie\u00dflich tun gew\u00f6hnliche Outplacement-Leistungen in Z\u00fcrich wenig daf\u00fcr, tats\u00e4chliche Positionen zu vermitteln, sondern investieren eher ins Bewerbertraining. Leistungen von gps-jobsearch gehen hier \u00fcber ein Vielfaches hinaus und widmen sich vor allem einer zentralen Aufgabe: dem Besetzen von Top-Managementpositionen.<\/p><p>Outplacement hilft dabei, sich der eigenen St\u00e4rken (und auch Schw\u00e4chen) bewusst zu werden, Bewerbungsunterlagen werden qualitativ durchaus unterschiedlich \u201eaufgearbeitet\u201c und der Bewerber bekommt Zugang zu einer Datenbank. Das allein bringt Ihnen jedoch keine neue Managementposition! Vertrauen Sie auf <a href=\"https:\/\/www.gps-jobsearch.com\/de\/\" target=\"_blank\" rel=\"noopener\">gps-jobsearch<\/a> \u2013 denn wir setzen dort an, wo klassisches Outplacement in Z\u00fcrich\u00a0endet.<\/p><p>Der gro\u00dfe Trumpf von gps-jobsearch ist unser <a href=\"https:\/\/www.gps-jobsearch.com\/de\/erfahrung-inverses-headhunting\/\" target=\"_blank\" rel=\"noopener\">gro\u00dfes Netzwerk<\/a>, \u00fcber das wir es schaffen, den <a href=\"https:\/\/www.gps-jobsearch.com\/de\/verdeckter-stellenmarkt\/\" target=\"_blank\" rel=\"noopener\">verdeckten Stellenmarkt <\/a>zu bedienen. Gerade Positionen in h\u00f6heren und h\u00f6chsten Kompetenzebenen finden selten ihren Weg in den klassischen Stellenmarkt. Mit unserem Service, der weit \u00fcber das Leistungsspektrum von klassischem Outplacement in Z\u00fcrich hinausgeht, vermitteln wir treffsicher und direkt Top-Positionen an geeignete Kandidaten<\/p><p>Die Erfolge sprechen dabei f\u00fcr sich: In der Regel f\u00fchren unsere Kunden nach 4 bis 6 Wochen rund 10 bis 15 Gespr\u00e4che, aus denen 2 bis 3 oder sogar mehr Vertragsangebote resultieren \u2013 diese k\u00f6nnen gezielt in Z\u00fcrich f\u00fcr Sie gesucht werden, oder bei \u00f6rtlicher Flexibilit\u00e4t auch an anderen Standorten.<\/p><h2>Z\u00fcrich &#8211; Top-Standort f\u00fcr Top-Jobs<\/h2><p>Z\u00fcrich ist eines der gr\u00f6\u00dften Handels- und Industriezentren\u00a0in der Schweiz. Viele bekannte internationale Konzerne haben Ihre europ\u00e4ischen \/ EMEA Headquarters in Z\u00fcrich bzw. in der Schweiz\u00a0angesiedelt. Z\u00fcrich ist international anerkanntes Finanzzentrum. Gro\u00dfe internationale Pharmakonzerne haben Z\u00fcrich und die Schweiz schon lange als Standort f\u00fcr sich entdeckt.\u00a0Trotz vergleichsweise geringer\u00a0Einwohnerzahl ist Z\u00fcrich eine Weltstadt.\u00a0Hier eine kleine Auswahl der bekannter Unternehmen, die f\u00fcr uns wichtig sind:<\/p><ul><li><a href=\"https:\/\/www.abb.com\/global\/en\" target=\"_blank\" rel=\"noopener\">ABB Ltd.<\/a><\/li><li><a href=\"https:\/\/www.dormakabagroup.com\/de\" target=\"_blank\" rel=\"noopener\">Dormakaba Holding AG<\/a><\/li><li><a href=\"https:\/\/www.sulzer.com\/de-ch\" target=\"_blank\" rel=\"noopener\">Sulzer AG<\/a><\/li><li><a href=\"https:\/\/www.rieter.com\/de\/\" target=\"_blank\" rel=\"noopener\">Rieter Holding AG<\/a><\/li><li>Conzzeta AG<\/li><li><a href=\"https:\/\/www.kardex.com\/de\/\" target=\"_blank\" rel=\"noopener\">Kardex AG<\/a><\/li><\/ul>\t\t\t\t\t\t\t\t<\/div>\n\t\t\t\t<\/div>\n\t\t\t\t<\/div>\n\t\t<div class=\"elementor-element elementor-element-0da328b e-con-full e-flex e-con e-child\" data-id=\"0da328b\" data-element_type=\"container\" data-settings=\"{&quot;jet_parallax_layout_list&quot;:[]}\">\n\t\t\t\t<div class=\"elementor-element elementor-element-2b10afc elementor-widget elementor-widget-image\" data-id=\"2b10afc\" data-element_type=\"widget\" data-widget_type=\"image.default\">\n\t\t\t\t<div class=\"elementor-widget-container\">\n\t\t\t\t\t\t\t\t\t\t\t\t\t\t\t<img fetchpriority=\"high\" decoding=\"async\" width=\"800\" height=\"533\" src=\"https:\/\/www.gps-jobsearch.com\/wp-content\/uploads\/2025\/05\/zurich-1443575_1280-1-1024x682.jpg\" class=\"attachment-large size-large wp-image-5550\" alt=\"Outplacement &quot;Plus&quot; in Z\u00fcrich\" srcset=\"https:\/\/www.gps-jobsearch.com\/wp-content\/uploads\/2025\/05\/zurich-1443575_1280-1-1024x682.jpg 1024w, https:\/\/www.gps-jobsearch.com\/wp-content\/uploads\/2025\/05\/zurich-1443575_1280-1-300x200.jpg 300w, https:\/\/www.gps-jobsearch.com\/wp-content\/uploads\/2025\/05\/zurich-1443575_1280-1-768x512.jpg 768w, https:\/\/www.gps-jobsearch.com\/wp-content\/uploads\/2025\/05\/zurich-1443575_1280-1.jpg 1280w\" sizes=\"(max-width: 800px) 100vw, 800px\" \/>\t\t\t\t\t\t\t\t\t\t\t\t\t\t\t<\/div>\n\t\t\t\t<\/div>\n\t\t\t\t<div class=\"elementor-element elementor-element-77d3cd9 elementor-widget elementor-widget-text-editor\" data-id=\"77d3cd9\" data-element_type=\"widget\" data-widget_type=\"text-editor.default\">\n\t\t\t\t<div class=\"elementor-widget-container\">\n\t\t\t\t\t\t\t\t\t<h2>Erstgespr\u00e4ch in Z\u00fcrich<\/h2><p>Der gps-Prozess startet mit Ihrem Anruf, bei dem wir abkl\u00e4ren, ob unsere Dienstleistungen zu Ihren beruflichen Pl\u00e4nen passen. Anschlie\u00dfend vereinbaren wir ein unverbindliches\u00a0Erstgespr\u00e4ch. In die konkrete Zusammenarbeit treten wir mit unserem Strategie- und\u00a0Positionierungsmeeting ein.\u00a0Unsere Leistungen gehen dabei weit \u00fcber reines Outplacement f\u00fcr F\u00fchrungskr\u00e4fte und Manager hinaus. Kunden aus\u00a0Z\u00fcrich m\u00fcssen daf\u00fcr keine lange Anreise einplanen \u2013 gps-jobsearch betreut Sie gerne auch vor Ort in Z\u00fcrich, sofern von Ihnen gew\u00fcnscht.<\/p><p><a href=\"https:\/\/www.gps-jobsearch.com\/de\/kontakt\/\" target=\"_blank\" rel=\"noopener\">Lassen Sie uns \u00fcber Ihre Zukunft reden!<\/a><\/p><h2>Weitere Schritte beim &#8222;Outplacement Plus&#8220; f\u00fcr Top-F\u00fchrungskr\u00e4fte in Z\u00fcrich<\/h2><p>Haben wir uns auf eine Zusammenarbeit geeinigt, starten wir in den eigentlichen Prozess unserer Dienstleistung. Unsere Meetings k\u00f6nnen dabei an einem Ort Ihrer Wahl stattfinden,\u00a0wir empfehlen\u00a0Ihnen f\u00fcr die Beratungsgespr\u00e4che aber auch gerne einen Treffpunkt in Ihrer N\u00e4he.\u00a0In Z\u00fcrich schlagen wir etwa den folgenden vor:<\/p><p><strong>Z\u00fcrich Marriott Hotel<\/strong><br \/><strong>Neum\u00fchlequai 42<\/strong><br \/><strong>8006 Z\u00fcrich<\/strong><\/p><h2>Outplacement mit gps-jobsearch\u00a0nicht nur in Z\u00fcrich<\/h2><p>Setzen Sie Ihren Karriereweg ohne Unterbrechung fort und n\u00fctzen Sie die Chancen des inversen Headhuntings in Z\u00fcrich. <strong>Wir freuen uns\u00a0auf Ihren Anruf!<\/strong><\/p><p>Unsere <strong>Netzwerkknotenpunkte in <\/strong><a href=\"https:\/\/www.gps-jobsearch.com\/de\/inverses-headhunting-in-berlin\/\" target=\"_blank\" rel=\"noopener\"><strong>Berlin<\/strong><\/a><strong>, <\/strong><a><strong>Basel<\/strong><\/a><strong>, <\/strong><strong>D\u00fcsseldorf<\/strong><strong>, <\/strong><a href=\"https:\/\/www.gps-jobsearch.com\/de\/inverses-headhunting-in-frankfurt\/\" target=\"_blank\" rel=\"noopener\"><strong>Frankfurt<\/strong><\/a><strong>, <\/strong><strong>Graz<\/strong><strong>, <\/strong><a href=\"https:\/\/www.gps-jobsearch.com\/de\/inverses-headhunting-in-hamburg\/\" target=\"_blank\" rel=\"noopener\"><strong>Hamburg<\/strong><\/a><strong>, <\/strong><strong>Innsbruck<\/strong><strong>, <\/strong><a href=\"https:\/\/www.gps-jobsearch.com\/de\/inverses-headhunting-munchen\/\" target=\"_blank\" rel=\"noopener\"><strong>M\u00fcnchen<\/strong><\/a><strong>, <\/strong><a href=\"https:\/\/www.gps-jobsearch.com\/de\/inverses-headhunting-salzburg\/\" target=\"_blank\" rel=\"noopener\"><strong>Salzburg<\/strong><\/a><strong>, <\/strong><a href=\"https:\/\/www.gps-jobsearch.com\/de\/inverses-headhunting-stuttgart\/\" target=\"_blank\" rel=\"noopener\"><strong>Stuttgart<\/strong><\/a><strong>, <\/strong><a href=\"https:\/\/www.gps-jobsearch.com\/de\/inverses-headhunting-wien\/\" target=\"_blank\" rel=\"noopener\"><strong>Wien<\/strong><\/a><strong> und <\/strong><strong>Z\u00fcrich<\/strong> bilden die solide Basis um unser stetig wachsendes Netzwerk vor Ort zu pflegen &#8211; zu Ihrem Vorteil!<\/p><p>Hier eine kleine Auswahl an Standorten, die gps-jobsearch abdeckt:<\/p><ul><li><a href=\"https:\/\/www.gps-jobsearch.com\/de\/outplacement-in-berlin\/\" target=\"_blank\" rel=\"noopener\">Outplacement Berlin<\/a><\/li><li><a href=\"https:\/\/www.gps-jobsearch.com\/de\/outplacement-in-linz\/\" target=\"_blank\" rel=\"noopener\">Outplacement Linz<\/a><\/li><li><a href=\"https:\/\/www.gps-jobsearch.com\/de\/outplacement-in-frankfurt\/\" target=\"_blank\" rel=\"noopener\">Outplacement\u00a0Frankfurt<\/a><\/li><li><a href=\"https:\/\/www.gps-jobsearch.com\/de\/outplacement-in-zuerich\/\" target=\"_blank\" rel=\"noopener\">Outplacement Z\u00fcrich<\/a><\/li><li><a href=\"https:\/\/www.gps-jobsearch.com\/de\/outplacement-in-stuttgart\/\" target=\"_blank\" rel=\"noopener\">Outplacement\u00a0Stuttgart<\/a><\/li><li><a href=\"https:\/\/www.gps-jobsearch.com\/de\/outplacement-in-oesterreich\/\" target=\"_blank\" rel=\"noopener\">Outplacement \u00d6sterreich<\/a><\/li><li><a href=\"https:\/\/www.gps-jobsearch.com\/de\/outplacement-in-deutschland\/\" target=\"_blank\" rel=\"noopener\">Outplacement Deutschland<\/a><\/li><li><a href=\"https:\/\/www.gps-jobsearch.com\/de\/outplacement-in-der-schweiz\/\" target=\"_blank\" rel=\"noopener\">Outplacement in der Schweiz<\/a><\/li><\/ul>\t\t\t\t\t\t\t\t<\/div>\n\t\t\t\t<\/div>\n\t\t\t\t<\/div>\n\t\t\t\t\t<\/div>\n\t\t\t\t<\/div>\n\t\t<div class=\"elementor-element elementor-element-02813a0 e-flex e-con-boxed e-con e-parent\" data-id=\"02813a0\" data-element_type=\"container\" data-settings=\"{&quot;jet_parallax_layout_list&quot;:[]}\">\n\t\t\t\t\t<div class=\"e-con-inner\">\n\t\t\t\t<div class=\"elementor-element elementor-element-28ffdcf elementor-widget elementor-widget-video\" data-id=\"28ffdcf\" data-element_type=\"widget\" data-settings=\"{&quot;youtube_url&quot;:&quot;https:\\\/\\\/www.youtube.com\\\/embed\\\/5W8JJ0OwTdo?autoplay=0&amp;hl=de&amp;controls=0&amp;disablekb=1&amp;playsinline=1&amp;cc_load_policy=0&amp;cc_lang_pref=auto&amp;widget_referrer=https%3A%2F%2Falt.gps-jobsearch.com%2Fde%2Foutplacement-beratung&amp;rel=0&amp;showinfo=0&amp;iv_load_policy=3&amp;modestbranding=1&amp;customControls=true&amp;noCookie=false&amp;enablejsapi=1&amp;origin=https%3A%2F%2Falt.gps-jobsearch.com&amp;widgetid=1&quot;,&quot;video_type&quot;:&quot;youtube&quot;,&quot;controls&quot;:&quot;yes&quot;}\" data-widget_type=\"video.default\">\n\t\t\t\t<div class=\"elementor-widget-container\">\n\t\t\t\t\t\t\t<div class=\"elementor-wrapper elementor-open-inline\">\n\t\t\t<div class=\"elementor-video\"><\/div>\t\t<\/div>\n\t\t\t\t\t\t<\/div>\n\t\t\t\t<\/div>\n\t\t\t\t\t<\/div>\n\t\t\t\t<\/div>\n\t\t<div class=\"elementor-element elementor-element-fd33bb0 e-flex e-con-boxed e-con e-parent\" data-id=\"fd33bb0\" data-element_type=\"container\" data-settings=\"{&quot;jet_parallax_layout_list&quot;:[]}\">\n\t\t\t\t\t<div class=\"e-con-inner\">\n\t\t\t\t<div class=\"elementor-element elementor-element-ace08ee elementor-testimonial--skin-default elementor-testimonial--layout-image_inline elementor-testimonial--align-center elementor-arrows-yes elementor-pagination-type-bullets elementor-widget elementor-widget-testimonial-carousel\" data-id=\"ace08ee\" data-element_type=\"widget\" data-settings=\"{&quot;show_arrows&quot;:&quot;yes&quot;,&quot;pagination&quot;:&quot;bullets&quot;,&quot;speed&quot;:500,&quot;autoplay&quot;:&quot;yes&quot;,&quot;autoplay_speed&quot;:5000,&quot;loop&quot;:&quot;yes&quot;,&quot;pause_on_hover&quot;:&quot;yes&quot;,&quot;pause_on_interaction&quot;:&quot;yes&quot;,&quot;space_between&quot;:{&quot;unit&quot;:&quot;px&quot;,&quot;size&quot;:10,&quot;sizes&quot;:[]},&quot;space_between_widescreen&quot;:{&quot;unit&quot;:&quot;px&quot;,&quot;size&quot;:10,&quot;sizes&quot;:[]},&quot;space_between_tablet&quot;:{&quot;unit&quot;:&quot;px&quot;,&quot;size&quot;:10,&quot;sizes&quot;:[]},&quot;space_between_mobile&quot;:{&quot;unit&quot;:&quot;px&quot;,&quot;size&quot;:10,&quot;sizes&quot;:[]}}\" data-widget_type=\"testimonial-carousel.default\">\n\t\t\t\t<div class=\"elementor-widget-container\">\n\t\t\t\t\t\t\t\t\t<div class=\"elementor-swiper\">\n\t\t\t\t\t<div class=\"elementor-main-swiper swiper\" role=\"region\" aria-roledescription=\"carousel\" aria-label=\"Slides\">\n\t\t\t\t<div class=\"swiper-wrapper\">\n\t\t\t\t\t\t\t\t\t\t\t<div class=\"swiper-slide\" role=\"group\" aria-roledescription=\"slide\">\n\t\t\t\t\t\t\t\t\t<div class=\"elementor-testimonial\">\n\t\t\t\t\t\t\t<div class=\"elementor-testimonial__content\">\n\t\t\t\t\t<div class=\"elementor-testimonial__text\">\n\t\t\t\t\t\t\n\t\t\t\t\t\tDas Konzept und der von Ihnen beschriebene gps-jobsearch Prozess hatte mich sehr angesprochen, auch nach einem Vergleich mit Ihren Mitbewerbern. Insbesondere Ihr Praxisbezug und Ihr Netzwerk schienen mir erfolgversprechend. Deshalb hatte ich mich schlussendlich f\u00fcr gps-jobsearch entscheiden. Das Strategiemeeting, das Erstellen der Unterlagen, die Trainings zum eigenen Auftritt bei potentiellen Arbeitgebern sowie Ihre Netzwerkarbeit erwiesen sich dann als sehr hilfreich und zielf\u00fchrend. Die gps-Bewerbungen erbrachten etliche Bewerbungsgespr\u00e4che, die schlussendlich zum Erfolg f\u00fchrten. Meinen heutigen Vertrag habe ich gps-jobsearch zu verdanken! Vielen Dank f\u00fcr Ihre professionelle Unterst\u00fctzung in den vergangenen Wochen.\t\t\t\t\t\t\t\t\t\t<\/div>\n\t\t\t\t\t\t\t\t\t<\/div>\n\t\t\t\t\t\t<div class=\"elementor-testimonial__footer\">\n\t\t\t\t\t\t\t\t<cite class=\"elementor-testimonial__cite\"><span class=\"elementor-testimonial__name\">O.R., 53 Jahre, COO in einem Unternehmen in Bayern (D) <\/span><\/cite>\t\t\t<\/div>\n\t\t<\/div>\n\t\t\t\t\t\t\t\t<\/div>\n\t\t\t\t\t\t\t\t\t\t\t<div class=\"swiper-slide\" role=\"group\" aria-roledescription=\"slide\">\n\t\t\t\t\t\t\t\t\t<div class=\"elementor-testimonial\">\n\t\t\t\t\t\t\t<div class=\"elementor-testimonial__content\">\n\t\t\t\t\t<div class=\"elementor-testimonial__text\">\n\t\t\t\t\t\t\n\t\t\t\t\t\tIch werde nun schon nach ca. drei Monaten eine neue Besch\u00e4ftigung beginnen. [...] Sie haben mich in einer schweren Phase wieder aufgebaut und mir den eigenen Wert wieder deutlich gemacht. [...] Vielen Dank f\u00fcr Ihre offene und ehrliche Unterst\u00fctzung in dieser Zeit. Sie haben mir sehr geholfen, einen f\u00fcr mich positiven Abschluss dieser Lebenssituation zu finden.\t\t\t\t\t\t\t\t\t\t<\/div>\n\t\t\t\t\t\t\t\t\t<\/div>\n\t\t\t\t\t\t<div class=\"elementor-testimonial__footer\">\n\t\t\t\t\t\t\t\t<cite class=\"elementor-testimonial__cite\"><span class=\"elementor-testimonial__name\"> T. S., CEO in einem Unternehmen in NRW (D) <\/span><\/cite>\t\t\t<\/div>\n\t\t<\/div>\n\t\t\t\t\t\t\t\t<\/div>\n\t\t\t\t\t\t\t\t\t\t\t<div class=\"swiper-slide\" role=\"group\" aria-roledescription=\"slide\">\n\t\t\t\t\t\t\t\t\t<div class=\"elementor-testimonial\">\n\t\t\t\t\t\t\t<div class=\"elementor-testimonial__content\">\n\t\t\t\t\t<div class=\"elementor-testimonial__text\">\n\t\t\t\t\t\tAn dieser Stelle meinen herzlichen Dank f\u00fcr das von Ihnen erzielte  Ergebnis und die w\u00e4hrend des gesamten Prozesses hervorragende und h\u00f6chst  professionelle Unterst\u00fctzung.\t\t\t\t\t\t\t\t\t\t<\/div>\n\t\t\t\t\t\t\t\t\t<\/div>\n\t\t\t\t\t\t<div class=\"elementor-testimonial__footer\">\n\t\t\t\t\t\t\t\t<cite class=\"elementor-testimonial__cite\"><span class=\"elementor-testimonial__name\"> H. N., 46 Jahre, Vorstand in einem Unternehmen in Hessen (D) <\/span><\/cite>\t\t\t<\/div>\n\t\t<\/div>\n\t\t\t\t\t\t\t\t<\/div>\n\t\t\t\t\t\t\t\t\t<\/div>\n\t\t\t\t\t\t\t\t\t\t\t\t\t\t\t<div class=\"elementor-swiper-button elementor-swiper-button-prev\" role=\"button\" tabindex=\"0\" aria-label=\"Voriger\">\n\t\t\t\t\t\t\t<svg aria-hidden=\"true\" class=\"e-font-icon-svg e-eicon-chevron-left\" viewBox=\"0 0 1000 1000\" xmlns=\"http:\/\/www.w3.org\/2000\/svg\"><path d=\"M646 125C629 125 613 133 604 142L308 442C296 454 292 471 292 487 292 504 296 521 308 533L604 854C617 867 629 875 646 875 663 875 679 871 692 858 704 846 713 829 713 812 713 796 708 779 692 767L438 487 692 225C700 217 708 204 708 187 708 171 704 154 692 142 675 129 663 125 646 125Z\"><\/path><\/svg>\t\t\t\t\t\t<\/div>\n\t\t\t\t\t\t<div class=\"elementor-swiper-button elementor-swiper-button-next\" role=\"button\" tabindex=\"0\" aria-label=\"N\u00e4chster\">\n\t\t\t\t\t\t\t<svg aria-hidden=\"true\" class=\"e-font-icon-svg e-eicon-chevron-right\" viewBox=\"0 0 1000 1000\" xmlns=\"http:\/\/www.w3.org\/2000\/svg\"><path d=\"M696 533C708 521 713 504 713 487 713 471 708 454 696 446L400 146C388 133 375 125 354 125 338 125 325 129 313 142 300 154 292 171 292 187 292 204 296 221 308 233L563 492 304 771C292 783 288 800 288 817 288 833 296 850 308 863 321 871 338 875 354 875 371 875 388 867 400 854L696 533Z\"><\/path><\/svg>\t\t\t\t\t\t<\/div>\n\t\t\t\t\t\t\t\t\t\t\t\t\t\t\t\t<div class=\"swiper-pagination\"><\/div>\n\t\t\t\t\t\t\t\t\t\t\t\t<\/div>\n\t\t\t\t<\/div>\n\t\t\t\t\t\t\t\t<\/div>\n\t\t\t\t<\/div>\n\t\t\t\t\t<\/div>\n\t\t\t\t<\/div>\n\t\t\t\t<\/div>\n\t\t","protected":false},"excerpt":{"rendered":"<p>Outplacement in Z\u00fcrich gps-jobsearch: Ihr Partner f\u00fcr inverses Headhunting Sie sind als F\u00fchrungskraft auf der Suche nach neuen beruflichen Aufgaben? Sie interessieren sich dabei aufgrund eines Unternehmenswechsels f\u00fcr die M\u00f6glichkeiten eines Outplacements in Z\u00fcrich? Mit inversem Headhunting von gps-jobsearch gehen Sie sogar noch einen Schritt weiter. Team und Netzwerk von gps-jobsearch beginnen dort zu arbeiten, [&hellip;]<\/p>\n","protected":false},"author":5,"featured_media":0,"parent":0,"menu_order":19,"comment_status":"closed","ping_status":"closed","template":"","meta":{"footnotes":""},"seiten-kategorie":[],"class_list":["post-5548","page","type-page","status-publish","hentry"],"_links":{"self":[{"href":"https:\/\/www.gps-jobsearch.com\/de\/wp-json\/wp\/v2\/pages\/5548","targetHints":{"allow":["GET"]}}],"collection":[{"href":"https:\/\/www.gps-jobsearch.com\/de\/wp-json\/wp\/v2\/pages"}],"about":[{"href":"https:\/\/www.gps-jobsearch.com\/de\/wp-json\/wp\/v2\/types\/page"}],"author":[{"embeddable":true,"href":"https:\/\/www.gps-jobsearch.com\/de\/wp-json\/wp\/v2\/users\/5"}],"replies":[{"embeddable":true,"href":"https:\/\/www.gps-jobsearch.com\/de\/wp-json\/wp\/v2\/comments?post=5548"}],"version-history":[{"count":16,"href":"https:\/\/www.gps-jobsearch.com\/de\/wp-json\/wp\/v2\/pages\/5548\/revisions"}],"predecessor-version":[{"id":7915,"href":"https:\/\/www.gps-jobsearch.com\/de\/wp-json\/wp\/v2\/pages\/5548\/revisions\/7915"}],"wp:attachment":[{"href":"https:\/\/www.gps-jobsearch.com\/de\/wp-json\/wp\/v2\/media?parent=5548"}],"wp:term":[{"taxonomy":"seiten-kategorie","embeddable":true,"href":"https:\/\/www.gps-jobsearch.com\/de\/wp-json\/wp\/v2\/seiten-kategorie?post=5548"}],"curies":[{"name":"wp","href":"https:\/\/api.w.org\/{rel}","templated":true}]}}