{"id":5536,"date":"2025-05-05T06:32:21","date_gmt":"2025-05-05T06:32:21","guid":{"rendered":"https:\/\/www.gps-jobsearch.com\/?page_id=5536"},"modified":"2025-05-05T06:50:44","modified_gmt":"2025-05-05T06:50:44","slug":"outplacement-in-der-schweiz","status":"publish","type":"page","link":"https:\/\/www.gps-jobsearch.com\/de\/outplacement-in-der-schweiz\/","title":{"rendered":"Outplacement in der Schweiz"},"content":{"rendered":"\t\t<div data-elementor-type=\"wp-page\" data-elementor-id=\"5536\" class=\"elementor elementor-5536\" data-elementor-post-type=\"page\">\n\t\t\t\t<div class=\"elementor-element elementor-element-a4c0c46 e-flex e-con-boxed e-con e-parent\" data-id=\"a4c0c46\" data-element_type=\"container\" data-settings=\"{&quot;jet_parallax_layout_list&quot;:[]}\">\n\t\t\t\t\t<div class=\"e-con-inner\">\n\t\t\t\t<div class=\"elementor-element elementor-element-6d4c560 elementor-widget elementor-widget-heading\" data-id=\"6d4c560\" data-element_type=\"widget\" data-widget_type=\"heading.default\">\n\t\t\t\t<div class=\"elementor-widget-container\">\n\t\t\t\t\t<h1 class=\"elementor-heading-title elementor-size-default\">Outplacement, das weiter geht: f\u00fcr Top-Manager in der Schweiz<\/h1>\t\t\t\t<\/div>\n\t\t\t\t<\/div>\n\t\t\t\t<div class=\"elementor-element elementor-element-d81d4a0 elementor-widget elementor-widget-heading\" data-id=\"d81d4a0\" data-element_type=\"widget\" data-widget_type=\"heading.default\">\n\t\t\t\t<div class=\"elementor-widget-container\">\n\t\t\t\t\t<h5 class=\"elementor-heading-title elementor-size-default\">Ihr Partner f\u00fcr inverses Headhunting in der Schweiz und der DACH-Region<\/h5>\t\t\t\t<\/div>\n\t\t\t\t<\/div>\n\t\t\t\t\t<\/div>\n\t\t\t\t<\/div>\n\t\t<div class=\"elementor-element elementor-element-87c06dd e-flex e-con-boxed e-con e-parent\" data-id=\"87c06dd\" data-element_type=\"container\" data-settings=\"{&quot;jet_parallax_layout_list&quot;:[]}\">\n\t\t\t\t\t<div class=\"e-con-inner\">\n\t\t<div class=\"elementor-element elementor-element-d32efdc e-con-full e-flex e-con e-child\" data-id=\"d32efdc\" data-element_type=\"container\" data-settings=\"{&quot;jet_parallax_layout_list&quot;:[]}\">\n\t\t\t\t<div class=\"elementor-element elementor-element-d1cd8a1 elementor-widget elementor-widget-text-editor\" data-id=\"d1cd8a1\" data-element_type=\"widget\" data-widget_type=\"text-editor.default\">\n\t\t\t\t<div class=\"elementor-widget-container\">\n\t\t\t\t\t\t\t\t\t<p>Sie sind als F\u00fchrungskraft auf der Suche nach neuen beruflichen Aufgaben? Sie interessieren sich dabei aufgrund eines Unternehmenswechsels f\u00fcr die M\u00f6glichkeiten eines Outplacements in der Schweiz.<\/p><p>Mit inversem Headhunting von gps-jobsearch gehen Sie sogar noch einen Schritt weiter. Team und Netzwerk von gps-jobsearch beginnen dort zu arbeiten, wo klassische\u00a0Outplacement-Beratung\u00a0aufh\u00f6rt: beim tats\u00e4chlichen Suchen, Finden und Besetzen von Top-Managementpositionen.<\/p><p>Durch\u00a0<a href=\"https:\/\/www.gps-jobsearch.com\/de\/inverses-headhunting\/\" target=\"_blank\" rel=\"noopener\">inverses Headhunting<\/a> nutzen wir strukturiert die Chancen, die der <a href=\"https:\/\/www.gps-jobsearch.com\/de\/verdeckter-stellenmarkt\/\" target=\"_blank\" rel=\"noopener\"><strong>verdeckte Stellenmarkt <\/strong><\/a>bietet! Dazu ist\u00a0ein weitreichendes Netzwerk, national und international, essentiell, um an die richtigen Kontaktpersonen zu geraten. Wir von gps-jobsearch helfen Ihnen dabei: Wir finden die optimale Position auf F\u00fchrungsebene im verdeckten Stellenmarkt f\u00fcr Sie.<\/p><h2>Ihre neue Top- Managementposition mit unserer Hilfe<\/h2><p>Outplacement hilft dabei, sich der eigenen St\u00e4rken (und auch Schw\u00e4chen) bewusst zu werden, Bewerbungsunterlagen werden qualitativ durchaus unterschiedlich \u201eaufgearbeitet\u201c und der Bewerber bekommt Zugang zu einer Datenbank. Das allein bringt Ihnen jedoch keine neue Managementposition! Vertrauen Sie auf <a href=\"https:\/\/www.gps-jobsearch.com\/de\/\" target=\"_blank\" rel=\"noopener\">gps-jobsearch<\/a> \u2013 denn wir setzen dort an, wo klassisches Outplacement in der Schweiz\u00a0endet. Nutzen Sie unsere kompetente Unterst\u00fctzung.<\/p><p>Mit Methoden des inversen Headhuntings und unserem <a href=\"https:\/\/www.gps-jobsearch.com\/de\/gps-prozess-stufenplan\/\" target=\"_blank\" rel=\"noopener\">20-stufigen gps-Prozess<\/a> ebnen wir den Weg zu Ihrer neuen Managementposition. Der Erfolg unserer Kunden spricht f\u00fcr uns:<\/p><ul><li><strong>4 bis 6 Wochen nach Beginn der Zusammenarbeit: 10 bis 15 Gespr\u00e4che<\/strong><\/li><li><strong>2 bis 3 Vertragsangebote<\/strong><\/li><\/ul><h2>Unser Netzwerk f\u00fcr Outplacement &#8222;Plus&#8220;\u00a0\u2013 In der Schweiz<\/h2><p>Der gro\u00dfe Trumpf von gps-jobsearch ist unser gro\u00dfes Netzwerk, \u00fcber das wir es schaffen, den verdeckten Stellenmarkt zu bedienen. Gerade Positionen in h\u00f6heren und h\u00f6chsten Kompetenzebenen finden selten ihren Weg in den klassischen Stellenmarkt. Mit unserem Service, der weit \u00fcber das Leistungsspektrum von klassischem Outplacement in der Schweiz\u00a0hinausgeht, vermitteln wir treffsicher und direkt Top-Positionen an geeignete Kandidaten.<\/p><p>Inverses Headhunting stellt klassische Placement-Verfahren auf den Kopf: Anstatt geeignete Kandidaten f\u00fcr Vakanzen zu suchen, finden wir neue Aufgaben f\u00fcr konkrete Kandidaten und Kandidatinnen. So schlie\u00dfen wir eine Besetzungsl\u00fccke, die dadurch entsteht, dass gerade hochqualifizierte Managementpositionen oft nicht \u00fcber den klassischen Jobmarkt ausgeschrieben werden und erzielen in der Schweiz und in der gesamten DACH-Region ein perfektes Matching zwischen Kandidaten und Positionen.<\/p><p>Wir wissen auch aus jahrelanger eigener Arbeit auf F\u00fchrungsebene und aus unserer Erfahrung heraus um den richtigen Umgang mit Vorst\u00e4nden und R\u00e4ten Bescheid.<\/p><p>Unsere <strong>Netzwerkknotenpunkte in <\/strong><a href=\"https:\/\/www.gps-jobsearch.com\/de\/inverses-headhunting-in-berlin\/\" target=\"_blank\" rel=\"noopener\"><strong>Berlin<\/strong><\/a><strong>, <\/strong><a><strong>Basel<\/strong><\/a><strong>, <\/strong><strong>D\u00fcsseldorf<\/strong><strong>, <\/strong><a href=\"https:\/\/www.gps-jobsearch.com\/de\/inverses-headhunting-in-frankfurt\/\" target=\"_blank\" rel=\"noopener\"><strong>Frankfurt<\/strong><\/a><strong>, <\/strong><strong>Graz<\/strong><strong>, <\/strong><a href=\"https:\/\/www.gps-jobsearch.com\/de\/inverses-headhunting-in-hamburg\/\" target=\"_blank\" rel=\"noopener\"><strong>Hamburg<\/strong><\/a><strong>, <\/strong><strong>Innsbruck<\/strong><strong>, <\/strong><a href=\"https:\/\/www.gps-jobsearch.com\/de\/inverses-headhunting-munchen\/\" target=\"_blank\" rel=\"noopener\"><strong>M\u00fcnchen<\/strong><\/a><strong>, <\/strong><a href=\"https:\/\/www.gps-jobsearch.com\/de\/inverses-headhunting-salzburg\/\" target=\"_blank\" rel=\"noopener\"><strong>Salzburg<\/strong><\/a><strong>, <\/strong><a href=\"https:\/\/www.gps-jobsearch.com\/de\/inverses-headhunting-stuttgart\/\" target=\"_blank\" rel=\"noopener\"><strong>Stuttgart<\/strong><\/a><strong>, <\/strong><a href=\"https:\/\/www.gps-jobsearch.com\/de\/inverses-headhunting-wien\/\" target=\"_blank\" rel=\"noopener\"><strong>Wien<\/strong><\/a><strong> und <\/strong><strong>Z\u00fcrich<\/strong> bilden die solide Basis um unser stetig wachsendes Netzwerk vor Ort zu pflegen &#8211; zu Ihrem Vorteil!<\/p><ul><li><a href=\"https:\/\/www.gps-jobsearch.com\/de\/outplacement-in-berlin\/\" target=\"_blank\" rel=\"noopener\">Outplacement Berlin<\/a><\/li><li><a href=\"https:\/\/www.gps-jobsearch.com\/de\/outplacement-in-linz\/\" target=\"_blank\" rel=\"noopener\">Outplacement Linz<\/a><\/li><li><a href=\"https:\/\/www.gps-jobsearch.com\/de\/outplacement-in-frankfurt\/\" target=\"_blank\" rel=\"noopener\">Outplacement\u00a0Frankfurt<\/a><\/li><li><a href=\"https:\/\/www.gps-jobsearch.com\/de\/outplacement-in-zuerich\/\" target=\"_blank\" rel=\"noopener\">Outplacement Z\u00fcrich<\/a><\/li><li><a href=\"https:\/\/www.gps-jobsearch.com\/de\/outplacement-in-stuttgart\/\" target=\"_blank\" rel=\"noopener\">Outplacement\u00a0Stuttgart<\/a><\/li><li><a href=\"https:\/\/www.gps-jobsearch.com\/de\/outplacement-in-oesterreich\/\" target=\"_blank\" rel=\"noopener\">Outplacement \u00d6sterreich<\/a><\/li><li><a href=\"https:\/\/www.gps-jobsearch.com\/de\/outplacement-in-deutschland\/\" target=\"_blank\" rel=\"noopener\">Outplacement Deutschland<\/a><\/li><li><a href=\"https:\/\/www.gps-jobsearch.com\/de\/outplacement-in-der-schweiz\/\" target=\"_blank\" rel=\"noopener\">Outplacement in der Schweiz<\/a><\/li><\/ul>\t\t\t\t\t\t\t\t<\/div>\n\t\t\t\t<\/div>\n\t\t\t\t<\/div>\n\t\t<div class=\"elementor-element elementor-element-0da328b e-con-full e-flex e-con e-child\" data-id=\"0da328b\" data-element_type=\"container\" data-settings=\"{&quot;jet_parallax_layout_list&quot;:[]}\">\n\t\t\t\t<div class=\"elementor-element elementor-element-2b10afc elementor-widget elementor-widget-image\" data-id=\"2b10afc\" data-element_type=\"widget\" data-widget_type=\"image.default\">\n\t\t\t\t<div class=\"elementor-widget-container\">\n\t\t\t\t\t\t\t\t\t\t\t\t\t\t\t<img fetchpriority=\"high\" decoding=\"async\" width=\"800\" height=\"531\" src=\"https:\/\/www.gps-jobsearch.com\/wp-content\/uploads\/2025\/05\/Luisfpizarro_geneva-670479_1920-1440x956-1-1024x680.jpg\" class=\"attachment-large size-large wp-image-5543\" alt=\"Outplacement &quot;Plus&quot; in der Schweiz\" srcset=\"https:\/\/www.gps-jobsearch.com\/wp-content\/uploads\/2025\/05\/Luisfpizarro_geneva-670479_1920-1440x956-1-1024x680.jpg 1024w, https:\/\/www.gps-jobsearch.com\/wp-content\/uploads\/2025\/05\/Luisfpizarro_geneva-670479_1920-1440x956-1-300x199.jpg 300w, https:\/\/www.gps-jobsearch.com\/wp-content\/uploads\/2025\/05\/Luisfpizarro_geneva-670479_1920-1440x956-1-768x510.jpg 768w, https:\/\/www.gps-jobsearch.com\/wp-content\/uploads\/2025\/05\/Luisfpizarro_geneva-670479_1920-1440x956-1.jpg 1440w\" sizes=\"(max-width: 800px) 100vw, 800px\" \/>\t\t\t\t\t\t\t\t\t\t\t\t\t\t\t<\/div>\n\t\t\t\t<\/div>\n\t\t\t\t<div class=\"elementor-element elementor-element-77d3cd9 elementor-widget elementor-widget-text-editor\" data-id=\"77d3cd9\" data-element_type=\"widget\" data-widget_type=\"text-editor.default\">\n\t\t\t\t<div class=\"elementor-widget-container\">\n\t\t\t\t\t\t\t\t\t<h2>Ihr Erstgespr\u00e4ch f\u00fcr Outplacment &#8222;Plus&#8220;\u00a0in der Schweiz<\/h2><p>Der gps-Prozess startet mit Ihrem Anruf, bei dem wir abkl\u00e4ren, ob unsere Dienstleistungen zu Ihren beruflichen Pl\u00e4nen passen. Anschlie\u00dfend vereinbaren wir ein unverbindliches pers\u00f6nliches Erstgespr\u00e4ch. Das Erstgespr\u00e4ch kann gerne auch via Skype stattfinden. In die konkrete Zusammenarbeit treten wir mit unserem Strategie- und Positionierungsmeeting ein.<\/p><p>Ihre Anreise l\u00e4sst sich dabei auch kurz gestalten: gps-jobsearch f\u00fchrt unverbindliche Erstgespr\u00e4che und trifft Sie f\u00fcr weitere Beratungs- und Trainingsgespr\u00e4che auch gerne in der Schweiz\u00a0an einem Ort nach Vereinbarung!<\/p><h2>Outplacement f\u00fcr Top-F\u00fchrungskr\u00e4fte\u00a0an unterschiedlichen Standorten<\/h2><p>Sie sind in der Schweiz\u00a0beheimatet und auf der Suche nach einer neuen Managementposition? Unsere Kunden kommen aus den verschiedensten Regionen des Landes!<\/p><p>Wir unterst\u00fctzen Sie kompetent vor Ort, egal ob in Z\u00fcrich, Genf oder Basel.\u00a0Einer unserer USPs ist, dass wir Sie jederzeit durch vor Ort-Betreuung optimal unterst\u00fctzen k\u00f6nnen. An unseren Standorten in Deutschland, \u00d6sterreich und der Schweiz betreuen wir Sie individuell \u2013 und Sie m\u00fcssen daf\u00fcr keine weiten Wege auf sich nehmen. Wir kommen zu Ihnen und helfen Ihnen durch unsere \u00f6rtliche Flexibilit\u00e4t wertvolle Zeit zu sparen!<\/p><p>Sie m\u00f6chten sich ganz unverbindlich mit uns unterhalten? Dann treten Sie gerne mit uns in Kontakt und<a href=\"https:\/\/www.gps-jobsearch.com\/de\/kontakt\/\" target=\"_blank\" rel=\"noopener\"> vereinbaren Sie einen Beratungstermin<\/a> f\u00fcr Outplacement &#8222;Plus&#8220;\u00a0&#8211; in der Schweiz\u00a0oder anderswo!<\/p>\t\t\t\t\t\t\t\t<\/div>\n\t\t\t\t<\/div>\n\t\t\t\t<\/div>\n\t\t\t\t\t<\/div>\n\t\t\t\t<\/div>\n\t\t<div class=\"elementor-element elementor-element-02813a0 e-flex e-con-boxed e-con e-parent\" data-id=\"02813a0\" data-element_type=\"container\" data-settings=\"{&quot;jet_parallax_layout_list&quot;:[]}\">\n\t\t\t\t\t<div class=\"e-con-inner\">\n\t\t\t\t<div class=\"elementor-element elementor-element-28ffdcf elementor-widget elementor-widget-video\" data-id=\"28ffdcf\" data-element_type=\"widget\" data-settings=\"{&quot;youtube_url&quot;:&quot;https:\\\/\\\/www.youtube.com\\\/embed\\\/5W8JJ0OwTdo?autoplay=0&amp;hl=de&amp;controls=0&amp;disablekb=1&amp;playsinline=1&amp;cc_load_policy=0&amp;cc_lang_pref=auto&amp;widget_referrer=https%3A%2F%2Falt.gps-jobsearch.com%2Fde%2Foutplacement-beratung&amp;rel=0&amp;showinfo=0&amp;iv_load_policy=3&amp;modestbranding=1&amp;customControls=true&amp;noCookie=false&amp;enablejsapi=1&amp;origin=https%3A%2F%2Falt.gps-jobsearch.com&amp;widgetid=1&quot;,&quot;video_type&quot;:&quot;youtube&quot;,&quot;controls&quot;:&quot;yes&quot;}\" data-widget_type=\"video.default\">\n\t\t\t\t<div class=\"elementor-widget-container\">\n\t\t\t\t\t\t\t<div class=\"elementor-wrapper elementor-open-inline\">\n\t\t\t<div class=\"elementor-video\"><\/div>\t\t<\/div>\n\t\t\t\t\t\t<\/div>\n\t\t\t\t<\/div>\n\t\t\t\t\t<\/div>\n\t\t\t\t<\/div>\n\t\t<div class=\"elementor-element elementor-element-fd33bb0 e-flex e-con-boxed e-con e-parent\" data-id=\"fd33bb0\" data-element_type=\"container\" data-settings=\"{&quot;jet_parallax_layout_list&quot;:[]}\">\n\t\t\t\t\t<div class=\"e-con-inner\">\n\t\t\t\t<div class=\"elementor-element elementor-element-ace08ee elementor-testimonial--skin-default elementor-testimonial--layout-image_inline elementor-testimonial--align-center elementor-arrows-yes elementor-pagination-type-bullets elementor-widget elementor-widget-testimonial-carousel\" data-id=\"ace08ee\" data-element_type=\"widget\" data-settings=\"{&quot;show_arrows&quot;:&quot;yes&quot;,&quot;pagination&quot;:&quot;bullets&quot;,&quot;speed&quot;:500,&quot;autoplay&quot;:&quot;yes&quot;,&quot;autoplay_speed&quot;:5000,&quot;loop&quot;:&quot;yes&quot;,&quot;pause_on_hover&quot;:&quot;yes&quot;,&quot;pause_on_interaction&quot;:&quot;yes&quot;,&quot;space_between&quot;:{&quot;unit&quot;:&quot;px&quot;,&quot;size&quot;:10,&quot;sizes&quot;:[]},&quot;space_between_widescreen&quot;:{&quot;unit&quot;:&quot;px&quot;,&quot;size&quot;:10,&quot;sizes&quot;:[]},&quot;space_between_tablet&quot;:{&quot;unit&quot;:&quot;px&quot;,&quot;size&quot;:10,&quot;sizes&quot;:[]},&quot;space_between_mobile&quot;:{&quot;unit&quot;:&quot;px&quot;,&quot;size&quot;:10,&quot;sizes&quot;:[]}}\" data-widget_type=\"testimonial-carousel.default\">\n\t\t\t\t<div class=\"elementor-widget-container\">\n\t\t\t\t\t\t\t\t\t<div class=\"elementor-swiper\">\n\t\t\t\t\t<div class=\"elementor-main-swiper swiper\" role=\"region\" aria-roledescription=\"carousel\" aria-label=\"Slides\">\n\t\t\t\t<div class=\"swiper-wrapper\">\n\t\t\t\t\t\t\t\t\t\t\t<div class=\"swiper-slide\" role=\"group\" aria-roledescription=\"slide\">\n\t\t\t\t\t\t\t\t\t<div class=\"elementor-testimonial\">\n\t\t\t\t\t\t\t<div class=\"elementor-testimonial__content\">\n\t\t\t\t\t<div class=\"elementor-testimonial__text\">\n\t\t\t\t\t\t\n\t\t\t\t\t\tDas Konzept und der von Ihnen beschriebene gps-jobsearch Prozess hatte mich sehr angesprochen, auch nach einem Vergleich mit Ihren Mitbewerbern. Insbesondere Ihr Praxisbezug und Ihr Netzwerk schienen mir erfolgversprechend. Deshalb hatte ich mich schlussendlich f\u00fcr gps-jobsearch entscheiden. Das Strategiemeeting, das Erstellen der Unterlagen, die Trainings zum eigenen Auftritt bei potentiellen Arbeitgebern sowie Ihre Netzwerkarbeit erwiesen sich dann als sehr hilfreich und zielf\u00fchrend. Die gps-Bewerbungen erbrachten etliche Bewerbungsgespr\u00e4che, die schlussendlich zum Erfolg f\u00fchrten. Meinen heutigen Vertrag habe ich gps-jobsearch zu verdanken! Vielen Dank f\u00fcr Ihre professionelle Unterst\u00fctzung in den vergangenen Wochen.\t\t\t\t\t\t\t\t\t\t<\/div>\n\t\t\t\t\t\t\t\t\t<\/div>\n\t\t\t\t\t\t<div class=\"elementor-testimonial__footer\">\n\t\t\t\t\t\t\t\t<cite class=\"elementor-testimonial__cite\"><span class=\"elementor-testimonial__name\">O.R., 53 Jahre, COO in einem Unternehmen in Bayern (D) <\/span><\/cite>\t\t\t<\/div>\n\t\t<\/div>\n\t\t\t\t\t\t\t\t<\/div>\n\t\t\t\t\t\t\t\t\t\t\t<div class=\"swiper-slide\" role=\"group\" aria-roledescription=\"slide\">\n\t\t\t\t\t\t\t\t\t<div class=\"elementor-testimonial\">\n\t\t\t\t\t\t\t<div class=\"elementor-testimonial__content\">\n\t\t\t\t\t<div class=\"elementor-testimonial__text\">\n\t\t\t\t\t\t\n\t\t\t\t\t\tIch werde nun schon nach ca. drei Monaten eine neue Besch\u00e4ftigung beginnen. [...] Sie haben mich in einer schweren Phase wieder aufgebaut und mir den eigenen Wert wieder deutlich gemacht. [...] Vielen Dank f\u00fcr Ihre offene und ehrliche Unterst\u00fctzung in dieser Zeit. Sie haben mir sehr geholfen, einen f\u00fcr mich positiven Abschluss dieser Lebenssituation zu finden.\t\t\t\t\t\t\t\t\t\t<\/div>\n\t\t\t\t\t\t\t\t\t<\/div>\n\t\t\t\t\t\t<div class=\"elementor-testimonial__footer\">\n\t\t\t\t\t\t\t\t<cite class=\"elementor-testimonial__cite\"><span class=\"elementor-testimonial__name\"> T. S., CEO in einem Unternehmen in NRW (D) <\/span><\/cite>\t\t\t<\/div>\n\t\t<\/div>\n\t\t\t\t\t\t\t\t<\/div>\n\t\t\t\t\t\t\t\t\t\t\t<div class=\"swiper-slide\" role=\"group\" aria-roledescription=\"slide\">\n\t\t\t\t\t\t\t\t\t<div class=\"elementor-testimonial\">\n\t\t\t\t\t\t\t<div class=\"elementor-testimonial__content\">\n\t\t\t\t\t<div class=\"elementor-testimonial__text\">\n\t\t\t\t\t\tAn dieser Stelle meinen herzlichen Dank f\u00fcr das von Ihnen erzielte  Ergebnis und die w\u00e4hrend des gesamten Prozesses hervorragende und h\u00f6chst  professionelle Unterst\u00fctzung.\t\t\t\t\t\t\t\t\t\t<\/div>\n\t\t\t\t\t\t\t\t\t<\/div>\n\t\t\t\t\t\t<div class=\"elementor-testimonial__footer\">\n\t\t\t\t\t\t\t\t<cite class=\"elementor-testimonial__cite\"><span class=\"elementor-testimonial__name\"> H. N., 46 Jahre, Vorstand in einem Unternehmen in Hessen (D) <\/span><\/cite>\t\t\t<\/div>\n\t\t<\/div>\n\t\t\t\t\t\t\t\t<\/div>\n\t\t\t\t\t\t\t\t\t<\/div>\n\t\t\t\t\t\t\t\t\t\t\t\t\t\t\t<div class=\"elementor-swiper-button elementor-swiper-button-prev\" role=\"button\" tabindex=\"0\" aria-label=\"Voriger\">\n\t\t\t\t\t\t\t<svg aria-hidden=\"true\" class=\"e-font-icon-svg e-eicon-chevron-left\" viewBox=\"0 0 1000 1000\" xmlns=\"http:\/\/www.w3.org\/2000\/svg\"><path d=\"M646 125C629 125 613 133 604 142L308 442C296 454 292 471 292 487 292 504 296 521 308 533L604 854C617 867 629 875 646 875 663 875 679 871 692 858 704 846 713 829 713 812 713 796 708 779 692 767L438 487 692 225C700 217 708 204 708 187 708 171 704 154 692 142 675 129 663 125 646 125Z\"><\/path><\/svg>\t\t\t\t\t\t<\/div>\n\t\t\t\t\t\t<div class=\"elementor-swiper-button elementor-swiper-button-next\" role=\"button\" tabindex=\"0\" aria-label=\"N\u00e4chster\">\n\t\t\t\t\t\t\t<svg aria-hidden=\"true\" class=\"e-font-icon-svg e-eicon-chevron-right\" viewBox=\"0 0 1000 1000\" xmlns=\"http:\/\/www.w3.org\/2000\/svg\"><path d=\"M696 533C708 521 713 504 713 487 713 471 708 454 696 446L400 146C388 133 375 125 354 125 338 125 325 129 313 142 300 154 292 171 292 187 292 204 296 221 308 233L563 492 304 771C292 783 288 800 288 817 288 833 296 850 308 863 321 871 338 875 354 875 371 875 388 867 400 854L696 533Z\"><\/path><\/svg>\t\t\t\t\t\t<\/div>\n\t\t\t\t\t\t\t\t\t\t\t\t\t\t\t\t<div class=\"swiper-pagination\"><\/div>\n\t\t\t\t\t\t\t\t\t\t\t\t<\/div>\n\t\t\t\t<\/div>\n\t\t\t\t\t\t\t\t<\/div>\n\t\t\t\t<\/div>\n\t\t\t\t\t<\/div>\n\t\t\t\t<\/div>\n\t\t\t\t<\/div>\n\t\t","protected":false},"excerpt":{"rendered":"<p>Outplacement, das weiter geht: f\u00fcr Top-Manager in der Schweiz Ihr Partner f\u00fcr inverses Headhunting in der Schweiz und der DACH-Region Sie sind als F\u00fchrungskraft auf der Suche nach neuen beruflichen Aufgaben? Sie interessieren sich dabei aufgrund eines Unternehmenswechsels f\u00fcr die M\u00f6glichkeiten eines Outplacements in der Schweiz. Mit inversem Headhunting von gps-jobsearch gehen Sie sogar noch [&hellip;]<\/p>\n","protected":false},"author":5,"featured_media":0,"parent":0,"menu_order":23,"comment_status":"closed","ping_status":"closed","template":"","meta":{"footnotes":""},"seiten-kategorie":[],"class_list":["post-5536","page","type-page","status-publish","hentry"],"_links":{"self":[{"href":"https:\/\/www.gps-jobsearch.com\/de\/wp-json\/wp\/v2\/pages\/5536","targetHints":{"allow":["GET"]}}],"collection":[{"href":"https:\/\/www.gps-jobsearch.com\/de\/wp-json\/wp\/v2\/pages"}],"about":[{"href":"https:\/\/www.gps-jobsearch.com\/de\/wp-json\/wp\/v2\/types\/page"}],"author":[{"embeddable":true,"href":"https:\/\/www.gps-jobsearch.com\/de\/wp-json\/wp\/v2\/users\/5"}],"replies":[{"embeddable":true,"href":"https:\/\/www.gps-jobsearch.com\/de\/wp-json\/wp\/v2\/comments?post=5536"}],"version-history":[{"count":17,"href":"https:\/\/www.gps-jobsearch.com\/de\/wp-json\/wp\/v2\/pages\/5536\/revisions"}],"predecessor-version":[{"id":5671,"href":"https:\/\/www.gps-jobsearch.com\/de\/wp-json\/wp\/v2\/pages\/5536\/revisions\/5671"}],"wp:attachment":[{"href":"https:\/\/www.gps-jobsearch.com\/de\/wp-json\/wp\/v2\/media?parent=5536"}],"wp:term":[{"taxonomy":"seiten-kategorie","embeddable":true,"href":"https:\/\/www.gps-jobsearch.com\/de\/wp-json\/wp\/v2\/seiten-kategorie?post=5536"}],"curies":[{"name":"wp","href":"https:\/\/api.w.org\/{rel}","templated":true}]}}