{"id":5089,"date":"2025-04-04T13:02:47","date_gmt":"2025-04-04T13:02:47","guid":{"rendered":"https:\/\/www.gps-jobsearch.com\/?page_id=5089"},"modified":"2025-08-01T10:16:21","modified_gmt":"2025-08-01T10:16:21","slug":"executive-search","status":"publish","type":"page","link":"https:\/\/www.gps-jobsearch.com\/de\/executive-search\/","title":{"rendered":"Executive Search"},"content":{"rendered":"\t\t<div data-elementor-type=\"wp-page\" data-elementor-id=\"5089\" class=\"elementor elementor-5089\" data-elementor-post-type=\"page\">\n\t\t\t\t<div class=\"elementor-element elementor-element-75e3281 e-flex e-con-boxed e-con e-parent\" data-id=\"75e3281\" data-element_type=\"container\" data-settings=\"{&quot;jet_parallax_layout_list&quot;:[]}\">\n\t\t\t\t\t<div class=\"e-con-inner\">\n\t\t\t\t<div class=\"elementor-element elementor-element-80d2ead elementor-widget elementor-widget-heading\" data-id=\"80d2ead\" data-element_type=\"widget\" data-widget_type=\"heading.default\">\n\t\t\t\t<div class=\"elementor-widget-container\">\n\t\t\t\t\t<h1 class=\"elementor-heading-title elementor-size-default\">Executive Search braucht Zeit. F\u00fchrungskr\u00e4fte steuern ihre Karriere aktiv!<\/h1>\t\t\t\t<\/div>\n\t\t\t\t<\/div>\n\t\t\t\t<div class=\"elementor-element elementor-element-75c94cd elementor-widget elementor-widget-heading\" data-id=\"75c94cd\" data-element_type=\"widget\" data-widget_type=\"heading.default\">\n\t\t\t\t<div class=\"elementor-widget-container\">\n\t\t\t\t\t<h2 class=\"elementor-heading-title elementor-size-default\">Warum Executiv Search keine L\u00f6sung ist<\/h2>\t\t\t\t<\/div>\n\t\t\t\t<\/div>\n\t\t\t\t\t<\/div>\n\t\t\t\t<\/div>\n\t\t<div class=\"elementor-element elementor-element-26deba1 e-flex e-con-boxed e-con e-parent\" data-id=\"26deba1\" data-element_type=\"container\" data-settings=\"{&quot;jet_parallax_layout_list&quot;:[]}\">\n\t\t\t\t\t<div class=\"e-con-inner\">\n\t\t<div class=\"elementor-element elementor-element-5c314db e-con-full e-flex e-con e-child\" data-id=\"5c314db\" data-element_type=\"container\" data-settings=\"{&quot;jet_parallax_layout_list&quot;:[]}\">\n\t\t\t\t<div class=\"elementor-element elementor-element-d9a715f elementor-widget elementor-widget-text-editor\" data-id=\"d9a715f\" data-element_type=\"widget\" data-widget_type=\"text-editor.default\">\n\t\t\t\t<div class=\"elementor-widget-container\">\n\t\t\t\t\t\t\t\t\t<div class=\"wp-block-columns\"><div class=\"wp-block-column\"><p class=\"p1\">Executive Search hat Sie in Ihrer Karriere begleitet und Ihnen gelegentlich die n\u00e4chste Stufe erm\u00f6glicht. Doch dieser Weg funktioniert nur, wenn Sie Zeit und Geduld mitbringen \u2013 und zwar reichlich. Sobald es um Top-Positionen geht, ist reines Abwarten keine Option mehr. Wenn Sie aktiv nach einer neuen F\u00fchrungsrolle suchen \u2013 wom\u00f6glich unter Zeitdruck \u2013 gelten andere Spielregeln.<\/p><p class=\"p1\">Glaubt man den Jobportalen, gibt es tausende Executive Search Berater, die auf Bewerbungsunterlagen warten. Doch die Realit\u00e4t sieht anders aus: Lediglich eine kleine, exklusive Gruppe von Personalberatern besetzt Spitzenpositionen mit Jahresgeh\u00e4ltern \u00fcber 200.000 EUR. Diese Headhunter sind nicht aktiv auf der Suche nach Bewerbern \u2013 im Gegenteil: 87 % der hochkar\u00e4tigen Executive-Search-Auftr\u00e4ge erfolgen hinter verschlossenen T\u00fcren, ohne dass Bewerbungen \u00fcberhaupt erw\u00fcnscht sind. Viele Headhunter errichten bewusst H\u00fcrden wie komplexe Online-Formulare oder versteckte Kontaktm\u00f6glichkeiten, um Direktbewerbungen zu minimieren.<\/p><h2>Executive Search \u2013 Immer im Interesse des Unternehmens<\/h2><p class=\"p1\">Headhunter arbeiten strikt nach den Vorgaben ihrer Auftraggeber und setzen auf ihr Netzwerk sowie Direktansprachen. Executive Search dient ausschlie\u00dflich der Besetzung strategisch wichtiger Positionen f\u00fcr Unternehmen \u2013 <b>nicht der Karriereplanung von F\u00fchrungskr\u00e4ften<\/b>. Unternehmen beauftragen spezialisierte Headhunting-Berater, um gezielt Manager zu identifizieren, die exakt ins Anforderungsprofil passen.<\/p><ul class=\"ul1\"><li class=\"li1\"><b>Keine Karriereberatung:<\/b> Headhunter sind keine Berater f\u00fcr Headhunting aus Kandidatensicht \u2013 sie vertreten ausschlie\u00dflich die Interessen des suchenden Unternehmens.<\/li><li class=\"li1\"><b>H\u00f6chste Selektivit\u00e4t:<\/b> Nur wer exakt ins Profil passt, wird \u00fcberhaupt in Betracht gezogen.<\/li><li class=\"li1\"><b>Minimale R\u00fcckmeldungen:<\/b> Nur 5\u201310 % der proaktiven Bewerbungen erhalten eine Antwort \u2013 der Rest bleibt unbeachtet.<\/li><li class=\"li1\"><b>Kein Platz f\u00fcr Eigeninitiative:<\/b> Unaufgeforderte Bewerbungen werden in der Regel ignoriert.<\/li><\/ul><ul><li><b>Geringe Erfolgschancen:<\/b> In \u00fcber 80 % der F\u00e4lle stehen die Favoriten des Headhunters bereits fest, bevor die Suche beginnt. Externe Bewerber haben kaum eine realistische Chance.<\/li><\/ul><h2>Der wahre Stellenmarkt f\u00fcr F\u00fchrungskr\u00e4fte<\/h2><p>Ein Gro\u00dfteil der Top-Positionen wird nicht \u00f6ffentlich ausgeschrieben und auch nicht \u00fcber Headhunter vergeben. Diese Stellen befinden sich im <a href=\"https:\/\/www.gps-jobsearch.com\/de\/verdeckter-stellenmarkt\/\">verdeckten Stellenmarkt<\/a>, wo strategische Entscheidungen \u00fcber neue Besetzungen lange vor der offiziellen Suche getroffen werden. Hier setzen wir an: <b><a href=\"https:\/\/www.gps-jobsearch.com\/de\/inverses-headhunting\/\">Inverses Headhunting mit gps-jobsearch<\/a> \u2013 Ihr direkter Zugang zum verdeckten Stellenmarkt.<\/b><\/p><h2>Die unsichtbare H\u00fcrde: Warum Ex-Manager durchs Raster fallen<\/h2><p class=\"p1\">Solange Sie aktiv eine F\u00fchrungsposition innehaben, besteht die Chance, von Headhuntern kontaktiert zu werden. Doch sobald Sie freigestellt sind oder Ihr Unternehmen verlassen haben, schrumpfen diese M\u00f6glichkeiten drastisch. Statistiken zeigen, dass nur rund 15 % der Headhunter gezielt Kandidaten ber\u00fccksichtigen, die sich bereits im \u00dcbergang befinden. Der Grund: Headhunter platzieren keine F\u00fchrungskr\u00e4fte, die nicht unmittelbar aus einer operativen Rolle heraus starten k\u00f6nnen. Ihr Fokus liegt auf \u201ePole-Position-Kandidaten\u201c, die nahtlos in eine neue Aufgabe einsteigen.<\/p><\/div><\/div>\t\t\t\t\t\t\t\t<\/div>\n\t\t\t\t<\/div>\n\t\t\t\t<\/div>\n\t\t<div class=\"elementor-element elementor-element-2f7028a e-con-full e-flex e-con e-child\" data-id=\"2f7028a\" data-element_type=\"container\" data-settings=\"{&quot;jet_parallax_layout_list&quot;:[]}\">\n\t\t\t\t<div class=\"elementor-element elementor-element-edbcfa3 elementor-widget elementor-widget-image\" data-id=\"edbcfa3\" data-element_type=\"widget\" data-widget_type=\"image.default\">\n\t\t\t\t<div class=\"elementor-widget-container\">\n\t\t\t\t\t\t\t\t\t\t\t\t\t\t\t<img fetchpriority=\"high\" decoding=\"async\" width=\"720\" height=\"480\" src=\"https:\/\/www.gps-jobsearch.com\/wp-content\/uploads\/2025\/04\/pexels-sora-shimazaki-5673488_720.jpg\" class=\"attachment-large size-large wp-image-5130\" alt=\"Ein m\u00e4nnlicher und eine weibliche Manager*in geben sich am Schreibtisch die Hand. Dies symbolisiert professionellen Austausch, Diskretion und den Abschluss eines Executive-Search-Prozesses auf Top-Management-Ebene.\" srcset=\"https:\/\/www.gps-jobsearch.com\/wp-content\/uploads\/2025\/04\/pexels-sora-shimazaki-5673488_720.jpg 720w, https:\/\/www.gps-jobsearch.com\/wp-content\/uploads\/2025\/04\/pexels-sora-shimazaki-5673488_720-300x200.jpg 300w\" sizes=\"(max-width: 720px) 100vw, 720px\" \/>\t\t\t\t\t\t\t\t\t\t\t\t\t\t\t<\/div>\n\t\t\t\t<\/div>\n\t\t\t\t<div class=\"elementor-element elementor-element-37005e5 elementor-widget elementor-widget-text-editor\" data-id=\"37005e5\" data-element_type=\"widget\" data-widget_type=\"text-editor.default\">\n\t\t\t\t<div class=\"elementor-widget-container\">\n\t\t\t\t\t\t\t\t\t<div class=\"wp-block-columns\"><h2>Executive Search vs. Inverses Headhunting \u2013 Ein klarer Unterschied<\/h2><p class=\"p1\">W\u00e4hrend Executive Search ausschlie\u00dflich unternehmensgesteuert ist und prim\u00e4r auf bereits bekannte Kandidaten zur\u00fcckgreift, bietet <a href=\"https:\/\/www.gps-jobsearch.com\/de\/inverses-headhunting\/\">Inverses Headhunting<\/a> einen strategischen Vorteil: Der Kandidat \u00fcbernimmt die Initiative und positioniert sich gezielt bei Entscheidungstr\u00e4gern.<\/p><table class=\"t1\" cellspacing=\"0\" cellpadding=\"0\"><tbody><tr class=\"table-header-row\"><td data-label=\"Kriterium\"><b>Kriterium<\/b><\/td><td data-label=\"Executive Search\"><b>Executive Search<\/b><\/td><td data-label=\"Inverses Headhunting\"><b>Inverses Headhunting<\/b><\/td><\/tr><tr><td data-label=\"Kriterium\"><b>Initiative<\/b><\/td><td data-label=\"Executive Search\">Unternehmen sucht aktiv \u00fcber Headhunter<\/td><td data-label=\"Inverses Headhunting\">Kandidat steuert den Prozess selbst<\/td><\/tr><tr><td data-label=\"Kriterium\"><b>Zugang<\/b><\/td><td data-label=\"Executive Search\">Nur f\u00fcr vorab identifizierte Top-Kandidaten<\/td><td data-label=\"Inverses Headhunting\">Direkter Zugang zum verdeckten Stellenmarkt<\/td><\/tr><tr><td data-label=\"Kriterium\"><b>Interessenvertretung<\/b><\/td><td data-label=\"Executive Search\">Headhunter vertritt das Unternehmen<\/td><td data-label=\"Inverses Headhunting\">Individuelle Karriereplanung f\u00fcr den Kandidaten<\/td><\/tr><tr><td data-label=\"Kriterium\"><b>Erfolgswahrscheinlichkeit<\/b><\/td><td data-label=\"Executive Search\">Gering, wenn kein bestehender Kontakt besteht<\/td><td data-label=\"Inverses Headhunting\">Hoch durch proaktive Positionierung<\/td><\/tr><tr><td data-label=\"Kriterium\"><b>Timing<\/b><\/td><td data-label=\"Executive Search\">Unternehmen entscheidet, wann gesucht wird<\/td><td data-label=\"Inverses Headhunting\">Kandidat bestimmt den richtigen Zeitpunkt<\/td><\/tr><tr><td data-label=\"Kriterium\"><b>Wettbewerb<\/b><\/td><td data-label=\"Executive Search\">Konkurrenz mit bestehenden Favoriten des Headhunters<\/td><td data-label=\"Inverses Headhunting\">Direkte Ansprache vor offiziellem Suchstart<\/td><\/tr><tr><td data-label=\"Kriterium\"><b>Sichtbarkeit<\/b><\/td><td data-label=\"Executive Search\">Kandidat muss erst gefunden werden<\/td><td data-label=\"Inverses Headhunting\">Direkte Vernetzung mit Entscheidungstr\u00e4gern<\/td><\/tr><\/tbody><\/table><div class=\"wp-block-column\"><h2>Inverses Headhunting \u2013 Ihre Abk\u00fcrzung zur n\u00e4chsten Top-Position<\/h2><p class=\"p1\">Anstatt darauf zu warten, dass ein Headhunter zuf\u00e4llig eine passende Stelle f\u00fcr Sie hat, gehen wir gezielt den entscheidenden Schritt voraus:<\/p><ul class=\"ul1\"><li class=\"li1\"><b>Gezielte Positionierung:<\/b> Wir platzieren Sie dort, wo \u00fcber neue F\u00fchrungskr\u00e4fte entschieden wird \u2013 bevor die Suche offiziell beginnt.<\/li><li class=\"li1\"><b>Individuelle Strategie:<\/b> Statt Massenbewerbungen setzen wir auf ma\u00dfgeschneiderte Ansprache und Insiderwissen.<\/li><li class=\"li1\"><b>Diskretion &amp; Exklusivit\u00e4t:<\/b> Ihre Karriere verdient einen strategischen Ansatz \u2013 keine Zufallsbewerbungen.<\/li><\/ul><p class=\"p1\"><b>Fazit: Verlassen Sie sich nicht auf Zuf\u00e4lle<\/b><\/p><ul class=\"ul1\"><li class=\"li1\"><b>Zeit ist entscheidend:<\/b> Wer darauf wartet, von Headhuntern angesprochen zu werden, verliert wertvolle Chancen.<\/li><li class=\"li1\"><b>Keine \u00f6ffentliche Ausschreibung:<\/b> Die besten Positionen werden fr\u00fchzeitig und diskret besetzt.<\/li><li class=\"li1\"><b>Strategischer Vorteil:<\/b> Mit gps-jobsearch erreichen Sie die Entscheidungsstellen, bevor Ihr Wettbewerb \u00fcberhaupt davon erf\u00e4hrt.<\/li><\/ul><p class=\"p1\"><b>Lassen Sie uns gemeinsam Ihre Karriere strategisch planen \u2013 bevor der offizielle Suchprozess \u00fcberhaupt beginnt.<\/b><b><\/b><\/p><\/div><\/div>\t\t\t\t\t\t\t\t<\/div>\n\t\t\t\t<\/div>\n\t\t\t\t<\/div>\n\t\t\t\t\t<\/div>\n\t\t\t\t<\/div>\n\t\t\t\t<\/div>\n\t\t","protected":false},"excerpt":{"rendered":"<p>Executive Search braucht Zeit. F\u00fchrungskr\u00e4fte steuern ihre Karriere aktiv! Warum Executiv Search keine L\u00f6sung ist Executive Search hat Sie in Ihrer Karriere begleitet und Ihnen gelegentlich die n\u00e4chste Stufe erm\u00f6glicht. Doch dieser Weg funktioniert nur, wenn Sie Zeit und Geduld mitbringen \u2013 und zwar reichlich. Sobald es um Top-Positionen geht, ist reines Abwarten keine Option [&hellip;]<\/p>\n","protected":false},"author":5,"featured_media":0,"parent":0,"menu_order":48,"comment_status":"closed","ping_status":"closed","template":"","meta":{"footnotes":""},"seiten-kategorie":[],"class_list":["post-5089","page","type-page","status-publish","hentry"],"_links":{"self":[{"href":"https:\/\/www.gps-jobsearch.com\/de\/wp-json\/wp\/v2\/pages\/5089","targetHints":{"allow":["GET"]}}],"collection":[{"href":"https:\/\/www.gps-jobsearch.com\/de\/wp-json\/wp\/v2\/pages"}],"about":[{"href":"https:\/\/www.gps-jobsearch.com\/de\/wp-json\/wp\/v2\/types\/page"}],"author":[{"embeddable":true,"href":"https:\/\/www.gps-jobsearch.com\/de\/wp-json\/wp\/v2\/users\/5"}],"replies":[{"embeddable":true,"href":"https:\/\/www.gps-jobsearch.com\/de\/wp-json\/wp\/v2\/comments?post=5089"}],"version-history":[{"count":50,"href":"https:\/\/www.gps-jobsearch.com\/de\/wp-json\/wp\/v2\/pages\/5089\/revisions"}],"predecessor-version":[{"id":6890,"href":"https:\/\/www.gps-jobsearch.com\/de\/wp-json\/wp\/v2\/pages\/5089\/revisions\/6890"}],"wp:attachment":[{"href":"https:\/\/www.gps-jobsearch.com\/de\/wp-json\/wp\/v2\/media?parent=5089"}],"wp:term":[{"taxonomy":"seiten-kategorie","embeddable":true,"href":"https:\/\/www.gps-jobsearch.com\/de\/wp-json\/wp\/v2\/seiten-kategorie?post=5089"}],"curies":[{"name":"wp","href":"https:\/\/api.w.org\/{rel}","templated":true}]}}