{"id":5045,"date":"2025-04-04T13:48:26","date_gmt":"2025-04-04T13:48:26","guid":{"rendered":"https:\/\/www.gps-jobsearch.com\/?page_id=5045"},"modified":"2025-12-02T11:38:08","modified_gmt":"2025-12-02T11:38:08","slug":"inverses-headhunting-in-frankfurt","status":"publish","type":"page","link":"https:\/\/www.gps-jobsearch.com\/de\/inverses-headhunting-in-frankfurt\/","title":{"rendered":"Inverses Headhunting in Frankfurt"},"content":{"rendered":"\t\t<div data-elementor-type=\"wp-page\" data-elementor-id=\"5045\" class=\"elementor elementor-5045\" data-elementor-post-type=\"page\">\n\t\t\t\t<div class=\"elementor-element elementor-element-a4c0c46 e-flex e-con-boxed e-con e-parent\" data-id=\"a4c0c46\" data-element_type=\"container\" data-settings=\"{&quot;jet_parallax_layout_list&quot;:[]}\">\n\t\t\t\t\t<div class=\"e-con-inner\">\n\t\t\t\t<div class=\"elementor-element elementor-element-6d4c560 elementor-widget elementor-widget-heading\" data-id=\"6d4c560\" data-element_type=\"widget\" data-widget_type=\"heading.default\">\n\t\t\t\t<div class=\"elementor-widget-container\">\n\t\t\t\t\t<h1 class=\"elementor-heading-title elementor-size-default\">Inverses Headhunting in Frankfurt<\/h1>\t\t\t\t<\/div>\n\t\t\t\t<\/div>\n\t\t\t\t<div class=\"elementor-element elementor-element-d81d4a0 elementor-widget elementor-widget-heading\" data-id=\"d81d4a0\" data-element_type=\"widget\" data-widget_type=\"heading.default\">\n\t\t\t\t<div class=\"elementor-widget-container\">\n\t\t\t\t\t<h5 class=\"elementor-heading-title elementor-size-default\">gps-jobsearch: Mit Profis zur Top-Managementposition<\/h5>\t\t\t\t<\/div>\n\t\t\t\t<\/div>\n\t\t\t\t\t<\/div>\n\t\t\t\t<\/div>\n\t\t<div class=\"elementor-element elementor-element-87c06dd e-flex e-con-boxed e-con e-parent\" data-id=\"87c06dd\" data-element_type=\"container\" data-settings=\"{&quot;jet_parallax_layout_list&quot;:[]}\">\n\t\t\t\t\t<div class=\"e-con-inner\">\n\t\t<div class=\"elementor-element elementor-element-d32efdc e-con-full e-flex e-con e-child\" data-id=\"d32efdc\" data-element_type=\"container\" data-settings=\"{&quot;jet_parallax_layout_list&quot;:[]}\">\n\t\t\t\t<div class=\"elementor-element elementor-element-d1cd8a1 elementor-widget elementor-widget-text-editor\" data-id=\"d1cd8a1\" data-element_type=\"widget\" data-widget_type=\"text-editor.default\">\n\t\t\t\t<div class=\"elementor-widget-container\">\n\t\t\t\t\t\t\t\t\t<p>Sie sind Top-Manager und wollen oder m\u00fcssen sich beruflich ver\u00e4ndern? \u00a0Sie sind auf der Suche nach einer ad\u00e4quaten beruflichen Position in Frankfurt und kommen mit den g\u00e4ngigen Methoden nicht recht weiter? Sie wollen bei der Jobsuche. Unser Service f\u00fcr\u00a0<a href=\"https:\/\/www.gps-jobsearch.com\/de\/inverses-headhunting\/\" target=\"_blank\" rel=\"noopener\">inverses Headhunting\u00a0<\/a>bringt Sie sogar noch einen Schritt weiter. Team und Netzwerk von\u00a0<a href=\"https:\/\/www.gps-jobsearch.com\/\" target=\"_blank\" rel=\"noopener\">gps-jobsearch<\/a> beginnen dort zu arbeiten, wo klassische Outplacement-Beratung aufh\u00f6rt: beim tats\u00e4chlichen Suchen, Finden und Besetzen von Top-Managementpositionen. Erschlie\u00dfen Sie den <strong data-start=\"597\" data-end=\"685\"><a class=\"decorated-link\" href=\"https:\/\/www.gps-jobsearch.com\/de\/verdeckter-stellenmarkt\/\" target=\"_new\" rel=\"noopener\" data-start=\"599\" data-end=\"683\">verdeckten Stellenmarkt<\/a><\/strong> und profitieren Sie von exklusiven Positionen, die nicht \u00f6ffentlich ausgeschrieben werden.<\/p><h2>So funktioniert Inverses Headhunting in Frankfurt<\/h2><p>Inverses Headhunting\u00a0stellt \u00fcbertrifft klassische Outplacement-Verfahren ma\u00dfgeblich: Anstatt geeignete Kandidaten f\u00fcr Vakanzen zu suchen, finden wir neue Aufgaben f\u00fcr konkrete Kandidaten und Kandidatinnen. So schlie\u00dfen wir eine Besetzungsl\u00fccke, die dadurch entsteht, dass gerade hochqualifizierte Managementpositionen oft nicht \u00fcber den klassischen Jobmarkt ausgeschrieben werden und erzielen auch in Frankfurt am Main ein perfektes Matching zwischen Kandidaten und Positionen.\u00a0<i>gps-jobsearch<\/i>\u00a0erschlie\u00dft Ihnen den Zugang zum\u00a0<a href=\"https:\/\/www.gps-jobsearch.com\/de\/verdeckter-stellenmarkt\/\" target=\"_blank\" rel=\"noopener\">verdeckten Stellenmarkt f\u00fcr Top-Manager<\/a>\u00a0&#8211; in Frankfurt aber auch \u00fcberregional!<\/p><p><strong>Die Erfolge sprechen dabei f\u00fcr sich:\u00a0<\/strong><\/p><ul><li>Unsere Kunden nach\u00a0<strong>4 bis 6 Wochen<\/strong>\u00a0rund\u00a0<strong>10 bis 15 Gespr\u00e4che<\/strong>,<\/li><li>aus denen\u00a0<strong>2 bis 3 oder sogar mehr Vertragsangebote\u00a0<\/strong>resultieren \u2013 diese k\u00f6nnen gezielt in Frankfurt f\u00fcr Sie gesucht werden, oder bei \u00f6rtlicher Flexibilit\u00e4t auch an anderen Standorten.<\/li><\/ul><h2>Frankfurt am Main &#8211; Top-Standort f\u00fcr Top-Jobs<\/h2><p>Frankfurt am Main ist eines der wichtigsten internationalen Finanzzentren. Die europ\u00e4ische Zentralbank hat hier ihren Sitz. Dar\u00fcber hinaus ist die Metropole am Main auch wichtiger Dienstleistungs- und Messestandort. Zahlreiche international operierende Konzerne haben in Frankfurt am Main ihre Zentrale. Hier eine kleine Auswahl bekannter Unternehmen:<\/p><ul><li>Deutsche Bahn<\/li><li>Deutsche Bank<\/li><li>Commerzbank<\/li><li>Bilfinger Berger<\/li><li>Deutsche B\u00f6rse AG<\/li><\/ul><p>Durch die hohe Unternehmensdichte bietet die Mainmetropole eine gro\u00dfe Anzahl an Spitzenjobs. Mit inversem Headhunting von gps-jobsearch haben Sie beste Chancen, Ihren n\u00e4chsten Top-Arbeitsplatz in Frankfurt am Main zu erlangen.<\/p><p style=\"text-align: center;\"><a class=\"elementor-button elementor-button-link elementor-size-sm\" style=\"padding: 10px;\" href=\"\/de\/kontakt\"><br \/><span class=\"elementor-button-content-wrapper\"><br \/><span class=\"elementor-button-text\">Jetzt Kontakt aufnehmen<\/span><br \/><\/span><br \/><\/a><\/p>\t\t\t\t\t\t\t\t<\/div>\n\t\t\t\t<\/div>\n\t\t\t\t<\/div>\n\t\t<div class=\"elementor-element elementor-element-0da328b e-con-full e-flex e-con e-child\" data-id=\"0da328b\" data-element_type=\"container\" data-settings=\"{&quot;jet_parallax_layout_list&quot;:[]}\">\n\t\t\t\t<div class=\"elementor-element elementor-element-6e0fd1e elementor-widget elementor-widget-image\" data-id=\"6e0fd1e\" data-element_type=\"widget\" data-widget_type=\"image.default\">\n\t\t\t\t<div class=\"elementor-widget-container\">\n\t\t\t\t\t\t\t\t\t\t\t\t\t\t\t<img fetchpriority=\"high\" decoding=\"async\" width=\"800\" height=\"534\" src=\"https:\/\/www.gps-jobsearch.com\/wp-content\/uploads\/2025\/04\/la-facetta-1029740_1920.jpg\" class=\"attachment-large size-large wp-image-5047\" alt=\"\" srcset=\"https:\/\/www.gps-jobsearch.com\/wp-content\/uploads\/2025\/04\/la-facetta-1029740_1920.jpg 950w, https:\/\/www.gps-jobsearch.com\/wp-content\/uploads\/2025\/04\/la-facetta-1029740_1920-300x200.jpg 300w, https:\/\/www.gps-jobsearch.com\/wp-content\/uploads\/2025\/04\/la-facetta-1029740_1920-768x513.jpg 768w\" sizes=\"(max-width: 800px) 100vw, 800px\">\t\t\t\t\t\t\t\t\t\t\t\t\t\t\t<\/div>\n\t\t\t\t<\/div>\n\t\t\t\t<div class=\"elementor-element elementor-element-a80deb8 elementor-widget elementor-widget-text-editor\" data-id=\"a80deb8\" data-element_type=\"widget\" data-widget_type=\"text-editor.default\">\n\t\t\t\t<div class=\"elementor-widget-container\">\n\t\t\t\t\t\t\t\t\t<h2><strong>Inverses Headhunting in Frankfurt: unser Prozess<\/strong><\/h2><p>Der\u00a0<a href=\"https:\/\/www.gps-jobsearch.com\/de\/gps-prozess-stufenplan\/\" target=\"_blank\" rel=\"noopener\">gps-Prozess\u00a0<\/a>startet mit Ihrer Anfrage oder Ihrem Anruf. Daraufhin vereinbaren wir mit Ihnen einen Termin f\u00fcr ein\u00a0unverbindliches\u00a0Erstgespr\u00e4ch, bei dem wir abkl\u00e4ren, ob unsere Dienstleistungen zu Ihren beruflichen Pl\u00e4nen passen. Kunden aus\u00a0Frankfurt am Main m\u00fcssen daf\u00fcr keine lange Anreise einplanen \u2013\u00a0<i>gps-jobsearch<\/i> f\u00fchrt unverbindliche Erstgespr\u00e4che auch Online durch.<\/p><h2>Weitere Schritte beim inversen Headhunting in Frankfurt<\/h2><p>Haben wir uns auf eine Zusammenarbeit geeinigt, starten wir in den eigentlichen Prozess unserer Dienstleistung. Unsere Meetings k\u00f6nnen dabei an einem Ort Ihrer Wahl stattfinden,\u00a0wir empfehlen\u00a0Ihnen f\u00fcr die Beratungsgespr\u00e4che aber auch gerne einen Treffpunkt in Ihrer N\u00e4he.\u00a0In Frankfurt am Main nutzen wir daf\u00fcr gerne die Seminarr\u00e4ume des:<\/p><p><strong>Maritim Hotel Frankfurt<\/strong><br \/><strong>Theodor-Heuss-Allee 3<\/strong><br \/><strong>60486 Frankfurt am Main<\/strong><\/p><h2>Inverses Headhunting nicht nur in Frankfurt am Main<\/h2><p>Sie sind noch nicht in Frankfurt vor Ort, suchen aber eine <strong data-start=\"281\" data-end=\"328\">Top-Managementposition in Frankfurt am Main<\/strong>? Als <strong data-start=\"334\" data-end=\"386\">marktf\u00fchrender Anbieter f\u00fcr inverses Headhunting<\/strong> bietet gps-jobsearch seine Leistungen im gesamten deutschsprachigen Raum an. Wir kommen direkt zu Ihnen und besprechen pers\u00f6nlich, wie Sie mit <strong data-start=\"530\" data-end=\"554\">inversem Headhunting<\/strong> Ihren gew\u00fcnschten Managementjob in Frankfurt erreichen k\u00f6nnen. Werfen Sie auch einen Blick auf die <strong data-start=\"615\" data-end=\"728\"><a class=\"decorated-link\" href=\"https:\/\/www.gps-jobsearch.com\/de\/erfahrungen-inverses-headhunting\/\" target=\"_new\" rel=\"noopener\" data-start=\"617\" data-end=\"726\">Erfahrungen &amp; Referenzen unserer Kunden<\/a><\/strong> und sehen Sie, wie erfolgreich wir F\u00fchrungskr\u00e4fte in Frankfurt und bundesweit vermitteln.<\/p><p><strong>In\u00a0<\/strong><strong>Deutschland<\/strong><strong>\u00a0ist\u00a0<\/strong><i><strong>gps-jobsearch<\/strong><\/i><strong>\u00a0in allen Ballungsgebieten mit einem guten Netzwerk vertreten:<\/strong><\/p><ul><li><a href=\"https:\/\/www.gps-jobsearch.com\/de\/inverses-headhunting-munchen\/\" target=\"_blank\" rel=\"noopener\">Inverses Headhunting in M\u00fcnchen<\/a><\/li><li><a href=\"https:\/\/www.gps-jobsearch.com\/de\/inverses-headhunting-in-hamburg\/\" target=\"_blank\" rel=\"noopener\">Inverses Headhunting in Hamburg<\/a><\/li><li><a href=\"https:\/\/www.gps-jobsearch.com\/de\/inverses-headhunting-in-berlin\/\" target=\"_blank\" rel=\"noopener\">Inverses Headhunting in Berlin<\/a><\/li><li><a href=\"https:\/\/www.gps-jobsearch.com\/de\/inverses-headhunting-stuttgart\/\" target=\"_blank\" rel=\"noopener\">Inverses Headhunting in Stuttgart<\/a><\/li><\/ul><p>Sie finden uns selbstverst\u00e4ndlich auch in\u00a0\u00d6sterreich\u00a0und der\u00a0Schweiz!<\/p>\t\t\t\t\t\t\t\t<\/div>\n\t\t\t\t<\/div>\n\t\t\t\t<\/div>\n\t\t\t\t\t<\/div>\n\t\t\t\t<\/div>\n\t\t<div class=\"elementor-element elementor-element-02813a0 e-flex e-con-boxed e-con e-parent\" data-id=\"02813a0\" data-element_type=\"container\" data-settings=\"{&quot;jet_parallax_layout_list&quot;:[]}\">\n\t\t\t\t\t<div class=\"e-con-inner\">\n\t\t\t\t<div class=\"elementor-element elementor-element-28ffdcf elementor-widget elementor-widget-video\" data-id=\"28ffdcf\" data-element_type=\"widget\" data-settings=\"{&quot;youtube_url&quot;:&quot;https:\\\/\\\/www.youtube.com\\\/embed\\\/5W8JJ0OwTdo?autoplay=0&amp;hl=de&amp;controls=0&amp;disablekb=1&amp;playsinline=1&amp;cc_load_policy=0&amp;cc_lang_pref=auto&amp;widget_referrer=https%3A%2F%2Falt.gps-jobsearch.com%2Fde%2Foutplacement-beratung&amp;rel=0&amp;showinfo=0&amp;iv_load_policy=3&amp;modestbranding=1&amp;customControls=true&amp;noCookie=false&amp;enablejsapi=1&amp;origin=https%3A%2F%2Falt.gps-jobsearch.com&amp;widgetid=1&quot;,&quot;video_type&quot;:&quot;youtube&quot;,&quot;controls&quot;:&quot;yes&quot;}\" data-widget_type=\"video.default\">\n\t\t\t\t<div class=\"elementor-widget-container\">\n\t\t\t\t\t\t\t<div class=\"elementor-wrapper elementor-open-inline\">\n\t\t\t<div class=\"elementor-video\"><\/div>\t\t<\/div>\n\t\t\t\t\t\t<\/div>\n\t\t\t\t<\/div>\n\t\t\t\t<div class=\"elementor-element elementor-element-05818d0 elementor-widget elementor-widget-n-accordion\" data-id=\"05818d0\" data-element_type=\"widget\" data-settings=\"{&quot;default_state&quot;:&quot;expanded&quot;,&quot;max_items_expended&quot;:&quot;one&quot;,&quot;n_accordion_animation_duration&quot;:{&quot;unit&quot;:&quot;ms&quot;,&quot;size&quot;:400,&quot;sizes&quot;:[]}}\" data-widget_type=\"nested-accordion.default\">\n\t\t\t\t<div class=\"elementor-widget-container\">\n\t\t\t\t\t\t\t<div class=\"e-n-accordion\" aria-label=\"Accordion. Open links with Enter or Space, close with Escape, and navigate with Arrow Keys\">\n\t\t\t\t\t\t<details id=\"e-n-accordion-item-5770\" class=\"e-n-accordion-item\" open>\n\t\t\t\t<summary class=\"e-n-accordion-item-title\" data-accordion-index=\"1\" tabindex=\"0\" aria-expanded=\"true\" aria-controls=\"e-n-accordion-item-5770\" >\n\t\t\t\t\t<span class='e-n-accordion-item-title-header'><div class=\"e-n-accordion-item-title-text\"> Headhunting in Frankfurt: Profitieren Sie von der Erfahrung und dem einzigartigen Konzept von gps-jobsearch <\/div><\/span>\n\t\t\t\t\t\t\t<span class='e-n-accordion-item-title-icon'>\n\t\t\t<span class='e-opened' ><svg aria-hidden=\"true\" class=\"e-font-icon-svg e-fas-minus\" viewBox=\"0 0 448 512\" xmlns=\"http:\/\/www.w3.org\/2000\/svg\"><path d=\"M416 208H32c-17.67 0-32 14.33-32 32v32c0 17.67 14.33 32 32 32h384c17.67 0 32-14.33 32-32v-32c0-17.67-14.33-32-32-32z\"><\/path><\/svg><\/span>\n\t\t\t<span class='e-closed'><svg aria-hidden=\"true\" class=\"e-font-icon-svg e-fas-plus\" viewBox=\"0 0 448 512\" xmlns=\"http:\/\/www.w3.org\/2000\/svg\"><path d=\"M416 208H272V64c0-17.67-14.33-32-32-32h-32c-17.67 0-32 14.33-32 32v144H32c-17.67 0-32 14.33-32 32v32c0 17.67 14.33 32 32 32h144v144c0 17.67 14.33 32 32 32h32c17.67 0 32-14.33 32-32V304h144c17.67 0 32-14.33 32-32v-32c0-17.67-14.33-32-32-32z\"><\/path><\/svg><\/span>\n\t\t<\/span>\n\n\t\t\t\t\t\t<\/summary>\n\t\t\t\t<div role=\"region\" aria-labelledby=\"e-n-accordion-item-5770\" class=\"elementor-element elementor-element-c84d7cb e-con-full e-flex e-con e-child\" data-id=\"c84d7cb\" data-element_type=\"container\" data-settings=\"{&quot;jet_parallax_layout_list&quot;:[]}\">\n\t\t<div role=\"region\" aria-labelledby=\"e-n-accordion-item-5770\" class=\"elementor-element elementor-element-94678a3 e-flex e-con-boxed e-con e-child\" data-id=\"94678a3\" data-element_type=\"container\" data-settings=\"{&quot;jet_parallax_layout_list&quot;:[]}\">\n\t\t\t\t\t<div class=\"e-con-inner\">\n\t\t\t\t<div class=\"elementor-element elementor-element-99fc66b elementor-widget elementor-widget-text-editor\" data-id=\"99fc66b\" data-element_type=\"widget\" data-widget_type=\"text-editor.default\">\n\t\t\t\t<div class=\"elementor-widget-container\">\n\t\t\t\t\t\t\t\t\t<p>Top-Positionen ab der Gehaltsgrenze von 150.000 Euro pro Jahr sind gar nicht so leicht zu finden. Ein Grund daf\u00fcr ist, dass die meisten Jobs dieser Art nicht auf dem offiziellen, sondern nur auf dem verdeckten Stellenmarkt zu finden sind. Wenn Sie auf der Suche nach einer solchen Position sind und sich beruflich weiterentwickeln m\u00f6chten, sind Sie beim\u00a0<a href=\"https:\/\/www.gps-jobsearch.com\/de\/ueber-uns\/das-gps-team\" target=\"_blank\" rel=\"noopener\">Team von gps-jobsearch<\/a>\u00a0in besten H\u00e4nden. Wir sorgen mit einem einzigartigen Prozess und einem durchdachten sowie ausgekl\u00fcgelten\u00a0<a href=\"https:\/\/www.gps-jobsearch.com\/de\/gps-prozess-stufenplan\/\" target=\"_blank\" rel=\"noopener\">Selbstvermarktungskonzept<\/a>\u00a0beim Headhunting in Frankfurt daf\u00fcr, das Sie in den Fokus wichtiger Entscheidungstr\u00e4ger gelangen. Das ist der erste wichtige Schritt f\u00fcr Ihre neue Position.<\/p>\t\t\t\t\t\t\t\t<\/div>\n\t\t\t\t<\/div>\n\t\t\t\t\t<\/div>\n\t\t\t\t<\/div>\n\t\t\t\t<\/div>\n\t\t\t\t\t<\/details>\n\t\t\t\t\t\t<details id=\"e-n-accordion-item-5771\" class=\"e-n-accordion-item\" >\n\t\t\t\t<summary class=\"e-n-accordion-item-title\" data-accordion-index=\"2\" tabindex=\"-1\" aria-expanded=\"false\" aria-controls=\"e-n-accordion-item-5771\" >\n\t\t\t\t\t<span class='e-n-accordion-item-title-header'><div class=\"e-n-accordion-item-title-text\"> Das ist Ihr individueller Weg zum Erfolg <\/div><\/span>\n\t\t\t\t\t\t\t<span class='e-n-accordion-item-title-icon'>\n\t\t\t<span class='e-opened' ><svg aria-hidden=\"true\" class=\"e-font-icon-svg e-fas-minus\" viewBox=\"0 0 448 512\" xmlns=\"http:\/\/www.w3.org\/2000\/svg\"><path d=\"M416 208H32c-17.67 0-32 14.33-32 32v32c0 17.67 14.33 32 32 32h384c17.67 0 32-14.33 32-32v-32c0-17.67-14.33-32-32-32z\"><\/path><\/svg><\/span>\n\t\t\t<span class='e-closed'><svg aria-hidden=\"true\" class=\"e-font-icon-svg e-fas-plus\" viewBox=\"0 0 448 512\" xmlns=\"http:\/\/www.w3.org\/2000\/svg\"><path d=\"M416 208H272V64c0-17.67-14.33-32-32-32h-32c-17.67 0-32 14.33-32 32v144H32c-17.67 0-32 14.33-32 32v32c0 17.67 14.33 32 32 32h144v144c0 17.67 14.33 32 32 32h32c17.67 0 32-14.33 32-32V304h144c17.67 0 32-14.33 32-32v-32c0-17.67-14.33-32-32-32z\"><\/path><\/svg><\/span>\n\t\t<\/span>\n\n\t\t\t\t\t\t<\/summary>\n\t\t\t\t<div role=\"region\" aria-labelledby=\"e-n-accordion-item-5771\" class=\"elementor-element elementor-element-4b8acd0 e-con-full e-flex e-con e-child\" data-id=\"4b8acd0\" data-element_type=\"container\" data-settings=\"{&quot;jet_parallax_layout_list&quot;:[]}\">\n\t\t<div role=\"region\" aria-labelledby=\"e-n-accordion-item-5771\" class=\"elementor-element elementor-element-98d5f21 e-flex e-con-boxed e-con e-child\" data-id=\"98d5f21\" data-element_type=\"container\" data-settings=\"{&quot;jet_parallax_layout_list&quot;:[]}\">\n\t\t\t\t\t<div class=\"e-con-inner\">\n\t\t\t\t<div class=\"elementor-element elementor-element-2aaefd7 elementor-widget elementor-widget-text-editor\" data-id=\"2aaefd7\" data-element_type=\"widget\" data-widget_type=\"text-editor.default\">\n\t\t\t\t<div class=\"elementor-widget-container\">\n\t\t\t\t\t\t\t\t\t<p>Ihr Erfolg steht f\u00fcr uns im Mittelpunkt, wenn Sie sich f\u00fcr eine Zusammenarbeit mit uns entscheiden. Beim inversen Headhunting in Frankfurt setzen wir auf eine Kombination aus Selbstmarketing, einem einzigartigen Netzwerk und einer hervorragenden Position. Unser Netzwerk setzt sich aus zahlreichen nationalen und internationalen Experten zusammen, \u00fcber die wir \u00fcber aktuell wichtige Positionen auf dem verdeckten Stellenmarkt informiert werden. Beim Headhunting in Frankfurt lassen wir keine Option unversucht, Sie als unverzichtbaren und einzigartigen Experten zu pr\u00e4sentieren.<\/p>\t\t\t\t\t\t\t\t<\/div>\n\t\t\t\t<\/div>\n\t\t\t\t\t<\/div>\n\t\t\t\t<\/div>\n\t\t\t\t<\/div>\n\t\t\t\t\t<\/details>\n\t\t\t\t\t\t<details id=\"e-n-accordion-item-5772\" class=\"e-n-accordion-item\" >\n\t\t\t\t<summary class=\"e-n-accordion-item-title\" data-accordion-index=\"3\" tabindex=\"-1\" aria-expanded=\"false\" aria-controls=\"e-n-accordion-item-5772\" >\n\t\t\t\t\t<span class='e-n-accordion-item-title-header'><div class=\"e-n-accordion-item-title-text\"> Profitieren Sie von \u00fcber 420 Partnern <\/div><\/span>\n\t\t\t\t\t\t\t<span class='e-n-accordion-item-title-icon'>\n\t\t\t<span class='e-opened' ><svg aria-hidden=\"true\" class=\"e-font-icon-svg e-fas-minus\" viewBox=\"0 0 448 512\" xmlns=\"http:\/\/www.w3.org\/2000\/svg\"><path d=\"M416 208H32c-17.67 0-32 14.33-32 32v32c0 17.67 14.33 32 32 32h384c17.67 0 32-14.33 32-32v-32c0-17.67-14.33-32-32-32z\"><\/path><\/svg><\/span>\n\t\t\t<span class='e-closed'><svg aria-hidden=\"true\" class=\"e-font-icon-svg e-fas-plus\" viewBox=\"0 0 448 512\" xmlns=\"http:\/\/www.w3.org\/2000\/svg\"><path d=\"M416 208H272V64c0-17.67-14.33-32-32-32h-32c-17.67 0-32 14.33-32 32v144H32c-17.67 0-32 14.33-32 32v32c0 17.67 14.33 32 32 32h144v144c0 17.67 14.33 32 32 32h32c17.67 0 32-14.33 32-32V304h144c17.67 0 32-14.33 32-32v-32c0-17.67-14.33-32-32-32z\"><\/path><\/svg><\/span>\n\t\t<\/span>\n\n\t\t\t\t\t\t<\/summary>\n\t\t\t\t<div role=\"region\" aria-labelledby=\"e-n-accordion-item-5772\" class=\"elementor-element elementor-element-82a1720 e-con-full e-flex e-con e-child\" data-id=\"82a1720\" data-element_type=\"container\" data-settings=\"{&quot;jet_parallax_layout_list&quot;:[]}\">\n\t\t<div role=\"region\" aria-labelledby=\"e-n-accordion-item-5772\" class=\"elementor-element elementor-element-85b3fed e-flex e-con-boxed e-con e-child\" data-id=\"85b3fed\" data-element_type=\"container\" data-settings=\"{&quot;jet_parallax_layout_list&quot;:[]}\">\n\t\t\t\t\t<div class=\"e-con-inner\">\n\t\t\t\t<div class=\"elementor-element elementor-element-b1efa7e elementor-widget elementor-widget-text-editor\" data-id=\"b1efa7e\" data-element_type=\"widget\" data-widget_type=\"text-editor.default\">\n\t\t\t\t<div class=\"elementor-widget-container\">\n\t\t\t\t\t\t\t\t\t<p>Eine wichtige S\u00e4ule unseres Headhuntings in Frankfurt ist unser\u00a0<a href=\"https:\/\/www.gps-jobsearch.com\/de\/erfahrung-inverses-headhunting\" target=\"_blank\" rel=\"noopener\">Netzwerk<\/a>. Profitieren Sie hier von \u00fcber 420 Partnern und wiederum auch von deren Netzwerken. Unser Netzwerk setzt sich au Bei- und Verwaltungsr\u00e4ten zusammen, umfasst aber auch die Aufsichtsr\u00e4te aus den verschiedensten Unternehmen und Gesellschaften. Um Ihnen ausschlie\u00dflich f\u00fcr Sie geeignete Top-Positionen anzubieten, sammeln wir Jahr f\u00fcr Jahr wichtige Informationen zu Unternehmen, Stellen und Marktentwicklungen. Damit werden wir unserem Motto \u201cbe the first\u201d gerecht.\u00a0<\/p>\t\t\t\t\t\t\t\t<\/div>\n\t\t\t\t<\/div>\n\t\t\t\t\t<\/div>\n\t\t\t\t<\/div>\n\t\t\t\t<\/div>\n\t\t\t\t\t<\/details>\n\t\t\t\t\t<\/div>\n\t\t\t\t\t\t<\/div>\n\t\t\t\t<\/div>\n\t\t\t\t\t<\/div>\n\t\t\t\t<\/div>\n\t\t\t\t<\/div>\n\t\t","protected":false},"excerpt":{"rendered":"<p>Inverses Headhunting in Frankfurt gps-jobsearch: Mit Profis zur Top-Managementposition Sie sind Top-Manager und wollen oder m\u00fcssen sich beruflich ver\u00e4ndern? \u00a0Sie sind auf der Suche nach einer ad\u00e4quaten beruflichen Position in Frankfurt und kommen mit den g\u00e4ngigen Methoden nicht recht weiter? Sie wollen bei der Jobsuche. Unser Service f\u00fcr\u00a0inverses Headhunting\u00a0bringt Sie sogar noch einen Schritt weiter. [&hellip;]<\/p>\n","protected":false},"author":5,"featured_media":0,"parent":0,"menu_order":13,"comment_status":"closed","ping_status":"closed","template":"","meta":{"footnotes":""},"seiten-kategorie":[],"class_list":["post-5045","page","type-page","status-publish","hentry"],"_links":{"self":[{"href":"https:\/\/www.gps-jobsearch.com\/de\/wp-json\/wp\/v2\/pages\/5045","targetHints":{"allow":["GET"]}}],"collection":[{"href":"https:\/\/www.gps-jobsearch.com\/de\/wp-json\/wp\/v2\/pages"}],"about":[{"href":"https:\/\/www.gps-jobsearch.com\/de\/wp-json\/wp\/v2\/types\/page"}],"author":[{"embeddable":true,"href":"https:\/\/www.gps-jobsearch.com\/de\/wp-json\/wp\/v2\/users\/5"}],"replies":[{"embeddable":true,"href":"https:\/\/www.gps-jobsearch.com\/de\/wp-json\/wp\/v2\/comments?post=5045"}],"version-history":[{"count":31,"href":"https:\/\/www.gps-jobsearch.com\/de\/wp-json\/wp\/v2\/pages\/5045\/revisions"}],"predecessor-version":[{"id":7957,"href":"https:\/\/www.gps-jobsearch.com\/de\/wp-json\/wp\/v2\/pages\/5045\/revisions\/7957"}],"wp:attachment":[{"href":"https:\/\/www.gps-jobsearch.com\/de\/wp-json\/wp\/v2\/media?parent=5045"}],"wp:term":[{"taxonomy":"seiten-kategorie","embeddable":true,"href":"https:\/\/www.gps-jobsearch.com\/de\/wp-json\/wp\/v2\/seiten-kategorie?post=5045"}],"curies":[{"name":"wp","href":"https:\/\/api.w.org\/{rel}","templated":true}]}}