{"id":5035,"date":"2025-04-04T13:49:16","date_gmt":"2025-04-04T13:49:16","guid":{"rendered":"https:\/\/www.gps-jobsearch.com\/?page_id=5035"},"modified":"2025-12-02T11:27:26","modified_gmt":"2025-12-02T11:27:26","slug":"inverses-headhunting-in-berlin","status":"publish","type":"page","link":"https:\/\/www.gps-jobsearch.com\/de\/inverses-headhunting-in-berlin\/","title":{"rendered":"Inverses Headhunting in Berlin"},"content":{"rendered":"\t\t<div data-elementor-type=\"wp-page\" data-elementor-id=\"5035\" class=\"elementor elementor-5035\" data-elementor-post-type=\"page\">\n\t\t\t\t<div class=\"elementor-element elementor-element-a4c0c46 e-flex e-con-boxed e-con e-parent\" data-id=\"a4c0c46\" data-element_type=\"container\" data-settings=\"{&quot;jet_parallax_layout_list&quot;:[]}\">\n\t\t\t\t\t<div class=\"e-con-inner\">\n\t\t\t\t<div class=\"elementor-element elementor-element-6d4c560 elementor-widget elementor-widget-heading\" data-id=\"6d4c560\" data-element_type=\"widget\" data-widget_type=\"heading.default\">\n\t\t\t\t<div class=\"elementor-widget-container\">\n\t\t\t\t\t<h1 class=\"elementor-heading-title elementor-size-default\">Inverses Headhunting in Berlin<\/h1>\t\t\t\t<\/div>\n\t\t\t\t<\/div>\n\t\t\t\t<div class=\"elementor-element elementor-element-d81d4a0 elementor-widget elementor-widget-heading\" data-id=\"d81d4a0\" data-element_type=\"widget\" data-widget_type=\"heading.default\">\n\t\t\t\t<div class=\"elementor-widget-container\">\n\t\t\t\t\t<h5 class=\"elementor-heading-title elementor-size-default\">Inverses Headhunting  f\u00fcr Manager und Top-F\u00fchrungskr\u00e4fte<\/h5>\t\t\t\t<\/div>\n\t\t\t\t<\/div>\n\t\t\t\t\t<\/div>\n\t\t\t\t<\/div>\n\t\t<div class=\"elementor-element elementor-element-87c06dd e-flex e-con-boxed e-con e-parent\" data-id=\"87c06dd\" data-element_type=\"container\" data-settings=\"{&quot;jet_parallax_layout_list&quot;:[]}\">\n\t\t\t\t\t<div class=\"e-con-inner\">\n\t\t<div class=\"elementor-element elementor-element-d32efdc e-con-full e-flex e-con e-child\" data-id=\"d32efdc\" data-element_type=\"container\" data-settings=\"{&quot;jet_parallax_layout_list&quot;:[]}\">\n\t\t\t\t<div class=\"elementor-element elementor-element-d1cd8a1 elementor-widget elementor-widget-text-editor\" data-id=\"d1cd8a1\" data-element_type=\"widget\" data-widget_type=\"text-editor.default\">\n\t\t\t\t<div class=\"elementor-widget-container\">\n\t\t\t\t\t\t\t\t\t<p>Sie wollen als F\u00fchrungskraft Ihre Karriere in einer Managementposition ohne Unterbrechung fortsetzen und sind auf der Suche nach einer ad\u00e4quaten beruflichen Position in Berlin? Sie ziehen dazu auch eine Outplacement-Beratung in Betracht? Unser Service f\u00fcr\u00a0<a href=\"https:\/\/www.gps-jobsearch.com\/de\/inverses-headhunting\/\" target=\"_blank\" rel=\"noopener\">inverses Headhunting<\/a>\u00a0bringt Sie sogar noch einen Schritt weiter.\u00a0<a href=\"https:\/\/www.gps-jobsearch.com\/de\/das-gps-team\/\" target=\"_blank\" rel=\"noopener\">Team von\u00a0<i>gps-jobsearch<\/i>\u00a0<\/a>und unser\u00a0<a href=\"https:\/\/www.gps-jobsearch.com\/de\/erfahrung-inverses-headhunting\/\" target=\"_blank\" rel=\"noopener\">Netzwerk<\/a>\u00a0beginnen dort zu arbeiten, wo klassische\u00a0Outplacement-Beratung\u00a0aufh\u00f6rt: beim tats\u00e4chlichen\u00a0Suchen, Finden und Besetzen von Top-Managementpositionen im <a href=\"https:\/\/www.gps-jobsearch.com\/de\/verdeckter-stellenmarkt\/\">verdeckten Stellenmarkt<\/a>.<\/p><h2>Inverses Headhunting: In Berlin f\u00fcr die DACH-Region und weltweit<\/h2><p>Inverses Headhunting stellt die klassische Jobsuche f\u00fcr Manager auf den Kopf: Anstatt geeignete Kandidaten f\u00fcr Vakanzen zu suchen, finden wir neue Aufgaben f\u00fcr konkrete Kandidaten und Kandidatinnen. So schlie\u00dfen wir eine Besetzungsl\u00fccke, die dadurch entsteht, dass gerade hochqualifizierte Managementpositionen oft nicht \u00fcber den klassischen Jobmarkt ausgeschrieben werden und erzielen auch in Berlin\u00a0ein perfektes Matching zwischen Kandidaten und Positionen<\/p><p>Als erste Adresse f\u00fcr\u00a0inverses Headhunting\u00a0in\u00a0Berlin verhilft\u00a0<i>gps-jobsearch<\/i>\u00a0F\u00fchrungskr\u00e4ften und Top-Managern zur neuen F\u00fchrungspositionen. gps-jobsearch verf\u00fcgt \u00fcber ein\u00a0weitreichendes Netzwerk, sowohl national als auch international, das Ihnen durch inverses Headhunting einen weiteren Schritt auf der Karriereleiter erm\u00f6glicht \u2013 auch in Berlin. Unsere Methode dabei:\u00a0<a href=\"https:\/\/www.gps-jobsearch.com\/de\/gps-prozess-stufenplan\/\" target=\"_blank\" rel=\"noopener\">Der 20-stufige gps-Prozess<\/a>, der vom Erstgespr\u00e4ch \u00fcber Trainingsphasen bis hin zur Marktplatzierung f\u00fchrt.<\/p><h2>&#8222;Selbst ist Manager&#8220; und vor allem aktiv: Zeit sparen mit inversem Headhunting\u00a0in Berlin<\/h2><p>Als F\u00fchrungskraft sind Sie es gewohnt, tagt\u00e4glich Entscheidungen zu treffen und Dinge selbst in die Hand zu nehmen. Warum also bei der Jobsuche abwarten? Das Netzwerk von gps-jobsearch ist hierzu der starke Partner an Ihrer Seite \u2013 auch direkt in Berlin. Mit inversem Headhunting in Berlin sparen Sie zudem wertvolle Zeit: Anstatt m\u00fchsam \u00fcber andere Kan\u00e4le zu suchen, \u00fcbernehmen wir die Vorselektion und bringen Sie so auf direkterem Wege zu Ihrer neuen Managementposition.<\/p><h2>Berlin &#8211; Top-Jobs in der Hauptstadt und dar\u00fcber hinaus<\/h2><p>Berlin ist die bev\u00f6lkerungsreichste und fl\u00e4chengr\u00f6\u00dfte Gemeinde Deutschlands. Bedeutende Wirtschaftszweige in Berlin sind unter anderem der Tourismus, die Kreativ- und Kulturwirtschaft, die Biotechnologie und Gesundheitswirtschaft mit Medizintechnik und pharmazeutischer Industrie, die Informations- und Kommunikationstechnologien, die Bau- und Immobilienwirtschaft, der Handel, die Optoelektronik, die Energietechnik sowie die Messe- und Kongresswirtschaft. Berlin z\u00e4hlt zu den aufstrebenden, internationalen Zentren f\u00fcr innovative Unternehmensgr\u00fcnder. Hier eine kleine Auswahl der bekannter Berliner Unternehmen:<\/p><ul><li>Siemens AG<\/li><li>Dussmann Stiftung &amp; Co. KGaA<\/li><li>Deutsche Bahn AG<\/li><li>ALBA Group plc &amp; Co. KG<\/li><li>Axel Springer SE<\/li><\/ul><p>Durch die hohe Unternehmensdichte bietet die Hauptstadt eine gro\u00dfe Anzahl an F\u00fchrungspositionen.\u00a0<\/p>\t\t\t\t\t\t\t\t<\/div>\n\t\t\t\t<\/div>\n\t\t\t\t<\/div>\n\t\t<div class=\"elementor-element elementor-element-0da328b e-con-full e-flex e-con e-child\" data-id=\"0da328b\" data-element_type=\"container\" data-settings=\"{&quot;jet_parallax_layout_list&quot;:[]}\">\n\t\t\t\t<div class=\"elementor-element elementor-element-2b10afc elementor-widget elementor-widget-image\" data-id=\"2b10afc\" data-element_type=\"widget\" data-widget_type=\"image.default\">\n\t\t\t\t<div class=\"elementor-widget-container\">\n\t\t\t\t\t\t\t\t\t\t\t\t\t\t\t<img fetchpriority=\"high\" decoding=\"async\" width=\"800\" height=\"531\" src=\"https:\/\/www.gps-jobsearch.com\/wp-content\/uploads\/2025\/04\/andre_berlin-2424516_1280-1-1024x680.jpg\" class=\"attachment-large size-large wp-image-5037\" alt=\"\" srcset=\"https:\/\/www.gps-jobsearch.com\/wp-content\/uploads\/2025\/04\/andre_berlin-2424516_1280-1-1024x680.jpg 1024w, https:\/\/www.gps-jobsearch.com\/wp-content\/uploads\/2025\/04\/andre_berlin-2424516_1280-1-300x199.jpg 300w, https:\/\/www.gps-jobsearch.com\/wp-content\/uploads\/2025\/04\/andre_berlin-2424516_1280-1-768x510.jpg 768w, https:\/\/www.gps-jobsearch.com\/wp-content\/uploads\/2025\/04\/andre_berlin-2424516_1280-1.jpg 1280w\" sizes=\"(max-width: 800px) 100vw, 800px\">\t\t\t\t\t\t\t\t\t\t\t\t\t\t\t<\/div>\n\t\t\t\t<\/div>\n\t\t\t\t<div class=\"elementor-element elementor-element-77d3cd9 elementor-widget elementor-widget-text-editor\" data-id=\"77d3cd9\" data-element_type=\"widget\" data-widget_type=\"text-editor.default\">\n\t\t\t\t<div class=\"elementor-widget-container\">\n\t\t\t\t\t\t\t\t\t<h2>Erstkontakt f\u00fcr inverses Headhunting in Berlin<\/h2><p>Der gps-Prozess startet mit Ihrem Anruf, bei dem wir abkl\u00e4ren, ob unsere Dienstleistungen zu Ihren beruflichen Pl\u00e4nen passen. Anschlie\u00dfend vereinbaren wir ein\u00a0unverbindliches\u00a0Erstgespr\u00e4ch. Wir wissen, dass die Terminkalender der durch uns betreuten Manager und F\u00fchrungskr\u00e4fte oft fest verplant sind. Daher kl\u00e4ren wir vor Vereinbarung eines Erstgespr\u00e4chs telefonisch mit Ihnen ab, ob die\u00a0<a href=\"https:\/\/www.gps-jobsearch.com\/de\/full-service-leistungen\/\" target=\"_blank\" rel=\"noopener\">Leistungen von gps-jobsearch<\/a>\u00a0\u00fcberhaupt zu Ihrem beruflichen Profil passen. Anschlie\u00dfend vereinbaren wir ein unverbindliches Erstgespr\u00e4ch, f\u00fcr welchen Sie ca. 1 Stunde einplanen sollten. Die auf unser Erstgespr\u00e4ch folgenden Meetings organisieren wir\u00a0gerne in Berlin &#8211;\u00a0verl\u00e4sslich und unkompliziert.<\/p>\t\t\t\t\t\t\t\t<\/div>\n\t\t\t\t<\/div>\n\t\t\t\t<div class=\"elementor-element elementor-element-a7c3450 elementor-widget elementor-widget-text-editor\" data-id=\"a7c3450\" data-element_type=\"widget\" data-widget_type=\"text-editor.default\">\n\t\t\t\t<div class=\"elementor-widget-container\">\n\t\t\t\t\t\t\t\t\t<p style=\"text-align: left;\"><span class=\"elementor-button-content-wrapper\" style=\"padding: 10px;\"><span class=\"elementor-button-text\"><a class=\"elementor-button elementor-button-link elementor-size-sm\" style=\"padding: 10px;\" href=\"\/de\/kontakt\">Jetzt Kontakt aufnehmen<\/a><\/span><\/span><\/p>\t\t\t\t\t\t\t\t<\/div>\n\t\t\t\t<\/div>\n\t\t\t\t<div class=\"elementor-element elementor-element-2f1bdc5 elementor-widget elementor-widget-text-editor\" data-id=\"2f1bdc5\" data-element_type=\"widget\" data-widget_type=\"text-editor.default\">\n\t\t\t\t<div class=\"elementor-widget-container\">\n\t\t\t\t\t\t\t\t\t<p><span class=\"elementor-button-content-wrapper\" style=\"padding: 10px;\"><span class=\"elementor-button-text\"><span style=\"font-family: Merriweather, sans-serif; font-size: 30px; font-weight: bold;\">Weitere Schritte f\u00fcr inverses\u00a0Headhunting in Berlin<\/span><\/span><\/span><\/p><p>Haben wir uns auf eine Zusammenarbeit geeinigt, starten wir in den eigentlichen Prozess unserer Dienstleistung. Wir treffen Sie zu Beratungsterminen und Coachings gerne an einem Ort Ihrer Wahl, schlagen in Berlin\u00a0jedoch gerne auch geeignete Treffpunkte vor:<\/p><p><strong>Sofitel Berlin Kurf\u00fcrstendamm<\/strong><br \/><strong>Augsburger Str. 41<\/strong><br \/><strong>10789 Berlin<\/strong><\/p><h2>Inverses Headhunting nicht nur in Berlin<\/h2><p>Sie wollen Ihre <strong data-start=\"285\" data-end=\"315\">Karriere als F\u00fchrungskraft<\/strong> ohne Unterbrechung fortsetzen? Mit gps-jobsearch, einem der <strong data-start=\"376\" data-end=\"432\">Top-Anbieter f\u00fcr inverses Headhunting in Deutschland<\/strong>, finden Sie gezielt <strong data-start=\"453\" data-end=\"481\">Top-Managementpositionen<\/strong> \u2013 auch in Berlin. Nutzen Sie die Chancen des Inversen Headhuntings in Berlin. Lassen Sie uns gerne unverbindlich reden \u2013 rufen Sie an und vereinbaren Sie einen Termin mit Ihrem Partner f\u00fcr inverses Headhunting in Berlin!<\/p><p><strong>Wir sind in den gr\u00f6\u00dften Ballungsgebieten in Deutschland und in der DACH Region gut vertreten. Hier eine kleine Auswahl an Standorten f\u00fcr Deutschland:<\/strong><\/p><ul><li><a href=\"https:\/\/www.gps-jobsearch.com\/de\/inverses-headhunting-fuer-fuehrungskraefte-in-deutschland\/\">Inverses Headhunting in Deutschland<\/a><\/li><li><a href=\"https:\/\/www.gps-jobsearch.com\/de\/inverses-headhunting-munchen\/\">Inverses\u00a0Headhunting in M\u00fcnchen<\/a><\/li><li><a href=\"https:\/\/www.gps-jobsearch.com\/de\/inverses-headhunting-in-hamburg\/\">Inverses Headhunting in Hamburg<\/a><\/li><li><a href=\"https:\/\/www.gps-jobsearch.com\/de\/inverses-headhunting-stuttgart\/\">Inverses Headhunting in Stuttgart<\/a><\/li><li><a href=\"https:\/\/www.gps-jobsearch.com\/de\/inverses-headhunting-in-frankfurt\/\">Inverses Headhunting in Frankfurt<\/a><\/li><\/ul>\t\t\t\t\t\t\t\t<\/div>\n\t\t\t\t<\/div>\n\t\t\t\t<\/div>\n\t\t\t\t\t<\/div>\n\t\t\t\t<\/div>\n\t\t<div class=\"elementor-element elementor-element-02813a0 e-flex e-con-boxed e-con e-parent\" data-id=\"02813a0\" data-element_type=\"container\" data-settings=\"{&quot;jet_parallax_layout_list&quot;:[]}\">\n\t\t\t\t\t<div class=\"e-con-inner\">\n\t\t\t\t<div class=\"elementor-element elementor-element-28ffdcf elementor-widget elementor-widget-video\" data-id=\"28ffdcf\" data-element_type=\"widget\" data-settings=\"{&quot;youtube_url&quot;:&quot;https:\\\/\\\/www.youtube.com\\\/embed\\\/5W8JJ0OwTdo?autoplay=0&amp;hl=de&amp;controls=0&amp;disablekb=1&amp;playsinline=1&amp;cc_load_policy=0&amp;cc_lang_pref=auto&amp;widget_referrer=https%3A%2F%2Falt.gps-jobsearch.com%2Fde%2Foutplacement-beratung&amp;rel=0&amp;showinfo=0&amp;iv_load_policy=3&amp;modestbranding=1&amp;customControls=true&amp;noCookie=false&amp;enablejsapi=1&amp;origin=https%3A%2F%2Falt.gps-jobsearch.com&amp;widgetid=1&quot;,&quot;video_type&quot;:&quot;youtube&quot;,&quot;controls&quot;:&quot;yes&quot;}\" data-widget_type=\"video.default\">\n\t\t\t\t<div class=\"elementor-widget-container\">\n\t\t\t\t\t\t\t<div class=\"elementor-wrapper elementor-open-inline\">\n\t\t\t<div class=\"elementor-video\"><\/div>\t\t<\/div>\n\t\t\t\t\t\t<\/div>\n\t\t\t\t<\/div>\n\t\t\t\t\t<\/div>\n\t\t\t\t<\/div>\n\t\t<div class=\"elementor-element elementor-element-fd33bb0 e-flex e-con-boxed e-con e-parent\" data-id=\"fd33bb0\" data-element_type=\"container\" data-settings=\"{&quot;jet_parallax_layout_list&quot;:[]}\">\n\t\t\t\t\t<div class=\"e-con-inner\">\n\t\t\t\t<div class=\"elementor-element elementor-element-ace08ee elementor-testimonial--skin-default elementor-testimonial--layout-image_inline elementor-testimonial--align-center elementor-arrows-yes elementor-pagination-type-bullets elementor-widget elementor-widget-testimonial-carousel\" data-id=\"ace08ee\" data-element_type=\"widget\" data-settings=\"{&quot;show_arrows&quot;:&quot;yes&quot;,&quot;pagination&quot;:&quot;bullets&quot;,&quot;speed&quot;:500,&quot;autoplay&quot;:&quot;yes&quot;,&quot;autoplay_speed&quot;:5000,&quot;loop&quot;:&quot;yes&quot;,&quot;pause_on_hover&quot;:&quot;yes&quot;,&quot;pause_on_interaction&quot;:&quot;yes&quot;,&quot;space_between&quot;:{&quot;unit&quot;:&quot;px&quot;,&quot;size&quot;:10,&quot;sizes&quot;:[]},&quot;space_between_widescreen&quot;:{&quot;unit&quot;:&quot;px&quot;,&quot;size&quot;:10,&quot;sizes&quot;:[]},&quot;space_between_tablet&quot;:{&quot;unit&quot;:&quot;px&quot;,&quot;size&quot;:10,&quot;sizes&quot;:[]},&quot;space_between_mobile&quot;:{&quot;unit&quot;:&quot;px&quot;,&quot;size&quot;:10,&quot;sizes&quot;:[]}}\" data-widget_type=\"testimonial-carousel.default\">\n\t\t\t\t<div class=\"elementor-widget-container\">\n\t\t\t\t\t\t\t\t\t<div class=\"elementor-swiper\">\n\t\t\t\t\t<div class=\"elementor-main-swiper swiper\" role=\"region\" aria-roledescription=\"carousel\" aria-label=\"Slides\">\n\t\t\t\t<div class=\"swiper-wrapper\">\n\t\t\t\t\t\t\t\t\t\t\t<div class=\"swiper-slide\" role=\"group\" aria-roledescription=\"slide\">\n\t\t\t\t\t\t\t\t\t<div class=\"elementor-testimonial\">\n\t\t\t\t\t\t\t<div class=\"elementor-testimonial__content\">\n\t\t\t\t\t<div class=\"elementor-testimonial__text\">\n\t\t\t\t\t\t\n\t\t\t\t\t\tDas Konzept und der von Ihnen beschriebene gps-jobsearch Prozess hatte mich sehr angesprochen, auch nach einem Vergleich mit Ihren Mitbewerbern. Insbesondere Ihr Praxisbezug und Ihr Netzwerk schienen mir erfolgversprechend. Deshalb hatte ich mich schlussendlich f\u00fcr gps-jobsearch entscheiden. Das Strategiemeeting, das Erstellen der Unterlagen, die Trainings zum eigenen Auftritt bei potentiellen Arbeitgebern sowie Ihre Netzwerkarbeit erwiesen sich dann als sehr hilfreich und zielf\u00fchrend. Die gps-Bewerbungen erbrachten etliche Bewerbungsgespr\u00e4che, die schlussendlich zum Erfolg f\u00fchrten. Meinen heutigen Vertrag habe ich gps-jobsearch zu verdanken! Vielen Dank f\u00fcr Ihre professionelle Unterst\u00fctzung in den vergangenen Wochen.\t\t\t\t\t\t\t\t\t\t<\/div>\n\t\t\t\t\t\t\t\t\t<\/div>\n\t\t\t\t\t\t<div class=\"elementor-testimonial__footer\">\n\t\t\t\t\t\t\t\t<cite class=\"elementor-testimonial__cite\"><span class=\"elementor-testimonial__name\">O.R., 53 Jahre, COO in einem Unternehmen in Bayern (D) <\/span><\/cite>\t\t\t<\/div>\n\t\t<\/div>\n\t\t\t\t\t\t\t\t<\/div>\n\t\t\t\t\t\t\t\t\t\t\t<div class=\"swiper-slide\" role=\"group\" aria-roledescription=\"slide\">\n\t\t\t\t\t\t\t\t\t<div class=\"elementor-testimonial\">\n\t\t\t\t\t\t\t<div class=\"elementor-testimonial__content\">\n\t\t\t\t\t<div class=\"elementor-testimonial__text\">\n\t\t\t\t\t\t\n\t\t\t\t\t\tIch werde nun schon nach ca. drei Monaten eine neue Besch\u00e4ftigung beginnen. [...] Sie haben mich in einer schweren Phase wieder aufgebaut und mir den eigenen Wert wieder deutlich gemacht. [...] Vielen Dank f\u00fcr Ihre offene und ehrliche Unterst\u00fctzung in dieser Zeit. Sie haben mir sehr geholfen, einen f\u00fcr mich positiven Abschluss dieser Lebenssituation zu finden.\t\t\t\t\t\t\t\t\t\t<\/div>\n\t\t\t\t\t\t\t\t\t<\/div>\n\t\t\t\t\t\t<div class=\"elementor-testimonial__footer\">\n\t\t\t\t\t\t\t\t<cite class=\"elementor-testimonial__cite\"><span class=\"elementor-testimonial__name\"> T. S., CEO in einem Unternehmen in NRW (D) <\/span><\/cite>\t\t\t<\/div>\n\t\t<\/div>\n\t\t\t\t\t\t\t\t<\/div>\n\t\t\t\t\t\t\t\t\t\t\t<div class=\"swiper-slide\" role=\"group\" aria-roledescription=\"slide\">\n\t\t\t\t\t\t\t\t\t<div class=\"elementor-testimonial\">\n\t\t\t\t\t\t\t<div class=\"elementor-testimonial__content\">\n\t\t\t\t\t<div class=\"elementor-testimonial__text\">\n\t\t\t\t\t\tAn dieser Stelle meinen herzlichen Dank f\u00fcr das von Ihnen erzielte  Ergebnis und die w\u00e4hrend des gesamten Prozesses hervorragende und h\u00f6chst  professionelle Unterst\u00fctzung.\t\t\t\t\t\t\t\t\t\t<\/div>\n\t\t\t\t\t\t\t\t\t<\/div>\n\t\t\t\t\t\t<div class=\"elementor-testimonial__footer\">\n\t\t\t\t\t\t\t\t<cite class=\"elementor-testimonial__cite\"><span class=\"elementor-testimonial__name\"> H. N., 46 Jahre, Vorstand in einem Unternehmen in Hessen (D) <\/span><\/cite>\t\t\t<\/div>\n\t\t<\/div>\n\t\t\t\t\t\t\t\t<\/div>\n\t\t\t\t\t\t\t\t\t<\/div>\n\t\t\t\t\t\t\t\t\t\t\t\t\t\t\t<div class=\"elementor-swiper-button elementor-swiper-button-prev\" role=\"button\" tabindex=\"0\" aria-label=\"Voriger\">\n\t\t\t\t\t\t\t<svg aria-hidden=\"true\" class=\"e-font-icon-svg e-eicon-chevron-left\" viewBox=\"0 0 1000 1000\" xmlns=\"http:\/\/www.w3.org\/2000\/svg\"><path d=\"M646 125C629 125 613 133 604 142L308 442C296 454 292 471 292 487 292 504 296 521 308 533L604 854C617 867 629 875 646 875 663 875 679 871 692 858 704 846 713 829 713 812 713 796 708 779 692 767L438 487 692 225C700 217 708 204 708 187 708 171 704 154 692 142 675 129 663 125 646 125Z\"><\/path><\/svg>\t\t\t\t\t\t<\/div>\n\t\t\t\t\t\t<div class=\"elementor-swiper-button elementor-swiper-button-next\" role=\"button\" tabindex=\"0\" aria-label=\"N\u00e4chster\">\n\t\t\t\t\t\t\t<svg aria-hidden=\"true\" class=\"e-font-icon-svg e-eicon-chevron-right\" viewBox=\"0 0 1000 1000\" xmlns=\"http:\/\/www.w3.org\/2000\/svg\"><path d=\"M696 533C708 521 713 504 713 487 713 471 708 454 696 446L400 146C388 133 375 125 354 125 338 125 325 129 313 142 300 154 292 171 292 187 292 204 296 221 308 233L563 492 304 771C292 783 288 800 288 817 288 833 296 850 308 863 321 871 338 875 354 875 371 875 388 867 400 854L696 533Z\"><\/path><\/svg>\t\t\t\t\t\t<\/div>\n\t\t\t\t\t\t\t\t\t\t\t\t\t\t\t\t<div class=\"swiper-pagination\"><\/div>\n\t\t\t\t\t\t\t\t\t\t\t\t<\/div>\n\t\t\t\t<\/div>\n\t\t\t\t\t\t\t\t<\/div>\n\t\t\t\t<\/div>\n\t\t\t\t\t<\/div>\n\t\t\t\t<\/div>\n\t\t\t\t<\/div>\n\t\t","protected":false},"excerpt":{"rendered":"<p>Inverses Headhunting in Berlin Inverses Headhunting f\u00fcr Manager und Top-F\u00fchrungskr\u00e4fte Sie wollen als F\u00fchrungskraft Ihre Karriere in einer Managementposition ohne Unterbrechung fortsetzen und sind auf der Suche nach einer ad\u00e4quaten beruflichen Position in Berlin? Sie ziehen dazu auch eine Outplacement-Beratung in Betracht? Unser Service f\u00fcr\u00a0inverses Headhunting\u00a0bringt Sie sogar noch einen Schritt weiter.\u00a0Team von\u00a0gps-jobsearch\u00a0und unser\u00a0Netzwerk\u00a0beginnen dort [&hellip;]<\/p>\n","protected":false},"author":5,"featured_media":0,"parent":0,"menu_order":24,"comment_status":"closed","ping_status":"closed","template":"","meta":{"footnotes":""},"seiten-kategorie":[],"class_list":["post-5035","page","type-page","status-publish","hentry"],"_links":{"self":[{"href":"https:\/\/www.gps-jobsearch.com\/de\/wp-json\/wp\/v2\/pages\/5035","targetHints":{"allow":["GET"]}}],"collection":[{"href":"https:\/\/www.gps-jobsearch.com\/de\/wp-json\/wp\/v2\/pages"}],"about":[{"href":"https:\/\/www.gps-jobsearch.com\/de\/wp-json\/wp\/v2\/types\/page"}],"author":[{"embeddable":true,"href":"https:\/\/www.gps-jobsearch.com\/de\/wp-json\/wp\/v2\/users\/5"}],"replies":[{"embeddable":true,"href":"https:\/\/www.gps-jobsearch.com\/de\/wp-json\/wp\/v2\/comments?post=5035"}],"version-history":[{"count":34,"href":"https:\/\/www.gps-jobsearch.com\/de\/wp-json\/wp\/v2\/pages\/5035\/revisions"}],"predecessor-version":[{"id":7947,"href":"https:\/\/www.gps-jobsearch.com\/de\/wp-json\/wp\/v2\/pages\/5035\/revisions\/7947"}],"wp:attachment":[{"href":"https:\/\/www.gps-jobsearch.com\/de\/wp-json\/wp\/v2\/media?parent=5035"}],"wp:term":[{"taxonomy":"seiten-kategorie","embeddable":true,"href":"https:\/\/www.gps-jobsearch.com\/de\/wp-json\/wp\/v2\/seiten-kategorie?post=5035"}],"curies":[{"name":"wp","href":"https:\/\/api.w.org\/{rel}","templated":true}]}}