{"id":5021,"date":"2025-04-01T18:59:57","date_gmt":"2025-04-01T18:59:57","guid":{"rendered":"https:\/\/www.gps-jobsearch.com\/?page_id=5021"},"modified":"2025-12-02T11:02:41","modified_gmt":"2025-12-02T11:02:41","slug":"inverses-headhunting-oesterreich","status":"publish","type":"page","link":"https:\/\/www.gps-jobsearch.com\/de\/inverses-headhunting-oesterreich\/","title":{"rendered":"Inverses Headhunting f\u00fcr Manager in \u00d6sterreich"},"content":{"rendered":"\t\t<div data-elementor-type=\"wp-page\" data-elementor-id=\"5021\" class=\"elementor elementor-5021\" data-elementor-post-type=\"page\">\n\t\t\t\t<div class=\"elementor-element elementor-element-a4c0c46 e-flex e-con-boxed e-con e-parent\" data-id=\"a4c0c46\" data-element_type=\"container\" data-settings=\"{&quot;jet_parallax_layout_list&quot;:[]}\">\n\t\t\t\t\t<div class=\"e-con-inner\">\n\t\t\t\t<div class=\"elementor-element elementor-element-6d4c560 elementor-widget elementor-widget-heading\" data-id=\"6d4c560\" data-element_type=\"widget\" data-widget_type=\"heading.default\">\n\t\t\t\t<div class=\"elementor-widget-container\">\n\t\t\t\t\t<h1 class=\"elementor-heading-title elementor-size-default\">Inverses Headhunting f\u00fcr Manager in \u00d6sterreich<\/h1>\t\t\t\t<\/div>\n\t\t\t\t<\/div>\n\t\t\t\t<div class=\"elementor-element elementor-element-d81d4a0 elementor-widget elementor-widget-heading\" data-id=\"d81d4a0\" data-element_type=\"widget\" data-widget_type=\"heading.default\">\n\t\t\t\t<div class=\"elementor-widget-container\">\n\t\t\t\t\t<h5 class=\"elementor-heading-title elementor-size-default\">Neue Top-F\u00fchrungsposition in \u00d6sterreich mit gps-jobsearch finden<\/h5>\t\t\t\t<\/div>\n\t\t\t\t<\/div>\n\t\t\t\t\t<\/div>\n\t\t\t\t<\/div>\n\t\t<div class=\"elementor-element elementor-element-87c06dd e-flex e-con-boxed e-con e-parent\" data-id=\"87c06dd\" data-element_type=\"container\" data-settings=\"{&quot;jet_parallax_layout_list&quot;:[]}\">\n\t\t\t\t\t<div class=\"e-con-inner\">\n\t\t<div class=\"elementor-element elementor-element-d32efdc e-con-full e-flex e-con e-child\" data-id=\"d32efdc\" data-element_type=\"container\" data-settings=\"{&quot;jet_parallax_layout_list&quot;:[]}\">\n\t\t\t\t<div class=\"elementor-element elementor-element-d1cd8a1 elementor-widget elementor-widget-text-editor\" data-id=\"d1cd8a1\" data-element_type=\"widget\" data-widget_type=\"text-editor.default\">\n\t\t\t\t<div class=\"elementor-widget-container\">\n\t\t\t\t\t\t\t\t\t<p>Sie sind F\u00fchrungskraft und Top-Manager auf der Suche nach einer neuen beruflichen Herausforderung in \u00d6sterreich? Sie m\u00f6chten Ihre Karriere nahtlos fortsetzen und ziehen\u00a0Outplacement-Consulting in \u00d6sterreich\u00a0in Betracht? Mit\u00a0<a href=\"https:\/\/www.gps-jobsearch.com\/de\/inverses-headhunting\/\" target=\"_blank\" rel=\"noopener\">inversem Headhunting<\/a>\u00a0gehen Sie sogar noch einen Schritt weiter.<\/p><p>Inverses Headhunting von\u00a0<a href=\"https:\/\/www.gps-jobsearch.com\/\" target=\"_blank\" rel=\"noopener\">gps-jobsearch<\/a>\u00a0beginnen dort, wo klassische Outplacement-Beratung aufh\u00f6rt: beim tats\u00e4chlichen Suchen, Finden und Besetzen von Top-Managementpositionen.<\/p><p>Dazu nutzen wir strukturiert die Chancen, die\u00a0der\u00a0<a href=\"https:\/\/www.gps-jobsearch.com\/de\/verdeckter-stellenmarkt\/\" target=\"_blank\" rel=\"noopener\">verdeckte Stellenmarkt\u00a0<\/a>bietet! In diesem Bereich ist allerdings ein\u00a0<a href=\"https:\/\/www.gps-jobsearch.com\/de\/erfahrung-inverses-headhunting\/\" target=\"_blank\" rel=\"noopener\">weitreichendes Netzwerk<\/a>, national und international, essentiell, um an die richtigen Kontaktpersonen zu geraten. Wir von\u00a0<a href=\"https:\/\/www.gps-jobsearch.com\/\" target=\"_blank\" rel=\"noopener\">gps-jobsearch<\/a>\u00a0helfen Ihnen dabei: Wir finden die optimale Position auf F\u00fchrungsebene im verdeckten Stellenmarkt f\u00fcr Sie.<\/p><h2>Ihre neue Top- Managementposition durch inverses Headhunting<\/h2><p>Nutzen Sie unsere kompetente Unterst\u00fctzung. Mit Methoden des inversen Headhuntings und unserem\u00a0<a href=\"https:\/\/www.gps-jobsearch.com\/de\/gps-prozess-stufenplan\/\" target=\"_blank\" rel=\"noopener\">20-stufigen gps-Prozess<\/a>\u00a0ebnen wir den Weg zu Ihrer\u00a0<a href=\"https:\/\/www.gps-jobsearch.com\/de\/jobsuche-fuehrungskraefte\/\" target=\"_blank\" rel=\"noopener\">neuen Managementposition<\/a>. Der Erfolg unserer Kunden spricht f\u00fcr uns:<\/p><ul><li>4 bis 6 Wochen nach Beginn der Zusammenarbeit: 10 bis 15 Gespr\u00e4che<\/li><li>2 bis 3 Vertragsangebote<\/li><\/ul><h2>Unser Netzwerk f\u00fcr inverses Headhunting \u2013 In \u00d6sterreich und weit dar\u00fcber hinaus!<\/h2><p>Um optimale Positionen im verdeckten Stellenmarkt zu finden, bedarf es<\/p><ul><li>zahlreicher Kontakte,<\/li><li>Wissen und Erfahrung\u00a0im Umgang mit Entscheidungstr\u00e4gern.<\/li><\/ul><p>Wir von gps-jobsearch verf\u00fcgen \u00fcber diese Kompetenzen: Wir greifen nicht nur auf ein weitreichendes Netzwerk aus nationalen und internationalen Kontakten zur\u00fcck, das Ihnen als T\u00fcr\u00f6ffner f\u00fcr Ihre neue Managementposition dient. Wir wissen auch aus jahrelanger eigener Arbeit auf F\u00fchrungsebene und aus unserer Erfahrung heraus um den richtigen Umgang mit Vorst\u00e4nden und R\u00e4ten Bescheid.<\/p><p><a href=\"https:\/\/www.gps-jobsearch.com\/de\/erfahrung-inverses-headhunting\/\" target=\"_blank\" rel=\"noopener\">Unser Netzwerk<\/a>\u00a0begrenzt sich nicht auf einzelne Regionen. Wir haben viele Jahre kontinuierliche Arbeit in unser \u00fcberregionales Netzwerk investiert. Und es w\u00e4chst stetig weiter.<\/p><p>Unsere Netzwerkknotenpunkte in <a href=\"https:\/\/www.gps-jobsearch.com\/de\/inverses-headhunting-in-berlin\/\">Berlin<\/a>, Basel, D\u00fcsseldorf, <a href=\"https:\/\/www.gps-jobsearch.com\/de\/inverses-headhunting-in-frankfurt\/\">Frankfurt<\/a>, Graz, <a href=\"https:\/\/www.gps-jobsearch.com\/de\/inverses-headhunting-in-hamburg\/\">Hamburg<\/a>, Innsbruck, <a href=\"https:\/\/www.gps-jobsearch.com\/de\/inverses-headhunting-munchen\/\">M\u00fcnchen<\/a>, <a href=\"https:\/\/www.gps-jobsearch.com\/de\/inverses-headhunting-salzburg\/\">Salzburg<\/a>, <a href=\"https:\/\/www.gps-jobsearch.com\/de\/inverses-headhunting-stuttgart\/\">Stuttgart<\/a>, <a href=\"https:\/\/www.gps-jobsearch.com\/de\/inverses-headhunting-wien\/\">Wien<\/a> und Z\u00fcrich bilden die solide Basis um unser stetig wachsendes Netzwerk vor Ort zu pflegen &#8211; zu Ihrem Vorteil!<\/p><p>Wir betreuen F\u00fchrungskr\u00e4fte aus der ganzen Welt. Einen detaillierten \u00dcberblick \u00fcber <a href=\"https:\/\/www.gps-jobsearch.com\/de\/kunden-inverses-headhunting\/\">unsere\u00a0Kundenstruktur<\/a> bekommen sie hier.<\/p><p>Auf unserer Seite zu <a href=\"https:\/\/www.gps-jobsearch.com\/de\/erfahrungen-inverses-headhunting\/\"><strong data-start=\"317\" data-end=\"355\">Referenzen im inversen Headhunting<\/strong><\/a> finden Sie authentische Kundenstimmen und Einblicke in abgeschlossene Projekte.<\/p>\t\t\t\t\t\t\t\t<\/div>\n\t\t\t\t<\/div>\n\t\t\t\t<div class=\"elementor-element elementor-element-57c0312 elementor-widget elementor-widget-text-editor\" data-id=\"57c0312\" data-element_type=\"widget\" data-widget_type=\"text-editor.default\">\n\t\t\t\t<div class=\"elementor-widget-container\">\n\t\t\t\t\t\t\t\t\t<p><a class=\"elementor-button elementor-button-link elementor-size-sm\" style=\"padding: 10px;\" href=\"\/de\/kontakt\"><span class=\"elementor-button-content-wrapper\"><span class=\"elementor-button-text\">Jetzt Kontakt aufnehmen<\/span><br \/><\/span><\/a><\/p>\t\t\t\t\t\t\t\t<\/div>\n\t\t\t\t<\/div>\n\t\t\t\t<\/div>\n\t\t<div class=\"elementor-element elementor-element-0da328b e-con-full e-flex e-con e-child\" data-id=\"0da328b\" data-element_type=\"container\" data-settings=\"{&quot;jet_parallax_layout_list&quot;:[]}\">\n\t\t\t\t<div class=\"elementor-element elementor-element-e05a5f3 elementor-widget elementor-widget-image\" data-id=\"e05a5f3\" data-element_type=\"widget\" data-widget_type=\"image.default\">\n\t\t\t\t<div class=\"elementor-widget-container\">\n\t\t\t\t\t\t\t\t\t\t\t\t\t\t\t<img fetchpriority=\"high\" decoding=\"async\" width=\"800\" height=\"656\" src=\"https:\/\/www.gps-jobsearch.com\/wp-content\/uploads\/2025\/04\/vienna-1567865_1920-1.jpg\" class=\"attachment-large size-large wp-image-5023\" alt=\"Outplacement &quot;Plus&quot; \u00d6sterreich\" srcset=\"https:\/\/www.gps-jobsearch.com\/wp-content\/uploads\/2025\/04\/vienna-1567865_1920-1.jpg 950w, https:\/\/www.gps-jobsearch.com\/wp-content\/uploads\/2025\/04\/vienna-1567865_1920-1-300x246.jpg 300w, https:\/\/www.gps-jobsearch.com\/wp-content\/uploads\/2025\/04\/vienna-1567865_1920-1-768x630.jpg 768w\" sizes=\"(max-width: 800px) 100vw, 800px\" \/>\t\t\t\t\t\t\t\t\t\t\t\t\t\t\t<\/div>\n\t\t\t\t<\/div>\n\t\t\t\t<div class=\"elementor-element elementor-element-77d3cd9 elementor-widget elementor-widget-text-editor\" data-id=\"77d3cd9\" data-element_type=\"widget\" data-widget_type=\"text-editor.default\">\n\t\t\t\t<div class=\"elementor-widget-container\">\n\t\t\t\t\t\t\t\t\t<h2>Inverses Headhunting an unterschiedlichen Standorten<\/h2><p>Sie sind in \u00d6sterreich beheimatet und auf der Suche nach einer neuen Managementposition? Unsere Kunden kommen aus ganz \u00d6sterreich und vielen Teilen Europas und der Welt.<\/p><p><strong>Unsere Standorte in \u00d6sterreich:<\/strong><\/p><ul><li>Salzburg<\/li><li>Wien<\/li><\/ul><p><strong>Wir unterst\u00fctzen Sie kompetent vor Ort.<\/strong>\u00a0Einer unserer\u00a0<a href=\"https:\/\/www.gps-jobsearch.com\/de\/unsere-usps\/\" target=\"_blank\" rel=\"noopener\">USP&#8217;s<\/a>\u00a0ist, dass wir Sie jederzeit durch vor Ort-Betreuung optimal unterst\u00fctzen k\u00f6nnen.<\/p><p>Auch an unseren weiterem Standorten in<\/p><ul><li>Deutschland und<\/li><li>Schweiz<\/li><\/ul><p>betreuen wir Sie individuell \u2013 Sie m\u00fcssen daf\u00fcr keine weiten Wege auf sich nehmen! Wir kommen zu Ihnen und helfen Ihnen durch unsere \u00f6rtliche Flexibilit\u00e4t wertvolle Zeit zu sparen!<\/p><p>Rufen Sie uns einfach und unverbindlich an um abzukl\u00e4ren, ob unsere Dienstleistungen zur Ihrem Profil und Ihrer Situation passen. Im Rahmen dieses\u00a0<a href=\"https:\/\/www.gps-jobsearch.com\/de\/gps-prozess-stufenplan\/\" target=\"_blank\" rel=\"noopener\">unverbindlichen Erstgespr\u00e4ches<\/a>\u00a0erkl\u00e4ren wir Ihnen gerne n\u00e4her, wie sich inverses Headhunting mit<i>\u00a0gps-jobsearch<\/i>\u00a0gestaltet und ob eine Zusammenarbeit erfolgsversprechend ist.<\/p><p><i>gps-jobsearch<\/i>\u00a0ist mitunter durch Team und Netzwerk der starke Partner f\u00fcr inverses Headhunting in Ihrer N\u00e4he. Lassen Sie sich als F\u00fchrungskraft in \u00d6sterreich beim n\u00e4chsten Schritt auf der Karriereleiter von uns unterst\u00fctzen.\u00a0<a href=\"https:\/\/www.gps-jobsearch.com\/de\/kontakt\/\" target=\"_blank\" rel=\"noopener\">Vereinbaren Sie einen Beratungstermin<\/a>!<\/p><h2>Das\u00a0<i>gps-jobsearch<\/i>\u00a0head office<\/h2><p>gps-jobsearch wurde 2008 als Personen-Gesellschaft in Seewalchen, \u00d6sterreich gegr\u00fcndet. Auf Grund des rasanten Wachstums, der damit verbundenen Mitarbeiterzahl und Standorte, bereits nach kurzer Zeit umfirmiert in eine GmbH (heute Teil der international t\u00e4tigen gps-Firmengruppe).<br \/>Hauptstandort und B\u00fcro ist in Salzburg mit weiteren Niederlassungen in der Deutschland, \u00d6sterreich und der Schweiz. Der finanztechnische Sitz befindet sich nach wie vor am Standort der Gr\u00fcndung in Seewalchen.<\/p>\t\t\t\t\t\t\t\t<\/div>\n\t\t\t\t<\/div>\n\t\t\t\t<\/div>\n\t\t\t\t\t<\/div>\n\t\t\t\t<\/div>\n\t\t<div class=\"elementor-element elementor-element-fd33bb0 e-flex e-con-boxed e-con e-parent\" data-id=\"fd33bb0\" data-element_type=\"container\" data-settings=\"{&quot;jet_parallax_layout_list&quot;:[]}\">\n\t\t\t\t\t<div class=\"e-con-inner\">\n\t\t\t\t<div class=\"elementor-element elementor-element-ace08ee elementor-testimonial--skin-default elementor-testimonial--layout-image_inline elementor-testimonial--align-center elementor-arrows-yes elementor-pagination-type-bullets elementor-widget elementor-widget-testimonial-carousel\" data-id=\"ace08ee\" data-element_type=\"widget\" data-settings=\"{&quot;show_arrows&quot;:&quot;yes&quot;,&quot;pagination&quot;:&quot;bullets&quot;,&quot;speed&quot;:500,&quot;autoplay&quot;:&quot;yes&quot;,&quot;autoplay_speed&quot;:5000,&quot;loop&quot;:&quot;yes&quot;,&quot;pause_on_hover&quot;:&quot;yes&quot;,&quot;pause_on_interaction&quot;:&quot;yes&quot;,&quot;space_between&quot;:{&quot;unit&quot;:&quot;px&quot;,&quot;size&quot;:10,&quot;sizes&quot;:[]},&quot;space_between_widescreen&quot;:{&quot;unit&quot;:&quot;px&quot;,&quot;size&quot;:10,&quot;sizes&quot;:[]},&quot;space_between_tablet&quot;:{&quot;unit&quot;:&quot;px&quot;,&quot;size&quot;:10,&quot;sizes&quot;:[]},&quot;space_between_mobile&quot;:{&quot;unit&quot;:&quot;px&quot;,&quot;size&quot;:10,&quot;sizes&quot;:[]}}\" data-widget_type=\"testimonial-carousel.default\">\n\t\t\t\t<div class=\"elementor-widget-container\">\n\t\t\t\t\t\t\t\t\t<div class=\"elementor-swiper\">\n\t\t\t\t\t<div class=\"elementor-main-swiper swiper\" role=\"region\" aria-roledescription=\"carousel\" aria-label=\"Slides\">\n\t\t\t\t<div class=\"swiper-wrapper\">\n\t\t\t\t\t\t\t\t\t\t\t<div class=\"swiper-slide\" role=\"group\" aria-roledescription=\"slide\">\n\t\t\t\t\t\t\t\t\t<div class=\"elementor-testimonial\">\n\t\t\t\t\t\t\t<div class=\"elementor-testimonial__content\">\n\t\t\t\t\t<div class=\"elementor-testimonial__text\">\n\t\t\t\t\t\tDas Konzept und der von Ihnen beschriebene gps-jobsearch Prozess hatte mich sehr angesprochen, auch nach einem Vergleich mit Ihren Mitbewerbern. Insbesondere Ihr Praxisbezug und Ihr Netzwerk schienen mir erfolgversprechend. Deshalb hatte ich mich schlussendlich f\u00fcr gps-jobsearch entscheiden. Das Strategiemeeting, das Erstellen der Unterlagen, die Trainings zum eigenen Auftritt bei potentiellen Arbeitgebern sowie Ihre Netzwerkarbeit erwiesen sich dann als sehr hilfreich und zielf\u00fchrend. Die gps-Bewerbungen erbrachten etliche Bewerbungsgespr\u00e4che, die schlussendlich zum Erfolg f\u00fchrten. Meinen heutigen Vertrag habe ich gps-jobsearch zu verdanken! Vielen Dank f\u00fcr Ihre professionelle Unterst\u00fctzung in den vergangenen Wochen.\t\t\t\t\t\t\t\t\t\t<\/div>\n\t\t\t\t\t\t\t\t\t<\/div>\n\t\t\t\t\t\t<div class=\"elementor-testimonial__footer\">\n\t\t\t\t\t\t\t\t<cite class=\"elementor-testimonial__cite\"><span class=\"elementor-testimonial__name\">O.R., 53 Jahre, COO in einem Unternehmen in Bayern (D) <\/span><\/cite>\t\t\t<\/div>\n\t\t<\/div>\n\t\t\t\t\t\t\t\t<\/div>\n\t\t\t\t\t\t\t\t\t\t\t<div class=\"swiper-slide\" role=\"group\" aria-roledescription=\"slide\">\n\t\t\t\t\t\t\t\t\t<div class=\"elementor-testimonial\">\n\t\t\t\t\t\t\t<div class=\"elementor-testimonial__content\">\n\t\t\t\t\t<div class=\"elementor-testimonial__text\">\n\t\t\t\t\t\tIch werde nun schon nach ca. drei Monaten eine neue Besch\u00e4ftigung beginnen. [...] Sie haben mich in einer schweren Phase wieder aufgebaut und mir den eigenen Wert wieder deutlich gemacht. [...] Vielen Dank f\u00fcr Ihre offene und ehrliche Unterst\u00fctzung in dieser Zeit. Sie haben mir sehr geholfen, einen f\u00fcr mich positiven Abschluss dieser Lebenssituation zu finden.\t\t\t\t\t\t\t\t\t\t<\/div>\n\t\t\t\t\t\t\t\t\t<\/div>\n\t\t\t\t\t\t<div class=\"elementor-testimonial__footer\">\n\t\t\t\t\t\t\t\t<cite class=\"elementor-testimonial__cite\"><span class=\"elementor-testimonial__name\"> T. S., CEO in einem Unternehmen in NRW (D) <\/span><\/cite>\t\t\t<\/div>\n\t\t<\/div>\n\t\t\t\t\t\t\t\t<\/div>\n\t\t\t\t\t\t\t\t\t\t\t<div class=\"swiper-slide\" role=\"group\" aria-roledescription=\"slide\">\n\t\t\t\t\t\t\t\t\t<div class=\"elementor-testimonial\">\n\t\t\t\t\t\t\t<div class=\"elementor-testimonial__content\">\n\t\t\t\t\t<div class=\"elementor-testimonial__text\">\n\t\t\t\t\t\tAn dieser Stelle meinen herzlichen Dank f\u00fcr das von Ihnen erzielte  Ergebnis und die w\u00e4hrend des gesamten Prozesses hervorragende und h\u00f6chst  professionelle Unterst\u00fctzung.\t\t\t\t\t<\/div>\n\t\t\t\t\t\t\t\t\t<\/div>\n\t\t\t\t\t\t<div class=\"elementor-testimonial__footer\">\n\t\t\t\t\t\t\t\t<cite class=\"elementor-testimonial__cite\"><span class=\"elementor-testimonial__name\"> H. N., 46 Jahre, Vorstand in einem Unternehmen in Hessen (D) <\/span><\/cite>\t\t\t<\/div>\n\t\t<\/div>\n\t\t\t\t\t\t\t\t<\/div>\n\t\t\t\t\t\t\t\t\t<\/div>\n\t\t\t\t\t\t\t\t\t\t\t\t\t\t\t<div class=\"elementor-swiper-button elementor-swiper-button-prev\" role=\"button\" tabindex=\"0\" aria-label=\"Voriger\">\n\t\t\t\t\t\t\t<svg aria-hidden=\"true\" class=\"e-font-icon-svg e-eicon-chevron-left\" viewBox=\"0 0 1000 1000\" xmlns=\"http:\/\/www.w3.org\/2000\/svg\"><path d=\"M646 125C629 125 613 133 604 142L308 442C296 454 292 471 292 487 292 504 296 521 308 533L604 854C617 867 629 875 646 875 663 875 679 871 692 858 704 846 713 829 713 812 713 796 708 779 692 767L438 487 692 225C700 217 708 204 708 187 708 171 704 154 692 142 675 129 663 125 646 125Z\"><\/path><\/svg>\t\t\t\t\t\t<\/div>\n\t\t\t\t\t\t<div class=\"elementor-swiper-button elementor-swiper-button-next\" role=\"button\" tabindex=\"0\" aria-label=\"N\u00e4chster\">\n\t\t\t\t\t\t\t<svg aria-hidden=\"true\" class=\"e-font-icon-svg e-eicon-chevron-right\" viewBox=\"0 0 1000 1000\" xmlns=\"http:\/\/www.w3.org\/2000\/svg\"><path d=\"M696 533C708 521 713 504 713 487 713 471 708 454 696 446L400 146C388 133 375 125 354 125 338 125 325 129 313 142 300 154 292 171 292 187 292 204 296 221 308 233L563 492 304 771C292 783 288 800 288 817 288 833 296 850 308 863 321 871 338 875 354 875 371 875 388 867 400 854L696 533Z\"><\/path><\/svg>\t\t\t\t\t\t<\/div>\n\t\t\t\t\t\t\t\t\t\t\t\t\t\t\t\t<div class=\"swiper-pagination\"><\/div>\n\t\t\t\t\t\t\t\t\t\t\t\t<\/div>\n\t\t\t\t<\/div>\n\t\t\t\t\t\t\t\t<\/div>\n\t\t\t\t<\/div>\n\t\t\t\t\t<\/div>\n\t\t\t\t<\/div>\n\t\t\t\t<\/div>\n\t\t","protected":false},"excerpt":{"rendered":"<p>Inverses Headhunting f\u00fcr Manager in \u00d6sterreich Neue Top-F\u00fchrungsposition in \u00d6sterreich mit gps-jobsearch finden Sie sind F\u00fchrungskraft und Top-Manager auf der Suche nach einer neuen beruflichen Herausforderung in \u00d6sterreich? Sie m\u00f6chten Ihre Karriere nahtlos fortsetzen und ziehen\u00a0Outplacement-Consulting in \u00d6sterreich\u00a0in Betracht? Mit\u00a0inversem Headhunting\u00a0gehen Sie sogar noch einen Schritt weiter. Inverses Headhunting von\u00a0gps-jobsearch\u00a0beginnen dort, wo klassische Outplacement-Beratung aufh\u00f6rt: [&hellip;]<\/p>\n","protected":false},"author":5,"featured_media":0,"parent":0,"menu_order":7,"comment_status":"closed","ping_status":"closed","template":"","meta":{"footnotes":""},"seiten-kategorie":[],"class_list":["post-5021","page","type-page","status-publish","hentry"],"_links":{"self":[{"href":"https:\/\/www.gps-jobsearch.com\/de\/wp-json\/wp\/v2\/pages\/5021","targetHints":{"allow":["GET"]}}],"collection":[{"href":"https:\/\/www.gps-jobsearch.com\/de\/wp-json\/wp\/v2\/pages"}],"about":[{"href":"https:\/\/www.gps-jobsearch.com\/de\/wp-json\/wp\/v2\/types\/page"}],"author":[{"embeddable":true,"href":"https:\/\/www.gps-jobsearch.com\/de\/wp-json\/wp\/v2\/users\/5"}],"replies":[{"embeddable":true,"href":"https:\/\/www.gps-jobsearch.com\/de\/wp-json\/wp\/v2\/comments?post=5021"}],"version-history":[{"count":31,"href":"https:\/\/www.gps-jobsearch.com\/de\/wp-json\/wp\/v2\/pages\/5021\/revisions"}],"predecessor-version":[{"id":7922,"href":"https:\/\/www.gps-jobsearch.com\/de\/wp-json\/wp\/v2\/pages\/5021\/revisions\/7922"}],"wp:attachment":[{"href":"https:\/\/www.gps-jobsearch.com\/de\/wp-json\/wp\/v2\/media?parent=5021"}],"wp:term":[{"taxonomy":"seiten-kategorie","embeddable":true,"href":"https:\/\/www.gps-jobsearch.com\/de\/wp-json\/wp\/v2\/seiten-kategorie?post=5021"}],"curies":[{"name":"wp","href":"https:\/\/api.w.org\/{rel}","templated":true}]}}