{"id":3825,"date":"2025-02-23T21:03:48","date_gmt":"2025-02-23T21:03:48","guid":{"rendered":"https:\/\/www.gps-jobsearch.com\/?page_id=3825"},"modified":"2025-12-02T11:20:37","modified_gmt":"2025-12-02T11:20:37","slug":"inverses-headhunting-munchen","status":"publish","type":"page","link":"https:\/\/www.gps-jobsearch.com\/de\/inverses-headhunting-munchen\/","title":{"rendered":"Inverses Headhunting f\u00fcr F\u00fchrungskr\u00e4fte in M\u00fcnchen"},"content":{"rendered":"\t\t<div data-elementor-type=\"wp-page\" data-elementor-id=\"3825\" class=\"elementor elementor-3825\" data-elementor-post-type=\"page\">\n\t\t\t\t<div class=\"elementor-element elementor-element-a4c0c46 e-flex e-con-boxed e-con e-parent\" data-id=\"a4c0c46\" data-element_type=\"container\" data-settings=\"{&quot;jet_parallax_layout_list&quot;:[]}\">\n\t\t\t\t\t<div class=\"e-con-inner\">\n\t\t\t\t<div class=\"elementor-element elementor-element-6d4c560 elementor-widget elementor-widget-heading\" data-id=\"6d4c560\" data-element_type=\"widget\" data-widget_type=\"heading.default\">\n\t\t\t\t<div class=\"elementor-widget-container\">\n\t\t\t\t\t<h1 class=\"elementor-heading-title elementor-size-default\">Inverses Headhunting f\u00fcr F\u00fchrungskr\u00e4fte in M\u00fcnchen<\/h1>\t\t\t\t<\/div>\n\t\t\t\t<\/div>\n\t\t\t\t<div class=\"elementor-element elementor-element-d81d4a0 elementor-widget elementor-widget-heading\" data-id=\"d81d4a0\" data-element_type=\"widget\" data-widget_type=\"heading.default\">\n\t\t\t\t<div class=\"elementor-widget-container\">\n\t\t\t\t\t<h5 class=\"elementor-heading-title elementor-size-default\">gps-jobsearch: Marktf\u00fchrender Spezialist f\u00fcr Inverses Headhunting!<\/h5>\t\t\t\t<\/div>\n\t\t\t\t<\/div>\n\t\t\t\t\t<\/div>\n\t\t\t\t<\/div>\n\t\t<div class=\"elementor-element elementor-element-87c06dd e-flex e-con-boxed e-con e-parent\" data-id=\"87c06dd\" data-element_type=\"container\" data-settings=\"{&quot;jet_parallax_layout_list&quot;:[]}\">\n\t\t\t\t\t<div class=\"e-con-inner\">\n\t\t<div class=\"elementor-element elementor-element-d32efdc e-con-full e-flex e-con e-child\" data-id=\"d32efdc\" data-element_type=\"container\" data-settings=\"{&quot;jet_parallax_layout_list&quot;:[]}\">\n\t\t\t\t<div class=\"elementor-element elementor-element-d1cd8a1 elementor-widget elementor-widget-text-editor\" data-id=\"d1cd8a1\" data-element_type=\"widget\" data-widget_type=\"text-editor.default\">\n\t\t\t\t<div class=\"elementor-widget-container\">\n\t\t\t\t\t\t\t\t\t<p>Sie wollen als F\u00fchrungskraft Ihre Karriere in einer Managementposition ohne Unterbrechung fortsetzen und sind auf der Suche nach einer ad\u00e4quaten beruflichen Position in M\u00fcnchen? Sie ziehen dazu auch eine Outplacement-Beratung in Betracht? Unser Service f\u00fcr <a href=\"https:\/\/www.gps-jobsearch.com\/de\/inverses-headhunting\/\">inverses Headhunting<\/a> bringt Sie sogar noch einen Schritt weiter.<\/p><p>Team und Netzwerk von gps-jobsearch beginnen dort zu arbeiten, wo klassische\u00a0Outplacement-Beratung\u00a0aufh\u00f6rt: beim tats\u00e4chlichen Suchen, Finden und Besetzen von Top-Managementpositionen.<\/p><h2>Ihr direkter Weg zur neuen Position: Inverses Headhunting in M\u00fcnchen<\/h2><p>Als erste Adresse f\u00fcr\u00a0inverses Headhunting in\u00a0M\u00fcnchen verhelfen wir F\u00fchrungskr\u00e4ften und Managern zur neuen Top-Position.<\/p><p>Inverses Headhunting stellt klassische Placement-Verfahren auf den Kopf: Anstatt geeignete Kandidaten f\u00fcr Vakanzen zu suchen, finden wir neue Aufgaben f\u00fcr konkrete Kandidaten und Kandidatinnen. So schlie\u00dfen wir eine Besetzungsl\u00fccke, die dadurch entsteht, dass hochqualifizierte Managementpositionen nicht \u00fcber den klassischen Jobmarkt ausgeschrieben werden, sondern im <a href=\"https:\/\/www.gps-jobsearch.com\/de\/verdeckter-stellenmarkt\/\">verdeckten Stellenmarkt<\/a> und erzielen so auch in M\u00fcnchen ein perfektes Matching zwischen Kandidaten und Positionen.<\/p><p>Mit inversem Headhunting in M\u00fcnchen sparen Sie zudem wertvolle Zeit: Anstatt m\u00fchsam \u00fcber andere Kan\u00e4le zu suchen, \u00fcbernehmen wir die Vorselektion und bringen Sie so auf direkterem Wege zu Ihrer neuen Managementposition.<\/p><h2>M\u00fcnchen &#8211; Top-Standort f\u00fcr Top-Jobs<\/h2><p>Die bayerische Hauptstadt geh\u00f6rt zu den wirtschaftsst\u00e4rksten Metropolen Deutschlands und beherbergt als solche eine Vielzahl an renommierten Top-Unternehmen. Diese sind etwa:<\/p><ul><li>Allianz SE<\/li><li>BMW<\/li><li>Linde AG<\/li><li>Siemens<\/li><li>MAN<\/li><\/ul><h2>Sie interessieren sich f\u00fcr unsere Services?<\/h2><p>Rufen Sie uns an! Gerne erz\u00e4hlen wir Ihnen telefonisch N\u00e4heres:<\/p><p>\u00a0<br \/><br \/><br \/><\/p><p style=\"text-align: center;\"><a class=\"elementor-button elementor-button-link elementor-size-sm\" style=\"padding: 10px;\" href=\"\/de\/kontakt\"><br \/><span class=\"elementor-button-content-wrapper\"><br \/><span class=\"elementor-button-text\">Jetzt Kontakt aufnehmen<\/span><br \/><\/span><br \/><\/a><\/p>\t\t\t\t\t\t\t\t<\/div>\n\t\t\t\t<\/div>\n\t\t\t\t<\/div>\n\t\t<div class=\"elementor-element elementor-element-0da328b e-con-full e-flex e-con e-child\" data-id=\"0da328b\" data-element_type=\"container\" data-settings=\"{&quot;jet_parallax_layout_list&quot;:[]}\">\n\t\t\t\t<div class=\"elementor-element elementor-element-6e0fd1e elementor-widget elementor-widget-image\" data-id=\"6e0fd1e\" data-element_type=\"widget\" data-widget_type=\"image.default\">\n\t\t\t\t<div class=\"elementor-widget-container\">\n\t\t\t\t\t\t\t\t\t\t\t\t\t\t\t<img fetchpriority=\"high\" decoding=\"async\" width=\"800\" height=\"534\" src=\"https:\/\/www.gps-jobsearch.com\/wp-content\/uploads\/2025\/03\/ferris-wheel-2615425_1920-1440x960-1-1024x683.jpg\" class=\"attachment-large size-large wp-image-3986\" alt=\"\" srcset=\"https:\/\/www.gps-jobsearch.com\/wp-content\/uploads\/2025\/03\/ferris-wheel-2615425_1920-1440x960-1-1024x683.jpg 1024w, https:\/\/www.gps-jobsearch.com\/wp-content\/uploads\/2025\/03\/ferris-wheel-2615425_1920-1440x960-1-300x200.jpg 300w, https:\/\/www.gps-jobsearch.com\/wp-content\/uploads\/2025\/03\/ferris-wheel-2615425_1920-1440x960-1-768x512.jpg 768w, https:\/\/www.gps-jobsearch.com\/wp-content\/uploads\/2025\/03\/ferris-wheel-2615425_1920-1440x960-1.jpg 1440w\" sizes=\"(max-width: 800px) 100vw, 800px\">\t\t\t\t\t\t\t\t\t\t\t\t\t\t\t<\/div>\n\t\t\t\t<\/div>\n\t\t\t\t<div class=\"elementor-element elementor-element-a80deb8 elementor-widget elementor-widget-text-editor\" data-id=\"a80deb8\" data-element_type=\"widget\" data-widget_type=\"text-editor.default\">\n\t\t\t\t<div class=\"elementor-widget-container\">\n\t\t\t\t\t\t\t\t\t<h2>Der Prozess: Inverses Headhunting in M\u00fcnchen<\/h2><p>Mit den Methoden des inversen Headhuntings findet gps-jobsearch die optimale Managementposition f\u00fcr Sie. Nach einem Telefongespr\u00e4ch, bei dem wir abkl\u00e4ren, ob unsere Leistungen zu Ihrem Profil passen, laden wir Sie gerne zu einem\u00a0<a href=\"https:\/\/www.gps-jobsearch.com\/de\/kontakt\/\" target=\"_blank\" rel=\"noopener\">Erstgespr\u00e4ch<\/a>, das etwa per Skype durchgef\u00fchrt werden kann, je nach Ihrem geografischen Aufenthaltsort. Die Folgetermine und -beratungen f\u00fchren gerne auch in M\u00fcnchen durch \u2013 gem\u00e4\u00df Ihren W\u00fcnschen.<\/p><p>Gerne empfehlen wir Ihnen f\u00fcr unsere Beratungsgespr\u00e4che einen Treffpunkt in Ihrer N\u00e4he! In M\u00fcnchen treffen wir uns z.B. gerne hier:<\/p><p><strong>Hotel Sofitel Munich Bayerpost<\/strong><br \/><strong>Bayerstra\u00dfe 12<\/strong><br \/><strong>80335 M\u00fcnchen<\/strong><\/p><h2>Inverses Headhunting nicht nur in M\u00fcnchen<\/h2><p>Sie sind noch nicht in M\u00fcnchen, aber auf der Suche nach einem Top-Job in M\u00fcnchen? Wir bieten unsere Leistung im gesamten deutschsprachigen Raum an. Wir kommen zu Ihnen und besprechen direkt, wie Sie mit inversem Headhunting Ihren gew\u00fcnschten Managementjob in M\u00fcnchen erlangen k\u00f6nnen.<\/p><p><b>Hier eine kleine Auswahl an Standorten, die gps-jobsearch abdeckt:<\/b><\/p><ul><li><a href=\"https:\/\/www.gps-jobsearch.com\/de\/inverses-headhunting-wien\/\" target=\"_blank\" rel=\"noopener\">Inverses Headhunting in Wien<\/a><\/li><li><a href=\"https:\/\/www.gps-jobsearch.com\/de\/inverses-headhunting-schweiz\/\" target=\"_blank\" rel=\"noopener\">Inverses Headhunting in\u00a0der Schweiz<\/a><\/li><li><a href=\"https:\/\/www.gps-jobsearch.com\/de\/inverses-headhunting-in-hamburg\/\" target=\"_blank\" rel=\"noopener\">Inverses Headhunting in\u00a0Hamburg<\/a><\/li><li><a href=\"https:\/\/www.gps-jobsearch.com\/de\/inverses-headhunting-stuttgart\/\" target=\"_blank\" rel=\"noopener\">Inverses Headhunting in\u00a0Stuttgart<\/a><\/li><li><a href=\"https:\/\/www.gps-jobsearch.com\/de\/inverses-headhunting-salzburg\/\" target=\"_blank\" rel=\"noopener\">Inverses Headhunting in\u00a0Salzburg<\/a><\/li><\/ul><p data-start=\"208\" data-end=\"435\">Suchen Sie eine <strong data-start=\"224\" data-end=\"268\">f\u00fchrende L\u00f6sung f\u00fcr inverses Headhunting<\/strong> in Ihrer N\u00e4he? <strong data-start=\"284\" data-end=\"301\">gps-jobsearch<\/strong> geh\u00f6rt zu den Top-Anbietern in Deutschland und unterst\u00fctzt F\u00fchrungskr\u00e4fte gezielt beim n\u00e4chsten Schritt auf der <strong data-start=\"414\" data-end=\"432\">Karriereleiter<\/strong>.<\/p><p data-start=\"437\" data-end=\"702\">Profitieren Sie von unserer langj\u00e4hrigen <a href=\"https:\/\/www.gps-jobsearch.com\/de\/erfahrungen-inverses-headhunting\/\">Erfahrung,<\/a> unserem exklusiven Netzwerk und unserem individuellen Ansatz.<\/p><p data-start=\"704\" data-end=\"926\">Setzen Sie auf den starken Partner f\u00fcr <strong data-start=\"743\" data-end=\"778\">inverses Headhunting in M\u00fcnchen<\/strong>\u00a0\u2013 mit gps-jobsearch, dem Spezialisten f\u00fcr <strong data-start=\"874\" data-end=\"923\">F\u00fchrungskr\u00e4ftevermittlung auf h\u00f6chstem Niveau<\/strong>.<\/p><p><strong>Wir freuen uns auf Ihren Anruf!<\/strong><\/p>\t\t\t\t\t\t\t\t<\/div>\n\t\t\t\t<\/div>\n\t\t\t\t<\/div>\n\t\t\t\t\t<\/div>\n\t\t\t\t<\/div>\n\t\t<div class=\"elementor-element elementor-element-02813a0 e-flex e-con-boxed e-con e-parent\" data-id=\"02813a0\" data-element_type=\"container\" data-settings=\"{&quot;jet_parallax_layout_list&quot;:[]}\">\n\t\t\t\t\t<div class=\"e-con-inner\">\n\t\t\t\t<div class=\"elementor-element elementor-element-28ffdcf elementor-widget elementor-widget-video\" data-id=\"28ffdcf\" data-element_type=\"widget\" data-settings=\"{&quot;youtube_url&quot;:&quot;https:\\\/\\\/www.youtube.com\\\/embed\\\/5W8JJ0OwTdo?autoplay=0&amp;hl=de&amp;controls=0&amp;disablekb=1&amp;playsinline=1&amp;cc_load_policy=0&amp;cc_lang_pref=auto&amp;widget_referrer=https%3A%2F%2Falt.gps-jobsearch.com%2Fde%2Foutplacement-beratung&amp;rel=0&amp;showinfo=0&amp;iv_load_policy=3&amp;modestbranding=1&amp;customControls=true&amp;noCookie=false&amp;enablejsapi=1&amp;origin=https%3A%2F%2Falt.gps-jobsearch.com&amp;widgetid=1&quot;,&quot;video_type&quot;:&quot;youtube&quot;,&quot;controls&quot;:&quot;yes&quot;}\" data-widget_type=\"video.default\">\n\t\t\t\t<div class=\"elementor-widget-container\">\n\t\t\t\t\t\t\t<div class=\"elementor-wrapper elementor-open-inline\">\n\t\t\t<div class=\"elementor-video\"><\/div>\t\t<\/div>\n\t\t\t\t\t\t<\/div>\n\t\t\t\t<\/div>\n\t\t\t\t<div class=\"elementor-element elementor-element-05818d0 elementor-widget elementor-widget-n-accordion\" data-id=\"05818d0\" data-element_type=\"widget\" data-settings=\"{&quot;default_state&quot;:&quot;expanded&quot;,&quot;max_items_expended&quot;:&quot;one&quot;,&quot;n_accordion_animation_duration&quot;:{&quot;unit&quot;:&quot;ms&quot;,&quot;size&quot;:400,&quot;sizes&quot;:[]}}\" data-widget_type=\"nested-accordion.default\">\n\t\t\t\t<div class=\"elementor-widget-container\">\n\t\t\t\t\t\t\t<div class=\"e-n-accordion\" aria-label=\"Accordion. Open links with Enter or Space, close with Escape, and navigate with Arrow Keys\">\n\t\t\t\t\t\t<details id=\"e-n-accordion-item-5770\" class=\"e-n-accordion-item\" open>\n\t\t\t\t<summary class=\"e-n-accordion-item-title\" data-accordion-index=\"1\" tabindex=\"0\" aria-expanded=\"true\" aria-controls=\"e-n-accordion-item-5770\" >\n\t\t\t\t\t<span class='e-n-accordion-item-title-header'><div class=\"e-n-accordion-item-title-text\"> Headhunting in M\u00fcnchen: Setzen Sie mit uns auf ein innovatives und bew\u00e4hrtes Konzept  <\/div><\/span>\n\t\t\t\t\t\t\t<span class='e-n-accordion-item-title-icon'>\n\t\t\t<span class='e-opened' ><svg aria-hidden=\"true\" class=\"e-font-icon-svg e-fas-minus\" viewBox=\"0 0 448 512\" xmlns=\"http:\/\/www.w3.org\/2000\/svg\"><path d=\"M416 208H32c-17.67 0-32 14.33-32 32v32c0 17.67 14.33 32 32 32h384c17.67 0 32-14.33 32-32v-32c0-17.67-14.33-32-32-32z\"><\/path><\/svg><\/span>\n\t\t\t<span class='e-closed'><svg aria-hidden=\"true\" class=\"e-font-icon-svg e-fas-plus\" viewBox=\"0 0 448 512\" xmlns=\"http:\/\/www.w3.org\/2000\/svg\"><path d=\"M416 208H272V64c0-17.67-14.33-32-32-32h-32c-17.67 0-32 14.33-32 32v144H32c-17.67 0-32 14.33-32 32v32c0 17.67 14.33 32 32 32h144v144c0 17.67 14.33 32 32 32h32c17.67 0 32-14.33 32-32V304h144c17.67 0 32-14.33 32-32v-32c0-17.67-14.33-32-32-32z\"><\/path><\/svg><\/span>\n\t\t<\/span>\n\n\t\t\t\t\t\t<\/summary>\n\t\t\t\t<div role=\"region\" aria-labelledby=\"e-n-accordion-item-5770\" class=\"elementor-element elementor-element-c84d7cb e-con-full e-flex e-con e-child\" data-id=\"c84d7cb\" data-element_type=\"container\" data-settings=\"{&quot;jet_parallax_layout_list&quot;:[]}\">\n\t\t<div role=\"region\" aria-labelledby=\"e-n-accordion-item-5770\" class=\"elementor-element elementor-element-94678a3 e-flex e-con-boxed e-con e-child\" data-id=\"94678a3\" data-element_type=\"container\" data-settings=\"{&quot;jet_parallax_layout_list&quot;:[]}\">\n\t\t\t\t\t<div class=\"e-con-inner\">\n\t\t\t\t<div class=\"elementor-element elementor-element-99fc66b elementor-widget elementor-widget-text-editor\" data-id=\"99fc66b\" data-element_type=\"widget\" data-widget_type=\"text-editor.default\">\n\t\t\t\t<div class=\"elementor-widget-container\">\n\t\t\t\t\t\t\t\t\tImmer seltener sind Top-Positionen ab einem Jahresgehalt von 150.000 Euro auf dem allgemeinen Stellenmarkt zu finden. Die Gr\u00fcnde hierf\u00fcr sind verschieden. Suchen Sie eine neue Topposition, k\u00f6nnen Sie sich auf uns verlassen! Wir sind Ihr erfahrener und innovativer Partner f\u00fcr das Headhunting in M\u00fcnchen und erm\u00f6glichen Ihnen den Zugang zu Top-Positionen im verdeckten Stellenmarkt. Wir sorgen mit Engagement und einer einzigartigen Strategie daf\u00fcr, dass Sie inmitten Ihres Ver\u00e4nderungsprozesses in den Fokus von Entscheidungstr\u00e4gern rutschen.\n\n\t\t\t\t\t\t\t\t<\/div>\n\t\t\t\t<\/div>\n\t\t\t\t\t<\/div>\n\t\t\t\t<\/div>\n\t\t\t\t<\/div>\n\t\t\t\t\t<\/details>\n\t\t\t\t\t\t<details id=\"e-n-accordion-item-5771\" class=\"e-n-accordion-item\" >\n\t\t\t\t<summary class=\"e-n-accordion-item-title\" data-accordion-index=\"2\" tabindex=\"-1\" aria-expanded=\"false\" aria-controls=\"e-n-accordion-item-5771\" >\n\t\t\t\t\t<span class='e-n-accordion-item-title-header'><div class=\"e-n-accordion-item-title-text\"> Unser 20-Punkte-Prozess bringt Sie voran  <\/div><\/span>\n\t\t\t\t\t\t\t<span class='e-n-accordion-item-title-icon'>\n\t\t\t<span class='e-opened' ><svg aria-hidden=\"true\" class=\"e-font-icon-svg e-fas-minus\" viewBox=\"0 0 448 512\" xmlns=\"http:\/\/www.w3.org\/2000\/svg\"><path d=\"M416 208H32c-17.67 0-32 14.33-32 32v32c0 17.67 14.33 32 32 32h384c17.67 0 32-14.33 32-32v-32c0-17.67-14.33-32-32-32z\"><\/path><\/svg><\/span>\n\t\t\t<span class='e-closed'><svg aria-hidden=\"true\" class=\"e-font-icon-svg e-fas-plus\" viewBox=\"0 0 448 512\" xmlns=\"http:\/\/www.w3.org\/2000\/svg\"><path d=\"M416 208H272V64c0-17.67-14.33-32-32-32h-32c-17.67 0-32 14.33-32 32v144H32c-17.67 0-32 14.33-32 32v32c0 17.67 14.33 32 32 32h144v144c0 17.67 14.33 32 32 32h32c17.67 0 32-14.33 32-32V304h144c17.67 0 32-14.33 32-32v-32c0-17.67-14.33-32-32-32z\"><\/path><\/svg><\/span>\n\t\t<\/span>\n\n\t\t\t\t\t\t<\/summary>\n\t\t\t\t<div role=\"region\" aria-labelledby=\"e-n-accordion-item-5771\" class=\"elementor-element elementor-element-4b8acd0 e-con-full e-flex e-con e-child\" data-id=\"4b8acd0\" data-element_type=\"container\" data-settings=\"{&quot;jet_parallax_layout_list&quot;:[]}\">\n\t\t<div role=\"region\" aria-labelledby=\"e-n-accordion-item-5771\" class=\"elementor-element elementor-element-98d5f21 e-flex e-con-boxed e-con e-child\" data-id=\"98d5f21\" data-element_type=\"container\" data-settings=\"{&quot;jet_parallax_layout_list&quot;:[]}\">\n\t\t\t\t\t<div class=\"e-con-inner\">\n\t\t\t\t<div class=\"elementor-element elementor-element-2aaefd7 elementor-widget elementor-widget-text-editor\" data-id=\"2aaefd7\" data-element_type=\"widget\" data-widget_type=\"text-editor.default\">\n\t\t\t\t<div class=\"elementor-widget-container\">\n\t\t\t\t\t\t\t\t\tBeim Headhunting in M\u00fcnchen finden ganz unterschiedliche Strategien Anwendung. Vertrauen Sie hier auf uns! Wir setzen auf einen von uns entwickelten 5-Punkte-Prozess, mit dem es unser Ziel ist, Sie als einzigartig und unverzichtbar zu etablieren. Im Fokus stehen dabei Beir\u00e4te, Verwaltungs- und Aufsichtsr\u00e4te, aber auch Gesellschafter von Top-Unternehmen. Der Erfolg unseres Headhuntings in M\u00fcnchen spricht f\u00fcr sich: So k\u00f6nnen unsere Kunden durchschnittlich auf 10 bis 15 Einladungen verweisen und bekommen in der Regel die Chance, aus mehreren Vertragsangeboten Ihren Favoriten auszuw\u00e4hlen.\t\t\t\t\t\t\t\t<\/div>\n\t\t\t\t<\/div>\n\t\t\t\t\t<\/div>\n\t\t\t\t<\/div>\n\t\t\t\t<\/div>\n\t\t\t\t\t<\/details>\n\t\t\t\t\t\t<details id=\"e-n-accordion-item-5772\" class=\"e-n-accordion-item\" >\n\t\t\t\t<summary class=\"e-n-accordion-item-title\" data-accordion-index=\"3\" tabindex=\"-1\" aria-expanded=\"false\" aria-controls=\"e-n-accordion-item-5772\" >\n\t\t\t\t\t<span class='e-n-accordion-item-title-header'><div class=\"e-n-accordion-item-title-text\"> Wir setzen auf einen digitalen und multimedialen Prozess  <\/div><\/span>\n\t\t\t\t\t\t\t<span class='e-n-accordion-item-title-icon'>\n\t\t\t<span class='e-opened' ><svg aria-hidden=\"true\" class=\"e-font-icon-svg e-fas-minus\" viewBox=\"0 0 448 512\" xmlns=\"http:\/\/www.w3.org\/2000\/svg\"><path d=\"M416 208H32c-17.67 0-32 14.33-32 32v32c0 17.67 14.33 32 32 32h384c17.67 0 32-14.33 32-32v-32c0-17.67-14.33-32-32-32z\"><\/path><\/svg><\/span>\n\t\t\t<span class='e-closed'><svg aria-hidden=\"true\" class=\"e-font-icon-svg e-fas-plus\" viewBox=\"0 0 448 512\" xmlns=\"http:\/\/www.w3.org\/2000\/svg\"><path d=\"M416 208H272V64c0-17.67-14.33-32-32-32h-32c-17.67 0-32 14.33-32 32v144H32c-17.67 0-32 14.33-32 32v32c0 17.67 14.33 32 32 32h144v144c0 17.67 14.33 32 32 32h32c17.67 0 32-14.33 32-32V304h144c17.67 0 32-14.33 32-32v-32c0-17.67-14.33-32-32-32z\"><\/path><\/svg><\/span>\n\t\t<\/span>\n\n\t\t\t\t\t\t<\/summary>\n\t\t\t\t<div role=\"region\" aria-labelledby=\"e-n-accordion-item-5772\" class=\"elementor-element elementor-element-82a1720 e-con-full e-flex e-con e-child\" data-id=\"82a1720\" data-element_type=\"container\" data-settings=\"{&quot;jet_parallax_layout_list&quot;:[]}\">\n\t\t<div role=\"region\" aria-labelledby=\"e-n-accordion-item-5772\" class=\"elementor-element elementor-element-85b3fed e-flex e-con-boxed e-con e-child\" data-id=\"85b3fed\" data-element_type=\"container\" data-settings=\"{&quot;jet_parallax_layout_list&quot;:[]}\">\n\t\t\t\t\t<div class=\"e-con-inner\">\n\t\t\t\t<div class=\"elementor-element elementor-element-b1efa7e elementor-widget elementor-widget-text-editor\" data-id=\"b1efa7e\" data-element_type=\"widget\" data-widget_type=\"text-editor.default\">\n\t\t\t\t<div class=\"elementor-widget-container\">\n\t\t\t\t\t\t\t\t\tWir haben die beim Headhunting in M\u00fcnchen eingesetzten Bewerbungsverfahren l\u00e4ngst an die W\u00fcnsche und Anforderungen der Topunternehmen angepasst. Auf diesem Weg ist ein multimedialer und digitaler Prozess entstanden, der Sie an die Spitze der Unternehmen bringt. Wir helfen Ihnen dabei, Positionen auf dem verdeckten Stellenmarkt zu finden, mit denen Sie eine Stufe h\u00f6her klettern k\u00f6nnen. Dabei setzen wir auf ein Netzwerk, das aus mehr als 420 nationalen und internationalen Partnern besteht.\t\t\t\t\t\t\t\t<\/div>\n\t\t\t\t<\/div>\n\t\t\t\t\t<\/div>\n\t\t\t\t<\/div>\n\t\t\t\t<\/div>\n\t\t\t\t\t<\/details>\n\t\t\t\t\t<\/div>\n\t\t\t\t\t\t<\/div>\n\t\t\t\t<\/div>\n\t\t\t\t\t<\/div>\n\t\t\t\t<\/div>\n\t\t\t\t<\/div>\n\t\t","protected":false},"excerpt":{"rendered":"<p>Inverses Headhunting f\u00fcr F\u00fchrungskr\u00e4fte in M\u00fcnchen gps-jobsearch: Marktf\u00fchrender Spezialist f\u00fcr Inverses Headhunting! Sie wollen als F\u00fchrungskraft Ihre Karriere in einer Managementposition ohne Unterbrechung fortsetzen und sind auf der Suche nach einer ad\u00e4quaten beruflichen Position in M\u00fcnchen? Sie ziehen dazu auch eine Outplacement-Beratung in Betracht? Unser Service f\u00fcr inverses Headhunting bringt Sie sogar noch einen Schritt [&hellip;]<\/p>\n","protected":false},"author":5,"featured_media":0,"parent":0,"menu_order":14,"comment_status":"closed","ping_status":"closed","template":"","meta":{"footnotes":""},"seiten-kategorie":[],"class_list":["post-3825","page","type-page","status-publish","hentry"],"_links":{"self":[{"href":"https:\/\/www.gps-jobsearch.com\/de\/wp-json\/wp\/v2\/pages\/3825","targetHints":{"allow":["GET"]}}],"collection":[{"href":"https:\/\/www.gps-jobsearch.com\/de\/wp-json\/wp\/v2\/pages"}],"about":[{"href":"https:\/\/www.gps-jobsearch.com\/de\/wp-json\/wp\/v2\/types\/page"}],"author":[{"embeddable":true,"href":"https:\/\/www.gps-jobsearch.com\/de\/wp-json\/wp\/v2\/users\/5"}],"replies":[{"embeddable":true,"href":"https:\/\/www.gps-jobsearch.com\/de\/wp-json\/wp\/v2\/comments?post=3825"}],"version-history":[{"count":67,"href":"https:\/\/www.gps-jobsearch.com\/de\/wp-json\/wp\/v2\/pages\/3825\/revisions"}],"predecessor-version":[{"id":7941,"href":"https:\/\/www.gps-jobsearch.com\/de\/wp-json\/wp\/v2\/pages\/3825\/revisions\/7941"}],"wp:attachment":[{"href":"https:\/\/www.gps-jobsearch.com\/de\/wp-json\/wp\/v2\/media?parent=3825"}],"wp:term":[{"taxonomy":"seiten-kategorie","embeddable":true,"href":"https:\/\/www.gps-jobsearch.com\/de\/wp-json\/wp\/v2\/seiten-kategorie?post=3825"}],"curies":[{"name":"wp","href":"https:\/\/api.w.org\/{rel}","templated":true}]}}