{"id":3815,"date":"2025-02-23T20:56:49","date_gmt":"2025-02-23T20:56:49","guid":{"rendered":"https:\/\/www.gps-jobsearch.com\/?page_id=3815"},"modified":"2025-12-02T11:32:55","modified_gmt":"2025-12-02T11:32:55","slug":"inverses-headhunting-in-hamburg","status":"publish","type":"page","link":"https:\/\/www.gps-jobsearch.com\/de\/inverses-headhunting-in-hamburg\/","title":{"rendered":"Inverses Headhunting in Hamburg"},"content":{"rendered":"\t\t<div data-elementor-type=\"wp-page\" data-elementor-id=\"3815\" class=\"elementor elementor-3815\" data-elementor-post-type=\"page\">\n\t\t\t\t<div class=\"elementor-element elementor-element-a4c0c46 e-flex e-con-boxed e-con e-parent\" data-id=\"a4c0c46\" data-element_type=\"container\" data-settings=\"{&quot;jet_parallax_layout_list&quot;:[]}\">\n\t\t\t\t\t<div class=\"e-con-inner\">\n\t\t\t\t<div class=\"elementor-element elementor-element-6d4c560 elementor-widget elementor-widget-heading\" data-id=\"6d4c560\" data-element_type=\"widget\" data-widget_type=\"heading.default\">\n\t\t\t\t<div class=\"elementor-widget-container\">\n\t\t\t\t\t<h1 class=\"elementor-heading-title elementor-size-default\">Inverses Headhunting in Hamburg<\/h1>\t\t\t\t<\/div>\n\t\t\t\t<\/div>\n\t\t\t\t<div class=\"elementor-element elementor-element-d81d4a0 elementor-widget elementor-widget-heading\" data-id=\"d81d4a0\" data-element_type=\"widget\" data-widget_type=\"heading.default\">\n\t\t\t\t<div class=\"elementor-widget-container\">\n\t\t\t\t\t<h5 class=\"elementor-heading-title elementor-size-default\">gps-jobsearch: Ihr Partner f\u00fcr eine erfolgreiche Karriere<\/h5>\t\t\t\t<\/div>\n\t\t\t\t<\/div>\n\t\t\t\t\t<\/div>\n\t\t\t\t<\/div>\n\t\t<div class=\"elementor-element elementor-element-87c06dd e-flex e-con-boxed e-con e-parent\" data-id=\"87c06dd\" data-element_type=\"container\" data-settings=\"{&quot;jet_parallax_layout_list&quot;:[]}\">\n\t\t\t\t\t<div class=\"e-con-inner\">\n\t\t<div class=\"elementor-element elementor-element-d32efdc e-con-full e-flex e-con e-child\" data-id=\"d32efdc\" data-element_type=\"container\" data-settings=\"{&quot;jet_parallax_layout_list&quot;:[]}\">\n\t\t\t\t<div class=\"elementor-element elementor-element-d1cd8a1 elementor-widget elementor-widget-text-editor\" data-id=\"d1cd8a1\" data-element_type=\"widget\" data-widget_type=\"text-editor.default\">\n\t\t\t\t<div class=\"elementor-widget-container\">\n\t\t\t\t\t\t\t\t\t<p>Sie sind Top-Manager und auf der Suche nach einer neuen beruflichen Herausforderung in Hamburg oder anderswo? Sie m\u00f6chten Ihre Karriere nahtlos fortsetzen und ziehen Outplacement-Consulting in Betracht?\u00a0 Mit\u00a0<a href=\"https:\/\/www.gps-jobsearch.com\/de\/inverses-headhunting\/\" target=\"_blank\" rel=\"noopener\">inversem Headhunting<\/a>\u00a0gehen Sie sogar noch einen Schritt weiter. Die Services von <a href=\"\/de\/ueber-uns\/das-gps-team\">gps-jobsearch <\/a>beginnen dort, wo klassische\u00a0Outplacement-Beratung\u00a0aufh\u00f6rt: beim tats\u00e4chlichen Suchen und Finden von Top-Managementpositionen im <a href=\"https:\/\/www.gps-jobsearch.com\/de\/verdeckter-stellenmarkt\/\">verdeckten Stellenmarkt<\/a>.<\/p><h2>Inverses Headhunting f\u00fcr Manager: Von\u00a0Hamburg aus hinaus in die Welt<\/h2><p>Als erste Adresse f\u00fcr\u00a0inverses Headhunting\u00a0in\u00a0Hamburg verhelfen wir F\u00fchrungskr\u00e4ften und Managern zur neuen Top-Position. gps-jobsearch verf\u00fcgt \u00fcber ein\u00a0<a href=\"https:\/\/www.gps-jobsearch.com\/de\/erfahrung-inverses-headhunting\" target=\"_blank\" rel=\"noopener\">weitreichendes Netzwerk<\/a>, sowohl national als auch international, das Ihnen durch inverses Headhunting einen weiteren Schritt auf der Karriereleiter erm\u00f6glicht \u2013 auch in Hamburg. Unsere Methode dabei: Der <a href=\"https:\/\/www.gps-jobsearch.com\/de\/gps-prozess-stufenplan\/\" target=\"_blank\" rel=\"noopener\">20-stufige gps-Prozess<\/a>, der vom Erstgespr\u00e4ch \u00fcber Trainingsphasen bis hin zur Marktplatzierung f\u00fchrt.<\/p><h2>Zeit sparen mit inversem Headhunting f\u00fcr F\u00fchrungskr\u00e4fte in\u00a0Hamburg<\/h2><p>Mit den Methoden des inversen Headhuntings findet gps-jobsearch die optimale Managementposition f\u00fcr Sie und l\u00e4dt Sie in Hamburg zu einem unverbindlichen Erstgespr\u00e4ch. Mit inversem Headhunting in Hamburg sparen Sie zudem wertvolle Zeit: Anstatt m\u00fchsam \u00fcber andere Kan\u00e4le zu suchen, \u00fcbernehmen wir die Vorselektion und bringen Sie so auf direktem Wege zu Ihrer neuen Managementposition.<\/p><h2>Hamburg &#8211; Top-Standort f\u00fcr Top-Jobs<\/h2><p>Hamburg ist eines der gr\u00f6\u00dften Handels- und Dienstleistungszentren in Deutschland. Der Hamburger Hafen z\u00e4hlt zu den wichtigsten Seeh\u00e4fen Europas. Zahlreiche international operierende Konzerne haben in Hamburg ihren Sitz. Hier eine kleine Auswahl der bekanntesten Unternehmen:<\/p><ul><li>Airbus\u00a0Operations GmbH<\/li><li>Deutsche Lufthansa AG<\/li><li>Deutsche Bahn AG<\/li><li>Otto Group<\/li><li>Deutsche Post AG<\/li><\/ul><p>Durch die hohe Unternehmensdichte bietet die Metropole eine gro\u00dfe Anzahl an Spitzenjobs. Mit inversem Headhunting von gps-jobsearch haben Sie beste Chancen, Ihren n\u00e4chsten Top-Arbeitsplatz in Hamburg zu erlangen.<\/p><p>Die Erfolge sprechen dabei f\u00fcr sich: In der Regel f\u00fchren unsere Kunden nach <strong>4 bis 6 Wochen rund 10 bis 15 Gespr\u00e4che, aus denen 2 bis 3 oder <\/strong>sogar mehr Vertragsangebote resultieren \u2013 diese k\u00f6nnen gezielt in Hamburg f\u00fcr Sie gesucht werden, oder bei \u00f6rtlicher Flexibilit\u00e4t auch an anderen Standorten.<\/p><p style=\"margin-left: 0cm; margin-right: 0cm; text-align: center;\"><span class=\"elementor-button-content-wrapper\" style=\"padding: 10px;\"><span class=\"elementor-button-text\"><a class=\"elementor-button elementor-button-link elementor-size-sm\" style=\"padding: 10px;\" href=\"\/de\/kontakt\">Jetzt Kontakt aufnehmen<\/a><\/span><\/span><\/p>\t\t\t\t\t\t\t\t<\/div>\n\t\t\t\t<\/div>\n\t\t\t\t<\/div>\n\t\t<div class=\"elementor-element elementor-element-0da328b e-con-full e-flex e-con e-child\" data-id=\"0da328b\" data-element_type=\"container\" data-settings=\"{&quot;jet_parallax_layout_list&quot;:[]}\">\n\t\t\t\t<div class=\"elementor-element elementor-element-323f1cc elementor-widget elementor-widget-image\" data-id=\"323f1cc\" data-element_type=\"widget\" data-widget_type=\"image.default\">\n\t\t\t\t<div class=\"elementor-widget-container\">\n\t\t\t\t\t\t\t\t\t\t\t\t\t\t\t<img fetchpriority=\"high\" decoding=\"async\" width=\"800\" height=\"527\" src=\"https:\/\/www.gps-jobsearch.com\/wp-content\/uploads\/2025\/03\/nick-scheerbart-15636-1-1024x675.jpg\" class=\"attachment-large size-large wp-image-3990\" alt=\"\" srcset=\"https:\/\/www.gps-jobsearch.com\/wp-content\/uploads\/2025\/03\/nick-scheerbart-15636-1-1024x675.jpg 1024w, https:\/\/www.gps-jobsearch.com\/wp-content\/uploads\/2025\/03\/nick-scheerbart-15636-1-300x198.jpg 300w, https:\/\/www.gps-jobsearch.com\/wp-content\/uploads\/2025\/03\/nick-scheerbart-15636-1-768x506.jpg 768w, https:\/\/www.gps-jobsearch.com\/wp-content\/uploads\/2025\/03\/nick-scheerbart-15636-1.jpg 1392w\" sizes=\"(max-width: 800px) 100vw, 800px\">\t\t\t\t\t\t\t\t\t\t\t\t\t\t\t<\/div>\n\t\t\t\t<\/div>\n\t\t\t\t<div class=\"elementor-element elementor-element-77d3cd9 elementor-widget elementor-widget-text-editor\" data-id=\"77d3cd9\" data-element_type=\"widget\" data-widget_type=\"text-editor.default\">\n\t\t\t\t<div class=\"elementor-widget-container\">\n\t\t\t\t\t\t\t\t\t<div><h2>Erstgespr\u00e4ch f\u00fcr inverses Headhunting in Hamburg<\/h2><p>Wir wissen, dass die Terminkalender der durch uns betreuten Manager und F\u00fchrungskr\u00e4fte oft fest verplant sind. Daher kl\u00e4ren wir vor Vereinbarung eines Erstgespr\u00e4chs telefonisch mit Ihnen ab, ob die Leistungen von gps-jobsearch \u00fcberhaupt zu Ihrem beruflichen Profil passen. Anschlie\u00dfend vereinbaren wir ein unverbindliches Erstgespr\u00e4ch, das je nach Ihrem geografischen Aufenthaltsort wahlweise Online oder pers\u00f6nlich stattfinden kann. Die auf unser Erstgespr\u00e4ch folgenden Meetings organisieren wir je nach Zusammenarbeit auch gerne in Hamburg, sofern von Ihnen gew\u00fcnscht.<\/p><p><a href=\"\/de\/kontakt\">Jetzt Kontakt aufnehmen<\/a><\/p><h2>Weitere Schritte beim inversen\u00a0Headhunting in Hamburg<\/h2><p>Haben wir uns auf eine Zusammenarbeit geeinigt, starten wir in den eigentlichen Prozess unserer Dienstleistung. Unsere Meetings k\u00f6nnen dabei an einem Ort Ihrer Wahl stattfinden,\u00a0wir empfehlen\u00a0Ihnen f\u00fcr die Beratungsgespr\u00e4che aber auch gerne einen Treffpunkt in Ihrer N\u00e4he.\u00a0In Hamburg schlagen wir etwa den folgenden vor:<\/p><p><strong>Hotel Sofitel Hamburg Alter Wall<\/strong><br \/><strong>Alter Wall 40<\/strong><br \/><strong>20457 Hamburg<\/strong><\/p><h2>Inverses Headhunting nicht nur in Hamburg<\/h2><p>Sie sind noch nicht in Hamburg, aber auf der Suche nach einem Top-Job in Hamburg? Wir bieten unsere Leistung im gesamten deutschsprachigen Raum (Deutschland, \u00d6sterreich und der Schweiz) an. Wir kommen zu Ihnen und besprechen direkt, wie Sie mit inversem Headhunting Ihren gew\u00fcnschten Managementjob in Hamburg erlangen k\u00f6nnen.<\/p><p>Werfen Sie auch einen Blick auf die <strong data-start=\"562\" data-end=\"675\"><a class=\"decorated-link\" href=\"https:\/\/www.gps-jobsearch.com\/de\/erfahrungen-inverses-headhunting\/\" target=\"_new\" rel=\"noopener\" data-start=\"564\" data-end=\"673\">Erfahrungen &amp; Referenzen unserer Kunden<\/a><\/strong> und sehen Sie, wie erfolgreich wir F\u00fchrungskr\u00e4fte im gesamten deutschsprachigen Raum vermitteln.<\/p><p><strong>Hier eine kleine Auswahl an Standorten, die gps-jobsearch abdeckt:<\/strong><\/p><p><a style=\"text-align: var(--text-align); font-family: var( --e-global-typography-00851de-font-family ), Sans-serif; font-weight: var( --e-global-typography-00851de-font-weight ); letter-spacing: var( --e-global-typography-00851de-letter-spacing ); word-spacing: var( --e-global-typography-00851de-word-spacing );\" href=\"https:\/\/www.gps-jobsearch.com\/de\/inverses-headhunting-wien\/\" target=\"_blank\" rel=\"noopener\">Inverses Headhunting in Wien<\/a><\/p><p><a style=\"text-align: var(--text-align); font-family: var( --e-global-typography-00851de-font-family ), Sans-serif; font-weight: var( --e-global-typography-00851de-font-weight ); letter-spacing: var( --e-global-typography-00851de-letter-spacing ); word-spacing: var( --e-global-typography-00851de-word-spacing );\" href=\"https:\/\/www.gps-jobsearch.com\/de\/inverses-headhunting-schweiz\/\" target=\"_blank\" rel=\"noopener\">Inverses Headhunting in\u00a0der Schweiz<\/a><\/p><p><a style=\"text-align: var(--text-align); font-family: var( --e-global-typography-00851de-font-family ), Sans-serif; font-weight: var( --e-global-typography-00851de-font-weight ); letter-spacing: var( --e-global-typography-00851de-letter-spacing ); word-spacing: var( --e-global-typography-00851de-word-spacing );\" href=\"https:\/\/www.gps-jobsearch.com\/de\/inverses-headhunting-stuttgart\/\" target=\"_blank\" rel=\"noopener\">Inverses Headhunting in\u00a0Stuttgart<\/a><\/p><p><a style=\"text-align: var(--text-align); font-family: var( --e-global-typography-00851de-font-family ), Sans-serif; font-weight: var( --e-global-typography-00851de-font-weight ); letter-spacing: var( --e-global-typography-00851de-letter-spacing ); word-spacing: var( --e-global-typography-00851de-word-spacing );\" href=\"https:\/\/www.gps-jobsearch.com\/de\/inverses-headhunting-salzburg\/\" target=\"_blank\" rel=\"noopener\">Inverses Headhunting in\u00a0Salzburg<\/a><\/p><p><a style=\"text-align: var(--text-align); font-family: var( --e-global-typography-00851de-font-family ), Sans-serif; font-weight: var( --e-global-typography-00851de-font-weight ); letter-spacing: var( --e-global-typography-00851de-letter-spacing ); word-spacing: var( --e-global-typography-00851de-word-spacing );\" href=\"https:\/\/www.gps-jobsearch.com\/de\/inverses-headhunting-munchen\/\" target=\"_blank\" rel=\"noopener\">Inverses Headhunting in\u00a0M\u00fcnchen<\/a><\/p><\/div>\t\t\t\t\t\t\t\t<\/div>\n\t\t\t\t<\/div>\n\t\t\t\t<\/div>\n\t\t\t\t\t<\/div>\n\t\t\t\t<\/div>\n\t\t<div class=\"elementor-element elementor-element-02813a0 e-flex e-con-boxed e-con e-parent\" data-id=\"02813a0\" data-element_type=\"container\" data-settings=\"{&quot;jet_parallax_layout_list&quot;:[]}\">\n\t\t\t\t\t<div class=\"e-con-inner\">\n\t\t\t\t<div class=\"elementor-element elementor-element-28ffdcf elementor-widget elementor-widget-video\" data-id=\"28ffdcf\" data-element_type=\"widget\" data-settings=\"{&quot;youtube_url&quot;:&quot;https:\\\/\\\/www.youtube.com\\\/embed\\\/5W8JJ0OwTdo?autoplay=0&amp;hl=de&amp;controls=0&amp;disablekb=1&amp;playsinline=1&amp;cc_load_policy=0&amp;cc_lang_pref=auto&amp;widget_referrer=https%3A%2F%2Falt.gps-jobsearch.com%2Fde%2Foutplacement-beratung&amp;rel=0&amp;showinfo=0&amp;iv_load_policy=3&amp;modestbranding=1&amp;customControls=true&amp;noCookie=false&amp;enablejsapi=1&amp;origin=https%3A%2F%2Falt.gps-jobsearch.com&amp;widgetid=1&quot;,&quot;video_type&quot;:&quot;youtube&quot;,&quot;controls&quot;:&quot;yes&quot;}\" data-widget_type=\"video.default\">\n\t\t\t\t<div class=\"elementor-widget-container\">\n\t\t\t\t\t\t\t<div class=\"elementor-wrapper elementor-open-inline\">\n\t\t\t<div class=\"elementor-video\"><\/div>\t\t<\/div>\n\t\t\t\t\t\t<\/div>\n\t\t\t\t<\/div>\n\t\t\t\t\t<\/div>\n\t\t\t\t<\/div>\n\t\t\t\t<\/div>\n\t\t","protected":false},"excerpt":{"rendered":"<p>Inverses Headhunting in Hamburg gps-jobsearch: Ihr Partner f\u00fcr eine erfolgreiche Karriere Sie sind Top-Manager und auf der Suche nach einer neuen beruflichen Herausforderung in Hamburg oder anderswo? Sie m\u00f6chten Ihre Karriere nahtlos fortsetzen und ziehen Outplacement-Consulting in Betracht?\u00a0 Mit\u00a0inversem Headhunting\u00a0gehen Sie sogar noch einen Schritt weiter. Die Services von gps-jobsearch beginnen dort, wo klassische\u00a0Outplacement-Beratung\u00a0aufh\u00f6rt: beim [&hellip;]<\/p>\n","protected":false},"author":5,"featured_media":0,"parent":0,"menu_order":12,"comment_status":"closed","ping_status":"closed","template":"","meta":{"footnotes":""},"seiten-kategorie":[],"class_list":["post-3815","page","type-page","status-publish","hentry"],"_links":{"self":[{"href":"https:\/\/www.gps-jobsearch.com\/de\/wp-json\/wp\/v2\/pages\/3815","targetHints":{"allow":["GET"]}}],"collection":[{"href":"https:\/\/www.gps-jobsearch.com\/de\/wp-json\/wp\/v2\/pages"}],"about":[{"href":"https:\/\/www.gps-jobsearch.com\/de\/wp-json\/wp\/v2\/types\/page"}],"author":[{"embeddable":true,"href":"https:\/\/www.gps-jobsearch.com\/de\/wp-json\/wp\/v2\/users\/5"}],"replies":[{"embeddable":true,"href":"https:\/\/www.gps-jobsearch.com\/de\/wp-json\/wp\/v2\/comments?post=3815"}],"version-history":[{"count":55,"href":"https:\/\/www.gps-jobsearch.com\/de\/wp-json\/wp\/v2\/pages\/3815\/revisions"}],"predecessor-version":[{"id":7950,"href":"https:\/\/www.gps-jobsearch.com\/de\/wp-json\/wp\/v2\/pages\/3815\/revisions\/7950"}],"wp:attachment":[{"href":"https:\/\/www.gps-jobsearch.com\/de\/wp-json\/wp\/v2\/media?parent=3815"}],"wp:term":[{"taxonomy":"seiten-kategorie","embeddable":true,"href":"https:\/\/www.gps-jobsearch.com\/de\/wp-json\/wp\/v2\/seiten-kategorie?post=3815"}],"curies":[{"name":"wp","href":"https:\/\/api.w.org\/{rel}","templated":true}]}}