{"id":3810,"date":"2025-02-23T20:54:36","date_gmt":"2025-02-23T20:54:36","guid":{"rendered":"https:\/\/www.gps-jobsearch.com\/?page_id=3810"},"modified":"2025-12-02T11:05:05","modified_gmt":"2025-12-02T11:05:05","slug":"inverses-headhunting-schweiz","status":"publish","type":"page","link":"https:\/\/www.gps-jobsearch.com\/de\/inverses-headhunting-schweiz\/","title":{"rendered":"Inverses Headhunting f\u00fcr F\u00fchrungskr\u00e4fte in der Schweiz"},"content":{"rendered":"\t\t<div data-elementor-type=\"wp-page\" data-elementor-id=\"3810\" class=\"elementor elementor-3810\" data-elementor-post-type=\"page\">\n\t\t\t\t<div class=\"elementor-element elementor-element-a4c0c46 e-flex e-con-boxed e-con e-parent\" data-id=\"a4c0c46\" data-element_type=\"container\" data-settings=\"{&quot;jet_parallax_layout_list&quot;:[]}\">\n\t\t\t\t\t<div class=\"e-con-inner\">\n\t\t\t\t<div class=\"elementor-element elementor-element-6d4c560 elementor-widget elementor-widget-heading\" data-id=\"6d4c560\" data-element_type=\"widget\" data-widget_type=\"heading.default\">\n\t\t\t\t<div class=\"elementor-widget-container\">\n\t\t\t\t\t<h1 class=\"elementor-heading-title elementor-size-default\">Inverses Headhunting f\u00fcr F\u00fchrungskr\u00e4fte in der Schweiz<\/h1>\t\t\t\t<\/div>\n\t\t\t\t<\/div>\n\t\t\t\t<div class=\"elementor-element elementor-element-d81d4a0 elementor-widget elementor-widget-heading\" data-id=\"d81d4a0\" data-element_type=\"widget\" data-widget_type=\"heading.default\">\n\t\t\t\t<div class=\"elementor-widget-container\">\n\t\t\t\t\t<h5 class=\"elementor-heading-title elementor-size-default\">Entdecken Sie eine neue Top-F\u00fchrungsposition in der Schweiz<\/h5>\t\t\t\t<\/div>\n\t\t\t\t<\/div>\n\t\t\t\t\t<\/div>\n\t\t\t\t<\/div>\n\t\t<div class=\"elementor-element elementor-element-87c06dd e-flex e-con-boxed e-con e-parent\" data-id=\"87c06dd\" data-element_type=\"container\" data-settings=\"{&quot;jet_parallax_layout_list&quot;:[]}\">\n\t\t\t\t\t<div class=\"e-con-inner\">\n\t\t<div class=\"elementor-element elementor-element-d32efdc e-con-full e-flex e-con e-child\" data-id=\"d32efdc\" data-element_type=\"container\" data-settings=\"{&quot;jet_parallax_layout_list&quot;:[]}\">\n\t\t\t\t<div class=\"elementor-element elementor-element-d1cd8a1 elementor-widget elementor-widget-text-editor\" data-id=\"d1cd8a1\" data-element_type=\"widget\" data-widget_type=\"text-editor.default\">\n\t\t\t\t<div class=\"elementor-widget-container\">\n\t\t\t\t\t\t\t\t\t<p>Sie wollen als F\u00fchrungskraft Ihre Karriere in einer Managementposition ohne Unterbrechung fortsetzen und sind auf der<a href=\"https:\/\/www.gps-jobsearch.com\/de\/jobsuche-fuehrungskraefte\/\" target=\"_blank\" rel=\"noopener\"> Suche nach einer Top-Managementposition<\/a> in der Schweiz? Sie ziehen dazu auch eine Outplacement-Beratung\u00a0in Betracht?<\/p><p>Unser Service f\u00fcr <a href=\"https:\/\/www.gps-jobsearch.com\/de\/inverses-headhunting\/\" target=\"_blank\" rel=\"noopener\">inverses Headhunting<\/a>\u00a0bringt Sie sogar noch einen Schritt weiter. Team und Netzwerk von gps-jobsearch beginnen dort zu arbeiten, wo klassische Outplacement-Beratung aufh\u00f6rt: beim tats\u00e4chlichen Suchen, Finden und Besetzen von Top-Managementpositionen in der Schweiz.<\/p><p>Nutzen Sie deshalb strukturiert die Chancen, die Ihnen der <a href=\"https:\/\/www.gps-jobsearch.com\/de\/verdeckter-stellenmarkt\/\" target=\"_blank\" rel=\"noopener\"><strong>verdeckte Stellenmarkt <\/strong><\/a>bietet!<\/p><ul><li>In diesem Bereich ist ein <strong>weitreichendes Netzwerk<\/strong>, national und international, essentiell, um an die <strong>richtigen Kontaktpersonen<\/strong> zu geraten.<\/li><\/ul><p>Wir von gps-jobsearch helfen Ihnen dabei: <strong>Wir finden die optimale Position auf F\u00fchrungsebene im verdeckten Stellenmarkt f\u00fcr Sie.<\/strong><\/p><h2>Ihre neue Top- Managementposition mit unserer Hilfe<\/h2><p>Nutzen Sie unsere kompetente Unterst\u00fctzung. Mit Methoden des inversen Headhuntings und unserem <a href=\"https:\/\/www.gps-jobsearch.com\/de\/gps-prozess-stufenplan\/\" target=\"_blank\" rel=\"noopener\">20-stufigen gps-Prozess<\/a> ebnen wir den Weg zu Ihrer neuen Managementposition. Der Erfolg unserer Kunden spricht f\u00fcr uns:<\/p><ul><li>4 bis 6 Wochen nach Beginn der Zusammenarbeit: 10 bis 15 Gespr\u00e4che<\/li><li>2 bis 3 Vertragsangebote<\/li><\/ul><p>In der Regel f\u00fchren unsere Kunden nach 4 bis 6 Wochen rund 10 bis 15 Gespr\u00e4che, aus denen 2 bis 3 oder sogar mehr Vertragsangebote resultieren \u2013 diese k\u00f6nnen gezielt in der Schweiz f\u00fcr Sie gesucht werden, oder bei \u00f6rtlicher Flexibilit\u00e4t auch in anderen Nationen.<\/p><h2>Unser Netzwerk f\u00fcr inverses Headhunting \u2013 In der Schweiz, der gesamten DACH- Region und auch international!<\/h2><p>Um optimale Positionen im verdeckten Stellenmarkt zu finden, bedarf es zahlreicher Kontakte und Erfahrung im Umgang mit Entscheidungstr\u00e4gern.\u00a0Wir von gps-jobsearch verf\u00fcgen \u00fcber diese Kompetenzen: Wir greifen nicht nur auf ein weitreichendes Netzwerk aus nationalen und internationalen Kontakten zur\u00fcck, das Ihnen als T\u00fcr\u00f6ffner f\u00fcr Ihre neue Managementposition dient.<\/p><p>Unser Netzwerk begrenzt sich nicht auf einzelne Regionen. Wir haben viele Jahre kontinuierliche Arbeit in unser \u00fcberregionales Netzwerk investiert. Und es w\u00e4chst stetig weiter.<\/p><p><strong>Unsere Netzwerkknotenpunkte f\u00fcr inverses Headhunting mit gps-jobsearch:<\/strong><\/p><ul><li><strong>Inverses Headhunting in Deutschland:<\/strong> Berlin, D\u00fcsseldorf, Frankfurt, Hamburg, K\u00f6ln, M\u00fcnchen, Stuttgart<\/li><li><strong>Inverses Headhunting in \u00d6sterreich:<\/strong> Salzburg, Wien, Innsbruck, Graz Inverses Headhunting in Deutschland<\/li><\/ul><p>Wir betreuen F\u00fchrungskr\u00e4fte aus der ganzen Welt. Einen detaillierten \u00dcberblick \u00fcber unsere <a href=\"https:\/\/www.gps-jobsearch.com\/de\/regionale-und-branchenherkunft-unserer-kunden\/\" target=\"_blank\" rel=\"noopener\">Kundenstruktur bekommen sie hier<\/a>.<\/p><p>\u00dcberzeugen Sie sich selbst von den <strong data-start=\"741\" data-end=\"806\"><a href=\"https:\/\/www.gps-jobsearch.com\/de\/erfahrungen-inverses-headhunting\/\">Erfahrungen<\/a> mit gps-jobsearch im Bereich inverses Headhunting<\/strong>, anhand echter Kundenstimmen.<\/p>\t\t\t\t\t\t\t\t<\/div>\n\t\t\t\t<\/div>\n\t\t\t\t<div class=\"elementor-element elementor-element-e40edb1 elementor-widget elementor-widget-text-editor\" data-id=\"e40edb1\" data-element_type=\"widget\" data-widget_type=\"text-editor.default\">\n\t\t\t\t<div class=\"elementor-widget-container\">\n\t\t\t\t\t\t\t\t\t<p><a class=\"elementor-button elementor-button-link elementor-size-sm\" style=\"padding: 10px;\" href=\"\/de\/kontakt\"><span class=\"elementor-button-content-wrapper\"><span class=\"elementor-button-text\">Jetzt Kontakt aufnehmen<\/span><br \/><\/span><\/a><\/p>\t\t\t\t\t\t\t\t<\/div>\n\t\t\t\t<\/div>\n\t\t\t\t<\/div>\n\t\t<div class=\"elementor-element elementor-element-0da328b e-con-full e-flex e-con e-child\" data-id=\"0da328b\" data-element_type=\"container\" data-settings=\"{&quot;jet_parallax_layout_list&quot;:[]}\">\n\t\t\t\t<div class=\"elementor-element elementor-element-1fac51f elementor-widget elementor-widget-image\" data-id=\"1fac51f\" data-element_type=\"widget\" data-widget_type=\"image.default\">\n\t\t\t\t<div class=\"elementor-widget-container\">\n\t\t\t\t\t\t\t\t\t\t\t\t\t\t\t<img fetchpriority=\"high\" decoding=\"async\" width=\"800\" height=\"533\" src=\"https:\/\/www.gps-jobsearch.com\/wp-content\/uploads\/2025\/03\/zurich-1443575_1280-1024x682.jpg\" class=\"attachment-large size-large wp-image-3996\" alt=\"\" srcset=\"https:\/\/www.gps-jobsearch.com\/wp-content\/uploads\/2025\/03\/zurich-1443575_1280-1024x682.jpg 1024w, https:\/\/www.gps-jobsearch.com\/wp-content\/uploads\/2025\/03\/zurich-1443575_1280-300x200.jpg 300w, https:\/\/www.gps-jobsearch.com\/wp-content\/uploads\/2025\/03\/zurich-1443575_1280-768x512.jpg 768w, https:\/\/www.gps-jobsearch.com\/wp-content\/uploads\/2025\/03\/zurich-1443575_1280.jpg 1280w\" sizes=\"(max-width: 800px) 100vw, 800px\">\t\t\t\t\t\t\t\t\t\t\t\t\t\t\t<\/div>\n\t\t\t\t<\/div>\n\t\t\t\t<div class=\"elementor-element elementor-element-77d3cd9 elementor-widget elementor-widget-text-editor\" data-id=\"77d3cd9\" data-element_type=\"widget\" data-widget_type=\"text-editor.default\">\n\t\t\t\t<div class=\"elementor-widget-container\">\n\t\t\t\t\t\t\t\t\t<div><h2>Mit inversem Headhunting in der Schweiz zum Erfolg<\/h2><p>Der gps-Prozess f\u00fcr <a href=\"https:\/\/www.gps-jobsearch.com\/de\/inverses-headhunting\/\">inverses Headhunting<\/a> in der Schweiz startet mit Ihrem Anruf. In einem unverbindlichen Vorgespr\u00e4ch k\u00f6nnen wir abkl\u00e4ren, ob unsere Dienstleistungen zu Ihren beruflichen Pl\u00e4nen passen.<\/p><p>Im Anschluss daran vereinbaren wir ein unverbindliches Erstgespr\u00e4ch mit Ihnen, das etwa per \u00a0Zoom oder Skype stattfinden kann. Mit unserem Strategie- und Positionierungsmeeting beginnt schlie\u00dflich die konkrete Zusammenarbeit. Kunden aus der Schweiz m\u00fcssen daf\u00fcr keine lange Anreise einplanen \u2013 gps-jobsearch f\u00fchrt unverbindliche Erstgespr\u00e4che auch gerne an einem geografisch g\u00fcnstigen Ort nach Vereinbarung!<\/p><h2>Inverses Headhunting an unterschiedlichen Standorten<\/h2><p>Sie sind noch nicht in der Schweiz, aber auf der Suche nach einem Top-Job? Wir bieten unsere Leistung im gesamten deutschsprachigen Raum an und sind <a href=\"https:\/\/www.gps-jobsearch.com\/de\/inverses-headhunting\/\">marktf\u00fchrender Anbieter f\u00fcr inverses Headhunting<\/a> in der DACH-Region.<\/p><p>Hier eine kleine Auswahl an Standorten, die gps-jobsearch abdeckt:<\/p><p><a href=\"https:\/\/www.gps-jobsearch.com\/de\/inverses-headhunting-wien\/\" target=\"_blank\" rel=\"noopener\">Inverses Headhunting in Wien<\/a><\/p><p><a href=\"https:\/\/www.gps-jobsearch.com\/de\/inverses-headhunting-salzburg\/\" target=\"_blank\" rel=\"noopener\">Inverses Headhunting in Salzburg<\/a><\/p><p><a href=\"https:\/\/www.gps-jobsearch.com\/de\/inverses-headhunting-in-hamburg\/\" target=\"_blank\" rel=\"noopener\">Inverses Headhunting in\u00a0Hamburg<\/a><\/p><p><a href=\"https:\/\/www.gps-jobsearch.com\/de\/inverses-headhunting-stuttgart\/\" target=\"_blank\" rel=\"noopener\">Inverses Headhunting in\u00a0Stuttgart<\/a><\/p><p><a href=\"https:\/\/www.gps-jobsearch.com\/de\/inverses-headhunting-munchen\/\" target=\"_blank\" rel=\"noopener\">Inverses Headhunting in\u00a0M\u00fcnchen<\/a><\/p><h2>Das <i>gps-jobsearch<\/i> head office<\/h2><p>gps-jobsearch wurde 2008 als Personen-Gesellschaft in Seewalchen, \u00d6sterreich gegr\u00fcndet. Auf Grund des rasanten Wachstums, der damit verbundenen Mitarbeiterzahl und Standorte, bereits nach kurzer Zeit umfirmiert in eine GmbH (heute Teil der international t\u00e4tigen gps-Firmengruppe).<br \/>Hauptstandort und B\u00fcro ist in Salzburg mit weiteren Niederlassungen in der Deutschland, \u00d6sterreich und der Schweiz. Der finanztechnische Sitz befindet sich nach wie vor am Standort der Gr\u00fcndung in Seewalchen.<\/p><\/div>\t\t\t\t\t\t\t\t<\/div>\n\t\t\t\t<\/div>\n\t\t\t\t<\/div>\n\t\t\t\t\t<\/div>\n\t\t\t\t<\/div>\n\t\t<div class=\"elementor-element elementor-element-fd33bb0 e-flex e-con-boxed e-con e-parent\" data-id=\"fd33bb0\" data-element_type=\"container\" data-settings=\"{&quot;jet_parallax_layout_list&quot;:[]}\">\n\t\t\t\t\t<div class=\"e-con-inner\">\n\t\t\t\t<div class=\"elementor-element elementor-element-53603aa elementor-widget elementor-widget-video\" data-id=\"53603aa\" data-element_type=\"widget\" data-settings=\"{&quot;youtube_url&quot;:&quot;https:\\\/\\\/www.youtube.com\\\/embed\\\/5W8JJ0OwTdo?autoplay=0&amp;hl=de&amp;controls=0&amp;disablekb=1&amp;playsinline=1&amp;cc_load_policy=0&amp;cc_lang_pref=auto&amp;widget_referrer=https%3A%2F%2Falt.gps-jobsearch.com%2Fde%2Foutplacement-beratung&amp;rel=0&amp;showinfo=0&amp;iv_load_policy=3&amp;modestbranding=1&amp;customControls=true&amp;noCookie=false&amp;enablejsapi=1&amp;origin=https%3A%2F%2Falt.gps-jobsearch.com&amp;widgetid=1&quot;,&quot;video_type&quot;:&quot;youtube&quot;,&quot;controls&quot;:&quot;yes&quot;}\" data-widget_type=\"video.default\">\n\t\t\t\t<div class=\"elementor-widget-container\">\n\t\t\t\t\t\t\t<div class=\"elementor-wrapper elementor-open-inline\">\n\t\t\t<div class=\"elementor-video\"><\/div>\t\t<\/div>\n\t\t\t\t\t\t<\/div>\n\t\t\t\t<\/div>\n\t\t\t\t<div class=\"elementor-element elementor-element-ace08ee elementor-testimonial--skin-default elementor-testimonial--layout-image_inline elementor-testimonial--align-center elementor-arrows-yes elementor-pagination-type-bullets elementor-widget elementor-widget-testimonial-carousel\" data-id=\"ace08ee\" data-element_type=\"widget\" data-settings=\"{&quot;show_arrows&quot;:&quot;yes&quot;,&quot;pagination&quot;:&quot;bullets&quot;,&quot;speed&quot;:500,&quot;autoplay&quot;:&quot;yes&quot;,&quot;autoplay_speed&quot;:5000,&quot;loop&quot;:&quot;yes&quot;,&quot;pause_on_hover&quot;:&quot;yes&quot;,&quot;pause_on_interaction&quot;:&quot;yes&quot;,&quot;space_between&quot;:{&quot;unit&quot;:&quot;px&quot;,&quot;size&quot;:10,&quot;sizes&quot;:[]},&quot;space_between_widescreen&quot;:{&quot;unit&quot;:&quot;px&quot;,&quot;size&quot;:10,&quot;sizes&quot;:[]},&quot;space_between_tablet&quot;:{&quot;unit&quot;:&quot;px&quot;,&quot;size&quot;:10,&quot;sizes&quot;:[]},&quot;space_between_mobile&quot;:{&quot;unit&quot;:&quot;px&quot;,&quot;size&quot;:10,&quot;sizes&quot;:[]}}\" data-widget_type=\"testimonial-carousel.default\">\n\t\t\t\t<div class=\"elementor-widget-container\">\n\t\t\t\t\t\t\t\t\t<div class=\"elementor-swiper\">\n\t\t\t\t\t<div class=\"elementor-main-swiper swiper\" role=\"region\" aria-roledescription=\"carousel\" aria-label=\"Slides\">\n\t\t\t\t<div class=\"swiper-wrapper\">\n\t\t\t\t\t\t\t\t\t\t\t<div class=\"swiper-slide\" role=\"group\" aria-roledescription=\"slide\">\n\t\t\t\t\t\t\t\t\t<div class=\"elementor-testimonial\">\n\t\t\t\t\t\t\t<div class=\"elementor-testimonial__content\">\n\t\t\t\t\t<div class=\"elementor-testimonial__text\">\n\t\t\t\t\t\t\n\t\t\t\t\t\tDas Konzept und der von Ihnen beschriebene gps-jobsearch Prozess hatte mich sehr angesprochen, auch nach einem Vergleich mit Ihren Mitbewerbern. Insbesondere Ihr Praxisbezug und Ihr Netzwerk schienen mir erfolgversprechend. Deshalb hatte ich mich schlussendlich f\u00fcr gps-jobsearch entscheiden. Das Strategiemeeting, das Erstellen der Unterlagen, die Trainings zum eigenen Auftritt bei potentiellen Arbeitgebern sowie Ihre Netzwerkarbeit erwiesen sich dann als sehr hilfreich und zielf\u00fchrend. Die gps-Bewerbungen erbrachten etliche Bewerbungsgespr\u00e4che, die schlussendlich zum Erfolg f\u00fchrten. Meinen heutigen Vertrag habe ich gps-jobsearch zu verdanken! Vielen Dank f\u00fcr Ihre professionelle Unterst\u00fctzung in den vergangenen Wochen.\t\t\t\t\t\t\t\t\t\t<\/div>\n\t\t\t\t\t\t\t\t\t<\/div>\n\t\t\t\t\t\t<div class=\"elementor-testimonial__footer\">\n\t\t\t\t\t\t\t\t<cite class=\"elementor-testimonial__cite\"><span class=\"elementor-testimonial__name\">O.R., 53 Jahre, COO in einem Unternehmen in Bayern (D) <\/span><\/cite>\t\t\t<\/div>\n\t\t<\/div>\n\t\t\t\t\t\t\t\t<\/div>\n\t\t\t\t\t\t\t\t\t\t\t<div class=\"swiper-slide\" role=\"group\" aria-roledescription=\"slide\">\n\t\t\t\t\t\t\t\t\t<div class=\"elementor-testimonial\">\n\t\t\t\t\t\t\t<div class=\"elementor-testimonial__content\">\n\t\t\t\t\t<div class=\"elementor-testimonial__text\">\n\t\t\t\t\t\t\n\t\t\t\t\t\tIch werde nun schon nach ca. drei Monaten eine neue Besch\u00e4ftigung beginnen. [...] Sie haben mich in einer schweren Phase wieder aufgebaut und mir den eigenen Wert wieder deutlich gemacht. [...] Vielen Dank f\u00fcr Ihre offene und ehrliche Unterst\u00fctzung in dieser Zeit. Sie haben mir sehr geholfen, einen f\u00fcr mich positiven Abschluss dieser Lebenssituation zu finden.\t\t\t\t\t\t\t\t\t\t<\/div>\n\t\t\t\t\t\t\t\t\t<\/div>\n\t\t\t\t\t\t<div class=\"elementor-testimonial__footer\">\n\t\t\t\t\t\t\t\t<cite class=\"elementor-testimonial__cite\"><span class=\"elementor-testimonial__name\"> T. S., CEO in einem Unternehmen in NRW (D) <\/span><\/cite>\t\t\t<\/div>\n\t\t<\/div>\n\t\t\t\t\t\t\t\t<\/div>\n\t\t\t\t\t\t\t\t\t\t\t<div class=\"swiper-slide\" role=\"group\" aria-roledescription=\"slide\">\n\t\t\t\t\t\t\t\t\t<div class=\"elementor-testimonial\">\n\t\t\t\t\t\t\t<div class=\"elementor-testimonial__content\">\n\t\t\t\t\t<div class=\"elementor-testimonial__text\">\n\t\t\t\t\t\tAn dieser Stelle meinen herzlichen Dank f\u00fcr das von Ihnen erzielte  Ergebnis und die w\u00e4hrend des gesamten Prozesses hervorragende und h\u00f6chst  professionelle Unterst\u00fctzung.\t\t\t\t\t\t\t\t\t\t<\/div>\n\t\t\t\t\t\t\t\t\t<\/div>\n\t\t\t\t\t\t<div class=\"elementor-testimonial__footer\">\n\t\t\t\t\t\t\t\t<cite class=\"elementor-testimonial__cite\"><span class=\"elementor-testimonial__name\"> H. N., 46 Jahre, Vorstand in einem Unternehmen in Hessen (D) <\/span><\/cite>\t\t\t<\/div>\n\t\t<\/div>\n\t\t\t\t\t\t\t\t<\/div>\n\t\t\t\t\t\t\t\t\t<\/div>\n\t\t\t\t\t\t\t\t\t\t\t\t\t\t\t<div class=\"elementor-swiper-button elementor-swiper-button-prev\" role=\"button\" tabindex=\"0\" aria-label=\"Voriger\">\n\t\t\t\t\t\t\t<svg aria-hidden=\"true\" class=\"e-font-icon-svg e-eicon-chevron-left\" viewBox=\"0 0 1000 1000\" xmlns=\"http:\/\/www.w3.org\/2000\/svg\"><path d=\"M646 125C629 125 613 133 604 142L308 442C296 454 292 471 292 487 292 504 296 521 308 533L604 854C617 867 629 875 646 875 663 875 679 871 692 858 704 846 713 829 713 812 713 796 708 779 692 767L438 487 692 225C700 217 708 204 708 187 708 171 704 154 692 142 675 129 663 125 646 125Z\"><\/path><\/svg>\t\t\t\t\t\t<\/div>\n\t\t\t\t\t\t<div class=\"elementor-swiper-button elementor-swiper-button-next\" role=\"button\" tabindex=\"0\" aria-label=\"N\u00e4chster\">\n\t\t\t\t\t\t\t<svg aria-hidden=\"true\" class=\"e-font-icon-svg e-eicon-chevron-right\" viewBox=\"0 0 1000 1000\" xmlns=\"http:\/\/www.w3.org\/2000\/svg\"><path d=\"M696 533C708 521 713 504 713 487 713 471 708 454 696 446L400 146C388 133 375 125 354 125 338 125 325 129 313 142 300 154 292 171 292 187 292 204 296 221 308 233L563 492 304 771C292 783 288 800 288 817 288 833 296 850 308 863 321 871 338 875 354 875 371 875 388 867 400 854L696 533Z\"><\/path><\/svg>\t\t\t\t\t\t<\/div>\n\t\t\t\t\t\t\t\t\t\t\t\t\t\t\t\t<div class=\"swiper-pagination\"><\/div>\n\t\t\t\t\t\t\t\t\t\t\t\t<\/div>\n\t\t\t\t<\/div>\n\t\t\t\t\t\t\t\t<\/div>\n\t\t\t\t<\/div>\n\t\t\t\t\t<\/div>\n\t\t\t\t<\/div>\n\t\t\t\t<\/div>\n\t\t","protected":false},"excerpt":{"rendered":"<p>Inverses Headhunting f\u00fcr F\u00fchrungskr\u00e4fte in der Schweiz Entdecken Sie eine neue Top-F\u00fchrungsposition in der Schweiz Sie wollen als F\u00fchrungskraft Ihre Karriere in einer Managementposition ohne Unterbrechung fortsetzen und sind auf der Suche nach einer Top-Managementposition in der Schweiz? Sie ziehen dazu auch eine Outplacement-Beratung\u00a0in Betracht? Unser Service f\u00fcr inverses Headhunting\u00a0bringt Sie sogar noch einen Schritt [&hellip;]<\/p>\n","protected":false},"author":5,"featured_media":0,"parent":0,"menu_order":10,"comment_status":"closed","ping_status":"closed","template":"","meta":{"footnotes":""},"seiten-kategorie":[],"class_list":["post-3810","page","type-page","status-publish","hentry"],"_links":{"self":[{"href":"https:\/\/www.gps-jobsearch.com\/de\/wp-json\/wp\/v2\/pages\/3810","targetHints":{"allow":["GET"]}}],"collection":[{"href":"https:\/\/www.gps-jobsearch.com\/de\/wp-json\/wp\/v2\/pages"}],"about":[{"href":"https:\/\/www.gps-jobsearch.com\/de\/wp-json\/wp\/v2\/types\/page"}],"author":[{"embeddable":true,"href":"https:\/\/www.gps-jobsearch.com\/de\/wp-json\/wp\/v2\/users\/5"}],"replies":[{"embeddable":true,"href":"https:\/\/www.gps-jobsearch.com\/de\/wp-json\/wp\/v2\/comments?post=3810"}],"version-history":[{"count":64,"href":"https:\/\/www.gps-jobsearch.com\/de\/wp-json\/wp\/v2\/pages\/3810\/revisions"}],"predecessor-version":[{"id":7925,"href":"https:\/\/www.gps-jobsearch.com\/de\/wp-json\/wp\/v2\/pages\/3810\/revisions\/7925"}],"wp:attachment":[{"href":"https:\/\/www.gps-jobsearch.com\/de\/wp-json\/wp\/v2\/media?parent=3810"}],"wp:term":[{"taxonomy":"seiten-kategorie","embeddable":true,"href":"https:\/\/www.gps-jobsearch.com\/de\/wp-json\/wp\/v2\/seiten-kategorie?post=3810"}],"curies":[{"name":"wp","href":"https:\/\/api.w.org\/{rel}","templated":true}]}}