{"id":3800,"date":"2025-02-23T20:48:57","date_gmt":"2025-02-23T20:48:57","guid":{"rendered":"https:\/\/www.gps-jobsearch.com\/?page_id=3800"},"modified":"2025-12-02T11:56:35","modified_gmt":"2025-12-02T11:56:35","slug":"inverses-headhunting-wien","status":"publish","type":"page","link":"https:\/\/www.gps-jobsearch.com\/de\/inverses-headhunting-wien\/","title":{"rendered":"Inverses Headhunting f\u00fcr F\u00fchrungskr\u00e4fte in Wien"},"content":{"rendered":"\t\t<div data-elementor-type=\"wp-page\" data-elementor-id=\"3800\" class=\"elementor elementor-3800\" data-elementor-post-type=\"page\">\n\t\t\t\t<div class=\"elementor-element elementor-element-a4c0c46 e-flex e-con-boxed e-con e-parent\" data-id=\"a4c0c46\" data-element_type=\"container\" data-settings=\"{&quot;jet_parallax_layout_list&quot;:[]}\">\n\t\t\t\t\t<div class=\"e-con-inner\">\n\t\t\t\t<div class=\"elementor-element elementor-element-6d4c560 elementor-widget elementor-widget-heading\" data-id=\"6d4c560\" data-element_type=\"widget\" data-widget_type=\"heading.default\">\n\t\t\t\t<div class=\"elementor-widget-container\">\n\t\t\t\t\t<h1 class=\"elementor-heading-title elementor-size-default\">Inverses Headhunting f\u00fcr F\u00fchrungskr\u00e4fte in Wien<\/h1>\t\t\t\t<\/div>\n\t\t\t\t<\/div>\n\t\t\t\t<div class=\"elementor-element elementor-element-d81d4a0 elementor-widget elementor-widget-heading\" data-id=\"d81d4a0\" data-element_type=\"widget\" data-widget_type=\"heading.default\">\n\t\t\t\t<div class=\"elementor-widget-container\">\n\t\t\t\t\t<h5 class=\"elementor-heading-title elementor-size-default\">Inverses Headhunting in \u00d6sterreich: Der Schl\u00fcssel zu Ihrer n\u00e4chsten Top-Position<\/h5>\t\t\t\t<\/div>\n\t\t\t\t<\/div>\n\t\t\t\t\t<\/div>\n\t\t\t\t<\/div>\n\t\t<div class=\"elementor-element elementor-element-87c06dd e-flex e-con-boxed e-con e-parent\" data-id=\"87c06dd\" data-element_type=\"container\" data-settings=\"{&quot;jet_parallax_layout_list&quot;:[]}\">\n\t\t\t\t\t<div class=\"e-con-inner\">\n\t\t<div class=\"elementor-element elementor-element-d32efdc e-con-full e-flex e-con e-child\" data-id=\"d32efdc\" data-element_type=\"container\" data-settings=\"{&quot;jet_parallax_layout_list&quot;:[]}\">\n\t\t\t\t<div class=\"elementor-element elementor-element-d1cd8a1 elementor-widget elementor-widget-text-editor\" data-id=\"d1cd8a1\" data-element_type=\"widget\" data-widget_type=\"text-editor.default\">\n\t\t\t\t<div class=\"elementor-widget-container\">\n\t\t\t\t\t\t\t\t\t<hr data-start=\"96\" data-end=\"99\" \/><p data-start=\"101\" data-end=\"749\">Sie sind F\u00fchrungskraft und auf der Suche nach einer neuen beruflichen Herausforderung in Wien? Sie m\u00f6chten Ihre Karriere nahtlos fortsetzen und ziehen <strong data-start=\"252\" data-end=\"279\">Outplacement-Consulting<\/strong> in Betracht? Mit <a href=\"https:\/\/www.gps-jobsearch.com\/de\/inverses-headhunting\/\"><strong data-start=\"297\" data-end=\"321\">inversem Headhunting<\/strong><\/a> gehen Sie sogar noch einen Schritt weiter. Die Services von gps-jobsearch beginnen dort, wo klassische <strong data-start=\"425\" data-end=\"450\">Outplacement-Beratung<\/strong> aufh\u00f6rt: beim tats\u00e4chlichen <strong data-start=\"479\" data-end=\"539\">Suchen, Finden und Besetzen von Top-Managementpositionen<\/strong>. Entdecken Sie den <strong data-start=\"568\" data-end=\"656\"><a class=\"decorated-link\" href=\"https:\/\/www.gps-jobsearch.com\/de\/verdeckter-stellenmarkt\/\" target=\"_new\" rel=\"noopener\" data-start=\"570\" data-end=\"654\">verdeckten Stellenmarkt<\/a><\/strong> und profitieren Sie von exklusiven Positionen, die nicht \u00f6ffentlich ausgeschrieben werden.<\/p><h2>Inverses Headhunting in Wien: So arbeiten wir.<\/h2><p style=\"margin-left: 0cm; margin-right: 0cm;\">Als F\u00fchrungskraft treffen Sie t\u00e4glich Entscheidungen. Sie nehmen die Dinge selbst in die Hand. Warum also bei der Jobsuche abwarten? Das Netzwerk von gps-jobsearch ist hierzu der starke Partner an Ihrer Seite \u2013 auch direkt in Wien.<\/p><p style=\"margin-left: 0cm; margin-right: 0cm;\">Inverses Headhunting stellt klassische Placement-Verfahren auf den Kopf: Statt geeignete Kandidaten f\u00fcr Vakanzen zu suchen, finden wir neue Aufgaben f\u00fcr Manager und Managerinnen. So schlie\u00dfen wir eine Besetzungsl\u00fccke, die dadurch entsteht, dass Managementpositionen meist nicht \u00fcber den klassischen Jobmarkt ausgeschrieben sondern im verdeckten Stellenmarkt besetzt werden und erzielen auch in Wien ein perfektes Matching zwischen Kandidaten und Positionen.<\/p><p style=\"margin-left: 0cm; margin-right: 0cm;\">Mit inversem Headhunting in Wien sparen Sie zudem wertvolle Zeit: Anstatt m\u00fchsam \u00fcber andere Kan\u00e4le zu suchen, \u00fcbernehmen wir die Vorselektion und bringen Sie so direkt zu Ihrer neuen Managementposition.<\/p><h2>Wien:\u00a0Top-Standort f\u00fcr Top-Jobs<\/h2><p>Die Donaumetropole z\u00e4hlt nicht nur zu den weltweit f\u00fchrenden St\u00e4dten, was Lebensqualit\u00e4t angeht, die \u00f6sterreichische Hauptstadt beherbergt auch eine Vielzahl an internationalen\u00a0Top-Unternehmen, darunter etwa:<\/p><ul><li>Brau Union<\/li><li>Unicredit<\/li><li>Lafarge<\/li><li>OMV<\/li><li>Wienerberger<\/li><\/ul><h2>Der Prozess von gps-jobsearch f\u00fcr inverses Headhunting in Wien<\/h2><p style=\"margin-left: 0cm; margin-right: 0cm;\">Der gps-Prozess startet mit Ihrem Anruf, bei dem wir abkl\u00e4ren, ob unsere Dienstleistungen zu Ihren beruflichen Pl\u00e4nen passen. Anschlie\u00dfend vereinbaren wir ein unverbindliches\u00a0Erstgespr\u00e4ch \u2013 wahlweise per Skype oder in unserem B\u00fcro in Hamburg. In die konkrete Zusammenarbeit treten wir mit unserem Strategie- und\u00a0Positionierungsmeeting ein.<\/p><h2 style=\"margin-left: 0cm; margin-right: 0cm;\">Unsere Services haben Ihr Interesse geweckt?<\/h2><p style=\"margin-left: 0cm; margin-right: 0cm;\">Gerne erz\u00e4hlen wir Ihnen mehr dazu. Rufen Sie uns einfach unverbindlich an:<\/p><p style=\"margin-left: 0cm; margin-right: 0cm; text-align: center;\"><a class=\"elementor-button elementor-button-link elementor-size-sm\" style=\"padding: 10px;\" href=\"\/de\/kontakt\"><br \/><span class=\"elementor-button-content-wrapper\"><br \/><span class=\"elementor-button-text\">Jetzt Kontakt aufnehmen<\/span><br \/><\/span><br \/><\/a><\/p>\t\t\t\t\t\t\t\t<\/div>\n\t\t\t\t<\/div>\n\t\t\t\t<\/div>\n\t\t<div class=\"elementor-element elementor-element-0da328b e-con-full e-flex e-con e-child\" data-id=\"0da328b\" data-element_type=\"container\" data-settings=\"{&quot;jet_parallax_layout_list&quot;:[]}\">\n\t\t\t\t<div class=\"elementor-element elementor-element-d165a5e elementor-widget elementor-widget-image\" data-id=\"d165a5e\" data-element_type=\"widget\" data-widget_type=\"image.default\">\n\t\t\t\t<div class=\"elementor-widget-container\">\n\t\t\t\t\t\t\t\t\t\t\t\t\t\t\t<img fetchpriority=\"high\" decoding=\"async\" width=\"800\" height=\"656\" src=\"https:\/\/www.gps-jobsearch.com\/wp-content\/uploads\/2025\/03\/vienna-1567865_1920.jpg\" class=\"attachment-large size-large wp-image-3992\" alt=\"\" srcset=\"https:\/\/www.gps-jobsearch.com\/wp-content\/uploads\/2025\/03\/vienna-1567865_1920.jpg 950w, https:\/\/www.gps-jobsearch.com\/wp-content\/uploads\/2025\/03\/vienna-1567865_1920-300x246.jpg 300w, https:\/\/www.gps-jobsearch.com\/wp-content\/uploads\/2025\/03\/vienna-1567865_1920-768x630.jpg 768w\" sizes=\"(max-width: 800px) 100vw, 800px\">\t\t\t\t\t\t\t\t\t\t\t\t\t\t\t<\/div>\n\t\t\t\t<\/div>\n\t\t\t\t<div class=\"elementor-element elementor-element-77d3cd9 elementor-widget elementor-widget-text-editor\" data-id=\"77d3cd9\" data-element_type=\"widget\" data-widget_type=\"text-editor.default\">\n\t\t\t\t<div class=\"elementor-widget-container\">\n\t\t\t\t\t\t\t\t\t<h2 style=\"margin-left: 0cm; margin-right: 0cm;\">Inverses Headhunting in Wien: Treten\u00a0Sie in Kontakt!<\/h2><p style=\"margin-left: 0cm; margin-right: 0cm;\">Kunden aus Wien m\u00fcssen keine lange Anreise einplanen, um unseren Service in Anspruch zu nehmen \u2013 gps-jobsearch f\u00fchrt unverbindliche Erstgespr\u00e4che telefonisch oder Online durch und trifft Sie f\u00fcr weitere Beratungs- und Trainingsgespr\u00e4che am Ort Ihrer Wahl!<\/p><p style=\"margin-left: 0cm; margin-right: 0cm;\">Gerne empfehlen wir Ihnen f\u00fcr unsere Beratungsgespr\u00e4che einen Treffpunkt in Ihrer N\u00e4he! In Wien schlagen wir etwa den folgenden vor:<\/p><p><strong>Meli\u00e1\u00a0Vienna<br \/>Donau-City-Stra\u00dfe 7<br \/>1220 Wien<\/strong><\/p><h2>Inverses Headhunting nicht nur in Wien<\/h2><p data-start=\"182\" data-end=\"545\">Sie sind noch nicht in Wien vor Ort, suchen aber eine <strong data-start=\"236\" data-end=\"270\">Top-Managementposition in Wien<\/strong>? Als <strong data-start=\"276\" data-end=\"317\">Top-Anbieter f\u00fcr inverses Headhunting<\/strong> bietet gps-jobsearch seine Leistungen im gesamten deutschsprachigen Raum an. Wir kommen direkt zu Ihnen und besprechen pers\u00f6nlich, wie Sie mit <strong data-start=\"461\" data-end=\"485\">inversem Headhunting<\/strong> Ihren gew\u00fcnschten Managementjob in Wien erreichen k\u00f6nnen.<\/p><p data-start=\"547\" data-end=\"811\">Erhalten Sie Einblicke in unsere erfolgreiche Vermittlungsarbeit und lesen Sie authentische <strong data-start=\"639\" data-end=\"741\"><a class=\"decorated-link\" href=\"https:\/\/www.gps-jobsearch.com\/de\/erfahrungen-inverses-headhunting\/\" target=\"_new\" rel=\"noopener\" data-start=\"641\" data-end=\"739\">Kundenstimmen und Referenzen<\/a><\/strong>, um zu sehen, wie F\u00fchrungskr\u00e4fte von unserer Expertise profitieren.<\/p><p>Hier eine kleine Auswahl an Standorten, die gps-jobsearch abdeckt:<\/p><ul><li><a href=\"https:\/\/www.gps-jobsearch.com\/de\/inverses-headhunting-salzburg\/\" target=\"_blank\" rel=\"noopener\">Inverses Headhunting in Salzburg<\/a><\/li><li><a href=\"https:\/\/www.gps-jobsearch.com\/de\/inverses-headhunting-schweiz\/\" target=\"_blank\" rel=\"noopener\">Inverses Headhunting in der Schweiz<\/a><\/li><li><a href=\"https:\/\/www.gps-jobsearch.com\/de\/inverses-headhunting-in-hamburg\/\" target=\"_blank\" rel=\"noopener\">Inverses Headhunting in Hamburg<\/a><\/li><li><a href=\"https:\/\/www.gps-jobsearch.com\/de\/inverses-headhunting-stuttgart\/\" target=\"_blank\" rel=\"noopener\">Inverses Headhunting in Stuttgart<\/a><\/li><li><a href=\"https:\/\/www.gps-jobsearch.com\/de\/inverses-headhunting-munchen\/\" target=\"_blank\" rel=\"noopener\">Inverses Headhunting in M\u00fcnchen<\/a><\/li><\/ul><p><br \/>Lassen Sie uns Ihnen helfen, einen bleibenden Eindruck zu vermitteln. Lassen Sie uns gerne unverbindlich reden \u2013\u00a0<a href=\"https:\/\/www.gps-jobsearch.com\/de\/kontakt\/\" target=\"_blank\" rel=\"noopener\">rufen Sie an und vereinbaren Sie einen Termin<\/a>\u00a0mit Ihrem Partner f\u00fcr inverses Headhunting in Wien!<\/p>\t\t\t\t\t\t\t\t<\/div>\n\t\t\t\t<\/div>\n\t\t\t\t<\/div>\n\t\t\t\t\t<\/div>\n\t\t\t\t<\/div>\n\t\t<div class=\"elementor-element elementor-element-02813a0 e-flex e-con-boxed e-con e-parent\" data-id=\"02813a0\" data-element_type=\"container\" data-settings=\"{&quot;jet_parallax_layout_list&quot;:[]}\">\n\t\t\t\t\t<div class=\"e-con-inner\">\n\t\t\t\t<div class=\"elementor-element elementor-element-28ffdcf elementor-widget elementor-widget-video\" data-id=\"28ffdcf\" data-element_type=\"widget\" data-settings=\"{&quot;youtube_url&quot;:&quot;https:\\\/\\\/www.youtube.com\\\/embed\\\/5W8JJ0OwTdo?autoplay=0&amp;hl=de&amp;controls=0&amp;disablekb=1&amp;playsinline=1&amp;cc_load_policy=0&amp;cc_lang_pref=auto&amp;widget_referrer=https%3A%2F%2Falt.gps-jobsearch.com%2Fde%2Foutplacement-beratung&amp;rel=0&amp;showinfo=0&amp;iv_load_policy=3&amp;modestbranding=1&amp;customControls=true&amp;noCookie=false&amp;enablejsapi=1&amp;origin=https%3A%2F%2Falt.gps-jobsearch.com&amp;widgetid=1&quot;,&quot;video_type&quot;:&quot;youtube&quot;,&quot;controls&quot;:&quot;yes&quot;}\" data-widget_type=\"video.default\">\n\t\t\t\t<div class=\"elementor-widget-container\">\n\t\t\t\t\t\t\t<div class=\"elementor-wrapper elementor-open-inline\">\n\t\t\t<div class=\"elementor-video\"><\/div>\t\t<\/div>\n\t\t\t\t\t\t<\/div>\n\t\t\t\t<\/div>\n\t\t\t\t\t<\/div>\n\t\t\t\t<\/div>\n\t\t\t\t<\/div>\n\t\t","protected":false},"excerpt":{"rendered":"<p>Inverses Headhunting f\u00fcr F\u00fchrungskr\u00e4fte in Wien Inverses Headhunting in \u00d6sterreich: Der Schl\u00fcssel zu Ihrer n\u00e4chsten Top-Position Sie sind F\u00fchrungskraft und auf der Suche nach einer neuen beruflichen Herausforderung in Wien? Sie m\u00f6chten Ihre Karriere nahtlos fortsetzen und ziehen Outplacement-Consulting in Betracht? Mit inversem Headhunting gehen Sie sogar noch einen Schritt weiter. Die Services von gps-jobsearch [&hellip;]<\/p>\n","protected":false},"author":5,"featured_media":0,"parent":0,"menu_order":15,"comment_status":"closed","ping_status":"closed","template":"","meta":{"footnotes":""},"seiten-kategorie":[],"class_list":["post-3800","page","type-page","status-publish","hentry"],"_links":{"self":[{"href":"https:\/\/www.gps-jobsearch.com\/de\/wp-json\/wp\/v2\/pages\/3800","targetHints":{"allow":["GET"]}}],"collection":[{"href":"https:\/\/www.gps-jobsearch.com\/de\/wp-json\/wp\/v2\/pages"}],"about":[{"href":"https:\/\/www.gps-jobsearch.com\/de\/wp-json\/wp\/v2\/types\/page"}],"author":[{"embeddable":true,"href":"https:\/\/www.gps-jobsearch.com\/de\/wp-json\/wp\/v2\/users\/5"}],"replies":[{"embeddable":true,"href":"https:\/\/www.gps-jobsearch.com\/de\/wp-json\/wp\/v2\/comments?post=3800"}],"version-history":[{"count":68,"href":"https:\/\/www.gps-jobsearch.com\/de\/wp-json\/wp\/v2\/pages\/3800\/revisions"}],"predecessor-version":[{"id":7982,"href":"https:\/\/www.gps-jobsearch.com\/de\/wp-json\/wp\/v2\/pages\/3800\/revisions\/7982"}],"wp:attachment":[{"href":"https:\/\/www.gps-jobsearch.com\/de\/wp-json\/wp\/v2\/media?parent=3800"}],"wp:term":[{"taxonomy":"seiten-kategorie","embeddable":true,"href":"https:\/\/www.gps-jobsearch.com\/de\/wp-json\/wp\/v2\/seiten-kategorie?post=3800"}],"curies":[{"name":"wp","href":"https:\/\/api.w.org\/{rel}","templated":true}]}}