{"id":3722,"date":"2025-02-23T16:38:43","date_gmt":"2025-02-23T16:38:43","guid":{"rendered":"https:\/\/www.gps-jobsearch.com\/?page_id=3722"},"modified":"2025-12-02T12:04:48","modified_gmt":"2025-12-02T12:04:48","slug":"inverses-headhunting-salzburg","status":"publish","type":"page","link":"https:\/\/www.gps-jobsearch.com\/de\/inverses-headhunting-salzburg\/","title":{"rendered":"Inverses Headhunting in Salzburg"},"content":{"rendered":"\t\t<div data-elementor-type=\"wp-page\" data-elementor-id=\"3722\" class=\"elementor elementor-3722\" data-elementor-post-type=\"page\">\n\t\t\t\t<div class=\"elementor-element elementor-element-a4c0c46 e-flex e-con-boxed e-con e-parent\" data-id=\"a4c0c46\" data-element_type=\"container\" data-settings=\"{&quot;jet_parallax_layout_list&quot;:[]}\">\n\t\t\t\t\t<div class=\"e-con-inner\">\n\t\t\t\t<div class=\"elementor-element elementor-element-6d4c560 elementor-widget elementor-widget-heading\" data-id=\"6d4c560\" data-element_type=\"widget\" data-widget_type=\"heading.default\">\n\t\t\t\t<div class=\"elementor-widget-container\">\n\t\t\t\t\t<h1 class=\"elementor-heading-title elementor-size-default\">Inverses Headhunting in Salzburg - Ihr direkter Weg zu F\u00fchrungspositionen<\/h1>\t\t\t\t<\/div>\n\t\t\t\t<\/div>\n\t\t\t\t<div class=\"elementor-element elementor-element-d81d4a0 elementor-widget elementor-widget-heading\" data-id=\"d81d4a0\" data-element_type=\"widget\" data-widget_type=\"heading.default\">\n\t\t\t\t<div class=\"elementor-widget-container\">\n\t\t\t\t\t<h5 class=\"elementor-heading-title elementor-size-default\">gps-jobsearch: Ihr starker Partner f\u00fcr inverses Headhunting<\/h5>\t\t\t\t<\/div>\n\t\t\t\t<\/div>\n\t\t\t\t\t<\/div>\n\t\t\t\t<\/div>\n\t\t<div class=\"elementor-element elementor-element-87c06dd e-flex e-con-boxed e-con e-parent\" data-id=\"87c06dd\" data-element_type=\"container\" data-settings=\"{&quot;jet_parallax_layout_list&quot;:[]}\">\n\t\t\t\t\t<div class=\"e-con-inner\">\n\t\t<div class=\"elementor-element elementor-element-d32efdc e-con-full e-flex e-con e-child\" data-id=\"d32efdc\" data-element_type=\"container\" data-settings=\"{&quot;jet_parallax_layout_list&quot;:[]}\">\n\t\t\t\t<div class=\"elementor-element elementor-element-d1cd8a1 elementor-widget elementor-widget-text-editor\" data-id=\"d1cd8a1\" data-element_type=\"widget\" data-widget_type=\"text-editor.default\">\n\t\t\t\t<div class=\"elementor-widget-container\">\n\t\t\t\t\t\t\t\t\t<p>Sie sind F\u00fchrungskraft und auf der Suche nach einer neuen beruflichen Herausforderung in Salzburg? Sie m\u00f6chten Ihre Karriere nahtlos fortsetzen und ziehen Outplacement-Consulting in Betracht?\u00a0 Mit <a href=\"https:\/\/www.gps-jobsearch.com\/de\/inverses-headhunting\/\" target=\"_blank\" rel=\"noopener\">inversem Headhunting<\/a> gehen Sie sogar noch einen Schritt weiter. Die Services von gps-jobsearch beginnen dort, wo klassische Outplacement-Beratung aufh\u00f6rt: beim tats\u00e4chlichen Suchen, Finden und Besetzen von Top-Managementpositionen. Profitieren Sie vom <strong data-start=\"610\" data-end=\"698\"><a class=\"decorated-link\" href=\"https:\/\/www.gps-jobsearch.com\/de\/verdeckter-stellenmarkt\/\" target=\"_new\" rel=\"noopener\" data-start=\"612\" data-end=\"696\">verdeckten Stellenmarkt<\/a><\/strong>, \u00fcber den exklusive Managementpositionen gezielt vermittelt werden.<\/p><h2>Inverses Headhunting f\u00fcr Manager: Von\u00a0Salzburg aus hinaus in die Welt<\/h2><p>Als erste Adresse f\u00fcr\u00a0inverses Headhunting\u00a0in\u00a0Salzburg und f\u00fchrender Spezialist f\u00fcr inverses Headhunting\u00a0verhelfen wir F\u00fchrungskr\u00e4ften und Managern zur neuen Top-Position. gps-jobsearch verf\u00fcgt \u00fcber ein\u00a0<a href=\"https:\/\/www.gps-jobsearch.com\/de\/erfahrung-inverses-headhunting\" target=\"_blank\" rel=\"noopener\">weitreichendes Netzwerk<\/a>, sowohl national als auch international, das Ihnen durch inverses Headhunting einen weiteren Schritt auf der Karriereleiter erm\u00f6glicht \u2013 auch in Salzburg. Unsere Methode dabei: Der 20-stufige gps-Prozess, der vom Erstgespr\u00e4ch \u00fcber Trainingsphasen bis hin zur Marktplatzierung f\u00fchrt.<\/p><h2>Zeit sparen mit inversem Headhunting in Salzburg: Oder &#8211; Zeit ist Marktwert<\/h2><p>Als F\u00fchrungskraft sind Sie es gewohnt, tagt\u00e4glich Entscheidungen zu treffen und Dinge selbst in die Hand zu nehmen. Warum also bei der Jobsuche abwarten? Das Netzwerk von gps-jobsearch ist hierzu der starke Partner an Ihrer Seite \u2013 auch direkt in Salzburg.<\/p><p>Mit inversem Headhunting in Salzburg sparen Sie\u00a0 wertvolle Zeit. Mit den Methoden des inversen Headhuntings findet gps-jobsearch die optimale Managementposition f\u00fcr Sie.<\/p><p style=\"margin-left: 0cm; margin-right: 0cm;\">Die Erfolge sprechen dabei f\u00fcr sich: In der Regel f\u00fchren unsere Kunden nach 4 bis 6 Wochen rund 10 bis 15 Gespr\u00e4che, aus denen 2 bis 3 oder sogar mehr Vertragsangebote resultieren.<\/p><h2>Salzburg &#8211; Top-Standort zur Planung Ihrer Karriere<\/h2><p>In Salzburg haben wir <strong>unseren Hauptstandort<\/strong> angesiedelt. Hier befindet sich unsere <strong>Hauptb\u00fcro<\/strong>, in dem wir unser Reseachteam zusammengezugen haben. Von Salzbrug aus k\u00f6nnen wie die DACH- Region optimal bearbeiten.<\/p><p>Salzburg ist bedeutender Messe- und Kongressstandort, Standort vieler Handels- und Dienstleistungsbetriebe, einer starken, oft international ausgerichteten Industrie und einem leistungsf\u00e4higen Tourismusbereich. Unter anderem haben sich in Salzburg und Salzburg Land folgende spannende Unternehmen angesiedelt:<\/p><ul><li>SPAR \u00d6sterreichische Warenhandels-AG<\/li><li>Benteler-Gruppe<\/li><li>Red Bull<\/li><li>Palfinger AG<\/li><li>Kuhn Holding GmbH<\/li><li>M. Kaindl Holzindustrie<\/li><li>SkiData AG<\/li><\/ul><p style=\"text-align: center;\"><span class=\"elementor-button-content-wrapper\" style=\"padding: 10px;\"><span class=\"elementor-button-text\"><a class=\"elementor-button elementor-button-link elementor-size-sm\" style=\"padding: 10px;\" href=\"\/de\/kontakt\">Jetzt Kontakt aufnehmen<\/a><\/span><\/span><\/p>\t\t\t\t\t\t\t\t<\/div>\n\t\t\t\t<\/div>\n\t\t\t\t<\/div>\n\t\t<div class=\"elementor-element elementor-element-0da328b e-con-full e-flex e-con e-child\" data-id=\"0da328b\" data-element_type=\"container\" data-settings=\"{&quot;jet_parallax_layout_list&quot;:[]}\">\n\t\t\t\t<div class=\"elementor-element elementor-element-2b10afc elementor-widget elementor-widget-image\" data-id=\"2b10afc\" data-element_type=\"widget\" data-widget_type=\"image.default\">\n\t\t\t\t<div class=\"elementor-widget-container\">\n\t\t\t\t\t\t\t\t\t\t\t\t\t\t\t<img fetchpriority=\"high\" decoding=\"async\" width=\"800\" height=\"533\" src=\"https:\/\/www.gps-jobsearch.com\/wp-content\/uploads\/2025\/03\/werdepate_salzburg-842215_1280.jpg\" class=\"attachment-large size-large wp-image-3994\" alt=\"\" srcset=\"https:\/\/www.gps-jobsearch.com\/wp-content\/uploads\/2025\/03\/werdepate_salzburg-842215_1280.jpg 1000w, https:\/\/www.gps-jobsearch.com\/wp-content\/uploads\/2025\/03\/werdepate_salzburg-842215_1280-300x200.jpg 300w, https:\/\/www.gps-jobsearch.com\/wp-content\/uploads\/2025\/03\/werdepate_salzburg-842215_1280-768x511.jpg 768w\" sizes=\"(max-width: 800px) 100vw, 800px\">\t\t\t\t\t\t\t\t\t\t\t\t\t\t\t<\/div>\n\t\t\t\t<\/div>\n\t\t\t\t<div class=\"elementor-element elementor-element-77d3cd9 elementor-widget elementor-widget-text-editor\" data-id=\"77d3cd9\" data-element_type=\"widget\" data-widget_type=\"text-editor.default\">\n\t\t\t\t<div class=\"elementor-widget-container\">\n\t\t\t\t\t\t\t\t\t<h2>Ihr Start mit\u00a0inversem\u00a0Headhunting<\/h2><p>Der gps-Prozess startet mit Ihrem Anruf, bei dem wir abkl\u00e4ren, ob unsere Dienstleistungen zu Ihren beruflichen Pl\u00e4nen passen. Anschlie\u00dfend vereinbaren wir ein unverbindliches\u00a0<a href=\"https:\/\/www.gps-jobsearch.com\/de\/kontakt\/\" target=\"_blank\" rel=\"noopener\">Erstgespr\u00e4ch<\/a>.\u00a0\u00a0In die konkrete Zusammenarbeit treten wir mit unserem Strategie- und\u00a0Positionierungsmeeting ein.\u00a0Kunden aus\u00a0Salzburg m\u00fcssen daf\u00fcr keine lange Anreise einplanen.\u00a0Setzen Sie Ihren Karriereweg ohne Unterbrechung fort und n\u00fctzen Sie die Chancen des inversen Headhuntings in Salzburg. Team und Netzwerk von gps-jobsearch freuen sich auf Ihren Anruf!<\/p><h2>Weitere Schritte beim inversen\u00a0Headhunting in Salzburg<\/h2><p style=\"margin-left: 0cm; margin-right: 0cm;\">Haben wir uns auf eine Zusammenarbeit geeinigt, starten wir in den eigentlichen Prozess unserer Dienstleistung. F\u00fcr unsere Meetings nutzen wir bevorzugt ein in der N\u00e4he liegendes Seminarhotel, wo man uns mit perfektem\u00a0Service und reinen Bioprodukten aus der Region verw\u00f6hnt. So ist gew\u00e4hrleistet, dass wir den Tag mit voller Konzentration an Ihrer Karriere arbeiten k\u00f6nnen. Viele unserer Kunden kommen gerne zu uns nach Salzburg und ins Salzkammergut und verbinden unsere beiden Treffen mit einem verl\u00e4ngerten Wochenende zum Entspannen. Unsere Meetings finden gerne hier statt:<\/p><p><strong>Hotel Heffterhof Salzburg<br \/>Maria-Cebotari-Stra\u00dfe 1\u2009\u2013\u20097<br \/>5020 Salzburg<\/strong><\/p><h2>Inverses Headhunting &#8211; nicht nur in Salzburg<\/h2><p data-start=\"173\" data-end=\"414\">Sie sind noch nicht in Salzburg vor Ort, suchen aber eine <strong data-start=\"231\" data-end=\"257\">Top-Managementposition<\/strong>? Wir bieten unsere Leistungen im gesamten deutschsprachigen Raum an und z\u00e4hlen zu den <strong data-start=\"344\" data-end=\"411\">f\u00fchrenden Anbietern f\u00fcr inverses Headhunting in der DACH-Region<\/strong>.<\/p><p data-start=\"416\" data-end=\"703\">\u00dcberzeugen Sie sich selbst von unserem erfolgreichen Ansatz und werfen Sie einen Blick auf die <strong data-start=\"511\" data-end=\"624\"><a class=\"decorated-link\" href=\"https:\/\/www.gps-jobsearch.com\/de\/erfahrungen-inverses-headhunting\/\" target=\"_new\" rel=\"noopener\" data-start=\"513\" data-end=\"622\">Erfahrungen &amp; Referenzen unserer Kunden<\/a><\/strong> \u2013 so sehen Sie, wie wir F\u00fchrungskr\u00e4fte gezielt zu Top-Positionen vermitteln.<\/p><p data-start=\"705\" data-end=\"895\">Vertrauen Sie dem <strong data-start=\"727\" data-end=\"783\">marktf\u00fchrenden Partner f\u00fcr Inverses Headhunting<\/strong>\u00a0und profitieren Sie von unserem exklusiven Netzwerk, diskreter Ansprache und ma\u00dfgeschneiderten Karrierewegen.<\/p><p>Hier eine Auswahl der gps-jobsearch Standorte:<\/p><ul><li><a href=\"https:\/\/www.gps-jobsearch.com\/de\/inverses-headhunting-wien\/\" target=\"_blank\" rel=\"noopener\">Inverses Headhunting in Wien<\/a><\/li><li><a href=\"https:\/\/www.gps-jobsearch.com\/de\/inverses-headhunting-schweiz\/\" target=\"_blank\" rel=\"noopener\">Inverses Headhunting in\u00a0der Schweiz<\/a><\/li><li><a href=\"https:\/\/www.gps-jobsearch.com\/de\/inverses-headhunting-in-hamburg\/\" target=\"_blank\" rel=\"noopener\">Inverses Headhunting in\u00a0Hamburg<\/a><\/li><li><a href=\"https:\/\/www.gps-jobsearch.com\/de\/inverses-headhunting-stuttgart\/\" target=\"_blank\" rel=\"noopener\">Inverses Headhunting in\u00a0Stuttgart<\/a><\/li><li><a href=\"https:\/\/www.gps-jobsearch.com\/de\/inverses-headhunting-munchen\/\" target=\"_blank\" rel=\"noopener\">Inverses Headhunting in\u00a0M\u00fcnchen<\/a><\/li><\/ul>\t\t\t\t\t\t\t\t<\/div>\n\t\t\t\t<\/div>\n\t\t\t\t<\/div>\n\t\t\t\t\t<\/div>\n\t\t\t\t<\/div>\n\t\t<div class=\"elementor-element elementor-element-02813a0 e-flex e-con-boxed e-con e-parent\" data-id=\"02813a0\" data-element_type=\"container\" data-settings=\"{&quot;jet_parallax_layout_list&quot;:[]}\">\n\t\t\t\t\t<div class=\"e-con-inner\">\n\t\t\t\t<div class=\"elementor-element elementor-element-018dc53 elementor-widget elementor-widget-heading\" data-id=\"018dc53\" data-element_type=\"widget\" data-widget_type=\"heading.default\">\n\t\t\t\t<div class=\"elementor-widget-container\">\n\t\t\t\t\t<h2 class=\"elementor-heading-title elementor-size-default\">D\u00fcrfen wir uns vorstellen?<\/h2>\t\t\t\t<\/div>\n\t\t\t\t<\/div>\n\t\t\t\t<div class=\"elementor-element elementor-element-28ffdcf elementor-widget elementor-widget-video\" data-id=\"28ffdcf\" data-element_type=\"widget\" data-settings=\"{&quot;youtube_url&quot;:&quot;https:\\\/\\\/www.youtube.com\\\/embed\\\/5W8JJ0OwTdo?autoplay=0&amp;hl=de&amp;controls=0&amp;disablekb=1&amp;playsinline=1&amp;cc_load_policy=0&amp;cc_lang_pref=auto&amp;widget_referrer=https%3A%2F%2Falt.gps-jobsearch.com%2Fde%2Foutplacement-beratung&amp;rel=0&amp;showinfo=0&amp;iv_load_policy=3&amp;modestbranding=1&amp;customControls=true&amp;noCookie=false&amp;enablejsapi=1&amp;origin=https%3A%2F%2Falt.gps-jobsearch.com&amp;widgetid=1&quot;,&quot;video_type&quot;:&quot;youtube&quot;,&quot;controls&quot;:&quot;yes&quot;}\" data-widget_type=\"video.default\">\n\t\t\t\t<div class=\"elementor-widget-container\">\n\t\t\t\t\t\t\t<div class=\"elementor-wrapper elementor-open-inline\">\n\t\t\t<div class=\"elementor-video\"><\/div>\t\t<\/div>\n\t\t\t\t\t\t<\/div>\n\t\t\t\t<\/div>\n\t\t\t\t\t<\/div>\n\t\t\t\t<\/div>\n\t\t<div class=\"elementor-element elementor-element-fd33bb0 e-flex e-con-boxed e-con e-parent\" data-id=\"fd33bb0\" data-element_type=\"container\" data-settings=\"{&quot;jet_parallax_layout_list&quot;:[]}\">\n\t\t\t\t\t<div class=\"e-con-inner\">\n\t\t\t\t<div class=\"elementor-element elementor-element-ace08ee elementor-testimonial--skin-default elementor-testimonial--layout-image_inline elementor-testimonial--align-center elementor-arrows-yes elementor-pagination-type-bullets elementor-widget elementor-widget-testimonial-carousel\" data-id=\"ace08ee\" data-element_type=\"widget\" data-settings=\"{&quot;show_arrows&quot;:&quot;yes&quot;,&quot;pagination&quot;:&quot;bullets&quot;,&quot;speed&quot;:500,&quot;autoplay&quot;:&quot;yes&quot;,&quot;autoplay_speed&quot;:5000,&quot;loop&quot;:&quot;yes&quot;,&quot;pause_on_hover&quot;:&quot;yes&quot;,&quot;pause_on_interaction&quot;:&quot;yes&quot;,&quot;space_between&quot;:{&quot;unit&quot;:&quot;px&quot;,&quot;size&quot;:10,&quot;sizes&quot;:[]},&quot;space_between_widescreen&quot;:{&quot;unit&quot;:&quot;px&quot;,&quot;size&quot;:10,&quot;sizes&quot;:[]},&quot;space_between_tablet&quot;:{&quot;unit&quot;:&quot;px&quot;,&quot;size&quot;:10,&quot;sizes&quot;:[]},&quot;space_between_mobile&quot;:{&quot;unit&quot;:&quot;px&quot;,&quot;size&quot;:10,&quot;sizes&quot;:[]}}\" data-widget_type=\"testimonial-carousel.default\">\n\t\t\t\t<div class=\"elementor-widget-container\">\n\t\t\t\t\t\t\t\t\t<div class=\"elementor-swiper\">\n\t\t\t\t\t<div class=\"elementor-main-swiper swiper\" role=\"region\" aria-roledescription=\"carousel\" aria-label=\"Slides\">\n\t\t\t\t<div class=\"swiper-wrapper\">\n\t\t\t\t\t\t\t\t\t\t\t<div class=\"swiper-slide\" role=\"group\" aria-roledescription=\"slide\">\n\t\t\t\t\t\t\t\t\t<div class=\"elementor-testimonial\">\n\t\t\t\t\t\t\t<div class=\"elementor-testimonial__content\">\n\t\t\t\t\t<div class=\"elementor-testimonial__text\">\n\t\t\t\t\t\t\n\t\t\t\t\t\tDas Konzept und der von Ihnen beschriebene gps-jobsearch Prozess hatte mich sehr angesprochen, auch nach einem Vergleich mit Ihren Mitbewerbern. Insbesondere Ihr Praxisbezug und Ihr Netzwerk schienen mir erfolgversprechend. Deshalb hatte ich mich schlussendlich f\u00fcr gps-jobsearch entscheiden. Das Strategiemeeting, das Erstellen der Unterlagen, die Trainings zum eigenen Auftritt bei potentiellen Arbeitgebern sowie Ihre Netzwerkarbeit erwiesen sich dann als sehr hilfreich und zielf\u00fchrend. Die gps-Bewerbungen erbrachten etliche Bewerbungsgespr\u00e4che, die schlussendlich zum Erfolg f\u00fchrten. Meinen heutigen Vertrag habe ich gps-jobsearch zu verdanken! Vielen Dank f\u00fcr Ihre professionelle Unterst\u00fctzung in den vergangenen Wochen.\t\t\t\t\t\t\t\t\t\t<\/div>\n\t\t\t\t\t\t\t\t\t<\/div>\n\t\t\t\t\t\t<div class=\"elementor-testimonial__footer\">\n\t\t\t\t\t\t\t\t<cite class=\"elementor-testimonial__cite\"><span class=\"elementor-testimonial__name\">O.R., 53 Jahre, COO in einem Unternehmen in Bayern (D) <\/span><\/cite>\t\t\t<\/div>\n\t\t<\/div>\n\t\t\t\t\t\t\t\t<\/div>\n\t\t\t\t\t\t\t\t\t\t\t<div class=\"swiper-slide\" role=\"group\" aria-roledescription=\"slide\">\n\t\t\t\t\t\t\t\t\t<div class=\"elementor-testimonial\">\n\t\t\t\t\t\t\t<div class=\"elementor-testimonial__content\">\n\t\t\t\t\t<div class=\"elementor-testimonial__text\">\n\t\t\t\t\t\t\n\t\t\t\t\t\tIch werde nun schon nach ca. drei Monaten eine neue Besch\u00e4ftigung beginnen. [...] Sie haben mich in einer schweren Phase wieder aufgebaut und mir den eigenen Wert wieder deutlich gemacht. [...] Vielen Dank f\u00fcr Ihre offene und ehrliche Unterst\u00fctzung in dieser Zeit. Sie haben mir sehr geholfen, einen f\u00fcr mich positiven Abschluss dieser Lebenssituation zu finden.\t\t\t\t\t\t\t\t\t\t<\/div>\n\t\t\t\t\t\t\t\t\t<\/div>\n\t\t\t\t\t\t<div class=\"elementor-testimonial__footer\">\n\t\t\t\t\t\t\t\t<cite class=\"elementor-testimonial__cite\"><span class=\"elementor-testimonial__name\"> T. S., CEO in einem Unternehmen in NRW (D) <\/span><\/cite>\t\t\t<\/div>\n\t\t<\/div>\n\t\t\t\t\t\t\t\t<\/div>\n\t\t\t\t\t\t\t\t\t\t\t<div class=\"swiper-slide\" role=\"group\" aria-roledescription=\"slide\">\n\t\t\t\t\t\t\t\t\t<div class=\"elementor-testimonial\">\n\t\t\t\t\t\t\t<div class=\"elementor-testimonial__content\">\n\t\t\t\t\t<div class=\"elementor-testimonial__text\">\n\t\t\t\t\t\tAn dieser Stelle meinen herzlichen Dank f\u00fcr das von Ihnen erzielte  Ergebnis und die w\u00e4hrend des gesamten Prozesses hervorragende und h\u00f6chst  professionelle Unterst\u00fctzung.\t\t\t\t\t\t\t\t\t\t<\/div>\n\t\t\t\t\t\t\t\t\t<\/div>\n\t\t\t\t\t\t<div class=\"elementor-testimonial__footer\">\n\t\t\t\t\t\t\t\t<cite class=\"elementor-testimonial__cite\"><span class=\"elementor-testimonial__name\"> H. N., 46 Jahre, Vorstand in einem Unternehmen in Hessen (D) <\/span><\/cite>\t\t\t<\/div>\n\t\t<\/div>\n\t\t\t\t\t\t\t\t<\/div>\n\t\t\t\t\t\t\t\t\t<\/div>\n\t\t\t\t\t\t\t\t\t\t\t\t\t\t\t<div class=\"elementor-swiper-button elementor-swiper-button-prev\" role=\"button\" tabindex=\"0\" aria-label=\"Voriger\">\n\t\t\t\t\t\t\t<svg aria-hidden=\"true\" class=\"e-font-icon-svg e-eicon-chevron-left\" viewBox=\"0 0 1000 1000\" xmlns=\"http:\/\/www.w3.org\/2000\/svg\"><path d=\"M646 125C629 125 613 133 604 142L308 442C296 454 292 471 292 487 292 504 296 521 308 533L604 854C617 867 629 875 646 875 663 875 679 871 692 858 704 846 713 829 713 812 713 796 708 779 692 767L438 487 692 225C700 217 708 204 708 187 708 171 704 154 692 142 675 129 663 125 646 125Z\"><\/path><\/svg>\t\t\t\t\t\t<\/div>\n\t\t\t\t\t\t<div class=\"elementor-swiper-button elementor-swiper-button-next\" role=\"button\" tabindex=\"0\" aria-label=\"N\u00e4chster\">\n\t\t\t\t\t\t\t<svg aria-hidden=\"true\" class=\"e-font-icon-svg e-eicon-chevron-right\" viewBox=\"0 0 1000 1000\" xmlns=\"http:\/\/www.w3.org\/2000\/svg\"><path d=\"M696 533C708 521 713 504 713 487 713 471 708 454 696 446L400 146C388 133 375 125 354 125 338 125 325 129 313 142 300 154 292 171 292 187 292 204 296 221 308 233L563 492 304 771C292 783 288 800 288 817 288 833 296 850 308 863 321 871 338 875 354 875 371 875 388 867 400 854L696 533Z\"><\/path><\/svg>\t\t\t\t\t\t<\/div>\n\t\t\t\t\t\t\t\t\t\t\t\t\t\t\t\t<div class=\"swiper-pagination\"><\/div>\n\t\t\t\t\t\t\t\t\t\t\t\t<\/div>\n\t\t\t\t<\/div>\n\t\t\t\t\t\t\t\t<\/div>\n\t\t\t\t<\/div>\n\t\t\t\t\t<\/div>\n\t\t\t\t<\/div>\n\t\t\t\t<\/div>\n\t\t","protected":false},"excerpt":{"rendered":"<p>Inverses Headhunting in Salzburg &#8211; Ihr direkter Weg zu F\u00fchrungspositionen gps-jobsearch: Ihr starker Partner f\u00fcr inverses Headhunting Sie sind F\u00fchrungskraft und auf der Suche nach einer neuen beruflichen Herausforderung in Salzburg? Sie m\u00f6chten Ihre Karriere nahtlos fortsetzen und ziehen Outplacement-Consulting in Betracht?\u00a0 Mit inversem Headhunting gehen Sie sogar noch einen Schritt weiter. Die Services von [&hellip;]<\/p>\n","protected":false},"author":5,"featured_media":0,"parent":0,"menu_order":17,"comment_status":"closed","ping_status":"closed","template":"","meta":{"footnotes":""},"seiten-kategorie":[],"class_list":["post-3722","page","type-page","status-publish","hentry"],"_links":{"self":[{"href":"https:\/\/www.gps-jobsearch.com\/de\/wp-json\/wp\/v2\/pages\/3722","targetHints":{"allow":["GET"]}}],"collection":[{"href":"https:\/\/www.gps-jobsearch.com\/de\/wp-json\/wp\/v2\/pages"}],"about":[{"href":"https:\/\/www.gps-jobsearch.com\/de\/wp-json\/wp\/v2\/types\/page"}],"author":[{"embeddable":true,"href":"https:\/\/www.gps-jobsearch.com\/de\/wp-json\/wp\/v2\/users\/5"}],"replies":[{"embeddable":true,"href":"https:\/\/www.gps-jobsearch.com\/de\/wp-json\/wp\/v2\/comments?post=3722"}],"version-history":[{"count":104,"href":"https:\/\/www.gps-jobsearch.com\/de\/wp-json\/wp\/v2\/pages\/3722\/revisions"}],"predecessor-version":[{"id":7992,"href":"https:\/\/www.gps-jobsearch.com\/de\/wp-json\/wp\/v2\/pages\/3722\/revisions\/7992"}],"wp:attachment":[{"href":"https:\/\/www.gps-jobsearch.com\/de\/wp-json\/wp\/v2\/media?parent=3722"}],"wp:term":[{"taxonomy":"seiten-kategorie","embeddable":true,"href":"https:\/\/www.gps-jobsearch.com\/de\/wp-json\/wp\/v2\/seiten-kategorie?post=3722"}],"curies":[{"name":"wp","href":"https:\/\/api.w.org\/{rel}","templated":true}]}}