{"id":3244,"date":"2024-10-16T09:07:25","date_gmt":"2024-10-16T09:07:25","guid":{"rendered":"https:\/\/staging.gps-jobsearch.com\/?page_id=3244"},"modified":"2025-06-06T04:52:40","modified_gmt":"2025-06-06T04:52:40","slug":"datenschutzerklaerung","status":"publish","type":"page","link":"https:\/\/www.gps-jobsearch.com\/de\/datenschutzerklaerung\/","title":{"rendered":"Datenschutzerkl\u00e4rung"},"content":{"rendered":"\t\t<div data-elementor-type=\"wp-page\" data-elementor-id=\"3244\" class=\"elementor elementor-3244\" data-elementor-post-type=\"page\">\n\t\t\t\t<div class=\"elementor-element elementor-element-c8a14d3 e-flex e-con-boxed e-con e-parent\" data-id=\"c8a14d3\" data-element_type=\"container\" data-settings=\"{&quot;jet_parallax_layout_list&quot;:[]}\">\n\t\t\t\t\t<div class=\"e-con-inner\">\n\t\t<div class=\"elementor-element elementor-element-6039b76 e-grid e-con-full e-con e-child\" data-id=\"6039b76\" data-element_type=\"container\" data-settings=\"{&quot;jet_parallax_layout_list&quot;:[]}\">\n\t\t\t\t<div class=\"elementor-element elementor-element-a62c4d2 elementor-widget elementor-widget-text-editor\" data-id=\"a62c4d2\" data-element_type=\"widget\" data-widget_type=\"text-editor.default\">\n\t\t\t\t<div class=\"elementor-widget-container\">\n\t\t\t\t\t\t\t\t\t<h1>[1.] Datenschutzerkl\u00e4rung<\/h1><p>Wir verarbeiten Ihre personenbezogenen Daten ausschlie\u00dflich im Rahmen der Bestimmungen der Datenschutzgrundverordnung (DSGVO) sowie des Datenschutzgesetzes. Nachfolgend unterrichten wir Sie \u00fcber uns sowie Art, Umfang und Zweck der Datenerhebung und Verwendung:<\/p><p>[2.] Wer wir sind<\/p><p>Verantwortlich f\u00fcr die Verarbeitung Ihrer personenbezogenen Daten auf unserer Website ist die Firma gp solutions GmbH. Die Daten der Firma finden Sie im Impressum (Link zum Impressum).<\/p><p>[3.] Erhebung und Verarbeitung von Daten<\/p><p>Wir verarbeiten jene personenbezogenen Daten, die Sie uns als Nutzer der Website und\/oder als Kunde durch Angaben, etwa im Rahmen einer Anfrage oder Registrierung oder zum Abschluss eines Vertrages, zur Verf\u00fcgung stellen. Die Datenverarbeitung erfolgt zu folgenden Zwecken [Beschreibung der Zwecke der Verarbeitung ].<\/p><ul><li>zur Abwicklung Ihrer Anfrage<\/li><li>zur Kontaktaufnahme mit Ihnen<\/li><li>zur Vertragsabwicklung<\/li><li>zur gezielten Information hinsichtlich Neuerungen zu Angeboten\/Produkten<\/li><li>zur Abwicklung von Aktualisierungen der Kundenkartei<\/li><\/ul><p>Rechtsgrundlage der Datenverarbeitung ist sind:<\/p><p>\u2022 Vertragsanbahnung- und -erf\u00fcllung gem Art 6 Abs 1 b DSGVO. Um Ihre Anfrage zur vollsten Zufriedenheit abwickeln zu k\u00f6nnen, ben\u00f6tigen wir Ihre Daten.<br \/>\u2022 Marketing und Werbung gem Art 6 Abs 1 lit f DSGVO. Als Interessenten zu unserem Angebot m\u00f6chten wir Sie gerne aktuell und gezielt \u00fcber Neuerungen und Angebote unserer Produkte informieren.<\/p><p>[4.] Nutzung und Weitergabe personenbezogener Daten<\/p><p>Soweit Sie uns als Nutzer unserer Webseite und\/oder Kunde personenbezogene Daten zur Verf\u00fcgung gestellt haben, verwenden wir diese nur zur Beantwortung Ihrer Anfragen, zur Abwicklung von Vertr\u00e4gen und f\u00fcr die technische Administration. Personenbezogene Daten werden von uns an Dritte nur weitergegeben bzw. \u00fcbermittelt, wenn dies zum Zwecke der Vertragsabwicklung oder zu Abrechnungszwecken erforderlich ist, oder Sie als Nutzer der Website und\/oder Kunde zuvor eingewilligt haben. Als Nutzer der Website und\/oder Kunde haben Sie das Recht, eine erteilte Einwilligung mit Wirkung f\u00fcr die Zukunft jederzeit zu widerrufen. Die L\u00f6schung der gespeicherten personenbezogenen Daten erfolgt, wenn Sie als Nutzer der Website und\/oder Kunde die Einwilligung zur Speicherung widerrufen, wenn Ihre Daten zur Erf\u00fcllung des mit der Speicherung verfolgten Zwecks nicht mehr erforderlich sind, oder wenn Ihre Speicherung aus sonstigen gesetzlichen Gr\u00fcnden unzul\u00e4ssig ist bzw. wird. Daten f\u00fcr Abrechnungszwecke und buchhalterische Zwecke werden von einem L\u00f6schungsverlangen nicht ber\u00fchrt.<\/p><p>[5.] Auskunft, Berichtigung, L\u00f6schung<\/p><p>Auf schriftliche Anfrage informieren wir Sie jederzeit gerne \u00fcber die zu Ihrer Person gespeicherten Daten. Richten Sie Ihre Anfrage bitte an office@gps-jobsearch.com oder gp solutions GmbH, Buchberg 67, 4863 Seewalchen. Sollten Ihre von uns verarbeiteten Daten nicht richtig sein, unterrichten Sie uns bitte dar\u00fcber. Wir werden diese unverz\u00fcglich richtigstellen, und Sie dar\u00fcber informieren. Im Falle, dass Sie eine Verarbeitung Ihrer Daten durch uns nicht l\u00e4nger w\u00fcnschen, ersuchen wir Sie uns dies formlos unter office@gps-jobsearch.com oder gp solutions GmbH, Buchberg 67, 4863 Seewalchen mitzuteilen. Wir werden Ihre Daten selbstverst\u00e4ndlich umgehend l\u00f6schen und Sie davon informieren. Sollten zwingende rechtliche Gr\u00fcnde einer L\u00f6schung entgegenstehen, werden Sie dahingehend umgehend von uns benachrichtigt.<\/p><p>Weiters haben Sie das Recht auf Beschwerde bei der Aufsichtsbeh\u00f6rde (\u00d6sterreichische Datenschutzbeh\u00f6rde, Wickenburggasse 8, 1080 Wien, dsb@dsb.gv.at).<\/p><p>[6.] Cookies<\/p><p>Unsere Internetseite verwendet Cookies. Cookies sind kleine Textdateien, die beim Besuch einer Internetseite verschickt und auf der Festplatte des Nutzers der Website und\/oder Kunden zwischengespeichert werden. Wird der entsprechende Server unserer Webseite erneut vom Nutzer der Website und\/oder Kunden aufgerufen, sendet der Browser des Nutzers der Website und\/oder des Kunden den zuvor empfangenen Cookie wieder zur\u00fcck an den Server. Der Server kann dann die durch diese Prozedur erhaltenen Informationen auf verschiedene Arten auswerten. Durch Cookies k\u00f6nnen zB Werbeeinblendungen gesteuert oder das Navigieren auf einer Internetseite erleichtert werden. Wenn der Nutzer der Website und\/oder Kunde die Nutzung von Cookies unterbinden will, kann er dies durch lokale Vornahme der \u00c4nderungen seiner Einstellungen in dem auf seinem Computer verwendeten Internetbrowser, also dem Programm zum \u00d6ffnen und Anzeigen von Internetseiten (zB Internet Explorer, Mozilla Firefox, Opera oder Safari) tun.<\/p>\t\t\t\t\t\t\t\t<\/div>\n\t\t\t\t<\/div>\n\t\t\t\t<div class=\"elementor-element elementor-element-086f02b elementor-widget elementor-widget-text-editor\" data-id=\"086f02b\" data-element_type=\"widget\" data-widget_type=\"text-editor.default\">\n\t\t\t\t<div class=\"elementor-widget-container\">\n\t\t\t\t\t\t\t\t\t<p>[7.] Google Analytics<\/p>\n<p>Diese Website verwendet Google Analytics, einen Webanalysedienst der Google Inc, 1600 Amphitheatre Parkway Mountain View, CA 94043, USA (\u201eGoogle\u201c) auf der Rechtsgrundlage des \u00fcberwiegenden berechtigten Interesses (Analyse der Websitenutzung). Wir haben dazu mit Google einen Vertrag zur Auftragsdatenverarbeitung abgeschlossen.<\/p>\n<p>Beim Aufruf unserer Webseite wird \u00fcber eine Software eine Verbindung zu den Servern von Google hergestellt und Daten an teils in den USA befindliche Server von Google \u00fcbermittelt. Google Analytics verwendet zudem Cookies zur Speicherung von Informationen \u00fcber den Website-Benutzer und zur Analyse der Benutzung der Website durch die Website-Benutzer.<\/p>\n<p>Diese Website nutzt die Funktion &#8222;IP-Anonymisierung&#8220;. Dadurch wird Ihre IP-Adresse von Google innerhalb von Mitgliedstaaten der Europ\u00e4ischen Union oder in anderen Vertragsstaaten des Abkommens \u00fcber den Europ\u00e4ischen Wirtschaftsraum zuvor gek\u00fcrzt und damit anonymisiert. Nur in Ausnahmef\u00e4llen wird die volle IP-Adresse an einen Server von Google in den USA \u00fcbertragen und dort gek\u00fcrzt.<\/p>\n<p>Laut Angaben von Google wird Google die erhobenen Daten benutzen, um die Nutzung der Website auszuwerten, um Reports \u00fcber die Websiteaktivit\u00e4ten zusammenzustellen und um weitere mit der Websitenutzung und der Internetnutzung verbundene Dienstleistungen zu erbringen.<\/p>\n<p>Auch wird Google diese Informationen gegebenenfalls an Dritte \u00fcbertragen, sofern dies gesetzlich vorgeschrieben ist oder soweit Dritte diese Daten im Auftrag von Google verarbeiten.<\/p>\n<p>Detaillierte Informationen zum Umgang mit Nutzerdaten bei Google Analytics finden Sie in der&nbsp;<a href=\"https:\/\/www.google.com\/intl\/de\/policies\/privacy\" target=\"_blank\" rel=\"noopener\">Datenschutzerkl\u00e4rung von Google<\/a>&nbsp;bzw.&nbsp;<a href=\"https:\/\/support.google.com\/analytics\/answer\/6004245?hl=de\" target=\"_blank\" rel=\"noopener\">allgemeine Informationen zum Datenschutz von Google.<\/a><\/p>\n<p>[7.1.] Google Analytics deaktivieren<\/p>\n<p>Sie k\u00f6nnen die Erfassung Ihrer Nutzerdaten&nbsp;<strong>auf<\/strong>&nbsp;<strong>unserer Website generell<\/strong>&nbsp;verhindern, indem Sie in Ihrem Webbrowser \u201eDo Not Track\u201c einstellen. Unsere Website ber\u00fccksichtigt das \u201eDo Not Track\u201c-Signal, das Ihr Webbrowser dann an alle Websites sendet.<\/p>\n<p>Sie k\u00f6nnen die Erfassung Ihrer Nutzerdaten durch Google Analytics generell&nbsp;<strong>auf allen Websites verhindern<\/strong>, indem Sie das unter dem folgenden Link verf\u00fcgbare Browser-Plugin herunterladen und installieren:<\/p>\n<p>https:\/\/tools.google.com\/dlpage\/gaoptout?hl=de<\/p>\n<p>Sie k\u00f6nnen die Erfassung Ihrer Nutzerdaten durch Google Analytics&nbsp;<strong>nur auf dieser Website<\/strong>&nbsp;verhindern, indem Sie auf folgenden Link klicken. Es wird ein Opt-Out-Cookie gesetzt, das die Erfassung Ihrer Daten bei zuk\u00fcnftigen Besuchen dieser Website verhindert:<\/p>\n<p><a class=\"opt-out-container__button\" style=\"--tw-border-spacing-x: 0; --tw-border-spacing-y: 0; --tw-translate-x: 0; --tw-translate-y: 0; --tw-rotate: 0; --tw-skew-x: 0; --tw-skew-y: 0; --tw-scale-x: 1; --tw-scale-y: 1; --tw-pan-x: ; --tw-pan-y: ; --tw-pinch-zoom: ; --tw-scroll-snap-strictness: proximity; --tw-gradient-from-position: ; --tw-gradient-via-position: ; --tw-gradient-to-position: ; --tw-ordinal: ; --tw-slashed-zero: ; --tw-numeric-figure: ; --tw-numeric-spacing: ; --tw-numeric-fraction: ; --tw-ring-inset: ; --tw-ring-offset-width: 0px; --tw-ring-offset-color: #fff; --tw-ring-color: rgb(59 130 246 \/ .5); --tw-ring-offset-shadow: 0 0 #0000; --tw-ring-shadow: 0 0 #0000; --tw-shadow: 0 0 #0000; --tw-shadow-colored: 0 0 #0000; --tw-blur: ; --tw-brightness: ; --tw-contrast: ; --tw-grayscale: ; --tw-hue-rotate: ; --tw-invert: ; --tw-saturate: ; --tw-sepia: ; --tw-drop-shadow: ; --tw-backdrop-blur: ; --tw-backdrop-brightness: ; --tw-backdrop-contrast: ; --tw-backdrop-grayscale: ; --tw-backdrop-hue-rotate: ; --tw-backdrop-invert: ; --tw-backdrop-opacity: ; --tw-backdrop-saturate: ; --tw-backdrop-sepia: ; box-sizing: inherit; background-color: rgb(255, 255, 255); color: rgb(228, 5, 19); touch-action: manipulation; font-family: &quot;News Cycle&quot;, -apple-system, system-ui, &quot;system-ui&quot;, &quot;Segoe UI&quot;, Roboto, &quot;Helvetica Neue&quot;, Arial, sans-serif; text-align: center;\">Klicken Sie hier, um von der Erfassung \u00fcber den Google Tag Manager ausgeschlossen zu werden.<\/a><br><\/p>\n<p>[8.] Kontaktformular<\/p>\n<p>Nach Absenden des Kontaktformulars erfolgt eine Verarbeitung der von Ihnen eingegebenen personenbezogenen Daten durch den datenschutzrechtlich Verantwortlichen zum Zweck der Bearbeitung Ihrer Anfrage auf Grundlage Ihrer durch das Absenden des Formulars erteilten Einwilligung.<\/p>\n<p>Es besteht keine gesetzliche oder vertragliche Verpflichtung zur Bereitstellung der personenbezogenen Daten. Die Nichtbereitstellung hat lediglich zur Folge, dass Sie Ihr Anliegen nicht \u00fcbermitteln und wir dieses nicht bearbeiten k\u00f6nnen.<\/p>\n<p>Sie haben das Recht, Ihre Einwilligung jederzeit durch schriftliche Mitteilung zu widerrufen, ohne dass die Rechtm\u00e4\u00dfigkeit der aufgrund der Einwilligung bis zum Widerruf erfolgten Verarbeitung ber\u00fchrt wird.<\/p>\n<p>Es erfolgt eine Weiterverarbeitung der Daten, welche mit dem urspr\u00fcnglichen Verarbeitungszweck vereinbar ist, auf derselben Rechtsgrundlage zum Zweck des Direktmarketings in nicht einwilligungspflichtigen Formen, wie dem adressierten postalischen Versand von Werbung, bis auf Widerspruch. In diesem Fall erfolgt eine Weitergabe der Daten an den Versanddienstleister.<\/p>\n<p>Sie haben das Recht, der Verwendung Ihrer personenbezogenen Daten zum Zweck der Direktwerbung jederzeit durch schriftliche Mitteilung zu widersprechen. Im Fall des Widerspruchs werden Ihre personenbezogenen Daten nicht mehr zum Zweck der Direktwerbung verarbeitet.<\/p>\t\t\t\t\t\t\t\t<\/div>\n\t\t\t\t<\/div>\n\t\t\t\t<\/div>\n\t\t\t\t\t<\/div>\n\t\t\t\t<\/div>\n\t\t\t\t<\/div>\n\t\t","protected":false},"excerpt":{"rendered":"<p>[1.] Datenschutzerkl\u00e4rung Wir verarbeiten Ihre personenbezogenen Daten ausschlie\u00dflich im Rahmen der Bestimmungen der Datenschutzgrundverordnung (DSGVO) sowie des Datenschutzgesetzes. Nachfolgend unterrichten wir Sie \u00fcber uns sowie Art, Umfang und Zweck der Datenerhebung und Verwendung: [2.] Wer wir sind Verantwortlich f\u00fcr die Verarbeitung Ihrer personenbezogenen Daten auf unserer Website ist die Firma gp solutions GmbH. Die Daten [&hellip;]<\/p>\n","protected":false},"author":4,"featured_media":0,"parent":0,"menu_order":31,"comment_status":"closed","ping_status":"closed","template":"","meta":{"footnotes":""},"seiten-kategorie":[],"class_list":["post-3244","page","type-page","status-publish","hentry"],"_links":{"self":[{"href":"https:\/\/www.gps-jobsearch.com\/de\/wp-json\/wp\/v2\/pages\/3244","targetHints":{"allow":["GET"]}}],"collection":[{"href":"https:\/\/www.gps-jobsearch.com\/de\/wp-json\/wp\/v2\/pages"}],"about":[{"href":"https:\/\/www.gps-jobsearch.com\/de\/wp-json\/wp\/v2\/types\/page"}],"author":[{"embeddable":true,"href":"https:\/\/www.gps-jobsearch.com\/de\/wp-json\/wp\/v2\/users\/4"}],"replies":[{"embeddable":true,"href":"https:\/\/www.gps-jobsearch.com\/de\/wp-json\/wp\/v2\/comments?post=3244"}],"version-history":[{"count":7,"href":"https:\/\/www.gps-jobsearch.com\/de\/wp-json\/wp\/v2\/pages\/3244\/revisions"}],"predecessor-version":[{"id":6359,"href":"https:\/\/www.gps-jobsearch.com\/de\/wp-json\/wp\/v2\/pages\/3244\/revisions\/6359"}],"wp:attachment":[{"href":"https:\/\/www.gps-jobsearch.com\/de\/wp-json\/wp\/v2\/media?parent=3244"}],"wp:term":[{"taxonomy":"seiten-kategorie","embeddable":true,"href":"https:\/\/www.gps-jobsearch.com\/de\/wp-json\/wp\/v2\/seiten-kategorie?post=3244"}],"curies":[{"name":"wp","href":"https:\/\/api.w.org\/{rel}","templated":true}]}}