{"id":3094,"date":"2024-10-07T19:13:13","date_gmt":"2024-10-07T19:13:13","guid":{"rendered":"https:\/\/staging.gps-jobsearch.com\/?page_id=3094"},"modified":"2025-08-14T15:19:31","modified_gmt":"2025-08-14T15:19:31","slug":"regionale-und-branchenherkunft-unserer-kunden","status":"publish","type":"page","link":"https:\/\/www.gps-jobsearch.com\/de\/regionale-und-branchenherkunft-unserer-kunden\/","title":{"rendered":"Herkunft unserer Kunden"},"content":{"rendered":"\t\t<div data-elementor-type=\"wp-page\" data-elementor-id=\"3094\" class=\"elementor elementor-3094\" data-elementor-post-type=\"page\">\n\t\t\t\t<div class=\"elementor-element elementor-element-3148cafd e-flex e-con-boxed e-con e-parent\" data-id=\"3148cafd\" data-element_type=\"container\" data-settings=\"{&quot;jet_parallax_layout_list&quot;:[]}\">\n\t\t\t\t\t<div class=\"e-con-inner\">\n\t\t\t\t<div class=\"elementor-element elementor-element-5da91113 elementor-widget elementor-widget-text-editor\" data-id=\"5da91113\" data-element_type=\"widget\" data-widget_type=\"text-editor.default\">\n\t\t\t\t<div class=\"elementor-widget-container\">\n\t\t\t\t\t\t\t\t\t\n<div class=\"wp-block-columns is-layout-flex wp-container-core-columns-is-layout-28f84493 wp-block-columns-is-layout-flex\">\n<div class=\"wp-block-column is-layout-flow wp-block-column-is-layout-flow\">\n<h1 class=\"wp-block-heading\"><strong>Regionale Herkunft unserer Kunden<\/strong><\/h1>\n\n<p>F\u00fcr uns macht es keinen Unterschied, aus welchen L\u00e4ndern unsere Kunden kommen oder welche Sprache Sie sprechen.<\/p>\n\n<p>Auch spielt es keine Rolle, ob Sie eine\u00a0<a href=\"https:\/\/www.gps-jobsearch.com\/de\/jobsuche-fuehrungskraefte\/\">Managementposition<\/a>\u00a0in der DACH-Region haben m\u00f6chten, oder Ihr n\u00e4chster Schritt Sie ins berufliche Ausland f\u00fchren soll oder eventuell dann als Expat vom Ausland wieder retour.<\/p>\n\n<p>Die folgende prozentuelle Verteilung zur Herkunft gps<em>-jobsearch<\/em>\u00a0Kunden hat nichts mit unserer Vorliebe f\u00fcr L\u00e4nder oder Kulturen zu tun, sondern entspricht eher der Bev\u00f6lkerungszahl in diesen L\u00e4ndern der DACH-Region.<\/p>\n\n<ul class=\"wp-block-list\">\n<li>74% aus Deutschland<\/li>\n\n<li>14% aus \u00d6sterreich<\/li>\n\n<li>9% aus der Schweiz<\/li>\n\n<li>3% aus anderen L\u00e4ndern<\/li>\n<\/ul>\n\n<p><strong>Davon haben<\/strong><\/p>\n\n<ul class=\"wp-block-list\">\n<li>92% Deutsch als Muttersprache und<\/li>\n\n<li>8% eine andere Sprache<\/li>\n<\/ul>\n\n<p><strong>Sowie sind davon<\/strong><\/p>\n\n<ul class=\"wp-block-list\">\n<li>12% Expats pro Jahr, welche zur\u00fcck in die DACH-Region wollen oder nach einer neuen Top-Position im Ausland suchen.<\/li>\n<\/ul>\n<\/div>\n\n<div class=\"wp-block-column is-layout-flow wp-block-column-is-layout-flow\">\n<figure class=\"wp-block-image size-large\"><img fetchpriority=\"high\" decoding=\"async\" width=\"1024\" height=\"813\" class=\"wp-image-867\" src=\"https:\/\/www.gps-jobsearch.com\/wp-content\/uploads\/2024\/07\/Herkunft.jpeg-1440x1143-1-1024x813.png\" alt=\"\" srcset=\"https:\/\/www.gps-jobsearch.com\/wp-content\/uploads\/2024\/07\/Herkunft.jpeg-1440x1143-1-1024x813.png 1024w, https:\/\/www.gps-jobsearch.com\/wp-content\/uploads\/2024\/07\/Herkunft.jpeg-1440x1143-1-300x238.png 300w, https:\/\/www.gps-jobsearch.com\/wp-content\/uploads\/2024\/07\/Herkunft.jpeg-1440x1143-1-768x610.png 768w, https:\/\/www.gps-jobsearch.com\/wp-content\/uploads\/2024\/07\/Herkunft.jpeg-1440x1143-1.png 1440w\" sizes=\"(max-width: 1024px) 100vw, 1024px\" \/><\/figure>\n<\/div>\n<\/div>\n\n<div class=\"wp-block-columns is-layout-flex wp-container-core-columns-is-layout-28f84493 wp-block-columns-is-layout-flex\">\n<div class=\"wp-block-column is-layout-flow wp-block-column-is-layout-flow\">\n<h2 class=\"wp-block-heading\"><strong>Branchenbetreuung nur, wo wir auch selbst aktiv vertreten sind<\/strong><\/h2>\n\n<p>Um auf die unterschiedlichen Branchenanforderungen die richtigen und entscheidenden Antworten zu haben, haben wir in den Jahren seit der Gr\u00fcndung von\u00a0<em>gps-jobsearch\u00a0<\/em> im Jahr 2008, ein\u00a0tragf\u00e4higes Netzwerk\u00a0mit speziellen Branchenkompetenzzentren in der gesamten DACH-Region aufgebaut. 420 Personen mit 1.300 aktiven Mandaten in Aufsichts-, Beir\u00e4ten u\/o Verwaltungsr\u00e4ten, wo wir nicht gleichzeitig in mehreren dieser Gremien aktiv vertreten sind.<\/p>\n<\/div>\n\n<div class=\"wp-block-column is-layout-flow wp-block-column-is-layout-flow\">\n<h2 class=\"wp-block-heading\"><strong>Spezielles Wissen zu den 6 \u201eW\u201c\u00a0<\/strong><\/h2>\n\n<p><strong>W<\/strong>o<strong>\u00a0<\/strong>und in\u00a0<strong>W<\/strong>elchen Unternehmen und Regionen,<strong>\u00a0W<\/strong>ann<strong>\u00a0<\/strong>eine neue Position,\u00a0<strong>W<\/strong>ie und\u00a0<strong>W<\/strong>arum und vor allem mit\u00a0<strong>W<\/strong>elchen Spezifikationen besetzt werden soll, geht ohne in diesen Gremien aktiv vertreten zu sein an jedem vorbei.<\/p>\n\n<p>Insiderwissen\u00a0dazu macht es nur dann m\u00f6glich Bewerbungen genau auf den Punkt zu bringen und den einen Schritt voraus zu sein.\u00a0<strong>\u201eOne Step Ahead\u201c<\/strong>\u00a0\u00a0<\/p>\n<\/div>\n<\/div>\n\n<div class=\"wp-block-columns is-layout-flex wp-container-core-columns-is-layout-28f84493 wp-block-columns-is-layout-flex\">\n<div class=\"wp-block-column is-layout-flow wp-block-column-is-layout-flow\">\n<p><strong>\u201eJedem Bergsteiger, jedem Spitzensportler, jedem Manager ist bekannt, dass Erfahrung durch nichts zu ersetzen ist. Vor allem, wenn es um H\u00f6chstleistungen geht.<\/strong><br \/><br \/><strong>Je n\u00e4her Sie dem Gipfel kommen, je h\u00f6her dieser und Ihre Position ist, desto d\u00fcnner die Luft im Rahmen einer Bewerbung.\u201c<\/strong><\/p>\n<\/div>\n\n<div class=\"wp-block-column is-layout-flow wp-block-column-is-layout-flow\">\n<p><strong>Ohne Branchenerfahrung und direktes Netzwerk \u00fcbernehmen wir kein Projekt. Nach mehr als 1000 erfolgreich abgeschlossenen Projekten sind wir heute quer durch (beinahe) alle Branchen t\u00e4tig.<\/strong><\/p>\n<\/div>\n<\/div>\n\n<div class=\"wp-block-spacer\" style=\"height: 100px;\" aria-hidden=\"true\">\u00a0<\/div>\n<hr class=\"wp-block-separator has-alpha-channel-opacity\" \/>\n<div class=\"wp-block-spacer\" style=\"height: 100px;\" aria-hidden=\"true\">\u00a0<\/div>\n\n<div class=\"wp-block-columns is-layout-flex wp-container-core-columns-is-layout-28f84493 wp-block-columns-is-layout-flex\">\n<div class=\"wp-block-column is-layout-flow wp-block-column-is-layout-flow\">\n<h2 class=\"wp-block-heading\"><strong>Die Herkunftsbranchen der gps-jobsearch Kunden<\/strong><\/h2>\n\n<p>Nachfolgende \u201ealphabethische\u201c Auflistung und prozentuelle Verteilung hat nichts mit einer Gewichtung unserer Erfahrungen oder Kenntnisse in den verschiedenen Branchen oder mit unseren Vorlieben zu tun, sondern gibt eher einen Hinweis darauf, wie gro\u00df eine Branche ist.\u00a0<\/p>\n\n<ul class=\"wp-block-list\">\n<li>10% Automotive<\/li>\n\n<li>4% Banken und Versicherungen<\/li>\n\n<li>5% Bauwirtschaft<\/li>\n\n<li>7% Chemie<\/li>\n\n<li>5% Dienstleistungen<\/li>\n\n<li>7% Elektrotechnik<\/li>\n\n<li>10% Fast Moving Consumer Goods<\/li>\n\n<li>10% Handel<\/li>\n\n<li>6% Healthcare und Medizintechnik<\/li>\n\n<li>9% Informations- und Kommunikationstechnologie<\/li>\n\n<li>10% Maschinen- und Anlagenbau<\/li>\n\n<li>4% Mechatronik<\/li>\n\n<li>8% Pharma<\/li>\n\n<li>1% Sonstige<\/li>\n\n<li>4% Transport und Logistik<\/li>\n<\/ul>\n<\/div>\n\n<div class=\"wp-block-column is-layout-flow wp-block-column-is-layout-flow\">\n<figure class=\"wp-block-image size-large\"><img decoding=\"async\" width=\"1024\" height=\"765\" class=\"wp-image-863\" src=\"https:\/\/www.gps-jobsearch.com\/wp-content\/uploads\/2024\/07\/Branchen.jpeg-1440x1076-1-1024x765.png\" alt=\"\" srcset=\"https:\/\/www.gps-jobsearch.com\/wp-content\/uploads\/2024\/07\/Branchen.jpeg-1440x1076-1-1024x765.png 1024w, https:\/\/www.gps-jobsearch.com\/wp-content\/uploads\/2024\/07\/Branchen.jpeg-1440x1076-1-300x224.png 300w, https:\/\/www.gps-jobsearch.com\/wp-content\/uploads\/2024\/07\/Branchen.jpeg-1440x1076-1-768x574.png 768w, https:\/\/www.gps-jobsearch.com\/wp-content\/uploads\/2024\/07\/Branchen.jpeg-1440x1076-1.png 1440w\" sizes=\"(max-width: 1024px) 100vw, 1024px\" \/><\/figure>\n<\/div>\n<\/div>\n\t\t\t\t\t\t\t\t<\/div>\n\t\t\t\t<\/div>\n\t\t\t\t\t<\/div>\n\t\t\t\t<\/div>\n\t\t\t\t<\/div>\n\t\t","protected":false},"excerpt":{"rendered":"<p>Regionale Herkunft unserer Kunden F\u00fcr uns macht es keinen Unterschied, aus welchen L\u00e4ndern unsere Kunden kommen oder welche Sprache Sie sprechen. Auch spielt es keine Rolle, ob Sie eine\u00a0Managementposition\u00a0in der DACH-Region haben m\u00f6chten, oder Ihr n\u00e4chster Schritt Sie ins berufliche Ausland f\u00fchren soll oder eventuell dann als Expat vom Ausland wieder retour. Die folgende prozentuelle [&hellip;]<\/p>\n","protected":false},"author":5,"featured_media":0,"parent":0,"menu_order":75,"comment_status":"closed","ping_status":"closed","template":"","meta":{"footnotes":""},"seiten-kategorie":[],"class_list":["post-3094","page","type-page","status-publish","hentry"],"_links":{"self":[{"href":"https:\/\/www.gps-jobsearch.com\/de\/wp-json\/wp\/v2\/pages\/3094","targetHints":{"allow":["GET"]}}],"collection":[{"href":"https:\/\/www.gps-jobsearch.com\/de\/wp-json\/wp\/v2\/pages"}],"about":[{"href":"https:\/\/www.gps-jobsearch.com\/de\/wp-json\/wp\/v2\/types\/page"}],"author":[{"embeddable":true,"href":"https:\/\/www.gps-jobsearch.com\/de\/wp-json\/wp\/v2\/users\/5"}],"replies":[{"embeddable":true,"href":"https:\/\/www.gps-jobsearch.com\/de\/wp-json\/wp\/v2\/comments?post=3094"}],"version-history":[{"count":24,"href":"https:\/\/www.gps-jobsearch.com\/de\/wp-json\/wp\/v2\/pages\/3094\/revisions"}],"predecessor-version":[{"id":7415,"href":"https:\/\/www.gps-jobsearch.com\/de\/wp-json\/wp\/v2\/pages\/3094\/revisions\/7415"}],"wp:attachment":[{"href":"https:\/\/www.gps-jobsearch.com\/de\/wp-json\/wp\/v2\/media?parent=3094"}],"wp:term":[{"taxonomy":"seiten-kategorie","embeddable":true,"href":"https:\/\/www.gps-jobsearch.com\/de\/wp-json\/wp\/v2\/seiten-kategorie?post=3094"}],"curies":[{"name":"wp","href":"https:\/\/api.w.org\/{rel}","templated":true}]}}