{"id":2913,"date":"2024-09-23T10:57:28","date_gmt":"2024-09-23T10:57:28","guid":{"rendered":"https:\/\/staging.gps-jobsearch.com\/?page_id=2913"},"modified":"2025-12-02T10:48:08","modified_gmt":"2025-12-02T10:48:08","slug":"impressum","status":"publish","type":"page","link":"https:\/\/www.gps-jobsearch.com\/de\/impressum\/","title":{"rendered":"Impressum"},"content":{"rendered":"\t\t<div data-elementor-type=\"wp-page\" data-elementor-id=\"2913\" class=\"elementor elementor-2913\" data-elementor-post-type=\"page\">\n\t\t\t\t<div class=\"elementor-element elementor-element-7a094e10 e-con-full e-flex e-con e-parent\" data-id=\"7a094e10\" data-element_type=\"container\" data-settings=\"{&quot;jet_parallax_layout_list&quot;:[]}\">\n\t\t\t\t<div class=\"elementor-element elementor-element-46f2506d elementor-widget elementor-widget-text-editor\" data-id=\"46f2506d\" data-element_type=\"widget\" data-widget_type=\"text-editor.default\">\n\t\t\t\t<div class=\"elementor-widget-container\">\n\t\t\t\t\t\t\t\t\t<h1>Impressum<\/h1><h2>gps-jobsearch &#8211; Marktf\u00fchrender Anbieter f\u00fcr Inverses Headhunting:<\/h2><p>Eine Marke der<br \/><strong>gp solutions GmbH<\/strong><br \/>Marion Gessner-Pr\u00f6ll, MBA<br \/>Buchberg 67<br \/>4863 Seewalchen<br \/>\u00d6sterreich<\/p><p><strong>FN<\/strong>: 436979 t<br \/><strong>FB-Gericht<\/strong>: Landesgericht Wels<br \/><strong>Umsatzsteuer-ID<\/strong>: ATU69739214<br \/><strong>Beh\u00f6rde<\/strong>: Bezirkshauptmannschaft V\u00f6cklabruck<\/p><p><strong>Telefon<\/strong>: 0043 664 8274817<br \/><strong>E-Mail<\/strong>:\u00a0<a href=\"mailto:%20office@gps-jobsearch.com\">office@gps-jobsearch.com<\/a><br \/>www.gps-jobsearch.com<\/p><p>Mitglied bei der Wirtschaftskammer Ober\u00f6sterreich www.ris.bka.gv.at<br \/>Fachgruppe Unternehmensberatung\/Unternehmensorganisation<\/p><p>Dienstleistungen: <a href=\"https:\/\/www.gps-jobsearch.com\/de\/inverses-headhunting\/\">Inverses Headhunting,<\/a> Outplacement, Executive Karriereberatung f\u00fcr Top-F\u00fchrungskr\u00e4fte. Regelm\u00e4\u00dfig in den Top-Rankings der besten Anbieter im deutschsprachigen Raum gelistet.<\/p><p>Gesch\u00e4ftsf\u00fchrer: Marion Gessner-Pr\u00f6ll, MBA<\/p><p><span style=\"text-decoration: underline;\">Niederlassung Deutschland:<\/span> <br \/><strong>gps management jobs GmbH<\/strong><br \/>Leonhard-Engelhardt-Str.\u00a03<br \/>75031 Eppingen <br \/>Deutschland<\/p><p><strong>HR-Nummer:<\/strong> HRB 796284<br \/><strong>Amtsgericht:<\/strong> Stuttgart\u00a0<br \/><strong>Umsatzsteuer-ID: <\/strong>DE369977686<\/p><h5>\u00a0<\/h5><h5>Rechtlicher Hinweis<\/h5><p>Im Hinblick auf die technischen Eigenschaften des Internets kann keine Gew\u00e4hr f\u00fcr die Authentizit\u00e4t, Richtigkeit und Vollst\u00e4ndigkeit der im Internet zur Verf\u00fcgung gestellten Informationen \u00fcbernommen werden. Es wird auch keine Gew\u00e4hr f\u00fcr die Verf\u00fcgbarkeit oder den Betrieb der gegenst\u00e4ndlichen Website und ihrer Inhalte \u00fcbernommen.<\/p><p>Jede Haftung f\u00fcr unmittelbare, mittelbare oder sonstige Sch\u00e4den, unabh\u00e4ngig von deren Ursachen, die aus der Benutzung oder Nichtverf\u00fcgbarkeit der Daten und Informationen dieser Homepage erwachsen, wird, soweit rechtlich zul\u00e4ssig, ausgeschlossen.<\/p><p>Unser Angebot enth\u00e4lt Links zu externen Webseiten Dritter, auf deren Inhalte wir keinen Einfluss haben. Deshalb k\u00f6nnen wir f\u00fcr diese fremden Inhalte auch keine Gew\u00e4hr \u00fcbernehmen. F\u00fcr die Inhalte der verlinkten Seiten ist stets der jeweilige Anbieter oder Betreiber der Seiten verantwortlich. Die verlinkten Seiten wurden zum Zeitpunkt der Verlinkung auf m\u00f6gliche Rechtsverst\u00f6\u00dfe \u00fcberpr\u00fcft. Rechtswidrige Inhalte waren zum Zeitpunkt der Verlinkung nicht erkennbar.<\/p><p>Der Inhalt dieser Webseite ist urheberrechtlich gesch\u00fctzt.<\/p><p>Mehr \u00fcber den <a href=\"https:\/\/www.gps-jobsearch.com\/de\/verdeckter-stellenmarkt\/\">verdeckten Stellenmarkt<\/a> und unsere Leistungen des inversen Headhuntings f\u00fcr F\u00fchrungskr\u00e4fte und Top-Manager.<\/p>\t\t\t\t\t\t\t\t<\/div>\n\t\t\t\t<\/div>\n\t\t\t\t<\/div>\n\t\t\t\t<\/div>\n\t\t","protected":false},"excerpt":{"rendered":"<p>Impressum gps-jobsearch &#8211; Marktf\u00fchrender Anbieter f\u00fcr Inverses Headhunting: Eine Marke dergp solutions GmbHMarion Gessner-Pr\u00f6ll, MBABuchberg 674863 Seewalchen\u00d6sterreich FN: 436979 tFB-Gericht: Landesgericht WelsUmsatzsteuer-ID: ATU69739214Beh\u00f6rde: Bezirkshauptmannschaft V\u00f6cklabruck Telefon: 0043 664 8274817E-Mail:\u00a0office@gps-jobsearch.comwww.gps-jobsearch.com Mitglied bei der Wirtschaftskammer Ober\u00f6sterreich www.ris.bka.gv.atFachgruppe Unternehmensberatung\/Unternehmensorganisation Dienstleistungen: Inverses Headhunting, Outplacement, Executive Karriereberatung f\u00fcr Top-F\u00fchrungskr\u00e4fte. Regelm\u00e4\u00dfig in den Top-Rankings der besten Anbieter im deutschsprachigen Raum gelistet. [&hellip;]<\/p>\n","protected":false},"author":5,"featured_media":0,"parent":0,"menu_order":35,"comment_status":"closed","ping_status":"closed","template":"elementor_header_footer","meta":{"footnotes":""},"seiten-kategorie":[],"class_list":["post-2913","page","type-page","status-publish","hentry"],"_links":{"self":[{"href":"https:\/\/www.gps-jobsearch.com\/de\/wp-json\/wp\/v2\/pages\/2913","targetHints":{"allow":["GET"]}}],"collection":[{"href":"https:\/\/www.gps-jobsearch.com\/de\/wp-json\/wp\/v2\/pages"}],"about":[{"href":"https:\/\/www.gps-jobsearch.com\/de\/wp-json\/wp\/v2\/types\/page"}],"author":[{"embeddable":true,"href":"https:\/\/www.gps-jobsearch.com\/de\/wp-json\/wp\/v2\/users\/5"}],"replies":[{"embeddable":true,"href":"https:\/\/www.gps-jobsearch.com\/de\/wp-json\/wp\/v2\/comments?post=2913"}],"version-history":[{"count":59,"href":"https:\/\/www.gps-jobsearch.com\/de\/wp-json\/wp\/v2\/pages\/2913\/revisions"}],"predecessor-version":[{"id":7912,"href":"https:\/\/www.gps-jobsearch.com\/de\/wp-json\/wp\/v2\/pages\/2913\/revisions\/7912"}],"wp:attachment":[{"href":"https:\/\/www.gps-jobsearch.com\/de\/wp-json\/wp\/v2\/media?parent=2913"}],"wp:term":[{"taxonomy":"seiten-kategorie","embeddable":true,"href":"https:\/\/www.gps-jobsearch.com\/de\/wp-json\/wp\/v2\/seiten-kategorie?post=2913"}],"curies":[{"name":"wp","href":"https:\/\/api.w.org\/{rel}","templated":true}]}}