{"id":1219,"date":"2024-08-01T12:13:51","date_gmt":"2024-08-01T12:13:51","guid":{"rendered":"https:\/\/staging.gps-jobsearch.com\/?page_id=1219"},"modified":"2025-12-02T14:02:25","modified_gmt":"2025-12-02T14:02:25","slug":"offene-aktuelle-vakanzen","status":"publish","type":"page","link":"https:\/\/www.gps-jobsearch.com\/de\/offene-aktuelle-vakanzen\/","title":{"rendered":"Offene aktuelle Vakanzen"},"content":{"rendered":"\t\t<div data-elementor-type=\"wp-page\" data-elementor-id=\"1219\" class=\"elementor elementor-1219\" data-elementor-post-type=\"page\">\n\t\t\t\t<div class=\"elementor-element elementor-element-be3b09c e-flex e-con-boxed e-con e-parent\" data-id=\"be3b09c\" data-element_type=\"container\" data-settings=\"{&quot;jet_parallax_layout_list&quot;:[]}\">\n\t\t\t\t\t<div class=\"e-con-inner\">\n\t\t\t\t<div class=\"elementor-element elementor-element-6ab8367 elementor-widget elementor-widget-heading\" data-id=\"6ab8367\" data-element_type=\"widget\" data-widget_type=\"heading.default\">\n\t\t\t\t<div class=\"elementor-widget-container\">\n\t\t\t\t\t<h1 class=\"elementor-heading-title elementor-size-default\">Offene Vakanzen f\u00fcr F\u00fchrungskr\u00e4fte<\/h1>\t\t\t\t<\/div>\n\t\t\t\t<\/div>\n\t\t\t\t<div class=\"elementor-element elementor-element-6ba035d elementor-hidden-mobile elementor-widget elementor-widget-heading\" data-id=\"6ba035d\" data-element_type=\"widget\" data-widget_type=\"heading.default\">\n\t\t\t\t<div class=\"elementor-widget-container\">\n\t\t\t\t\t<h2 class=\"elementor-heading-title elementor-size-default\">\"Be the first\" mit inversem Headhunting!<\/h2>\t\t\t\t<\/div>\n\t\t\t\t<\/div>\n\t\t<div class=\"elementor-element elementor-element-49495b1 e-con-full e-flex e-con e-child\" data-id=\"49495b1\" data-element_type=\"container\" data-settings=\"{&quot;jet_parallax_layout_list&quot;:[]}\">\n\t\t<div class=\"elementor-element elementor-element-d19a5e4 e-grid e-con-full e-con e-child\" data-id=\"d19a5e4\" data-element_type=\"container\" data-settings=\"{&quot;jet_parallax_layout_list&quot;:[]}\">\n\t\t\t\t<div class=\"elementor-element elementor-element-0a496d7 elementor-widget elementor-widget-text-editor\" data-id=\"0a496d7\" data-element_type=\"widget\" data-widget_type=\"text-editor.default\">\n\t\t\t\t<div class=\"elementor-widget-container\">\n\t\t\t\t\t\t\t\t\t<p data-start=\"124\" data-end=\"194\"><strong data-start=\"124\" data-end=\"194\">Unsere offenen Vakanzen. Exklusiv aus dem verdeckten Stellenmarkt!<\/strong><\/p><p data-start=\"196\" data-end=\"398\">Auf dieser Seite finden Sie unsere aktuellen Vakanzen. Diese F\u00fchrungspositionen werden nicht \u00f6ffentlich ausgeschrieben, sondern ausschlie\u00dflich \u00fcber den<a href=\"https:\/\/www.gps-jobsearch.com\/de\/verdeckter-stellenmarkt\/\"> verdeckten Stellenmarkt f\u00fcr F\u00fchrungskr\u00e4fte<\/a> vergeben.<\/p><p data-start=\"400\" data-end=\"414\"><strong data-start=\"400\" data-end=\"412\">Wichtig:<\/strong><\/p><ul data-start=\"415\" data-end=\"692\"><li data-start=\"415\" data-end=\"488\"><p data-start=\"417\" data-end=\"488\">Die hier aufgef\u00fchrten Vakanzen dienen ausschlie\u00dflich der Information.<\/p><\/li><li data-start=\"489\" data-end=\"565\"><p data-start=\"491\" data-end=\"565\">F\u00fcr diese Managementpositionen befinden sich bereits Kandidaten im Auswahlprozess.<\/p><\/li><li data-start=\"566\" data-end=\"692\"><p data-start=\"568\" data-end=\"692\">Wir bitten daher, keine direkten Bewerbungen zu senden.<\/p><\/li><\/ul><p data-start=\"694\" data-end=\"959\">\u00a0<\/p><p data-start=\"694\" data-end=\"959\"><strong data-start=\"694\" data-end=\"710\">Ihr Vorteil:<\/strong><br data-start=\"710\" data-end=\"713\" \/>Als Kunde erhalten Sie exklusiven Zugang zu diesen und weiteren verdeckten Positionen. Wir bringen Sie gezielt mit den verantwortlichen Entscheidungstr\u00e4gern in Kontakt &#8211; so steigern Sie Ihre Chancen, als optimale Besetzung wahrgenommen zu werden.<\/p><p data-start=\"961\" data-end=\"1186\"><strong data-start=\"961\" data-end=\"995\">Warum verdeckter Stellenmarkt?<\/strong><br data-start=\"995\" data-end=\"998\" \/>70 &#8211; 80% der attraktiven F\u00fchrungspositionen werden nie \u00f6ffentlich ausgeschrieben. Wer sich fr\u00fchzeitig ins Spiel bringt, kann diese Chancen nutzen \u2013 bevor Positionen offiziell ver\u00f6ffentlicht werden.<\/p><p data-start=\"1188\" data-end=\"1470\"><strong data-start=\"1188\" data-end=\"1217\">Wie wir Sie unterst\u00fctzen:<\/strong><br data-start=\"1217\" data-end=\"1220\" \/>Wir sind <a href=\"https:\/\/www.gps-jobsearch.com\/de\/inverses-headhunting\/\">Experten f\u00fcr Inverses Headhunting<\/a>. Wir arbeiten ausschlie\u00dflich f\u00fcr F\u00fchrungskr\u00e4fte und erhalten keine Verg\u00fctung von Unternehmen. Mit unserem strukturierten gps-jobsearch Prozess begleiten wir Sie diskret und effektiv durch den gesamten Bewerbungsprozess.<\/p><p data-start=\"1472\" data-end=\"1674\"><strong data-start=\"1472\" data-end=\"1490\">Mehr erfahren?<\/strong><br data-start=\"1490\" data-end=\"1493\" \/>F\u00fcr detaillierte Informationen zu den offenen Vakanzen, unserem Vorgehen und den Kosten vereinbaren Sie gern einen pers\u00f6nlichen Beratungstermin mit uns. Wir nehmen uns Zeit f\u00fcr Sie.<\/p><p data-start=\"1472\" data-end=\"1674\"><a href=\"https:\/\/www.gps-jobsearch.com\/de\/kontakt\/\">Lassen Sie uns gerne pers\u00f6nlich sprechen!<\/a><\/p>\t\t\t\t\t\t\t\t<\/div>\n\t\t\t\t<\/div>\n\t\t\t\t<div class=\"elementor-element elementor-element-c9084fa elementor-widget elementor-widget-jet-listing-grid\" data-id=\"c9084fa\" data-element_type=\"widget\" id=\"act_vaca\" data-settings=\"{&quot;columns&quot;:3}\" data-widget_type=\"jet-listing-grid.default\">\n\t\t\t\t<div class=\"elementor-widget-container\">\n\t\t\t\t\t<div class=\"jet-listing-grid jet-listing\"><div class=\"jet-listing-grid__items grid-col-desk-3 grid-col-tablet-3 grid-col-mobile-3 jet-listing-grid--1932 jet-equal-columns__wrapper\" data-queried-id=\"1219|WP_Post\" data-nav=\"{&quot;enabled&quot;:false,&quot;type&quot;:null,&quot;more_el&quot;:null,&quot;query&quot;:[],&quot;widget_settings&quot;:{&quot;lisitng_id&quot;:1932,&quot;posts_num&quot;:6,&quot;columns&quot;:3,&quot;columns_tablet&quot;:3,&quot;columns_mobile&quot;:3,&quot;column_min_width&quot;:240,&quot;column_min_width_tablet&quot;:240,&quot;column_min_width_mobile&quot;:240,&quot;inline_columns_css&quot;:false,&quot;is_archive_template&quot;:&quot;&quot;,&quot;post_status&quot;:[&quot;publish&quot;],&quot;use_random_posts_num&quot;:&quot;&quot;,&quot;max_posts_num&quot;:9,&quot;not_found_message&quot;:&quot;No data was found&quot;,&quot;is_masonry&quot;:false,&quot;equal_columns_height&quot;:&quot;yes&quot;,&quot;use_load_more&quot;:&quot;&quot;,&quot;load_more_id&quot;:&quot;&quot;,&quot;load_more_type&quot;:&quot;click&quot;,&quot;load_more_offset&quot;:{&quot;unit&quot;:&quot;px&quot;,&quot;size&quot;:0,&quot;sizes&quot;:[]},&quot;use_custom_post_types&quot;:&quot;&quot;,&quot;custom_post_types&quot;:[],&quot;hide_widget_if&quot;:&quot;&quot;,&quot;carousel_enabled&quot;:&quot;&quot;,&quot;slides_to_scroll&quot;:&quot;1&quot;,&quot;arrows&quot;:&quot;true&quot;,&quot;arrow_icon&quot;:&quot;fa fa-angle-left&quot;,&quot;dots&quot;:&quot;&quot;,&quot;autoplay&quot;:&quot;true&quot;,&quot;pause_on_hover&quot;:&quot;true&quot;,&quot;autoplay_speed&quot;:5000,&quot;infinite&quot;:&quot;true&quot;,&quot;center_mode&quot;:&quot;&quot;,&quot;effect&quot;:&quot;slide&quot;,&quot;speed&quot;:500,&quot;inject_alternative_items&quot;:&quot;&quot;,&quot;injection_items&quot;:[],&quot;scroll_slider_enabled&quot;:&quot;&quot;,&quot;scroll_slider_on&quot;:[&quot;desktop&quot;,&quot;tablet&quot;,&quot;mobile&quot;],&quot;custom_query&quot;:false,&quot;custom_query_id&quot;:&quot;&quot;,&quot;_element_id&quot;:&quot;act_vaca&quot;,&quot;collapse_first_last_gap&quot;:false,&quot;list_tag_selection&quot;:&quot;&quot;,&quot;list_items_wrapper_tag&quot;:&quot;div&quot;,&quot;list_item_tag&quot;:&quot;div&quot;,&quot;empty_items_wrapper_tag&quot;:&quot;div&quot;}}\" data-page=\"1\" data-pages=\"9\" data-listing-source=\"posts\" data-listing-id=\"1932\" data-query-id=\"\"><div class=\"jet-listing-grid__item jet-listing-dynamic-post-8050 jet-equal-columns\" data-post-id=\"8050\"  >\t\t<div data-elementor-type=\"jet-listing-items\" data-elementor-id=\"1932\" class=\"elementor elementor-1932\" data-elementor-post-type=\"jet-engine\">\n\t\t\t\t<div class=\"elementor-element elementor-element-129abaa e-flex e-con-boxed e-con e-parent\" data-id=\"129abaa\" data-element_type=\"container\" data-settings=\"{&quot;background_background&quot;:&quot;classic&quot;,&quot;jet_parallax_layout_list&quot;:[]}\">\n\t\t\t\t\t<div class=\"e-con-inner\">\n\t\t\t\t<div class=\"elementor-element elementor-element-a7acb2e elementor-widget elementor-widget-heading\" data-id=\"a7acb2e\" data-element_type=\"widget\" data-widget_type=\"heading.default\">\n\t\t\t\t<div class=\"elementor-widget-container\">\n\t\t\t\t\t<h4 class=\"elementor-heading-title elementor-size-default\">Aktuelle Vakanzen vom 6. &#8211; 12. April<\/h4>\t\t\t\t<\/div>\n\t\t\t\t<\/div>\n\t\t\t\t<div class=\"elementor-element elementor-element-79c8f35 elementor-widget elementor-widget-text-editor\" data-id=\"79c8f35\" data-element_type=\"widget\" data-widget_type=\"text-editor.default\">\n\t\t\t\t<div class=\"elementor-widget-container\">\n\t\t\t\t\t\t\t\t\t<p>Exklusive F\u00fchrungspositionen dieser Woche ansehen<\/p>\t\t\t\t\t\t\t\t<\/div>\n\t\t\t\t<\/div>\n\t\t\t\t<div class=\"elementor-element elementor-element-3752342 elementor-align-center elementor-widget elementor-widget-button\" data-id=\"3752342\" data-element_type=\"widget\" data-widget_type=\"button.default\">\n\t\t\t\t<div class=\"elementor-widget-container\">\n\t\t\t\t\t\t\t\t\t<div class=\"elementor-button-wrapper\">\n\t\t\t\t\t<a class=\"elementor-button elementor-button-link elementor-size-sm\" href=\"https:\/\/www.gps-jobsearch.com\/de\/positionen\/aktuelle-vakanzen-vom-6-12-april\/\">\n\t\t\t\t\t\t<span class=\"elementor-button-content-wrapper\">\n\t\t\t\t\t\t\t\t\t<span class=\"elementor-button-text\">Positionen ansehen<\/span>\n\t\t\t\t\t<\/span>\n\t\t\t\t\t<\/a>\n\t\t\t\t<\/div>\n\t\t\t\t\t\t\t\t<\/div>\n\t\t\t\t<\/div>\n\t\t\t\t\t<\/div>\n\t\t\t\t<\/div>\n\t\t\t\t<\/div>\n\t\t<\/div><div class=\"jet-listing-grid__item jet-listing-dynamic-post-8049 jet-equal-columns\" data-post-id=\"8049\"  >\t\t<div data-elementor-type=\"jet-listing-items\" data-elementor-id=\"1932\" class=\"elementor elementor-1932\" data-elementor-post-type=\"jet-engine\">\n\t\t\t\t<div class=\"elementor-element elementor-element-129abaa e-flex e-con-boxed e-con e-parent\" data-id=\"129abaa\" data-element_type=\"container\" data-settings=\"{&quot;background_background&quot;:&quot;classic&quot;,&quot;jet_parallax_layout_list&quot;:[]}\">\n\t\t\t\t\t<div class=\"e-con-inner\">\n\t\t\t\t<div class=\"elementor-element elementor-element-a7acb2e elementor-widget elementor-widget-heading\" data-id=\"a7acb2e\" data-element_type=\"widget\" data-widget_type=\"heading.default\">\n\t\t\t\t<div class=\"elementor-widget-container\">\n\t\t\t\t\t<h4 class=\"elementor-heading-title elementor-size-default\">Aktuelle Vakanzen vom 30. M\u00e4rz &#8211; 5. April<\/h4>\t\t\t\t<\/div>\n\t\t\t\t<\/div>\n\t\t\t\t<div class=\"elementor-element elementor-element-79c8f35 elementor-widget elementor-widget-text-editor\" data-id=\"79c8f35\" data-element_type=\"widget\" data-widget_type=\"text-editor.default\">\n\t\t\t\t<div class=\"elementor-widget-container\">\n\t\t\t\t\t\t\t\t\t<p>Exklusive F\u00fchrungspositionen dieser Woche ansehen<\/p>\t\t\t\t\t\t\t\t<\/div>\n\t\t\t\t<\/div>\n\t\t\t\t<div class=\"elementor-element elementor-element-3752342 elementor-align-center elementor-widget elementor-widget-button\" data-id=\"3752342\" data-element_type=\"widget\" data-widget_type=\"button.default\">\n\t\t\t\t<div class=\"elementor-widget-container\">\n\t\t\t\t\t\t\t\t\t<div class=\"elementor-button-wrapper\">\n\t\t\t\t\t<a class=\"elementor-button elementor-button-link elementor-size-sm\" href=\"https:\/\/www.gps-jobsearch.com\/de\/positionen\/aktuelle-vakanzen-vom-30-maerz-5-april\/\">\n\t\t\t\t\t\t<span class=\"elementor-button-content-wrapper\">\n\t\t\t\t\t\t\t\t\t<span class=\"elementor-button-text\">Positionen ansehen<\/span>\n\t\t\t\t\t<\/span>\n\t\t\t\t\t<\/a>\n\t\t\t\t<\/div>\n\t\t\t\t\t\t\t\t<\/div>\n\t\t\t\t<\/div>\n\t\t\t\t\t<\/div>\n\t\t\t\t<\/div>\n\t\t\t\t<\/div>\n\t\t<\/div><div class=\"jet-listing-grid__item jet-listing-dynamic-post-8048 jet-equal-columns\" data-post-id=\"8048\"  >\t\t<div data-elementor-type=\"jet-listing-items\" data-elementor-id=\"1932\" class=\"elementor elementor-1932\" data-elementor-post-type=\"jet-engine\">\n\t\t\t\t<div class=\"elementor-element elementor-element-129abaa e-flex e-con-boxed e-con e-parent\" data-id=\"129abaa\" data-element_type=\"container\" data-settings=\"{&quot;background_background&quot;:&quot;classic&quot;,&quot;jet_parallax_layout_list&quot;:[]}\">\n\t\t\t\t\t<div class=\"e-con-inner\">\n\t\t\t\t<div class=\"elementor-element elementor-element-a7acb2e elementor-widget elementor-widget-heading\" data-id=\"a7acb2e\" data-element_type=\"widget\" data-widget_type=\"heading.default\">\n\t\t\t\t<div class=\"elementor-widget-container\">\n\t\t\t\t\t<h4 class=\"elementor-heading-title elementor-size-default\">Aktuelle Vakanzen vom 23. \u2013 29. M\u00e4rz<\/h4>\t\t\t\t<\/div>\n\t\t\t\t<\/div>\n\t\t\t\t<div class=\"elementor-element elementor-element-79c8f35 elementor-widget elementor-widget-text-editor\" data-id=\"79c8f35\" data-element_type=\"widget\" data-widget_type=\"text-editor.default\">\n\t\t\t\t<div class=\"elementor-widget-container\">\n\t\t\t\t\t\t\t\t\t<p>Exklusive F\u00fchrungspositionen dieser Woche ansehen<\/p>\t\t\t\t\t\t\t\t<\/div>\n\t\t\t\t<\/div>\n\t\t\t\t<div class=\"elementor-element elementor-element-3752342 elementor-align-center elementor-widget elementor-widget-button\" data-id=\"3752342\" data-element_type=\"widget\" data-widget_type=\"button.default\">\n\t\t\t\t<div class=\"elementor-widget-container\">\n\t\t\t\t\t\t\t\t\t<div class=\"elementor-button-wrapper\">\n\t\t\t\t\t<a class=\"elementor-button elementor-button-link elementor-size-sm\" href=\"https:\/\/www.gps-jobsearch.com\/de\/positionen\/aktuelle-vakanzen-vom-23-29-maerz\/\">\n\t\t\t\t\t\t<span class=\"elementor-button-content-wrapper\">\n\t\t\t\t\t\t\t\t\t<span class=\"elementor-button-text\">Positionen ansehen<\/span>\n\t\t\t\t\t<\/span>\n\t\t\t\t\t<\/a>\n\t\t\t\t<\/div>\n\t\t\t\t\t\t\t\t<\/div>\n\t\t\t\t<\/div>\n\t\t\t\t\t<\/div>\n\t\t\t\t<\/div>\n\t\t\t\t<\/div>\n\t\t<\/div><div class=\"jet-listing-grid__item jet-listing-dynamic-post-8047 jet-equal-columns\" data-post-id=\"8047\"  >\t\t<div data-elementor-type=\"jet-listing-items\" data-elementor-id=\"1932\" class=\"elementor elementor-1932\" data-elementor-post-type=\"jet-engine\">\n\t\t\t\t<div class=\"elementor-element elementor-element-129abaa e-flex e-con-boxed e-con e-parent\" data-id=\"129abaa\" data-element_type=\"container\" data-settings=\"{&quot;background_background&quot;:&quot;classic&quot;,&quot;jet_parallax_layout_list&quot;:[]}\">\n\t\t\t\t\t<div class=\"e-con-inner\">\n\t\t\t\t<div class=\"elementor-element elementor-element-a7acb2e elementor-widget elementor-widget-heading\" data-id=\"a7acb2e\" data-element_type=\"widget\" data-widget_type=\"heading.default\">\n\t\t\t\t<div class=\"elementor-widget-container\">\n\t\t\t\t\t<h4 class=\"elementor-heading-title elementor-size-default\">Aktuelle Vakanzen vom 16. \u2013 22. M\u00e4rz<\/h4>\t\t\t\t<\/div>\n\t\t\t\t<\/div>\n\t\t\t\t<div class=\"elementor-element elementor-element-79c8f35 elementor-widget elementor-widget-text-editor\" data-id=\"79c8f35\" data-element_type=\"widget\" data-widget_type=\"text-editor.default\">\n\t\t\t\t<div class=\"elementor-widget-container\">\n\t\t\t\t\t\t\t\t\t<p>Exklusive F\u00fchrungspositionen dieser Woche ansehen<\/p>\t\t\t\t\t\t\t\t<\/div>\n\t\t\t\t<\/div>\n\t\t\t\t<div class=\"elementor-element elementor-element-3752342 elementor-align-center elementor-widget elementor-widget-button\" data-id=\"3752342\" data-element_type=\"widget\" data-widget_type=\"button.default\">\n\t\t\t\t<div class=\"elementor-widget-container\">\n\t\t\t\t\t\t\t\t\t<div class=\"elementor-button-wrapper\">\n\t\t\t\t\t<a class=\"elementor-button elementor-button-link elementor-size-sm\" href=\"https:\/\/www.gps-jobsearch.com\/de\/positionen\/aktuelle-vakanzen-vom-16-22-maerz\/\">\n\t\t\t\t\t\t<span class=\"elementor-button-content-wrapper\">\n\t\t\t\t\t\t\t\t\t<span class=\"elementor-button-text\">Positionen ansehen<\/span>\n\t\t\t\t\t<\/span>\n\t\t\t\t\t<\/a>\n\t\t\t\t<\/div>\n\t\t\t\t\t\t\t\t<\/div>\n\t\t\t\t<\/div>\n\t\t\t\t\t<\/div>\n\t\t\t\t<\/div>\n\t\t\t\t<\/div>\n\t\t<\/div><div class=\"jet-listing-grid__item jet-listing-dynamic-post-8046 jet-equal-columns\" data-post-id=\"8046\"  >\t\t<div data-elementor-type=\"jet-listing-items\" data-elementor-id=\"1932\" class=\"elementor elementor-1932\" data-elementor-post-type=\"jet-engine\">\n\t\t\t\t<div class=\"elementor-element elementor-element-129abaa e-flex e-con-boxed e-con e-parent\" data-id=\"129abaa\" data-element_type=\"container\" data-settings=\"{&quot;background_background&quot;:&quot;classic&quot;,&quot;jet_parallax_layout_list&quot;:[]}\">\n\t\t\t\t\t<div class=\"e-con-inner\">\n\t\t\t\t<div class=\"elementor-element elementor-element-a7acb2e elementor-widget elementor-widget-heading\" data-id=\"a7acb2e\" data-element_type=\"widget\" data-widget_type=\"heading.default\">\n\t\t\t\t<div class=\"elementor-widget-container\">\n\t\t\t\t\t<h4 class=\"elementor-heading-title elementor-size-default\">Aktuelle Vakanzen vom 9. \u2013 15. M\u00e4rz<\/h4>\t\t\t\t<\/div>\n\t\t\t\t<\/div>\n\t\t\t\t<div class=\"elementor-element elementor-element-79c8f35 elementor-widget elementor-widget-text-editor\" data-id=\"79c8f35\" data-element_type=\"widget\" data-widget_type=\"text-editor.default\">\n\t\t\t\t<div class=\"elementor-widget-container\">\n\t\t\t\t\t\t\t\t\t<p>Exklusive F\u00fchrungspositionen dieser Woche ansehen<\/p>\t\t\t\t\t\t\t\t<\/div>\n\t\t\t\t<\/div>\n\t\t\t\t<div class=\"elementor-element elementor-element-3752342 elementor-align-center elementor-widget elementor-widget-button\" data-id=\"3752342\" data-element_type=\"widget\" data-widget_type=\"button.default\">\n\t\t\t\t<div class=\"elementor-widget-container\">\n\t\t\t\t\t\t\t\t\t<div class=\"elementor-button-wrapper\">\n\t\t\t\t\t<a class=\"elementor-button elementor-button-link elementor-size-sm\" href=\"https:\/\/www.gps-jobsearch.com\/de\/positionen\/aktuelle-vakanzen-vom-9-15-maerz\/\">\n\t\t\t\t\t\t<span class=\"elementor-button-content-wrapper\">\n\t\t\t\t\t\t\t\t\t<span class=\"elementor-button-text\">Positionen ansehen<\/span>\n\t\t\t\t\t<\/span>\n\t\t\t\t\t<\/a>\n\t\t\t\t<\/div>\n\t\t\t\t\t\t\t\t<\/div>\n\t\t\t\t<\/div>\n\t\t\t\t\t<\/div>\n\t\t\t\t<\/div>\n\t\t\t\t<\/div>\n\t\t<\/div><div class=\"jet-listing-grid__item jet-listing-dynamic-post-8045 jet-equal-columns\" data-post-id=\"8045\"  >\t\t<div data-elementor-type=\"jet-listing-items\" data-elementor-id=\"1932\" class=\"elementor elementor-1932\" data-elementor-post-type=\"jet-engine\">\n\t\t\t\t<div class=\"elementor-element elementor-element-129abaa e-flex e-con-boxed e-con e-parent\" data-id=\"129abaa\" data-element_type=\"container\" data-settings=\"{&quot;background_background&quot;:&quot;classic&quot;,&quot;jet_parallax_layout_list&quot;:[]}\">\n\t\t\t\t\t<div class=\"e-con-inner\">\n\t\t\t\t<div class=\"elementor-element elementor-element-a7acb2e elementor-widget elementor-widget-heading\" data-id=\"a7acb2e\" data-element_type=\"widget\" data-widget_type=\"heading.default\">\n\t\t\t\t<div class=\"elementor-widget-container\">\n\t\t\t\t\t<h4 class=\"elementor-heading-title elementor-size-default\">Aktuelle Vakanzen vom 2. &#8211; 8. M\u00e4rz<\/h4>\t\t\t\t<\/div>\n\t\t\t\t<\/div>\n\t\t\t\t<div class=\"elementor-element elementor-element-79c8f35 elementor-widget elementor-widget-text-editor\" data-id=\"79c8f35\" data-element_type=\"widget\" data-widget_type=\"text-editor.default\">\n\t\t\t\t<div class=\"elementor-widget-container\">\n\t\t\t\t\t\t\t\t\t<p>Exklusive F\u00fchrungspositionen dieser Woche ansehen<\/p>\t\t\t\t\t\t\t\t<\/div>\n\t\t\t\t<\/div>\n\t\t\t\t<div class=\"elementor-element elementor-element-3752342 elementor-align-center elementor-widget elementor-widget-button\" data-id=\"3752342\" data-element_type=\"widget\" data-widget_type=\"button.default\">\n\t\t\t\t<div class=\"elementor-widget-container\">\n\t\t\t\t\t\t\t\t\t<div class=\"elementor-button-wrapper\">\n\t\t\t\t\t<a class=\"elementor-button elementor-button-link elementor-size-sm\" href=\"https:\/\/www.gps-jobsearch.com\/de\/positionen\/aktuelle-vakanzen-vom-2-8-maerz\/\">\n\t\t\t\t\t\t<span class=\"elementor-button-content-wrapper\">\n\t\t\t\t\t\t\t\t\t<span class=\"elementor-button-text\">Positionen ansehen<\/span>\n\t\t\t\t\t<\/span>\n\t\t\t\t\t<\/a>\n\t\t\t\t<\/div>\n\t\t\t\t\t\t\t\t<\/div>\n\t\t\t\t<\/div>\n\t\t\t\t\t<\/div>\n\t\t\t\t<\/div>\n\t\t\t\t<\/div>\n\t\t<\/div><\/div><\/div>\t\t\t\t<\/div>\n\t\t\t\t<\/div>\n\t\t\t\t<\/div>\n\t\t\t\t<\/div>\n\t\t\t\t\t<\/div>\n\t\t\t\t<\/div>\n\t\t\t\t<\/div>\n\t\t","protected":false},"excerpt":{"rendered":"<p>Offene Vakanzen f\u00fcr F\u00fchrungskr\u00e4fte &#8222;Be the first&#8220; mit inversem Headhunting! Unsere offenen Vakanzen. Exklusiv aus dem verdeckten Stellenmarkt! Auf dieser Seite finden Sie unsere aktuellen Vakanzen. Diese F\u00fchrungspositionen werden nicht \u00f6ffentlich ausgeschrieben, sondern ausschlie\u00dflich \u00fcber den verdeckten Stellenmarkt f\u00fcr F\u00fchrungskr\u00e4fte vergeben. Wichtig: Die hier aufgef\u00fchrten Vakanzen dienen ausschlie\u00dflich der Information. F\u00fcr diese Managementpositionen befinden sich [&hellip;]<\/p>\n","protected":false},"author":4,"featured_media":0,"parent":0,"menu_order":66,"comment_status":"closed","ping_status":"closed","template":"","meta":{"footnotes":""},"seiten-kategorie":[],"class_list":["post-1219","page","type-page","status-publish","hentry"],"_links":{"self":[{"href":"https:\/\/www.gps-jobsearch.com\/de\/wp-json\/wp\/v2\/pages\/1219","targetHints":{"allow":["GET"]}}],"collection":[{"href":"https:\/\/www.gps-jobsearch.com\/de\/wp-json\/wp\/v2\/pages"}],"about":[{"href":"https:\/\/www.gps-jobsearch.com\/de\/wp-json\/wp\/v2\/types\/page"}],"author":[{"embeddable":true,"href":"https:\/\/www.gps-jobsearch.com\/de\/wp-json\/wp\/v2\/users\/4"}],"replies":[{"embeddable":true,"href":"https:\/\/www.gps-jobsearch.com\/de\/wp-json\/wp\/v2\/comments?post=1219"}],"version-history":[{"count":201,"href":"https:\/\/www.gps-jobsearch.com\/de\/wp-json\/wp\/v2\/pages\/1219\/revisions"}],"predecessor-version":[{"id":7998,"href":"https:\/\/www.gps-jobsearch.com\/de\/wp-json\/wp\/v2\/pages\/1219\/revisions\/7998"}],"wp:attachment":[{"href":"https:\/\/www.gps-jobsearch.com\/de\/wp-json\/wp\/v2\/media?parent=1219"}],"wp:term":[{"taxonomy":"seiten-kategorie","embeddable":true,"href":"https:\/\/www.gps-jobsearch.com\/de\/wp-json\/wp\/v2\/seiten-kategorie?post=1219"}],"curies":[{"name":"wp","href":"https:\/\/api.w.org\/{rel}","templated":true}]}}