{"id":1065,"date":"2024-07-31T10:53:25","date_gmt":"2024-07-31T10:53:25","guid":{"rendered":"https:\/\/staging.gps-jobsearch.com\/?page_id=1065"},"modified":"2025-08-10T15:24:10","modified_gmt":"2025-08-10T15:24:10","slug":"ihr-weg-ans-ziel","status":"publish","type":"page","link":"https:\/\/www.gps-jobsearch.com\/de\/ihr-weg-ans-ziel\/","title":{"rendered":"Ihr Weg ans Ziel"},"content":{"rendered":"\t\t<div data-elementor-type=\"wp-page\" data-elementor-id=\"1065\" class=\"elementor elementor-1065\" data-elementor-post-type=\"page\">\n\t\t\t\t<div class=\"elementor-element elementor-element-44983c0f e-flex e-con-boxed e-con e-parent\" data-id=\"44983c0f\" data-element_type=\"container\" data-settings=\"{&quot;background_background&quot;:&quot;classic&quot;,&quot;jet_parallax_layout_list&quot;:[]}\">\n\t\t\t\t\t<div class=\"e-con-inner\">\n\t\t<div class=\"elementor-element elementor-element-5bed66f1 e-con-full e-flex e-con e-child\" data-id=\"5bed66f1\" data-element_type=\"container\" data-settings=\"{&quot;jet_parallax_layout_list&quot;:[]}\">\n\t\t\t\t<div class=\"elementor-element elementor-element-3c9ae001 elementor-widget elementor-widget-heading\" data-id=\"3c9ae001\" data-element_type=\"widget\" data-widget_type=\"heading.default\">\n\t\t\t\t<div class=\"elementor-widget-container\">\n\t\t\t\t\t<h1 class=\"elementor-heading-title elementor-size-default\">Karriere geplant und alles erreicht!\u200b<\/h1>\t\t\t\t<\/div>\n\t\t\t\t<\/div>\n\t\t\t\t<div class=\"elementor-element elementor-element-dd91305 elementor-widget elementor-widget-heading\" data-id=\"dd91305\" data-element_type=\"widget\" data-widget_type=\"heading.default\">\n\t\t\t\t<div class=\"elementor-widget-container\">\n\t\t\t\t\t<h3 class=\"elementor-heading-title elementor-size-default\">Oder auf dem Weg nach oben h\u00e4ngen geblieben?<\/h3>\t\t\t\t<\/div>\n\t\t\t\t<\/div>\n\t\t\t\t<div class=\"elementor-element elementor-element-5a098aa0 elementor-align-center elementor-widget elementor-widget-button\" data-id=\"5a098aa0\" data-element_type=\"widget\" data-widget_type=\"button.default\">\n\t\t\t\t<div class=\"elementor-widget-container\">\n\t\t\t\t\t\t\t\t\t<div class=\"elementor-button-wrapper\">\n\t\t\t\t\t<a class=\"elementor-button elementor-button-link elementor-size-sm\" href=\"https:\/\/www.gps-jobsearch.com\/de\/offene-aktuelle-vakanzen\/\">\n\t\t\t\t\t\t<span class=\"elementor-button-content-wrapper\">\n\t\t\t\t\t\t<span class=\"elementor-button-icon\">\n\t\t\t\t<svg aria-hidden=\"true\" class=\"e-font-icon-svg e-fas-arrow-right\" viewBox=\"0 0 448 512\" xmlns=\"http:\/\/www.w3.org\/2000\/svg\"><path d=\"M190.5 66.9l22.2-22.2c9.4-9.4 24.6-9.4 33.9 0L441 239c9.4 9.4 9.4 24.6 0 33.9L246.6 467.3c-9.4 9.4-24.6 9.4-33.9 0l-22.2-22.2c-9.5-9.5-9.3-25 .4-34.3L311.4 296H24c-13.3 0-24-10.7-24-24v-32c0-13.3 10.7-24 24-24h287.4L190.9 101.2c-9.8-9.3-10-24.8-.4-34.3z\"><\/path><\/svg>\t\t\t<\/span>\n\t\t\t\t\t\t\t\t\t<span class=\"elementor-button-text\">Aktuelle Management Jobs<\/span>\n\t\t\t\t\t<\/span>\n\t\t\t\t\t<\/a>\n\t\t\t\t<\/div>\n\t\t\t\t\t\t\t\t<\/div>\n\t\t\t\t<\/div>\n\t\t\t\t<\/div>\n\t\t\t\t\t<\/div>\n\t\t\t\t<\/div>\n\t\t<div class=\"elementor-element elementor-element-fe1de01 e-flex e-con-boxed e-con e-parent\" data-id=\"fe1de01\" data-element_type=\"container\" data-settings=\"{&quot;jet_parallax_layout_list&quot;:[]}\">\n\t\t\t\t\t<div class=\"e-con-inner\">\n\t\t<div class=\"elementor-element elementor-element-83a0d6e e-con-full e-flex e-con e-child\" data-id=\"83a0d6e\" data-element_type=\"container\" data-settings=\"{&quot;jet_parallax_layout_list&quot;:[]}\">\n\t\t\t\t<div class=\"elementor-element elementor-element-f492781 elementor-widget elementor-widget-heading\" data-id=\"f492781\" data-element_type=\"widget\" data-widget_type=\"heading.default\">\n\t\t\t\t<div class=\"elementor-widget-container\">\n\t\t\t\t\t<h2 class=\"elementor-heading-title elementor-size-default\">Karriere: Ihr Weg ans Ziel<\/h2>\t\t\t\t<\/div>\n\t\t\t\t<\/div>\n\t\t\t\t<div class=\"elementor-element elementor-element-73d4899 elementor-hidden-mobile elementor-widget elementor-widget-heading\" data-id=\"73d4899\" data-element_type=\"widget\" data-widget_type=\"heading.default\">\n\t\t\t\t<div class=\"elementor-widget-container\">\n\t\t\t\t\t<h2 class=\"elementor-heading-title elementor-size-default\">Nicht immer nur geradeaus, Karriere im Wandel der Zeit<\/h2>\t\t\t\t<\/div>\n\t\t\t\t<\/div>\n\t\t\t\t<\/div>\n\t\t<div class=\"elementor-element elementor-element-db08c7c e-con-full e-flex e-con e-child\" data-id=\"db08c7c\" data-element_type=\"container\" data-settings=\"{&quot;jet_parallax_layout_list&quot;:[]}\">\n\t\t\t\t<div class=\"elementor-element elementor-element-bd9a0e8 elementor-widget elementor-widget-text-editor\" data-id=\"bd9a0e8\" data-element_type=\"widget\" data-widget_type=\"text-editor.default\">\n\t\t\t\t<div class=\"elementor-widget-container\">\n\t\t\t\t\t\t\t\t\t<h3><strong>Karriere im Top-Management: Nur das Ankommen z\u00e4hlt!<\/strong><\/h3><p>Karrieren im Top-Segment f\u00fchren nicht immer nur geradeaus. Vielmehr ist der Weg ganz nach oben auf die h\u00f6chsten Gipfel steinig, kurvig und steil. Auch Richtungswechsel sind ein wesentlicher Teil auf dem Weg ins Top-Management.\u00a0Den richtigen Weg zu finden und diesem zu folgen, ist nicht immer einfach.<\/p><p>Wenn Sie bereits im Top-Management angekommen sind, sorgt das\u00a0<i>gps-jobsearch\u00a0<\/i>Team\u00a0daf\u00fcr, dass Sie auch dort bleiben. Wenn Sie auf der Karriereleiter eine Stufe h\u00f6her klettern wollen oder langfristig in Ihrer Karriere einen weiteren Schritt planen, dann sorgen wir durch\u00a0<a href=\"https:\/\/www.gps-jobsearch.com\/de\/inverses-headhunting\/\">inverses Headhunting f\u00fcr F\u00fchrungskr\u00e4fte<\/a>\u00a0daf\u00fcr, dass Sie dort ankommen.<\/p><h3><strong><br \/>Karriere in einem wirtschaftlich dynamischen Umfeld<\/strong><\/h3><p>In den vergangenen Jahren haben sich die Anspr\u00fcche an Unternehmen und damit verbunden an einzelne Positionen und Funktionen stark ver\u00e4ndert. Globalisierung, Digitalisierung oder auch Krisen (Finanzkrise, Covid, &#8230;.) \u00a0bringen es mit sich, dass sich Ver\u00e4nderungen dann auch wesentlich schneller vollziehen als vor beispielsweise 20 Jahren. Vor allem im Top-Segment, bei Managern und F\u00fchrungskr\u00e4ften, ist das sp\u00fcrbar. Der Karriereweg bringt oftmals freiwillige wie auch unfreiwillige\u00a0<a href=\"https:\/\/www.gps-jobsearch.com\/de\/jobsuche-fuehrungskraefte\/\">Abschiede aus Unternehmen oder Top-Positionen<\/a>\u00a0mit sich. In einer solchen Situation ist es wichtig, schnell wieder Anschluss in die richtige und neue Managementaufgabe zu finden.\u00a0<i>gps-jobsearch<\/i>\u00a0hilft Ihnen dabei gerne.<\/p><h3><strong><br \/>Einsatz dort, wo es Sinn macht<\/strong><\/h3><p>Ganz egal, ob Sie<\/p><ul><li>bei Ihrem jetzigen Arbeitgeber oder derzeitigen Rolle,<\/li><li>keine Perspektive mehr sehen,<\/li><li>sich eine neue berufliche Herausforderung w\u00fcnschen, den n\u00e4chsten Karriereschritt wagen oder<\/li><li>nach einem Karriereknick wieder durchstarten wollen.<\/li><\/ul><p>Unsere Methodik des inversen Headhuntings ist einzig und allein darauf ausgerichtet, Sie bei\u00a0<a href=\"https:\/\/www.gps-jobsearch.com\/de\/netzwerk-fuer-fuehrungskrafte\/\">Entscheidungstr\u00e4gern f\u00fcr Top-Positionen<\/a>\u00a0so ins Gespr\u00e4ch zu bringen, dass Sie als der Richtige erkannt werden.<\/p><h3><strong><br \/>Alle Wege f\u00fchren nach \u201eRom\u201c<\/strong><\/h3><p>So besagt es zumindest ein Sprichwort aus dem Mittelalter. Aber wenn man einen Gipfel erklimmen m\u00f6chte, gibt es immer mehrere Routen und Wege. Nicht alle f\u00fchren ganz nach oben. Nicht alle sind sicher und schon gar nicht gleich schnell. Manche Wege sollte man besser meiden. Oft reicht ein kleiner Fehltritt und man wird oben nicht ankommen. Selbst wenn man oben auf dem Gipfel steht, ist dort nicht allzu viel Platz um nicht gleich wieder abzust\u00fcrzen. Je h\u00f6her man steigt, desto d\u00fcnner wird die Luft. Schlie\u00dflich m\u00f6chte man nach all der M\u00fche m\u00f6glichst lange oben bleiben. Nicht nur der Aussicht wegen! Das ist nicht nur bei 8000ern der Fall.\u00a0<\/p><p>So oder \u00e4hnlich kann man auch eine typische Karriere eines Top-Managers wohl beschreiben.<\/p>\t\t\t\t\t\t\t\t<\/div>\n\t\t\t\t<\/div>\n\t\t\t\t<\/div>\n\t\t<div class=\"elementor-element elementor-element-d4bc2b9 e-con-full e-flex e-con e-child\" data-id=\"d4bc2b9\" data-element_type=\"container\" data-settings=\"{&quot;jet_parallax_layout_list&quot;:[]}\">\n\t\t\t\t<div class=\"elementor-element elementor-element-0421505 elementor-widget elementor-widget-image\" data-id=\"0421505\" data-element_type=\"widget\" data-widget_type=\"image.default\">\n\t\t\t\t<div class=\"elementor-widget-container\">\n\t\t\t\t\t\t\t\t\t\t\t\t\t\t\t<img fetchpriority=\"high\" decoding=\"async\" width=\"800\" height=\"726\" src=\"https:\/\/www.gps-jobsearch.com\/wp-content\/uploads\/2024\/07\/helping-g7e103002b_1920-1411x1280-1-1024x929.jpg\" class=\"attachment-large size-large wp-image-1067\" alt=\"\" srcset=\"https:\/\/www.gps-jobsearch.com\/wp-content\/uploads\/2024\/07\/helping-g7e103002b_1920-1411x1280-1-1024x929.jpg 1024w, https:\/\/www.gps-jobsearch.com\/wp-content\/uploads\/2024\/07\/helping-g7e103002b_1920-1411x1280-1-300x272.jpg 300w, https:\/\/www.gps-jobsearch.com\/wp-content\/uploads\/2024\/07\/helping-g7e103002b_1920-1411x1280-1-768x697.jpg 768w, https:\/\/www.gps-jobsearch.com\/wp-content\/uploads\/2024\/07\/helping-g7e103002b_1920-1411x1280-1.jpg 1411w\" sizes=\"(max-width: 800px) 100vw, 800px\">\t\t\t\t\t\t\t\t\t\t\t\t\t\t\t<\/div>\n\t\t\t\t<\/div>\n\t\t\t\t<div class=\"elementor-element elementor-element-62c5069 elementor-widget elementor-widget-text-editor\" data-id=\"62c5069\" data-element_type=\"widget\" data-widget_type=\"text-editor.default\">\n\t\t\t\t<div class=\"elementor-widget-container\">\n\t\t\t\t\t\t\t\t\t<h3><strong>Fehlentscheidungen bei der Karriereplanung vermeiden &#8211; der richtige Weg nach \u201eRom\u201c<\/strong><\/h3><p>Kein Bergsteiger der Welt w\u00fcrde ohne gr\u00fcndliche Vorbereitung einen 8000er besteigen. Wochen, Monate, ja sogar Jahre werden dabei oftmals in die Vorbereitung gesteckt. Keiner w\u00fcrde einfach losmarschieren.\u00a0Insiderinformationen\u00a0spielen auch hier die entscheidende Rolle. Niemand w\u00fcrde sich allein auf den Weg machen.<\/p><p>Mit unserem\u00a0<a href=\"https:\/\/www.gps-jobsearch.com\/de\/gps-prozess-stufenplan\/\">20-stufigen Prozess\u00a0<\/a>bereiten wir nicht nur den richtigen Weg mit Ihnen vor, sondern nehmen dabei den besten, schnellsten und sichersten Weg nach oben. Wir nehmen nur das mit, was wir wirklich dazu ben\u00f6tigen. Bevor wir los marschieren, holen wir uns jene Vorinformationen damit wir nicht nur sicher am \u201erichtigen\u201c Gipfel ankommen, sondern dann oben angekommen lange die Aussicht genie\u00dfen k\u00f6nnen.\u00a0<\/p><p>Aus dem Wissen, was wir Tag f\u00fcr Tag aus M\u00e4rkten, Branchen, Unternehmen, Positionen usw. wissen und\u00a0<a href=\"https:\/\/www.gps-jobsearch.com\/de\/voraussetzungen\/\" target=\"_blank\" rel=\"noopener\">analysieren<\/a>, bringen wir unsere Kunden schon nach 5-6 Wochen zu ersten Gespr\u00e4chen, sondern sch\u00fctzen wir unsere Kunden auch vor Fehlentscheidungen.<\/p><h3><strong><br \/>Partner f\u00fcr langfristigen Erfolg<\/strong><\/h3><p><i>gps-jobsearch<\/i>\u00a0versteht sich nicht nur als einmaliger Impulsgeber f\u00fcr Ihre n\u00e4chste Top-Position, sondern vielmehr als langfristiger Partner, der nicht nur einen 8000er besteigen will, sondern bei Bedarf auch mehrere. Der Aufstieg ist geschafft, der Abstieg gef\u00e4hrlich und sehr rutschig. Wir f\u00fchren Sie von einem Gipfel zum n\u00e4chsten, und das in k\u00fcrzester Zeit. Die meisten unserer Kunden erreichen Ihre n\u00e4chste Top-Position innerhalb von 3-5 Monaten nach Beginn unserer Zusammenarbeit.<\/p><p>Sicher schadet es nicht, zuk\u00fcnftig einem\u00a0<a href=\"https:\/\/www.gps-jobsearch.com\/de\/netzwerk-fuer-fuehrungskrafte\/\">Netz<\/a><a href=\"https:\/\/www.gps-jobsearch.com\/de\/netzwerk-fuer-fuehrungskrafte\/\">werk<\/a>\u00a0anzugeh\u00f6ren, das aus Personen besteht, welche einen Gipfel h\u00f6her sitzen \u2013 m\u00f6glicherweise einer Flugh\u00f6he, wo Sie auch selbst hinwollen \u2013 aber ganz bestimmt aus einer Flugh\u00f6he, wo das Wissen \u00fcber\u00a0<a href=\"https:\/\/www.gps-jobsearch.com\/de\/offene-aktuelle-vakanzen\/\">weitere Top-Positionen<\/a>\u00a0nicht nur bekannt ist, sondern wo auch die Entscheidungen zur Besetzung fallen. Die Erweiterung Ihres pers\u00f6nlichen Netzwerkes kostet nichts, sofern Sie mit uns Ihre n\u00e4chste Top-Position gefunden haben. Was dies genau bedeutet und vor allem wie wir auch Sie in Ihre n\u00e4chste Top-Position bringen, dazu mehr in einem\u00a0<a href=\"https:\/\/www.gps-jobsearch.com\/de\/kontakt\/\">pers\u00f6nlichen Vorgespr\u00e4ch<\/a>.\u00a0<\/p>\t\t\t\t\t\t\t\t<\/div>\n\t\t\t\t<\/div>\n\t\t\t\t<\/div>\n\t\t\t\t\t<\/div>\n\t\t\t\t<\/div>\n\t\t<div class=\"elementor-element elementor-element-0c62c47 e-flex e-con-boxed e-con e-parent\" data-id=\"0c62c47\" data-element_type=\"container\" data-settings=\"{&quot;jet_parallax_layout_list&quot;:[]}\">\n\t\t\t\t\t<div class=\"e-con-inner\">\n\t\t<div class=\"elementor-element elementor-element-d37183e e-con-full e-flex e-con e-child\" data-id=\"d37183e\" data-element_type=\"container\" data-settings=\"{&quot;jet_parallax_layout_list&quot;:[]}\">\n\t\t\t\t<div class=\"elementor-element elementor-element-3c36e73 elementor-widget elementor-widget-html\" data-id=\"3c36e73\" data-element_type=\"widget\" data-widget_type=\"html.default\">\n\t\t\t\t<div class=\"elementor-widget-container\">\n\t\t\t\t\t\t\t\t\t<\/div>\n\t\t\t\t<\/div>\n\t\t\t\t<\/div>\n\t\t\t\t\t<\/div>\n\t\t\t\t<\/div>\n\t\t\t\t<\/div>\n\t\t","protected":false},"excerpt":{"rendered":"<p>Karriere geplant und alles erreicht!\u200b Oder auf dem Weg nach oben h\u00e4ngen geblieben? Aktuelle Management Jobs Karriere: Ihr Weg ans Ziel Nicht immer nur geradeaus, Karriere im Wandel der Zeit Karriere im Top-Management: Nur das Ankommen z\u00e4hlt! Karrieren im Top-Segment f\u00fchren nicht immer nur geradeaus. Vielmehr ist der Weg ganz nach oben auf die h\u00f6chsten [&hellip;]<\/p>\n","protected":false},"author":4,"featured_media":0,"parent":0,"menu_order":67,"comment_status":"closed","ping_status":"closed","template":"","meta":{"footnotes":""},"seiten-kategorie":[],"class_list":["post-1065","page","type-page","status-publish","hentry"],"_links":{"self":[{"href":"https:\/\/www.gps-jobsearch.com\/de\/wp-json\/wp\/v2\/pages\/1065","targetHints":{"allow":["GET"]}}],"collection":[{"href":"https:\/\/www.gps-jobsearch.com\/de\/wp-json\/wp\/v2\/pages"}],"about":[{"href":"https:\/\/www.gps-jobsearch.com\/de\/wp-json\/wp\/v2\/types\/page"}],"author":[{"embeddable":true,"href":"https:\/\/www.gps-jobsearch.com\/de\/wp-json\/wp\/v2\/users\/4"}],"replies":[{"embeddable":true,"href":"https:\/\/www.gps-jobsearch.com\/de\/wp-json\/wp\/v2\/comments?post=1065"}],"version-history":[{"count":109,"href":"https:\/\/www.gps-jobsearch.com\/de\/wp-json\/wp\/v2\/pages\/1065\/revisions"}],"predecessor-version":[{"id":7204,"href":"https:\/\/www.gps-jobsearch.com\/de\/wp-json\/wp\/v2\/pages\/1065\/revisions\/7204"}],"wp:attachment":[{"href":"https:\/\/www.gps-jobsearch.com\/de\/wp-json\/wp\/v2\/media?parent=1065"}],"wp:term":[{"taxonomy":"seiten-kategorie","embeddable":true,"href":"https:\/\/www.gps-jobsearch.com\/de\/wp-json\/wp\/v2\/seiten-kategorie?post=1065"}],"curies":[{"name":"wp","href":"https:\/\/api.w.org\/{rel}","templated":true}]}}