{"id":1058,"date":"2024-07-31T10:46:31","date_gmt":"2024-07-31T10:46:31","guid":{"rendered":"https:\/\/staging.gps-jobsearch.com\/?page_id=1058"},"modified":"2025-08-14T15:00:22","modified_gmt":"2025-08-14T15:00:22","slug":"kunden-inverses-headhunting","status":"publish","type":"page","link":"https:\/\/www.gps-jobsearch.com\/de\/kunden-inverses-headhunting\/","title":{"rendered":"Unsere Kunden"},"content":{"rendered":"\t\t<div data-elementor-type=\"wp-page\" data-elementor-id=\"1058\" class=\"elementor elementor-1058\" data-elementor-post-type=\"page\">\n\t\t\t\t<div class=\"elementor-element elementor-element-43fa6683 e-flex e-con-boxed e-con e-parent\" data-id=\"43fa6683\" data-element_type=\"container\" data-settings=\"{&quot;background_background&quot;:&quot;classic&quot;,&quot;jet_parallax_layout_list&quot;:[]}\">\n\t\t\t\t\t<div class=\"e-con-inner\">\n\t\t<div class=\"elementor-element elementor-element-295aa0f3 e-con-full e-flex e-con e-child\" data-id=\"295aa0f3\" data-element_type=\"container\" data-settings=\"{&quot;jet_parallax_layout_list&quot;:[]}\">\n\t\t\t\t<div class=\"elementor-element elementor-element-69b39fab elementor-widget elementor-widget-heading\" data-id=\"69b39fab\" data-element_type=\"widget\" data-widget_type=\"heading.default\">\n\t\t\t\t<div class=\"elementor-widget-container\">\n\t\t\t\t\t<h3 class=\"elementor-heading-title elementor-size-default\">Manager und F\u00fchrungskr\u00e4fte im Top-Segment\u200b<\/h3>\t\t\t\t<\/div>\n\t\t\t\t<\/div>\n\t\t\t\t<div class=\"elementor-element elementor-element-3d65dbba elementor-widget elementor-widget-heading\" data-id=\"3d65dbba\" data-element_type=\"widget\" data-widget_type=\"heading.default\">\n\t\t\t\t<div class=\"elementor-widget-container\">\n\t\t\t\t\t<h1 class=\"elementor-heading-title elementor-size-default\">Unsere Kunden im inversen Headhunting<\/h1>\t\t\t\t<\/div>\n\t\t\t\t<\/div>\n\t\t\t\t<div class=\"elementor-element elementor-element-4846927f elementor-align-center elementor-widget elementor-widget-button\" data-id=\"4846927f\" data-element_type=\"widget\" data-widget_type=\"button.default\">\n\t\t\t\t<div class=\"elementor-widget-container\">\n\t\t\t\t\t\t\t\t\t<div class=\"elementor-button-wrapper\">\n\t\t\t\t\t<a class=\"elementor-button elementor-button-link elementor-size-sm\" href=\"https:\/\/www.gps-jobsearch.com\/de\/erfahrungen-inverses-headhunting\/\">\n\t\t\t\t\t\t<span class=\"elementor-button-content-wrapper\">\n\t\t\t\t\t\t<span class=\"elementor-button-icon\">\n\t\t\t\t<svg aria-hidden=\"true\" class=\"e-font-icon-svg e-fas-arrow-right\" viewBox=\"0 0 448 512\" xmlns=\"http:\/\/www.w3.org\/2000\/svg\"><path d=\"M190.5 66.9l22.2-22.2c9.4-9.4 24.6-9.4 33.9 0L441 239c9.4 9.4 9.4 24.6 0 33.9L246.6 467.3c-9.4 9.4-24.6 9.4-33.9 0l-22.2-22.2c-9.5-9.5-9.3-25 .4-34.3L311.4 296H24c-13.3 0-24-10.7-24-24v-32c0-13.3 10.7-24 24-24h287.4L190.9 101.2c-9.8-9.3-10-24.8-.4-34.3z\"><\/path><\/svg>\t\t\t<\/span>\n\t\t\t\t\t\t\t\t\t<span class=\"elementor-button-text\">Aktuelle Management Jobs<\/span>\n\t\t\t\t\t<\/span>\n\t\t\t\t\t<\/a>\n\t\t\t\t<\/div>\n\t\t\t\t\t\t\t\t<\/div>\n\t\t\t\t<\/div>\n\t\t\t\t<\/div>\n\t\t\t\t\t<\/div>\n\t\t\t\t<\/div>\n\t\t<div class=\"elementor-element elementor-element-388c7a2 e-flex e-con-boxed e-con e-parent\" data-id=\"388c7a2\" data-element_type=\"container\" data-settings=\"{&quot;jet_parallax_layout_list&quot;:[]}\">\n\t\t\t\t\t<div class=\"e-con-inner\">\n\t\t\t\t<div class=\"elementor-element elementor-element-f0afa0d elementor-widget elementor-widget-heading\" data-id=\"f0afa0d\" data-element_type=\"widget\" data-widget_type=\"heading.default\">\n\t\t\t\t<div class=\"elementor-widget-container\">\n\t\t\t\t\t<h2 class=\"elementor-heading-title elementor-size-default\">Kundenstruktur der gps-jobsearch Kunden<\/h2>\t\t\t\t<\/div>\n\t\t\t\t<\/div>\n\t\t\t\t<div class=\"elementor-element elementor-element-4569ae2 elementor-widget elementor-widget-heading\" data-id=\"4569ae2\" data-element_type=\"widget\" data-widget_type=\"heading.default\">\n\t\t\t\t<div class=\"elementor-widget-container\">\n\t\t\t\t\t<h3 class=\"elementor-heading-title elementor-size-default\">Inverses Headhunting mit gps-jobsearch<\/h3>\t\t\t\t<\/div>\n\t\t\t\t<\/div>\n\t\t\t\t<div class=\"elementor-element elementor-element-4e3fc4f elementor-widget elementor-widget-text-editor\" data-id=\"4e3fc4f\" data-element_type=\"widget\" data-widget_type=\"text-editor.default\">\n\t\t\t\t<div class=\"elementor-widget-container\">\n\t\t\t\t\t\t\t\t\t<p>Seit dem Jahr 2008 haben wir uns bei gps-jobsearch auf 2 Zielgruppen spezialisiert und unsere Leistungen des inversen Headhunting darauf abgestimmt.<\/p>\t\t\t\t\t\t\t\t<\/div>\n\t\t\t\t<\/div>\n\t\t\t\t\t<\/div>\n\t\t\t\t<\/div>\n\t\t<div class=\"elementor-element elementor-element-2e5d783 e-flex e-con-boxed e-con e-parent\" data-id=\"2e5d783\" data-element_type=\"container\" data-settings=\"{&quot;jet_parallax_layout_list&quot;:[]}\">\n\t\t\t\t\t<div class=\"e-con-inner\">\n\t\t<div class=\"elementor-element elementor-element-464f668 e-con-full e-flex e-con e-child\" data-id=\"464f668\" data-element_type=\"container\" data-settings=\"{&quot;jet_parallax_layout_list&quot;:[]}\">\n\t\t\t\t<div class=\"elementor-element elementor-element-83b98e2 elementor-widget elementor-widget-text-editor\" data-id=\"83b98e2\" data-element_type=\"widget\" data-widget_type=\"text-editor.default\">\n\t\t\t\t<div class=\"elementor-widget-container\">\n\t\t\t\t\t\t\t\t\t<p><strong>1. C-Level Manager<\/strong><br \/>aus der obersten F\u00fchrungsetage, die weiterhin an der Spitze bleiben m\u00f6chten; mit\u00a0<strong>Jahresgeh\u00e4ltern zwischen 150.000,- \u20ac bis 4,5 Mio. \u20ac<\/strong>\u00a0<\/p><p><strong>2. F\u00fchrungskr\u00e4fte und\u00a0<\/strong><a href=\"https:\/\/www.gps-jobsearch.com\/de\/high-potentials\/\"><strong>High-Potentials,<\/strong><\/a><br \/>die auf der Karriereleiter eine Stufe h\u00f6her klettern wollen; mit\u00a0<strong>Jahresgeh\u00e4ltern zwischen 100.000,- \u20ac bis 150.000,- \u20ac<\/strong><\/p>\t\t\t\t\t\t\t\t<\/div>\n\t\t\t\t<\/div>\n\t\t\t\t<\/div>\n\t\t<div class=\"elementor-element elementor-element-c52c0af e-con-full e-flex e-con e-child\" data-id=\"c52c0af\" data-element_type=\"container\" data-settings=\"{&quot;jet_parallax_layout_list&quot;:[]}\">\n\t\t\t\t<div class=\"elementor-element elementor-element-380328a elementor-widget elementor-widget-image\" data-id=\"380328a\" data-element_type=\"widget\" data-widget_type=\"image.default\">\n\t\t\t\t<div class=\"elementor-widget-container\">\n\t\t\t\t\t\t\t\t\t\t\t\t\t\t\t<img fetchpriority=\"high\" decoding=\"async\" width=\"300\" height=\"241\" src=\"https:\/\/www.gps-jobsearch.com\/wp-content\/uploads\/2024\/07\/goal-gb418d38a3_1920-1480x1191-1440x1159-2-300x241.jpg\" class=\"attachment-medium size-medium wp-image-1060\" alt=\"\" srcset=\"https:\/\/www.gps-jobsearch.com\/wp-content\/uploads\/2024\/07\/goal-gb418d38a3_1920-1480x1191-1440x1159-2-300x241.jpg 300w, https:\/\/www.gps-jobsearch.com\/wp-content\/uploads\/2024\/07\/goal-gb418d38a3_1920-1480x1191-1440x1159-2-1024x824.jpg 1024w, https:\/\/www.gps-jobsearch.com\/wp-content\/uploads\/2024\/07\/goal-gb418d38a3_1920-1480x1191-1440x1159-2-768x618.jpg 768w, https:\/\/www.gps-jobsearch.com\/wp-content\/uploads\/2024\/07\/goal-gb418d38a3_1920-1480x1191-1440x1159-2.jpg 1440w\" sizes=\"(max-width: 300px) 100vw, 300px\">\t\t\t\t\t\t\t\t\t\t\t\t\t\t\t<\/div>\n\t\t\t\t<\/div>\n\t\t\t\t<\/div>\n\t\t\t\t\t<\/div>\n\t\t\t\t<\/div>\n\t\t<div class=\"elementor-element elementor-element-be3b09c e-flex e-con-boxed e-con e-parent\" data-id=\"be3b09c\" data-element_type=\"container\" data-settings=\"{&quot;jet_parallax_layout_list&quot;:[]}\">\n\t\t\t\t\t<div class=\"e-con-inner\">\n\t\t<div class=\"elementor-element elementor-element-49495b1 e-con-full e-flex e-con e-child\" data-id=\"49495b1\" data-element_type=\"container\" data-settings=\"{&quot;jet_parallax_layout_list&quot;:[]}\">\n\t\t\t\t<div class=\"elementor-element elementor-element-c43f5bd elementor-widget elementor-widget-text-editor\" data-id=\"c43f5bd\" data-element_type=\"widget\" data-widget_type=\"text-editor.default\">\n\t\t\t\t<div class=\"elementor-widget-container\">\n\t\t\t\t\t\t\t\t\t<div class=\"textwithimage container-fluid container-xl-mw\"><div class=\"row justify-content-center\"><div class=\"col12 col-md-6\"><h2><strong>Ziele unserer Kunden<\/strong><\/h2><p>Alle unserer Kunden haben etwas gemeinsam und verfolgen ein klares Ziel. Sie sind auf der <a href=\"https:\/\/www.gps-jobsearch.com\/de\/jobsuche-fuehrungskraefte\/\">Suche nach einer F\u00fchrungsposition<\/a>! Sie sind \u00fcberdurchschnittlich erfolgreich und wollen oder m\u00fcssen sich beruflich ver\u00e4ndern.\u00a0\u00a0<\/p><p><strong>Sie wissen bereits, dass:<\/strong><\/p><ul><li>Managementpositionen in den seltensten F\u00e4llen \u00f6ffentlich ausgeschrieben sind, sondern im <a href=\"https:\/\/www.gps-jobsearch.com\/de\/verdeckter-stellenmarkt\/\">verdeckten Stellenmarkt<\/a> liegen. Es bedarf anderer Wege diese zu finden.<\/li><li>Sie mit unserem tragf\u00e4higen <a href=\"https:\/\/www.gps-jobsearch.com\/de\/netzwerk-fuer-fuehrungskrafte\/\">Netzwerk <\/a>und unserem\u00a0<a href=\"https:\/\/www.gps-jobsearch.com\/gps-prozess-stufenplan?s=phase-iii--digitaler-auftritt\">digitalen, multimedialen Bewerbungsprozess<\/a> bei den entsprechenden Entscheidungstr\u00e4gern ins Gespr\u00e4ch kommen.\u00a0<\/li><\/ul><\/div><div class=\"col12 col-md-6\"><div class=\"textwithimage container-fluid container-xl-mw\"><div class=\"row justify-content-center\">\u00a0<\/div><\/div><div class=\"textwithimage container-fluid container-xl-mw\"><div class=\"row justify-content-center\"><div class=\"col12 col-md-6\"><h2><strong>Als Kunde \u201elangfristig erfolgreich\u201c<\/strong><\/h2><p>Das Ziel, eine neue berufliche Herausforderung im Rahmen einer neuen Top-Position zu finden, ist die eine Sache. Das andere und Entscheidende ist aber, dort auch langfristig erfolgreich zu sein.<\/p><p>In all den Jahren, in denen wir mit unserer Methode des<a href=\"https:\/\/www.gps-jobsearch.com\/de\/inverses-headhunting\/\">\u00a0inversen Headhuntings<\/a>\u00a0Manager in Ihre neue Top-Position gebracht haben, hat noch kein Einziger in den ersten beiden Jahren nach Dienstbeginn seinen Job verloren oder hat selbst gek\u00fcndigt!<\/p><p>Das ist leicht erkl\u00e4rt und sicher eines der besten Argumente f\u00fcr die Qualit\u00e4t unserer Arbeit. Wir bringen Sie nur bei\u00a0Entscheidungstr\u00e4gern\u00a0und f\u00fcr Positionen ins Gespr\u00e4ch, wo die \u00dcbereinstimmung zwischen Ihren Erfahrungen und Kompetenzen mit den zu l\u00f6senden Aufgaben und dem dortigen Umfeld am gr\u00f6\u00dften ist.\u00a0<\/p><h2><strong><br \/>Zu Ihrer Sicherheit<\/strong><\/h2><p>Sollte es dennoch einmal anders kommen, so gilt unsere im Vertrag schriftlich festgelegte Wiederaufnahmegarantie.\u00a0<\/p><\/div><\/div><\/div><\/div><\/div><\/div>\t\t\t\t\t\t\t\t<\/div>\n\t\t\t\t<\/div>\n\t\t\t\t<\/div>\n\t\t<div class=\"elementor-element elementor-element-ac6ab81 e-con-full e-flex e-con e-child\" data-id=\"ac6ab81\" data-element_type=\"container\" data-settings=\"{&quot;jet_parallax_layout_list&quot;:[]}\">\n\t\t\t\t<div class=\"elementor-element elementor-element-799ee19 elementor-widget elementor-widget-text-editor\" data-id=\"799ee19\" data-element_type=\"widget\" data-widget_type=\"text-editor.default\">\n\t\t\t\t<div class=\"elementor-widget-container\">\n\t\t\t\t\t\t\t\t\t<h2><strong>Ziel erreicht mit inversem Headhunting<\/strong><\/h2><p>Die ersten Einladungen zu Gespr\u00e4chen erfolgen bereits 5 Wochen nach Beginn unserer Zusammenarbeit und die meisten unserer Kunden nehmen nach 3-5 Monaten an Ihrem neuen Schreibtisch Platz.\u00a0 \u00a0\u00a0<\/p><h2><strong><br \/>Facts &amp; Figures<\/strong><\/h2><p>Zahlen, Daten und Fakten zu unseren Kunden \u2013 Ihren\u00a0<a href=\"https:\/\/www.gps-jobsearch.com\/de\/gehaelter-und-funktionale-verantwortung\/\">Jahreseinkommen<\/a>, Ihren Positionen, der\u00a0<a href=\"https:\/\/www.gps-jobsearch.com\/de\/regionale-und-branchenherkunft-unserer-kunden\/\">Branchenherkunft<\/a>, Ihrer\u00a0<a href=\"https:\/\/www.gps-jobsearch.com\/de\/regionale-und-branchenherkunft-unserer-kunden\/\">regionalen Herkunft<\/a>\u00a0sowie Ihrer\u00a0<a href=\"https:\/\/www.gps-jobsearch.com\/de\/fachliche-ausbildung\/\">fachlichen Ausbildung<\/a>\u00a0finden Sie auf den nachfolgenden Seiten abgebildet.<\/p><h2><strong>Vom Kunden zum \u201eWiederholungst\u00e4ter\u201c f\u00fcr inverses Headhunting<\/strong><\/h2><p>Nachdem wir seit dem Jahr 2008 mehr als 1000 Projekte erfolgreich abgeschlossen haben, gibt es Kunden, die nach einigen Jahren die erneute Zusammenarbeit mit uns gesucht haben.\u00a0<br \/>Die Gr\u00fcnde daf\u00fcr sind vielf\u00e4ltig \u2013 in den meisten F\u00e4llen wird einfach eine erneute neue berufliche Herausforderung gesucht. Kein Wunder, betr\u00e4gt heute die\u00a0<strong>durchschnittliche Verweildauer eines Gesch\u00e4ftsf\u00fchrers zwischen 4 und 5 Jahren<\/strong>.<\/p><p>Zufriedene und begeisterte Kunden bringen uns nicht nur Neukunden, sondern werden sogar zu \u201eWiederholungst\u00e4tern\u201c. Das h\u00e4ngt auch damit zusammen, dass wir Karriereplanungen langfristig anlegen und viele auf Ihrem Weg begleiten, coachen und weiter unterst\u00fctzen.<\/p><p>Unsere Leistung endet nicht bei Ihrer Unterzeichnung eines neuen Arbeitsvertrages. Unterst\u00fctzung als Manager mit operativen u\/o strategischen Fragen aus einer anderen Perspektive als der eigenen, k\u00f6nnen Gold wert sein. In unserem 420-k\u00f6pfigen\u00a0<a href=\"https:\/\/www.gps-jobsearch.com\/de\/netzwerk-fuer-fuehrungskrafte\/\">Netzwerk\u00a0<\/a>gibt es sicher jemanden, der auch auf die noch so ausgefallene Frage nicht eine passende und hilfreiche Antwort findet. \u00a0\u00a0<\/p>\t\t\t\t\t\t\t\t<\/div>\n\t\t\t\t<\/div>\n\t\t\t\t<\/div>\n\t\t\t\t\t<\/div>\n\t\t\t\t<\/div>\n\t\t<div class=\"elementor-element elementor-element-0c62c47 e-flex e-con-boxed e-con e-parent\" data-id=\"0c62c47\" data-element_type=\"container\" data-settings=\"{&quot;jet_parallax_layout_list&quot;:[]}\">\n\t\t\t\t\t<div class=\"e-con-inner\">\n\t\t\t\t<div class=\"elementor-element elementor-element-94bf1fa elementor-widget elementor-widget-html\" data-id=\"94bf1fa\" data-element_type=\"widget\" data-widget_type=\"html.default\">\n\t\t\t\t<div class=\"elementor-widget-container\">\n\t\t\t\t\t\t\t\t\t<\/div>\n\t\t\t\t<\/div>\n\t\t\t\t\t<\/div>\n\t\t\t\t<\/div>\n\t\t\t\t<\/div>\n\t\t","protected":false},"excerpt":{"rendered":"<p>Manager und F\u00fchrungskr\u00e4fte im Top-Segment\u200b Unsere Kunden im inversen Headhunting Aktuelle Management Jobs Kundenstruktur der gps-jobsearch Kunden Inverses Headhunting mit gps-jobsearch Seit dem Jahr 2008 haben wir uns bei gps-jobsearch auf 2 Zielgruppen spezialisiert und unsere Leistungen des inversen Headhunting darauf abgestimmt. 1. C-Level Manageraus der obersten F\u00fchrungsetage, die weiterhin an der Spitze bleiben m\u00f6chten; [&hellip;]<\/p>\n","protected":false},"author":4,"featured_media":798,"parent":0,"menu_order":76,"comment_status":"closed","ping_status":"closed","template":"","meta":{"footnotes":""},"seiten-kategorie":[31],"class_list":["post-1058","page","type-page","status-publish","has-post-thumbnail","hentry","seiten-kategorie-box-auf-startseite"],"_links":{"self":[{"href":"https:\/\/www.gps-jobsearch.com\/de\/wp-json\/wp\/v2\/pages\/1058","targetHints":{"allow":["GET"]}}],"collection":[{"href":"https:\/\/www.gps-jobsearch.com\/de\/wp-json\/wp\/v2\/pages"}],"about":[{"href":"https:\/\/www.gps-jobsearch.com\/de\/wp-json\/wp\/v2\/types\/page"}],"author":[{"embeddable":true,"href":"https:\/\/www.gps-jobsearch.com\/de\/wp-json\/wp\/v2\/users\/4"}],"replies":[{"embeddable":true,"href":"https:\/\/www.gps-jobsearch.com\/de\/wp-json\/wp\/v2\/comments?post=1058"}],"version-history":[{"count":43,"href":"https:\/\/www.gps-jobsearch.com\/de\/wp-json\/wp\/v2\/pages\/1058\/revisions"}],"predecessor-version":[{"id":7400,"href":"https:\/\/www.gps-jobsearch.com\/de\/wp-json\/wp\/v2\/pages\/1058\/revisions\/7400"}],"wp:featuredmedia":[{"embeddable":true,"href":"https:\/\/www.gps-jobsearch.com\/de\/wp-json\/wp\/v2\/media\/798"}],"wp:attachment":[{"href":"https:\/\/www.gps-jobsearch.com\/de\/wp-json\/wp\/v2\/media?parent=1058"}],"wp:term":[{"taxonomy":"seiten-kategorie","embeddable":true,"href":"https:\/\/www.gps-jobsearch.com\/de\/wp-json\/wp\/v2\/seiten-kategorie?post=1058"}],"curies":[{"name":"wp","href":"https:\/\/api.w.org\/{rel}","templated":true}]}}