{"id":1049,"date":"2024-07-31T10:39:44","date_gmt":"2024-07-31T10:39:44","guid":{"rendered":"https:\/\/staging.gps-jobsearch.com\/?page_id=1049"},"modified":"2025-08-14T15:44:07","modified_gmt":"2025-08-14T15:44:07","slug":"gps-jobsearch-und-die-gp-solutions-gmbh","status":"publish","type":"page","link":"https:\/\/www.gps-jobsearch.com\/de\/gps-jobsearch-und-die-gp-solutions-gmbh\/","title":{"rendered":"gps-jobsearch und die gp solutions GmbH"},"content":{"rendered":"\t\t<div data-elementor-type=\"wp-page\" data-elementor-id=\"1049\" class=\"elementor elementor-1049\" data-elementor-post-type=\"page\">\n\t\t\t\t<div class=\"elementor-element elementor-element-4df1260a e-flex e-con-boxed e-con e-parent\" data-id=\"4df1260a\" data-element_type=\"container\" data-settings=\"{&quot;background_background&quot;:&quot;classic&quot;,&quot;jet_parallax_layout_list&quot;:[]}\">\n\t\t\t\t\t<div class=\"e-con-inner\">\n\t\t<div class=\"elementor-element elementor-element-59017f4b e-con-full e-flex e-con e-child\" data-id=\"59017f4b\" data-element_type=\"container\" data-settings=\"{&quot;jet_parallax_layout_list&quot;:[]}\">\n\t\t\t\t<div class=\"elementor-element elementor-element-413248b3 elementor-widget elementor-widget-heading\" data-id=\"413248b3\" data-element_type=\"widget\" data-widget_type=\"heading.default\">\n\t\t\t\t<div class=\"elementor-widget-container\">\n\t\t\t\t\t<h1 class=\"elementor-heading-title elementor-size-default\">\u00dcber uns: gps-jobsearch &amp; die gp solutions GmbH<\/h1>\t\t\t\t<\/div>\n\t\t\t\t<\/div>\n\t\t\t\t<div class=\"elementor-element elementor-element-4030232c elementor-widget elementor-widget-heading\" data-id=\"4030232c\" data-element_type=\"widget\" data-widget_type=\"heading.default\">\n\t\t\t\t<div class=\"elementor-widget-container\">\n\t\t\t\t\t<h3 class=\"elementor-heading-title elementor-size-default\">Lernen Sie uns und unser Team kennen<\/h3>\t\t\t\t<\/div>\n\t\t\t\t<\/div>\n\t\t\t\t<div class=\"elementor-element elementor-element-6ff67865 elementor-align-center elementor-widget elementor-widget-button\" data-id=\"6ff67865\" data-element_type=\"widget\" data-widget_type=\"button.default\">\n\t\t\t\t<div class=\"elementor-widget-container\">\n\t\t\t\t\t\t\t\t\t<div class=\"elementor-button-wrapper\">\n\t\t\t\t\t<a class=\"elementor-button elementor-button-link elementor-size-sm\" href=\"https:\/\/www.gps-jobsearch.com\/de\/#kennenlernen\">\n\t\t\t\t\t\t<span class=\"elementor-button-content-wrapper\">\n\t\t\t\t\t\t<span class=\"elementor-button-icon\">\n\t\t\t\t<svg aria-hidden=\"true\" class=\"e-font-icon-svg e-fas-play\" viewBox=\"0 0 448 512\" xmlns=\"http:\/\/www.w3.org\/2000\/svg\"><path d=\"M424.4 214.7L72.4 6.6C43.8-10.3 0 6.1 0 47.9V464c0 37.5 40.7 60.1 72.4 41.3l352-208c31.4-18.5 31.5-64.1 0-82.6z\"><\/path><\/svg>\t\t\t<\/span>\n\t\t\t\t\t\t\t\t\t<span class=\"elementor-button-text\">Video: Inverses Headhunting<\/span>\n\t\t\t\t\t<\/span>\n\t\t\t\t\t<\/a>\n\t\t\t\t<\/div>\n\t\t\t\t\t\t\t\t<\/div>\n\t\t\t\t<\/div>\n\t\t\t\t<\/div>\n\t\t\t\t\t<\/div>\n\t\t\t\t<\/div>\n\t\t<div class=\"elementor-element elementor-element-fda544a e-flex e-con-boxed e-con e-parent\" data-id=\"fda544a\" data-element_type=\"container\" data-settings=\"{&quot;jet_parallax_layout_list&quot;:[]}\">\n\t\t\t\t\t<div class=\"e-con-inner\">\n\t\t<div class=\"elementor-element elementor-element-46415be e-con-full e-flex e-con e-child\" data-id=\"46415be\" data-element_type=\"container\" data-settings=\"{&quot;jet_parallax_layout_list&quot;:[]}\">\n\t\t\t\t<div class=\"elementor-element elementor-element-e06068e elementor-widget elementor-widget-heading\" data-id=\"e06068e\" data-element_type=\"widget\" data-widget_type=\"heading.default\">\n\t\t\t\t<div class=\"elementor-widget-container\">\n\t\t\t\t\t<h2 class=\"elementor-heading-title elementor-size-default\">Wer wir sind: gps-jobsearch \n&amp; die gp solutions GmbH<\/h2>\t\t\t\t<\/div>\n\t\t\t\t<\/div>\n\t\t\t\t<div class=\"elementor-element elementor-element-41d66fb elementor-hidden-mobile elementor-widget elementor-widget-heading\" data-id=\"41d66fb\" data-element_type=\"widget\" data-widget_type=\"heading.default\">\n\t\t\t\t<div class=\"elementor-widget-container\">\n\t\t\t\t\t<h3 class=\"elementor-heading-title elementor-size-default\">Ihr Experte f\u00fcr Inverses Headhunting<\/h3>\t\t\t\t<\/div>\n\t\t\t\t<\/div>\n\t\t\t\t<\/div>\n\t\t<div class=\"elementor-element elementor-element-0af6e49 e-con-full e-flex e-con e-child\" data-id=\"0af6e49\" data-element_type=\"container\" data-settings=\"{&quot;jet_parallax_layout_list&quot;:[]}\">\n\t\t\t\t<div class=\"elementor-element elementor-element-a2ed789 elementor-widget elementor-widget-text-editor\" data-id=\"a2ed789\" data-element_type=\"widget\" data-widget_type=\"text-editor.default\">\n\t\t\t\t<div class=\"elementor-widget-container\">\n\t\t\t\t\t\t\t\t\t<h2><i><strong>gps-jobsearch &#8211; Experten f\u00fcr inverses Headhunting<\/strong><\/i><\/h2><p>gps-jobsearch gibt es seit dem Jahr 2008. Mit Februar 2025 haben wir unser 17tes Wirtschaftsjahr erfolgreich abgeschlossen. Erfolgreich k\u00f6nnen wir nur durch zufriedene Kunden sein.<\/p><p>Wir sind stolz, mittlerweile mehr als 1800 Kundenprojekte erfolgreich abgeschlossen zu haben. Von Beginn an sind wir spezialisiert auf die Besetzung von Top-Positionen f\u00fcr Manager und F\u00fchrungskr\u00e4fte, welche sich ver\u00e4ndern wollen oder m\u00fcssen. Wir finden Ihre neue Managementposition f\u00fcr Sie durch <a href=\"https:\/\/www.gps-jobsearch.com\/de\/inverses-headhunting\/\">inverses Headhunting<\/a>\u00a0in\u00a0<a href=\"https:\/\/www.gps-jobsearch.com\/de\/inverses-headhunting-fuer-fuehrungskraefte-in-deutschland\/\">Deutschland<\/a>,\u00a0<a href=\"https:\/\/www.gps-jobsearch.com\/de\/inverses-headhunting-oesterreich\/\">\u00d6sterreich<\/a>, der\u00a0<a href=\"https:\/\/www.gps-jobsearch.com\/de\/inverses-headhunting-schweiz\/\">Schweiz<\/a>, aber auch EU und weltweit. In 3-5 Monaten sitzen die meisten unserer Kunden an Ihrem neuen Arbeitsplatz und konnten dabei aus mehreren Vertragsangeboten ausw\u00e4hlen.<\/p><h4><strong>Gegr\u00fcndet<\/strong><\/h4><p>2008 als Personengesellschaft durch die auch heute noch 100%tigen Eigent\u00fcmer Fr. Marion Gessner-Pr\u00f6ll und Hrn. Gerald Pr\u00f6ll in Seewalchen. Aufgrund des rasanten Wachstums, der damit verbundenen Mitarbeiterzahl und dem Aufbau mehrerer Standorte in der DACH Region, bereits nach kurzer Zeit umfirmiert in eine GmbH (die gp solutions GmbH ist heute Teil der international t\u00e4tigen gps-Firmengruppe). Hauptstandort ist in Salzburg mit weiteren Niederlassungen in der DACH-Region. Der finanztechnische Sitz befindet sich nach wie vor am Standort der Gr\u00fcndung der GmbH in Seewalchen.<\/p><h4><i><strong>gps<\/strong><\/i><\/h4><p>Hinter diesen 3 Buchstaben und dem dazu gew\u00e4hlten Logo verstecken sich 2 von uns ganz bewusst gew\u00e4hlte Abk\u00fcrzungen.<\/p><ul><li>Die Buchstaben stehen einerseits f\u00fcr unseren Namen und damit Ihren pers\u00f6nlichen Betreuern &#8211;\u00a0<strong>g<\/strong>essner\u00a0<strong>p<\/strong>r\u00f6ll\u00a0<strong>s<\/strong>olutions,<\/li><li>Andererseits f\u00fcr das, was am besten zu unserer Arbeit passt &#8211;\u00a0<strong>g<\/strong>lobal\u00a0<strong>p<\/strong>ositioning\u00a0<strong>s<\/strong>ystem \u2013 jedem bekannt aus seinem eigenen Fahrzeug. Wir bringen unsere Kunden sicher und punktgenau zum Ziel.<\/li><\/ul><h4><strong>Manufaktur statt Serienproduktion<\/strong><\/h4><p>Pro Jahr betreuen wir exklusiv und maximal 95-100 Managerinnen und Manager auf Ihrem Weg der beruflichen Ver\u00e4nderung. Diese Anzahl haben wir bewusst begrenzt, um jeden Kunden pers\u00f6nlich, individuell und ma\u00dfgeschneidert betreuen zu k\u00f6nnen. Damit nachhaltige Qualit\u00e4t auch langfristig sichergestellt ist und wir im Laufe eines Jahres unseren Kunden nicht hausintern Konkurrenz machen.<\/p><p><strong>Fokus<\/strong><\/p><p>Fokussiert auf 2 Zielgruppen:<\/p><ul><li>Zum einen auf\u00a0<a href=\"https:\/\/www.gps-jobsearch.com\/de\/kunden-inverses-headhunting\/\">Manager der obersten Ebene<\/a>\u00a0mit Jahresgeh\u00e4ltern zwischen 150T\u20ac und 4,5Mio. \u20ac, die sich ver\u00e4ndern wollen oder ver\u00e4ndern m\u00fcssen,<\/li><li>Zum anderen auf aufstrebende F\u00fchrungskr\u00e4fte \/\u00a0<a href=\"https:\/\/www.gps-jobsearch.com\/de\/high-potentials\/\">High-Potentials<\/a>\u00a0\u00a0mit Jahresgeh\u00e4ltern zwischen 100T\u20ac und 150T\u20ac welche eine Stufe h\u00f6her auf der Karriereleiter klettern wollen.<\/li><\/ul>\t\t\t\t\t\t\t\t<\/div>\n\t\t\t\t<\/div>\n\t\t\t\t<\/div>\n\t\t<div class=\"elementor-element elementor-element-30a78c9 e-con-full e-flex e-con e-child\" data-id=\"30a78c9\" data-element_type=\"container\" data-settings=\"{&quot;jet_parallax_layout_list&quot;:[]}\">\n\t\t\t\t<div class=\"elementor-element elementor-element-52fecd1 elementor-widget elementor-widget-image\" data-id=\"52fecd1\" data-element_type=\"widget\" data-widget_type=\"image.default\">\n\t\t\t\t<div class=\"elementor-widget-container\">\n\t\t\t\t\t\t\t\t\t\t\t\t\t\t\t<img fetchpriority=\"high\" decoding=\"async\" width=\"800\" height=\"534\" src=\"https:\/\/www.gps-jobsearch.com\/wp-content\/uploads\/2024\/07\/gps-jobsearch01-1440x960-1-1024x683.jpg\" class=\"attachment-large size-large wp-image-1053\" alt=\"Inverses Headhunting (auch Reverse Headhunting genannt) f\u00fcr Manager mit MArion Gessner-Pr\u00f6ll und Gerald Pr\u00f6ll\" srcset=\"https:\/\/www.gps-jobsearch.com\/wp-content\/uploads\/2024\/07\/gps-jobsearch01-1440x960-1-1024x683.jpg 1024w, https:\/\/www.gps-jobsearch.com\/wp-content\/uploads\/2024\/07\/gps-jobsearch01-1440x960-1-300x200.jpg 300w, https:\/\/www.gps-jobsearch.com\/wp-content\/uploads\/2024\/07\/gps-jobsearch01-1440x960-1-768x512.jpg 768w, https:\/\/www.gps-jobsearch.com\/wp-content\/uploads\/2024\/07\/gps-jobsearch01-1440x960-1.jpg 1440w\" sizes=\"(max-width: 800px) 100vw, 800px\" \/>\t\t\t\t\t\t\t\t\t\t\t\t\t\t\t<\/div>\n\t\t\t\t<\/div>\n\t\t\t\t<div class=\"elementor-element elementor-element-2fd78a3 elementor-widget elementor-widget-text-editor\" data-id=\"2fd78a3\" data-element_type=\"widget\" data-widget_type=\"text-editor.default\">\n\t\t\t\t<div class=\"elementor-widget-container\">\n\t\t\t\t\t\t\t\t\t<h4><strong>Erfolg mit Qualit\u00e4t<\/strong><\/h4><p>Seit dem Jahr 2008 hat gps-<i>jobsearch\u00a0<\/i>mehr als 1500 Projekte erfolgreich abgeschlossen. Nicht die Anzahl z\u00e4hlt, sondern der erfolgreiche Abschluss. Unsere Sorgfalt in der Auswahl aller Projekte gibt uns dabei Recht.<\/p><h4>Einzigartiges Netzwerk<\/h4><p>Mit einem heute\u00a0<a href=\"https:\/\/www.gps-jobsearch.com\/de\/netzwerk-fuer-fuehrungskrafte\/\">einzigartigen Netzwerk<\/a>\u00a0aus 420 Personen, welche zusammen mehr als 1300 aktive Mandate in verschiedenen Aufsichtsr\u00e4ten, Beir\u00e4ten und Verwaltungsr\u00e4ten bekleiden. Informationen aus erster Hand, von denen andere noch keine Ahnung haben.<\/p><p><strong>\u201eBe The first\u201c<\/strong><\/p><h4><strong><br \/>Digital und Multimedial<\/strong><\/h4><p>Mit unserem\u00a0<a href=\"https:\/\/www.gps-jobsearch.com\/de\/gps-prozess-stufenplan\/#slide8\">digitalen und multimedialen Bewerbungsverfahren<\/a>\u00a0recherchieren wir den Bedarf f\u00fcr Sie in den M\u00e4rkten und bringen Sie bei den Entscheidungstr\u00e4gern f\u00fcr Top-Positionen so ins Gespr\u00e4ch, dass Sie Ihren Konkurrenten den einen Schritt voraus sein werden und damit als der Richtige erkannt werden.<\/p><p><strong>\u201eOne Step Ahead\u201c<\/strong><\/p><h4><strong><br \/>Das Ergebnis des inversen Headhuntings<\/strong><\/h4><p>F\u00fcr die meisten unserer Kunden bedeutet es, innerhalb von 3-5 Monaten am neuen Schreibtisch der gesuchten Top-Position Platz zu nehmen.<\/p><p>Lesen Sie\u00a0\u00fcber <a href=\"https:\/\/www.gps-jobsearch.com\/de\/inverses-headhunting\/\">inverses Headhunting<\/a> und sehen Sie, <a href=\"https:\/\/www.gps-jobsearch.com\/de\/erfahrungen-inverses-headhunting\/\">welche Erfahrungen mit inversem Headhunting unsere Kunden<\/a> gemacht haben.<\/p>\t\t\t\t\t\t\t\t<\/div>\n\t\t\t\t<\/div>\n\t\t\t\t<\/div>\n\t\t\t\t\t<\/div>\n\t\t\t\t<\/div>\n\t\t<div class=\"elementor-element elementor-element-388c7a2 elementor-hidden-widescreen elementor-hidden-desktop elementor-hidden-tablet elementor-hidden-mobile e-flex e-con-boxed e-con e-parent\" data-id=\"388c7a2\" data-element_type=\"container\" data-settings=\"{&quot;jet_parallax_layout_list&quot;:[]}\">\n\t\t\t\t\t<div class=\"e-con-inner\">\n\t\t\t\t<div class=\"elementor-element elementor-element-f0afa0d elementor-widget elementor-widget-heading\" data-id=\"f0afa0d\" data-element_type=\"widget\" data-widget_type=\"heading.default\">\n\t\t\t\t<div class=\"elementor-widget-container\">\n\t\t\t\t\t<p class=\"elementor-heading-title elementor-size-default\">gps-jobsearch \nund die gp solutions GmbH<\/p>\t\t\t\t<\/div>\n\t\t\t\t<\/div>\n\t\t\t\t<div class=\"elementor-element elementor-element-4569ae2 elementor-widget elementor-widget-heading\" data-id=\"4569ae2\" data-element_type=\"widget\" data-widget_type=\"heading.default\">\n\t\t\t\t<div class=\"elementor-widget-container\">\n\t\t\t\t\t<h2 class=\"elementor-heading-title elementor-size-default\">\"Spezialisiert auf Top-Positionen f\u00fcr Manager und F\u00fchrungskr\u00e4fte<\/h2>\t\t\t\t<\/div>\n\t\t\t\t<\/div>\n\t\t\t\t\t<\/div>\n\t\t\t\t<\/div>\n\t\t<div class=\"elementor-element elementor-element-be3b09c elementor-hidden-widescreen elementor-hidden-desktop elementor-hidden-tablet elementor-hidden-mobile e-flex e-con-boxed e-con e-parent\" data-id=\"be3b09c\" data-element_type=\"container\" data-settings=\"{&quot;jet_parallax_layout_list&quot;:[]}\">\n\t\t\t\t\t<div class=\"e-con-inner\">\n\t\t<div class=\"elementor-element elementor-element-49495b1 e-con-full e-flex e-con e-child\" data-id=\"49495b1\" data-element_type=\"container\" data-settings=\"{&quot;jet_parallax_layout_list&quot;:[]}\">\n\t\t\t\t<div class=\"elementor-element elementor-element-c43f5bd elementor-widget elementor-widget-text-editor\" data-id=\"c43f5bd\" data-element_type=\"widget\" data-widget_type=\"text-editor.default\">\n\t\t\t\t<div class=\"elementor-widget-container\">\n\t\t\t\t\t\t\t\t\t<h4><i><strong>gps-jobsearch<\/strong><\/i><\/h4><p>gibt es seit dem Jahr 2008. Mit Februar 2023 haben wir unser 15tes Wirtschaftsjahr erfolgreich abgeschlossen. Erfolgreich k\u00f6nnen wir nur durch zufriedene Kunden sein. Wir sind stolz, mittlerweile mehr als 1500 Kundenprojekte erfolgreich abgeschlossen zu haben. Von Beginn an sind wir spezialisiert auf die Besetzung von Top-Positionen f\u00fcr Manager und F\u00fchrungskr\u00e4fte, welche sich ver\u00e4ndern wollen oder m\u00fcssen. Wir finden Ihre neue Managementposition f\u00fcr Sie durch\u00a0<a href=\"https:\/\/www.gps-jobsearch.com\/inverses-headhunting\">inverses Headhunting<\/a>\u00a0in\u00a0<a href=\"https:\/\/www.gps-jobsearch.com\/inverses-headhunting-deutschland\">Deutschland<\/a>,\u00a0<a href=\"https:\/\/www.gps-jobsearch.com\/inverses-headhunting-oesterreich\">\u00d6sterreich<\/a>, der\u00a0<a href=\"https:\/\/www.gps-jobsearch.com\/inverses-headhunting-schweiz\">Schweiz<\/a>, aber auch EU und weltweit. In 3-5 Monaten sitzen die meisten unserer Kunden an Ihrem neuen Arbeitsplatz und konnten dabei aus mehreren Vertragsangeboten ausw\u00e4hlen. \u00a0<\/p><h4><strong><br \/>Gegr\u00fcndet<\/strong><\/h4><p>2008 als Personengesellschaft durch die auch heute noch 100%tigen Eigent\u00fcmer Fr. Marion Gessner-Pr\u00f6ll und Hrn. Gerald Pr\u00f6ll in Seewalchen. Aufgrund des rasanten Wachstums, der damit verbundenen Mitarbeiterzahl und dem Aufbau mehrerer Standorte in der DACH Region, bereits nach kurzer Zeit umfirmiert in eine GmbH (die gp solutions GmbH ist heute Teil der international t\u00e4tigen gps-Firmengruppe). Hauptstandort ist in Salzburg mit weiteren Niederlassungen in der DACH-Region. Der finanztechnische Sitz befindet sich nach wie vor am Standort der Gr\u00fcndung der GmbH in Seewalchen.<\/p><h4><i><strong><br \/>gps<\/strong><\/i><\/h4><p>Hinter diesen 3 Buchstaben und dem dazu gew\u00e4hlten Logo verstecken sich 2 von uns ganz bewusst gew\u00e4hlte Abk\u00fcrzungen.<\/p><ul><li>Die Buchstaben stehen einerseits f\u00fcr unseren Namen und damit Ihren pers\u00f6nlichen Betreuern &#8211;\u00a0<strong>g<\/strong>essner\u00a0<strong>p<\/strong>r\u00f6ll\u00a0<strong>s<\/strong>olutions,<\/li><li>Andererseits f\u00fcr das, was am besten zu unserer Arbeit passt &#8211;\u00a0<strong>g<\/strong>lobal\u00a0<strong>p<\/strong>ositioning\u00a0<strong>s<\/strong>ystem \u2013 jedem bekannt aus seinem eigenen Fahrzeug. Wir bringen unsere Kunden sicher und punktgenau zum Ziel.<\/li><\/ul><h4><strong><br \/>Manufaktur statt Serienproduktion<\/strong><\/h4><p>Pro Jahr betreuen wir exklusiv und maximal 95-100 Managerinnen und Manager auf Ihrem Weg der beruflichen Ver\u00e4nderung. Diese Anzahl haben wir bewusst begrenzt, um jeden Kunden pers\u00f6nlich, individuell und ma\u00dfgeschneidert betreuen zu k\u00f6nnen. Damit nachhaltige Qualit\u00e4t auch langfristig sichergestellt ist und wir im Laufe eines Jahres unseren Kunden nicht hausintern Konkurrenz machen.\u00a0<\/p><h4><strong><br \/>Fokus<\/strong><\/h4><p>Fokussiert auf 2 Zielgruppen:\u00a0<\/p><ul><li>Zum einen auf\u00a0<a href=\"https:\/\/www.gps-jobsearch.com\/kunden-inverses-headhunting\">Manager der obersten Ebene<\/a>\u00a0mit Jahresgeh\u00e4ltern zwischen 150T\u20ac und 4,5Mio. \u20ac, die sich ver\u00e4ndern wollen oder ver\u00e4ndern m\u00fcssen,<\/li><li>Zum anderen auf aufstrebende F\u00fchrungskr\u00e4fte \/\u00a0<a href=\"https:\/\/www.gps-jobsearch.com\/high-potentials\">High-Potentials<\/a>\u00a0\u00a0mit Jahresgeh\u00e4ltern zwischen 100T\u20ac und 150T\u20ac welche eine Stufe h\u00f6her auf der Karriereleiter klettern wollen.<\/li><\/ul>\t\t\t\t\t\t\t\t<\/div>\n\t\t\t\t<\/div>\n\t\t\t\t<\/div>\n\t\t<div class=\"elementor-element elementor-element-ac6ab81 e-con-full e-flex e-con e-child\" data-id=\"ac6ab81\" data-element_type=\"container\" data-settings=\"{&quot;jet_parallax_layout_list&quot;:[]}\">\n\t\t\t\t<div class=\"elementor-element elementor-element-8b5f86a elementor-widget elementor-widget-image\" data-id=\"8b5f86a\" data-element_type=\"widget\" data-widget_type=\"image.default\">\n\t\t\t\t<div class=\"elementor-widget-container\">\n\t\t\t\t\t\t\t\t\t\t\t\t\t\t\t<img fetchpriority=\"high\" decoding=\"async\" width=\"800\" height=\"534\" src=\"https:\/\/www.gps-jobsearch.com\/wp-content\/uploads\/2024\/07\/gps-jobsearch01-1440x960-1-1024x683.jpg\" class=\"attachment-large size-large wp-image-1053\" alt=\"Inverses Headhunting (auch Reverse Headhunting genannt) f\u00fcr Manager mit MArion Gessner-Pr\u00f6ll und Gerald Pr\u00f6ll\" srcset=\"https:\/\/www.gps-jobsearch.com\/wp-content\/uploads\/2024\/07\/gps-jobsearch01-1440x960-1-1024x683.jpg 1024w, https:\/\/www.gps-jobsearch.com\/wp-content\/uploads\/2024\/07\/gps-jobsearch01-1440x960-1-300x200.jpg 300w, https:\/\/www.gps-jobsearch.com\/wp-content\/uploads\/2024\/07\/gps-jobsearch01-1440x960-1-768x512.jpg 768w, https:\/\/www.gps-jobsearch.com\/wp-content\/uploads\/2024\/07\/gps-jobsearch01-1440x960-1.jpg 1440w\" sizes=\"(max-width: 800px) 100vw, 800px\" \/>\t\t\t\t\t\t\t\t\t\t\t\t\t\t\t<\/div>\n\t\t\t\t<\/div>\n\t\t\t\t<div class=\"elementor-element elementor-element-799ee19 elementor-widget elementor-widget-text-editor\" data-id=\"799ee19\" data-element_type=\"widget\" data-widget_type=\"text-editor.default\">\n\t\t\t\t<div class=\"elementor-widget-container\">\n\t\t\t\t\t\t\t\t\t<h4><strong>Erfolg mit Qualit\u00e4t<\/strong><\/h4><p>Seit dem Jahr 2008 hat gps-<i>jobsearch\u00a0<\/i>mehr als 1500 Projekte erfolgreich abgeschlossen. Nicht die Anzahl z\u00e4hlt, sondern der erfolgreiche Abschluss. Unsere Sorgfalt in der Auswahl aller Projekte gibt uns dabei Recht.<\/p><h4><br \/>Einzigartiges Netzwerk<\/h4><p>Mit einem heute\u00a0<a href=\"https:\/\/www.gps-jobsearch.com\/erfahrung-inverses-headhunting\">einzigartigen Netzwerk<\/a>\u00a0aus 420 Personen, welche zusammen mehr als 1300 aktive Mandate in verschiedenen Aufsichtsr\u00e4ten, Beir\u00e4ten und Verwaltungsr\u00e4ten bekleiden. Informationen aus erster Hand, von denen andere noch keine Ahnung haben.\u00a0<\/p><p><strong>\u201eBe The first\u201c<\/strong><\/p><h4><strong><br \/>Digital und Multimedial<\/strong><\/h4><p>Mit unserem\u00a0<a href=\"https:\/\/www.gps-jobsearch.com\/gps-prozess-stufenplan?s=phase-iii--digitaler-auftritt\">digitalen und multimedialen Bewerbungsverfahren<\/a>\u00a0recherchieren wir den Bedarf f\u00fcr Sie in den M\u00e4rkten und bringen Sie bei den Entscheidungstr\u00e4gern f\u00fcr Top-Positionen so ins Gespr\u00e4ch, dass Sie Ihren Konkurrenten den einen Schritt voraus sein werden und damit als der Richtige erkannt werden.\u00a0<\/p><p><strong>\u201eOne Step Ahead\u201c<\/strong><\/p><h4><strong><br \/>Das Ergebnis des inversen Headhuntings<\/strong><\/h4><p>F\u00fcr die meisten unserer Kunden bedeutet es, innerhalb von 3-5 Monaten am neuen Schreibtisch der gesuchten Top-Position Platz zu nehmen.<\/p>\t\t\t\t\t\t\t\t<\/div>\n\t\t\t\t<\/div>\n\t\t\t\t<\/div>\n\t\t\t\t\t<\/div>\n\t\t\t\t<\/div>\n\t\t\t\t<\/div>\n\t\t","protected":false},"excerpt":{"rendered":"<p>\u00dcber uns: gps-jobsearch &amp; die gp solutions GmbH Lernen Sie uns und unser Team kennen Video: Inverses Headhunting Wer wir sind: gps-jobsearch &amp; die gp solutions GmbH Ihr Experte f\u00fcr Inverses Headhunting gps-jobsearch &#8211; Experten f\u00fcr inverses Headhunting gps-jobsearch gibt es seit dem Jahr 2008. Mit Februar 2025 haben wir unser 17tes Wirtschaftsjahr erfolgreich abgeschlossen. [&hellip;]<\/p>\n","protected":false},"author":4,"featured_media":0,"parent":0,"menu_order":42,"comment_status":"closed","ping_status":"closed","template":"","meta":{"footnotes":""},"seiten-kategorie":[],"class_list":["post-1049","page","type-page","status-publish","hentry"],"_links":{"self":[{"href":"https:\/\/www.gps-jobsearch.com\/de\/wp-json\/wp\/v2\/pages\/1049","targetHints":{"allow":["GET"]}}],"collection":[{"href":"https:\/\/www.gps-jobsearch.com\/de\/wp-json\/wp\/v2\/pages"}],"about":[{"href":"https:\/\/www.gps-jobsearch.com\/de\/wp-json\/wp\/v2\/types\/page"}],"author":[{"embeddable":true,"href":"https:\/\/www.gps-jobsearch.com\/de\/wp-json\/wp\/v2\/users\/4"}],"replies":[{"embeddable":true,"href":"https:\/\/www.gps-jobsearch.com\/de\/wp-json\/wp\/v2\/comments?post=1049"}],"version-history":[{"count":136,"href":"https:\/\/www.gps-jobsearch.com\/de\/wp-json\/wp\/v2\/pages\/1049\/revisions"}],"predecessor-version":[{"id":7449,"href":"https:\/\/www.gps-jobsearch.com\/de\/wp-json\/wp\/v2\/pages\/1049\/revisions\/7449"}],"wp:attachment":[{"href":"https:\/\/www.gps-jobsearch.com\/de\/wp-json\/wp\/v2\/media?parent=1049"}],"wp:term":[{"taxonomy":"seiten-kategorie","embeddable":true,"href":"https:\/\/www.gps-jobsearch.com\/de\/wp-json\/wp\/v2\/seiten-kategorie?post=1049"}],"curies":[{"name":"wp","href":"https:\/\/api.w.org\/{rel}","templated":true}]}}